{"id":317,"date":"2019-04-02T16:04:03","date_gmt":"2019-04-02T16:04:03","guid":{"rendered":"https:\/\/escapehunt.com\/pt\/lisbon\/?page_id=317"},"modified":"2025-01-10T10:01:23","modified_gmt":"2025-01-10T10:01:23","slug":"politica-de-cookies","status":"publish","type":"page","link":"https:\/\/escapehunt.com\/pt\/porto\/politica-de-cookies\/","title":{"rendered":"POL\u00cdTICA DE COOKIES"},"content":{"rendered":"<p><strong>Leia atentamente esta Pol\u00edtica de Cookies, pois ela cont\u00e9m informa\u00e7\u00f5es importantes sobre quem somos e como utilizamos cookies no nosso site.<\/strong> Esta Pol\u00edtica deve ser lida em conjunto com a nossa Pol\u00edtica de Privacidade, que explica como e por que coletamos, armazenamos, usamos e compartilhamos informa\u00e7\u00f5es pessoais de forma geral, al\u00e9m de detalhar os seus direitos em rela\u00e7\u00e3o \u00e0s suas informa\u00e7\u00f5es pessoais e de como entrar em contato connosco e com as autoridades de supervis\u00e3o caso tenha alguma reclama\u00e7\u00e3o.<\/p>\n<p>&nbsp;<\/p>\n<p><strong>QUEM SOMOS<\/strong><br \/>\nEste site (escapehunt.com\/lisbon) e os produtos, servi\u00e7os e recursos que disponibilizamos ocasionalmente como parte do nosso site (coletivamente, o \u201cServi\u00e7o\u201d) s\u00e3o fornecidos pelo Escape Hunt Group Ltd (\u201cn\u00f3s\u201d, \u201cnosso\u201d ou \u201cnos\u201d).<\/p>\n<p>O nosso Servi\u00e7o pode conter links para outros sites e servi\u00e7os pertencentes e operados por terceiros, que disponibilizam produtos e servi\u00e7os adicionais. Esses sites e servi\u00e7os de terceiros tamb\u00e9m podem coletar informa\u00e7\u00f5es sobre voc\u00ea de acordo com suas pr\u00f3prias pol\u00edticas de privacidade e cookies. Para informa\u00e7\u00f5es sobre privacidade e cookies nesses sites de terceiros, consulte as respectivas pol\u00edticas.<\/p>\n<p><strong>COOKIES \u2013 O QUE S\u00c3O?<\/strong><br \/>\nComo muitos outros sites, o nosso site utiliza cookies. Alguns dos cookies que usamos s\u00e3o essenciais para o funcionamento do site. Tamb\u00e9m utilizamos cookies n\u00e3o essenciais para coletar informa\u00e7\u00f5es sobre como os visitantes utilizam o nosso site, ajudando-nos a tomar decis\u00f5es informadas sobre melhorias e a entender melhor os tipos de conte\u00fado que os nossos visitantes preferem.<\/p>\n<p>Um cookie \u00e9 um pequeno arquivo de texto que \u00e9 colocado no seu dispositivo (por exemplo, computador, smartphone ou outro dispositivo eletr\u00f4nico) quando voc\u00ea acede ao nosso site. Eles n\u00e3o afetam o seu dispositivo, mas s\u00e3o amplamente usados para fazer os sites funcionarem de forma eficiente, bem como para fornecer informa\u00e7\u00f5es aos propriet\u00e1rios do site.<\/p>\n<p>Por exemplo, podemos monitorar quantas vezes voc\u00ea visita o site, quais p\u00e1ginas voc\u00ea acede, dados de tr\u00e1fego, localiza\u00e7\u00e3o e o dom\u00ednio de origem do seu provedor de internet. Essas informa\u00e7\u00f5es ajudam-nos a construir um perfil dos nossos usu\u00e1rios e personalizar o nosso site para oferecer um servi\u00e7o e uma experi\u00eancia melhores. Parte desses dados ser\u00e1 agregada ou estat\u00edstica, o que significa que n\u00e3o poderemos identific\u00e1-lo individualmente.<\/p>\n<p>Para mais informa\u00e7\u00f5es sobre o nosso uso de cookies, incluindo uma lista detalhada das informa\u00e7\u00f5es que n\u00f3s e terceiros podemos coletar por meio de cookies, consulte a se\u00e7\u00e3o &#8220;O nosso uso de cookies&#8221; abaixo.<\/p>\n<p>Para mais informa\u00e7\u00f5es gerais sobre cookies, incluindo como control\u00e1-los e gerenci\u00e1-los, visite as orienta\u00e7\u00f5es publicadas pelo UK Information Commissioner\u2019s Office ou o site <a href=\"http:\/\/www.aboutcookies.org\">www.aboutcookies.org<\/a>.<\/p>\n<p><strong>CONSENTIMENTO PARA O USO DE COOKIES E GERENCIAMENTO DE CONSENTIMENTO<\/strong><br \/>\nSolicitaremos o seu consentimento para colocar cookies ou outras tecnologias semelhantes no seu dispositivo, exceto nos casos em que eles sejam essenciais para fornecer um servi\u00e7o que voc\u00ea tenha solicitado ou para o funcionamento do site.<\/p>\n<p>Voc\u00ea pode retirar qualquer consentimento para o uso de cookies ou gerenciar outras prefer\u00eancias de cookies por meio do nosso gerenciador de prefer\u00eancias de cookies. Pode ser necess\u00e1rio atualizar a p\u00e1gina para que as configura\u00e7\u00f5es atualizadas entrem em vigor.<\/p>\n<p><!-- OneTrust Cookies Settings button start --><br \/>\n<button id=\"ot-sdk-btn\" class=\"ot-sdk-show-settings\">Defini\u00e7\u00f5es de cookies<\/button><br \/>\n<!-- OneTrust Cookies Settings button end --><br \/>\n<span id=\"use\"><\/span><\/p>\n<p><strong>O NOSSO USO DE COOKIES<\/strong><br \/>\nClassificamos e usamos cookies das seguintes formas:<\/p>\n<ul>\n<li><strong>Estritamente Necess\u00e1rios\/Essenciais:<\/strong> esses cookies s\u00e3o indispens\u00e1veis para que voc\u00ea navegue no site e utilize as suas funcionalidades. As informa\u00e7\u00f5es coletadas est\u00e3o relacionadas \u00e0 opera\u00e7\u00e3o do site (por exemplo, linguagem de script e tokens de seguran\u00e7a) e s\u00e3o necess\u00e1rias para o funcionamento correto e seguro do site.<\/li>\n<li><strong>Funcionais:<\/strong> esses cookies lembram as escolhas que voc\u00ea fez, como o pa\u00eds de onde voc\u00ea acede ao site, a sua prefer\u00eancia de idioma e altera\u00e7\u00f5es no tamanho do texto ou outras personaliza\u00e7\u00f5es feitas nas p\u00e1ginas. Eles tornam as suas visitas ao site mais personalizadas e relevantes.<\/li>\n<li><strong>Desempenho\/Anal\u00edticos:<\/strong> esses cookies coletam informa\u00e7\u00f5es sobre como os visitantes utilizam o site, como as p\u00e1ginas mais acessadas, mensagens de erro recebidas e a origem do acesso (por exemplo, motor de busca ou rede social). Essas informa\u00e7\u00f5es s\u00e3o usadas exclusivamente para melhorar a sua experi\u00eancia. Esses cookies podem ser fornecidos por terceiros, como o Google Analytics. Para mais informa\u00e7\u00f5es sobre como o Google processa seus dados e como optar por n\u00e3o participar, consulte a se\u00e7\u00e3o &#8220;Cookies de terceiros&#8221; abaixo.<\/li>\n<li><strong>Cookies de Segmenta\u00e7\u00e3o:<\/strong> esses cookies podem ser definidos por parceiros publicit\u00e1rios atrav\u00e9s do nosso site. Eles podem ser usados para construir um perfil dos seus interesses e exibir an\u00fancios relevantes em outros sites. Eles n\u00e3o armazenam informa\u00e7\u00f5es pessoais diretamente, mas baseiam-se na identifica\u00e7\u00e3o do seu navegador e dispositivo. Se voc\u00ea n\u00e3o permitir esses cookies, ver\u00e1 menos publicidade direcionada.<\/li>\n<\/ul>\n<p>A tabela abaixo fornece mais informa\u00e7\u00f5es sobre os cookies que utilizamos e porqu\u00ea:<\/p>\n<p><!-- OneTrust Cookies List start --><\/p>\n<div id=\"ot-sdk-cookie-policy\"><\/div>\n<p><!-- OneTrust Cookies List end --><\/p>\n","protected":false},"excerpt":{"rendered":"<p>Leia atentamente esta Pol\u00edtica de Cookies, pois ela cont\u00e9m informa\u00e7\u00f5es importantes sobre quem somos e como utilizamos cookies no nosso site. Esta Pol\u00edtica deve ser lida em conjunto com a&hellip;<\/p>\n","protected":false},"author":19,"featured_media":0,"parent":0,"menu_order":0,"comment_status":"closed","ping_status":"closed","template":"","meta":{"_acf_changed":false,"footnotes":""},"class_list":["post-317","page","type-page","status-publish","hentry"],"acf":{"custom_schema_json":""},"yoast_head":"<!-- This site is optimized with the Yoast SEO plugin v27.0 - https:\/\/yoast.com\/product\/yoast-seo-wordpress\/ -->\n<title>POL\u00cdTICA DE COOKIES - Porto<\/title>\n<meta name=\"robots\" content=\"index, follow, max-snippet:-1, max-image-preview:large, max-video-preview:-1\" \/>\n<link rel=\"canonical\" href=\"https:\/\/escapehunt.com\/pt\/porto\/politica-de-cookies\/\" \/>\n<meta property=\"og:locale\" content=\"pt_PT\" \/>\n<meta property=\"og:type\" content=\"article\" \/>\n<meta property=\"og:title\" content=\"POL\u00cdTICA DE COOKIES - Porto\" \/>\n<meta property=\"og:description\" content=\"Leia atentamente esta Pol\u00edtica de Cookies, pois ela cont\u00e9m informa\u00e7\u00f5es importantes sobre quem somos e como utilizamos cookies no nosso site. Esta Pol\u00edtica deve ser lida em conjunto com a&hellip;\" \/>\n<meta property=\"og:url\" content=\"https:\/\/escapehunt.com\/pt\/porto\/politica-de-cookies\/\" \/>\n<meta property=\"og:site_name\" content=\"Porto\" \/>\n<meta property=\"article:modified_time\" content=\"2025-01-10T10:01:23+00:00\" \/>\n<meta name=\"twitter:card\" content=\"summary_large_image\" \/>\n<meta name=\"twitter:label1\" content=\"Tempo estimado de leitura\" \/>\n\t<meta name=\"twitter:data1\" content=\"5 minutos\" \/>\n<script type=\"application\/ld+json\" class=\"yoast-schema-graph\">{\"@context\":\"https:\/\/schema.org\",\"@graph\":[{\"@type\":\"WebPage\",\"@id\":\"https:\/\/escapehunt.com\/pt\/porto\/politica-de-cookies\/\",\"url\":\"https:\/\/escapehunt.com\/pt\/porto\/politica-de-cookies\/\",\"name\":\"POL\u00cdTICA DE COOKIES - Porto\",\"isPartOf\":{\"@id\":\"https:\/\/escapehunt.com\/pt\/porto\/#website\"},\"datePublished\":\"2019-04-02T16:04:03+00:00\",\"dateModified\":\"2025-01-10T10:01:23+00:00\",\"breadcrumb\":{\"@id\":\"https:\/\/escapehunt.com\/pt\/porto\/politica-de-cookies\/#breadcrumb\"},\"inLanguage\":\"pt-PT\",\"potentialAction\":[{\"@type\":\"ReadAction\",\"target\":[\"https:\/\/escapehunt.com\/pt\/porto\/politica-de-cookies\/\"]}]},{\"@type\":\"BreadcrumbList\",\"@id\":\"https:\/\/escapehunt.com\/pt\/porto\/politica-de-cookies\/#breadcrumb\",\"itemListElement\":[{\"@type\":\"ListItem\",\"position\":1,\"name\":\"Home\",\"item\":\"https:\/\/escapehunt.com\/pt\/porto\/\"},{\"@type\":\"ListItem\",\"position\":2,\"name\":\"POL\u00cdTICA DE COOKIES\"}]},{\"@type\":\"WebSite\",\"@id\":\"https:\/\/escapehunt.com\/pt\/porto\/#website\",\"url\":\"https:\/\/escapehunt.com\/pt\/porto\/\",\"name\":\"Porto\",\"description\":\"Escape Hunt Porto - Porto&#039;s Most Exciting Escape Room Experience\",\"potentialAction\":[{\"@type\":\"SearchAction\",\"target\":{\"@type\":\"EntryPoint\",\"urlTemplate\":\"https:\/\/escapehunt.com\/pt\/porto\/?s={search_term_string}\"},\"query-input\":{\"@type\":\"PropertyValueSpecification\",\"valueRequired\":true,\"valueName\":\"search_term_string\"}}],\"inLanguage\":\"pt-PT\"}]}<\/script>\n<!-- \/ Yoast SEO plugin. -->","yoast_head_json":{"title":"POL\u00cdTICA DE COOKIES - Porto","robots":{"index":"index","follow":"follow","max-snippet":"max-snippet:-1","max-image-preview":"max-image-preview:large","max-video-preview":"max-video-preview:-1"},"canonical":"https:\/\/escapehunt.com\/pt\/porto\/politica-de-cookies\/","og_locale":"pt_PT","og_type":"article","og_title":"POL\u00cdTICA DE COOKIES - Porto","og_description":"Leia atentamente esta Pol\u00edtica de Cookies, pois ela cont\u00e9m informa\u00e7\u00f5es importantes sobre quem somos e como utilizamos cookies no nosso site. Esta Pol\u00edtica deve ser lida em conjunto com a&hellip;","og_url":"https:\/\/escapehunt.com\/pt\/porto\/politica-de-cookies\/","og_site_name":"Porto","article_modified_time":"2025-01-10T10:01:23+00:00","twitter_card":"summary_large_image","twitter_misc":{"Tempo estimado de leitura":"5 minutos"},"schema":{"@context":"https:\/\/schema.org","@graph":[{"@type":"WebPage","@id":"https:\/\/escapehunt.com\/pt\/porto\/politica-de-cookies\/","url":"https:\/\/escapehunt.com\/pt\/porto\/politica-de-cookies\/","name":"POL\u00cdTICA DE COOKIES - Porto","isPartOf":{"@id":"https:\/\/escapehunt.com\/pt\/porto\/#website"},"datePublished":"2019-04-02T16:04:03+00:00","dateModified":"2025-01-10T10:01:23+00:00","breadcrumb":{"@id":"https:\/\/escapehunt.com\/pt\/porto\/politica-de-cookies\/#breadcrumb"},"inLanguage":"pt-PT","potentialAction":[{"@type":"ReadAction","target":["https:\/\/escapehunt.com\/pt\/porto\/politica-de-cookies\/"]}]},{"@type":"BreadcrumbList","@id":"https:\/\/escapehunt.com\/pt\/porto\/politica-de-cookies\/#breadcrumb","itemListElement":[{"@type":"ListItem","position":1,"name":"Home","item":"https:\/\/escapehunt.com\/pt\/porto\/"},{"@type":"ListItem","position":2,"name":"POL\u00cdTICA DE COOKIES"}]},{"@type":"WebSite","@id":"https:\/\/escapehunt.com\/pt\/porto\/#website","url":"https:\/\/escapehunt.com\/pt\/porto\/","name":"Porto","description":"Escape Hunt Porto - Porto&#039;s Most Exciting Escape Room Experience","potentialAction":[{"@type":"SearchAction","target":{"@type":"EntryPoint","urlTemplate":"https:\/\/escapehunt.com\/pt\/porto\/?s={search_term_string}"},"query-input":{"@type":"PropertyValueSpecification","valueRequired":true,"valueName":"search_term_string"}}],"inLanguage":"pt-PT"}]}},"custom_schema_json":"","_links":{"self":[{"href":"https:\/\/escapehunt.com\/pt\/porto\/wp-json\/wp\/v2\/pages\/317","targetHints":{"allow":["GET"]}}],"collection":[{"href":"https:\/\/escapehunt.com\/pt\/porto\/wp-json\/wp\/v2\/pages"}],"about":[{"href":"https:\/\/escapehunt.com\/pt\/porto\/wp-json\/wp\/v2\/types\/page"}],"author":[{"embeddable":true,"href":"https:\/\/escapehunt.com\/pt\/porto\/wp-json\/wp\/v2\/users\/19"}],"replies":[{"embeddable":true,"href":"https:\/\/escapehunt.com\/pt\/porto\/wp-json\/wp\/v2\/comments?post=317"}],"version-history":[{"count":4,"href":"https:\/\/escapehunt.com\/pt\/porto\/wp-json\/wp\/v2\/pages\/317\/revisions"}],"predecessor-version":[{"id":2071,"href":"https:\/\/escapehunt.com\/pt\/porto\/wp-json\/wp\/v2\/pages\/317\/revisions\/2071"}],"wp:attachment":[{"href":"https:\/\/escapehunt.com\/pt\/porto\/wp-json\/wp\/v2\/media?parent=317"}],"curies":[{"name":"wp","href":"https:\/\/api.w.org\/{rel}","templated":true}]}}