{"id":323,"date":"2019-04-02T16:07:06","date_gmt":"2019-04-02T16:07:06","guid":{"rendered":"https:\/\/escapehunt.com\/pt\/lisbon\/?page_id=323"},"modified":"2024-07-19T14:34:39","modified_gmt":"2024-07-19T14:34:39","slug":"proporciona-uma-experiencia-unica","status":"publish","type":"page","link":"https:\/\/escapehunt.com\/pt\/lisbon\/proporciona-uma-experiencia-unica\/","title":{"rendered":"PROPORCIONA UMA EXPERI\u00caNCIA \u00daNICA"},"content":{"rendered":"<p>&nbsp;<\/p>\n<p>&nbsp;<\/p>\n<p>Quem n\u00e3o gostaria de receber um voucher de oferta para a experi\u00eancia mais emocionante do ano inteiro? S\u00f3 mesmo as pessoas tristes cuja cor favorita \u00e9 o bege. Qualquer pessoa com um pingo de personalidade ficaria encantada com um presente t\u00e3o original.<\/p>\n<p>Ent\u00e3o, vai em frente, faz com que os teus amigos ou familiares ganhem o dia com um vale de oferta genial no Escape Hunt e garante o teu lugar no Hall of Fame.<\/p>\n<p><em>Se est\u00e1s a ter dificuldades na compra de vouchers, desativa ou desliga os ad blockers no teu browser.<\/em><\/p>\n","protected":false},"excerpt":{"rendered":"<p>&nbsp; &nbsp; Quem n\u00e3o gostaria de receber um voucher de oferta para a experi\u00eancia mais emocionante do ano inteiro? S\u00f3 mesmo as pessoas tristes cuja cor favorita \u00e9 o bege.&hellip;<\/p>\n","protected":false},"author":19,"featured_media":108,"parent":0,"menu_order":21,"comment_status":"closed","ping_status":"closed","template":"views\/vouchers.php","meta":{"_acf_changed":false,"footnotes":""},"class_list":["post-323","page","type-page","status-publish","has-post-thumbnail","hentry"],"acf":{"custom_schema_json":""},"yoast_head":"<!-- This site is optimized with the Yoast SEO plugin v27.0 - https:\/\/yoast.com\/product\/yoast-seo-wordpress\/ -->\n<title>PROPORCIONA UMA EXPERI\u00caNCIA \u00daNICA - Lisbon<\/title>\n<meta name=\"robots\" content=\"index, follow, max-snippet:-1, max-image-preview:large, max-video-preview:-1\" \/>\n<link rel=\"canonical\" href=\"https:\/\/escapehunt.com\/pt\/lisbon\/proporciona-uma-experiencia-unica\/\" \/>\n<meta property=\"og:locale\" content=\"pt_PT\" \/>\n<meta property=\"og:type\" content=\"article\" \/>\n<meta property=\"og:title\" content=\"PROPORCIONA UMA EXPERI\u00caNCIA \u00daNICA - Lisbon\" \/>\n<meta property=\"og:description\" content=\"&nbsp; &nbsp; Quem n\u00e3o gostaria de receber um voucher de oferta para a experi\u00eancia mais emocionante do ano inteiro? S\u00f3 mesmo as pessoas tristes cuja cor favorita \u00e9 o bege.&hellip;\" \/>\n<meta property=\"og:url\" content=\"https:\/\/escapehunt.com\/pt\/lisbon\/proporciona-uma-experiencia-unica\/\" \/>\n<meta property=\"og:site_name\" content=\"Lisbon\" \/>\n<meta property=\"article:modified_time\" content=\"2024-07-19T14:34:39+00:00\" \/>\n<meta property=\"og:image\" content=\"https:\/\/escapehunt.com\/pt\/lisbon\/wp-content\/uploads\/sites\/57\/2018\/08\/Team-Social3-02.jpg\" \/>\n\t<meta property=\"og:image:width\" content=\"2530\" \/>\n\t<meta property=\"og:image:height\" content=\"1240\" \/>\n\t<meta property=\"og:image:type\" content=\"image\/jpeg\" \/>\n<meta name=\"twitter:card\" content=\"summary_large_image\" \/>\n<meta name=\"twitter:label1\" content=\"Tempo estimado de leitura\" \/>\n\t<meta name=\"twitter:data1\" content=\"1 minuto\" \/>\n<script type=\"application\/ld+json\" class=\"yoast-schema-graph\">{\"@context\":\"https:\/\/schema.org\",\"@graph\":[{\"@type\":\"WebPage\",\"@id\":\"https:\/\/escapehunt.com\/pt\/lisbon\/proporciona-uma-experiencia-unica\/\",\"url\":\"https:\/\/escapehunt.com\/pt\/lisbon\/proporciona-uma-experiencia-unica\/\",\"name\":\"PROPORCIONA UMA EXPERI\u00caNCIA \u00daNICA - Lisbon\",\"isPartOf\":{\"@id\":\"https:\/\/escapehunt.com\/pt\/lisbon\/#website\"},\"primaryImageOfPage\":{\"@id\":\"https:\/\/escapehunt.com\/pt\/lisbon\/proporciona-uma-experiencia-unica\/#primaryimage\"},\"image\":{\"@id\":\"https:\/\/escapehunt.com\/pt\/lisbon\/proporciona-uma-experiencia-unica\/#primaryimage\"},\"thumbnailUrl\":\"https:\/\/escapehunt.com\/pt\/lisbon\/wp-content\/uploads\/sites\/57\/2018\/08\/Team-Social3-02.jpg\",\"datePublished\":\"2019-04-02T16:07:06+00:00\",\"dateModified\":\"2024-07-19T14:34:39+00:00\",\"breadcrumb\":{\"@id\":\"https:\/\/escapehunt.com\/pt\/lisbon\/proporciona-uma-experiencia-unica\/#breadcrumb\"},\"inLanguage\":\"pt-PT\",\"potentialAction\":[{\"@type\":\"ReadAction\",\"target\":[\"https:\/\/escapehunt.com\/pt\/lisbon\/proporciona-uma-experiencia-unica\/\"]}]},{\"@type\":\"ImageObject\",\"inLanguage\":\"pt-PT\",\"@id\":\"https:\/\/escapehunt.com\/pt\/lisbon\/proporciona-uma-experiencia-unica\/#primaryimage\",\"url\":\"https:\/\/escapehunt.com\/pt\/lisbon\/wp-content\/uploads\/sites\/57\/2018\/08\/Team-Social3-02.jpg\",\"contentUrl\":\"https:\/\/escapehunt.com\/pt\/lisbon\/wp-content\/uploads\/sites\/57\/2018\/08\/Team-Social3-02.jpg\",\"width\":2530,\"height\":1240},{\"@type\":\"BreadcrumbList\",\"@id\":\"https:\/\/escapehunt.com\/pt\/lisbon\/proporciona-uma-experiencia-unica\/#breadcrumb\",\"itemListElement\":[{\"@type\":\"ListItem\",\"position\":1,\"name\":\"Blog\",\"item\":\"https:\/\/escapehunt.com\/pt\/lisbon\/blog\/\"},{\"@type\":\"ListItem\",\"position\":2,\"name\":\"PROPORCIONA UMA EXPERI\u00caNCIA \u00daNICA\"}]},{\"@type\":\"WebSite\",\"@id\":\"https:\/\/escapehunt.com\/pt\/lisbon\/#website\",\"url\":\"https:\/\/escapehunt.com\/pt\/lisbon\/\",\"name\":\"Lisbon\",\"description\":\"Escape Hunt Lisbon - Lisbon&#039;s Most Exciting Escape Room Experience\",\"potentialAction\":[{\"@type\":\"SearchAction\",\"target\":{\"@type\":\"EntryPoint\",\"urlTemplate\":\"https:\/\/escapehunt.com\/pt\/lisbon\/?s={search_term_string}\"},\"query-input\":{\"@type\":\"PropertyValueSpecification\",\"valueRequired\":true,\"valueName\":\"search_term_string\"}}],\"inLanguage\":\"pt-PT\"}]}<\/script>\n<!-- \/ Yoast SEO plugin. -->","yoast_head_json":{"title":"PROPORCIONA UMA EXPERI\u00caNCIA \u00daNICA - Lisbon","robots":{"index":"index","follow":"follow","max-snippet":"max-snippet:-1","max-image-preview":"max-image-preview:large","max-video-preview":"max-video-preview:-1"},"canonical":"https:\/\/escapehunt.com\/pt\/lisbon\/proporciona-uma-experiencia-unica\/","og_locale":"pt_PT","og_type":"article","og_title":"PROPORCIONA UMA EXPERI\u00caNCIA \u00daNICA - Lisbon","og_description":"&nbsp; &nbsp; Quem n\u00e3o gostaria de receber um voucher de oferta para a experi\u00eancia mais emocionante do ano inteiro? S\u00f3 mesmo as pessoas tristes cuja cor favorita \u00e9 o bege.&hellip;","og_url":"https:\/\/escapehunt.com\/pt\/lisbon\/proporciona-uma-experiencia-unica\/","og_site_name":"Lisbon","article_modified_time":"2024-07-19T14:34:39+00:00","og_image":[{"width":2530,"height":1240,"url":"https:\/\/escapehunt.com\/pt\/lisbon\/wp-content\/uploads\/sites\/57\/2018\/08\/Team-Social3-02.jpg","type":"image\/jpeg"}],"twitter_card":"summary_large_image","twitter_misc":{"Tempo estimado de leitura":"1 minuto"},"schema":{"@context":"https:\/\/schema.org","@graph":[{"@type":"WebPage","@id":"https:\/\/escapehunt.com\/pt\/lisbon\/proporciona-uma-experiencia-unica\/","url":"https:\/\/escapehunt.com\/pt\/lisbon\/proporciona-uma-experiencia-unica\/","name":"PROPORCIONA UMA EXPERI\u00caNCIA \u00daNICA - Lisbon","isPartOf":{"@id":"https:\/\/escapehunt.com\/pt\/lisbon\/#website"},"primaryImageOfPage":{"@id":"https:\/\/escapehunt.com\/pt\/lisbon\/proporciona-uma-experiencia-unica\/#primaryimage"},"image":{"@id":"https:\/\/escapehunt.com\/pt\/lisbon\/proporciona-uma-experiencia-unica\/#primaryimage"},"thumbnailUrl":"https:\/\/escapehunt.com\/pt\/lisbon\/wp-content\/uploads\/sites\/57\/2018\/08\/Team-Social3-02.jpg","datePublished":"2019-04-02T16:07:06+00:00","dateModified":"2024-07-19T14:34:39+00:00","breadcrumb":{"@id":"https:\/\/escapehunt.com\/pt\/lisbon\/proporciona-uma-experiencia-unica\/#breadcrumb"},"inLanguage":"pt-PT","potentialAction":[{"@type":"ReadAction","target":["https:\/\/escapehunt.com\/pt\/lisbon\/proporciona-uma-experiencia-unica\/"]}]},{"@type":"ImageObject","inLanguage":"pt-PT","@id":"https:\/\/escapehunt.com\/pt\/lisbon\/proporciona-uma-experiencia-unica\/#primaryimage","url":"https:\/\/escapehunt.com\/pt\/lisbon\/wp-content\/uploads\/sites\/57\/2018\/08\/Team-Social3-02.jpg","contentUrl":"https:\/\/escapehunt.com\/pt\/lisbon\/wp-content\/uploads\/sites\/57\/2018\/08\/Team-Social3-02.jpg","width":2530,"height":1240},{"@type":"BreadcrumbList","@id":"https:\/\/escapehunt.com\/pt\/lisbon\/proporciona-uma-experiencia-unica\/#breadcrumb","itemListElement":[{"@type":"ListItem","position":1,"name":"Blog","item":"https:\/\/escapehunt.com\/pt\/lisbon\/blog\/"},{"@type":"ListItem","position":2,"name":"PROPORCIONA UMA EXPERI\u00caNCIA \u00daNICA"}]},{"@type":"WebSite","@id":"https:\/\/escapehunt.com\/pt\/lisbon\/#website","url":"https:\/\/escapehunt.com\/pt\/lisbon\/","name":"Lisbon","description":"Escape Hunt Lisbon - Lisbon&#039;s Most Exciting Escape Room Experience","potentialAction":[{"@type":"SearchAction","target":{"@type":"EntryPoint","urlTemplate":"https:\/\/escapehunt.com\/pt\/lisbon\/?s={search_term_string}"},"query-input":{"@type":"PropertyValueSpecification","valueRequired":true,"valueName":"search_term_string"}}],"inLanguage":"pt-PT"}]}},"custom_schema_json":"","_links":{"self":[{"href":"https:\/\/escapehunt.com\/pt\/lisbon\/wp-json\/wp\/v2\/pages\/323","targetHints":{"allow":["GET"]}}],"collection":[{"href":"https:\/\/escapehunt.com\/pt\/lisbon\/wp-json\/wp\/v2\/pages"}],"about":[{"href":"https:\/\/escapehunt.com\/pt\/lisbon\/wp-json\/wp\/v2\/types\/page"}],"author":[{"embeddable":true,"href":"https:\/\/escapehunt.com\/pt\/lisbon\/wp-json\/wp\/v2\/users\/19"}],"replies":[{"embeddable":true,"href":"https:\/\/escapehunt.com\/pt\/lisbon\/wp-json\/wp\/v2\/comments?post=323"}],"version-history":[{"count":5,"href":"https:\/\/escapehunt.com\/pt\/lisbon\/wp-json\/wp\/v2\/pages\/323\/revisions"}],"predecessor-version":[{"id":1765,"href":"https:\/\/escapehunt.com\/pt\/lisbon\/wp-json\/wp\/v2\/pages\/323\/revisions\/1765"}],"wp:featuredmedia":[{"embeddable":true,"href":"https:\/\/escapehunt.com\/pt\/lisbon\/wp-json\/wp\/v2\/media\/108"}],"wp:attachment":[{"href":"https:\/\/escapehunt.com\/pt\/lisbon\/wp-json\/wp\/v2\/media?parent=323"}],"curies":[{"name":"wp","href":"https:\/\/api.w.org\/{rel}","templated":true}]}}