{"id":1689,"date":"2025-11-03T09:49:30","date_gmt":"2025-11-03T09:49:30","guid":{"rendered":"https:\/\/escapehunt.com\/pt\/lisbon\/?page_id=1689"},"modified":"2025-11-21T16:46:16","modified_gmt":"2025-11-21T16:46:16","slug":"gift-voucher-natal","status":"publish","type":"page","link":"https:\/\/escapehunt.com\/pt\/lisbon\/gift-voucher-natal\/","title":{"rendered":"Gift Voucher Natal"},"content":{"rendered":"<h3><strong><em>Um Voucher Escape room \u00e9 o melhor presente! <\/em><\/strong><\/h3>\n<p>O Presente que n\u00e3o fica na gaveta.<\/p>\n<p>Este Natal, oferece um Voucher Escape room para uma aventura que come\u00e7a no Escape Hunt e termina com gargalhadas, suspense e hist\u00f3rias para contar!<\/p>\n<p>Aproveita <strong>40% de desconto<\/strong> nos vouchers de natal para grupos de 4 pessoas, em Escape Rooms ou Jogos Outdoor pelas ruas de Lisboa.<\/p>\n<p>Escolhe entre as nossas salas de escape room, a atividade perfeita para grupos de 4 pessoas que adoram enigmas e adrenalina, ou os jogos Outdoor, onde Lisboa se transforma num tabuleiro gigante e cada rua esconde um enigma.<\/p>\n<p>Um presente diferente, cheio de emo\u00e7\u00e3o e hist\u00f3rias para contar!<\/p>\n<p>Esquece os embrulhos esquecidos na gaveta e oferece uma experi\u00eancia que fica <strong>para sempre!<\/strong><\/p>\n<p><script type=\"text\/javascript\" src=\"https:\/\/boostourism.rezdy.com\/pluginJs?script=modal\"><\/script><\/p>\n<p><a id=\"button-booking\" class=\"button-booking rezdy rezdy-modal\" style=\"background: #ff6826; border: 1px solid #ff6826; color: #ffffff; font: bold 14px \/ 1 'Helvetica Neue', Helvetica, Arial, sans-serif; padding: 12px 15px; text-align: center; width: 160px; display: block; text-decoration: none; cursor: pointer;\" href=\"https:\/\/boostourism.rezdy.com\/catalog\/363644\/christmas-specials\">Comprar Voucher<\/a><\/p>\n<p>&nbsp;<\/p>\n<h3><strong>INFORMA\u00c7\u00d5ES \u00daTEIS \/ CONDI\u00c7\u00d5ES DE UTILIZA\u00c7\u00c3O:<\/strong><\/h3>\n<ul>\n<li>N\u00e3o acumul\u00e1vel com outros descontos em vigor;<\/li>\n<li>PRE\u00c7O POR VOUCHER (cada voucher poder\u00e1 ser usufru\u00eddo por um grupo de at\u00e9 4 pessoas);<\/li>\n<li>Promo\u00e7\u00e3o em vigor at\u00e9 dia 31 de Dezembro de 2025 ( Reservas entre 26 de Dezembro de 2025 e 30 de Junho de 2026).<\/li>\n<li>Campanha v\u00e1lida todos os dias excepto s\u00e1bados (Domingo a 6\u00aa feira)<\/li>\n<li>\u00c9 poss\u00edvel o prolongamento da campanha por mais 6 meses (a partir do dia 30\/6\/2025), atrav\u00e9s de um pagamento \u00fanico no valor de 25\u20ac, atrav\u00e9s dos nossos contatos.<\/li>\n<li>\u00c9 poss\u00edvel acrescentar participantes ao jogo por um custo de 12\u20ac por pessoa. Caso pretenda, entre em contacto connosco.<\/li>\n<li>As reservas dever\u00e3o ser efetuadas via email para lisbon@escapehunt.com<\/li>\n<li>Os vouchers podem ser adquiridos online, via e-mail ou presencialmente no Escape Hunt Lisboa.<\/li>\n<li>Limitado \u00e0 reden\u00e7\u00e3o de 2 vouchers por hor\u00e1rio de jogo.<\/li>\n<li>Cancelamentos ou remarca\u00e7\u00f5es apenas ser\u00e3o aceites at\u00e9 48h antes da experi\u00eancia, ap\u00f3s esse limite n\u00e3o haver\u00e1 direito a reembolso ou remarca\u00e7\u00e3o.<\/li>\n<li>Pedidos de reembolsos apenas ser\u00e3o aceites at\u00e9 ao final do m\u00eas em que efectuou a compra.<\/li>\n<\/ul>\n<p><script type=\"text\/javascript\" src=\"https:\/\/boostourism.rezdy.com\/pluginJs?script=modal\"><\/script><br \/>\n<a id=\"button-booking\" class=\"button-booking rezdy rezdy-modal\" style=\"background: #ff6826; border: 1px solid #ff6826; color: #ffffff; font: bold 14px \/ 1 'Helvetica Neue', Helvetica, Arial, sans-serif; padding: 12px 15px; text-align: center; width: 160px; display: block; text-decoration: none; cursor: pointer;\" href=\"https:\/\/boostourism.rezdy.com\/catalog\/363644\/christmas-specials\">Comprar Voucher<\/a><\/p>\n<p>&nbsp;<\/p>\n","protected":false},"excerpt":{"rendered":"<p>Um Voucher Escape room \u00e9 o melhor presente! O Presente que n\u00e3o fica na gaveta. Este Natal, oferece um Voucher Escape room para uma aventura que come\u00e7a no Escape Hunt&hellip;<\/p>\n","protected":false},"author":220,"featured_media":0,"parent":0,"menu_order":0,"comment_status":"closed","ping_status":"closed","template":"views\/template-promotions.php","meta":{"_acf_changed":false,"footnotes":""},"class_list":["post-1689","page","type-page","status-publish","hentry"],"acf":{"custom_schema_json":""},"yoast_head":"<!-- This site is optimized with the Yoast SEO plugin v27.0 - https:\/\/yoast.com\/product\/yoast-seo-wordpress\/ -->\n<title>Gift Voucher Natal - Lisbon<\/title>\n<meta name=\"description\" content=\"Vouchers de Natal Escape Hunt. Aproveita a nossa campanha de Natal com descontos at\u00e9 40% em todos os jogos. Compra J\u00e1.\" \/>\n<meta name=\"robots\" content=\"index, follow, max-snippet:-1, max-image-preview:large, max-video-preview:-1\" \/>\n<link rel=\"canonical\" href=\"https:\/\/escapehunt.com\/pt\/lisbon\/gift-voucher-natal\/\" \/>\n<meta property=\"og:locale\" content=\"pt_PT\" \/>\n<meta property=\"og:type\" content=\"article\" \/>\n<meta property=\"og:title\" content=\"Gift Voucher Natal - Lisbon\" \/>\n<meta property=\"og:description\" content=\"Vouchers de Natal Escape Hunt. Aproveita a nossa campanha de Natal com descontos at\u00e9 40% em todos os jogos. Compra J\u00e1.\" \/>\n<meta property=\"og:url\" content=\"https:\/\/escapehunt.com\/pt\/lisbon\/gift-voucher-natal\/\" \/>\n<meta property=\"og:site_name\" content=\"Lisbon\" \/>\n<meta property=\"article:modified_time\" content=\"2025-11-21T16:46:16+00:00\" \/>\n<meta name=\"twitter:card\" content=\"summary_large_image\" \/>\n<meta name=\"twitter:label1\" content=\"Tempo estimado de leitura\" \/>\n\t<meta name=\"twitter:data1\" content=\"2 minutos\" \/>\n<script type=\"application\/ld+json\" class=\"yoast-schema-graph\">{\"@context\":\"https:\/\/schema.org\",\"@graph\":[{\"@type\":\"WebPage\",\"@id\":\"https:\/\/escapehunt.com\/pt\/lisbon\/gift-voucher-natal\/\",\"url\":\"https:\/\/escapehunt.com\/pt\/lisbon\/gift-voucher-natal\/\",\"name\":\"Gift Voucher Natal - Lisbon\",\"isPartOf\":{\"@id\":\"https:\/\/escapehunt.com\/pt\/lisbon\/#website\"},\"datePublished\":\"2025-11-03T09:49:30+00:00\",\"dateModified\":\"2025-11-21T16:46:16+00:00\",\"description\":\"Vouchers de Natal Escape Hunt. Aproveita a nossa campanha de Natal com descontos at\u00e9 40% em todos os jogos. Compra J\u00e1.\",\"breadcrumb\":{\"@id\":\"https:\/\/escapehunt.com\/pt\/lisbon\/gift-voucher-natal\/#breadcrumb\"},\"inLanguage\":\"pt-PT\",\"potentialAction\":[{\"@type\":\"ReadAction\",\"target\":[\"https:\/\/escapehunt.com\/pt\/lisbon\/gift-voucher-natal\/\"]}]},{\"@type\":\"BreadcrumbList\",\"@id\":\"https:\/\/escapehunt.com\/pt\/lisbon\/gift-voucher-natal\/#breadcrumb\",\"itemListElement\":[{\"@type\":\"ListItem\",\"position\":1,\"name\":\"Blog\",\"item\":\"https:\/\/escapehunt.com\/pt\/lisbon\/blog\/\"},{\"@type\":\"ListItem\",\"position\":2,\"name\":\"Gift Voucher Natal\"}]},{\"@type\":\"WebSite\",\"@id\":\"https:\/\/escapehunt.com\/pt\/lisbon\/#website\",\"url\":\"https:\/\/escapehunt.com\/pt\/lisbon\/\",\"name\":\"Lisbon\",\"description\":\"Escape Hunt Lisbon - Lisbon&#039;s Most Exciting Escape Room Experience\",\"potentialAction\":[{\"@type\":\"SearchAction\",\"target\":{\"@type\":\"EntryPoint\",\"urlTemplate\":\"https:\/\/escapehunt.com\/pt\/lisbon\/?s={search_term_string}\"},\"query-input\":{\"@type\":\"PropertyValueSpecification\",\"valueRequired\":true,\"valueName\":\"search_term_string\"}}],\"inLanguage\":\"pt-PT\"}]}<\/script>\n<!-- \/ Yoast SEO plugin. -->","yoast_head_json":{"title":"Gift Voucher Natal - Lisbon","description":"Vouchers de Natal Escape Hunt. Aproveita a nossa campanha de Natal com descontos at\u00e9 40% em todos os jogos. Compra J\u00e1.","robots":{"index":"index","follow":"follow","max-snippet":"max-snippet:-1","max-image-preview":"max-image-preview:large","max-video-preview":"max-video-preview:-1"},"canonical":"https:\/\/escapehunt.com\/pt\/lisbon\/gift-voucher-natal\/","og_locale":"pt_PT","og_type":"article","og_title":"Gift Voucher Natal - Lisbon","og_description":"Vouchers de Natal Escape Hunt. Aproveita a nossa campanha de Natal com descontos at\u00e9 40% em todos os jogos. Compra J\u00e1.","og_url":"https:\/\/escapehunt.com\/pt\/lisbon\/gift-voucher-natal\/","og_site_name":"Lisbon","article_modified_time":"2025-11-21T16:46:16+00:00","twitter_card":"summary_large_image","twitter_misc":{"Tempo estimado de leitura":"2 minutos"},"schema":{"@context":"https:\/\/schema.org","@graph":[{"@type":"WebPage","@id":"https:\/\/escapehunt.com\/pt\/lisbon\/gift-voucher-natal\/","url":"https:\/\/escapehunt.com\/pt\/lisbon\/gift-voucher-natal\/","name":"Gift Voucher Natal - Lisbon","isPartOf":{"@id":"https:\/\/escapehunt.com\/pt\/lisbon\/#website"},"datePublished":"2025-11-03T09:49:30+00:00","dateModified":"2025-11-21T16:46:16+00:00","description":"Vouchers de Natal Escape Hunt. Aproveita a nossa campanha de Natal com descontos at\u00e9 40% em todos os jogos. Compra J\u00e1.","breadcrumb":{"@id":"https:\/\/escapehunt.com\/pt\/lisbon\/gift-voucher-natal\/#breadcrumb"},"inLanguage":"pt-PT","potentialAction":[{"@type":"ReadAction","target":["https:\/\/escapehunt.com\/pt\/lisbon\/gift-voucher-natal\/"]}]},{"@type":"BreadcrumbList","@id":"https:\/\/escapehunt.com\/pt\/lisbon\/gift-voucher-natal\/#breadcrumb","itemListElement":[{"@type":"ListItem","position":1,"name":"Blog","item":"https:\/\/escapehunt.com\/pt\/lisbon\/blog\/"},{"@type":"ListItem","position":2,"name":"Gift Voucher Natal"}]},{"@type":"WebSite","@id":"https:\/\/escapehunt.com\/pt\/lisbon\/#website","url":"https:\/\/escapehunt.com\/pt\/lisbon\/","name":"Lisbon","description":"Escape Hunt Lisbon - Lisbon&#039;s Most Exciting Escape Room Experience","potentialAction":[{"@type":"SearchAction","target":{"@type":"EntryPoint","urlTemplate":"https:\/\/escapehunt.com\/pt\/lisbon\/?s={search_term_string}"},"query-input":{"@type":"PropertyValueSpecification","valueRequired":true,"valueName":"search_term_string"}}],"inLanguage":"pt-PT"}]}},"custom_schema_json":"","_links":{"self":[{"href":"https:\/\/escapehunt.com\/pt\/lisbon\/wp-json\/wp\/v2\/pages\/1689","targetHints":{"allow":["GET"]}}],"collection":[{"href":"https:\/\/escapehunt.com\/pt\/lisbon\/wp-json\/wp\/v2\/pages"}],"about":[{"href":"https:\/\/escapehunt.com\/pt\/lisbon\/wp-json\/wp\/v2\/types\/page"}],"author":[{"embeddable":true,"href":"https:\/\/escapehunt.com\/pt\/lisbon\/wp-json\/wp\/v2\/users\/220"}],"replies":[{"embeddable":true,"href":"https:\/\/escapehunt.com\/pt\/lisbon\/wp-json\/wp\/v2\/comments?post=1689"}],"version-history":[{"count":5,"href":"https:\/\/escapehunt.com\/pt\/lisbon\/wp-json\/wp\/v2\/pages\/1689\/revisions"}],"predecessor-version":[{"id":2107,"href":"https:\/\/escapehunt.com\/pt\/lisbon\/wp-json\/wp\/v2\/pages\/1689\/revisions\/2107"}],"wp:attachment":[{"href":"https:\/\/escapehunt.com\/pt\/lisbon\/wp-json\/wp\/v2\/media?parent=1689"}],"curies":[{"name":"wp","href":"https:\/\/api.w.org\/{rel}","templated":true}]}}