{"id":3760,"date":"2025-01-17T15:30:26","date_gmt":"2025-01-17T15:30:26","guid":{"rendered":"https:\/\/escapehunt.com\/no\/?page_id=3760"},"modified":"2025-01-20T10:41:38","modified_gmt":"2025-01-20T10:41:38","slug":"cookies-policy","status":"publish","type":"page","link":"https:\/\/escapehunt.com\/no\/cookies-policy\/","title":{"rendered":"INFORMASJONSKAPSLER"},"content":{"rendered":"<p>Vennligst les denne retningslinjen for informasjonskapsler n\u00f8ye, siden den inneholder viktig informasjon om hvem vi er og hvordan vi bruker informasjonskapsler p\u00e5 nettstedet v\u00e5rt. Disse retningslinjene b\u00f8r leses sammen med v\u00e5r personvernerkl\u00e6ring som angir hvordan og hvorfor vi samler inn, lagrer, bruker og deler personlig informasjon generelt, samt dine rettigheter i forhold til din personlige informasjon og detaljer om hvordan du kontakter oss og tilsynsmyndigheter hvis du har en klage.<\/p>\n<h4>HVEM ER VI<\/h4>\n<p>Denne nettsiden (escapehunt.com\/no) og produktene, tjenestene og funksjonene vi gj\u00f8r tilgjengelig for deg som en del av nettstedet v\u00e5rt fra tid til annen (samlet kalt &laquo;tjenesten&raquo;) leveres av Escape Hunt Nordic as (&laquo;vi&raquo;, \u00abv\u00e5r\u00bb eller \u00aboss\u00bb).<\/p>\n<p>Tjenesten v\u00e5r kan koble til andre nettsteder og tjenester som eies og drives av visse tredjeparter for \u00e5 gj\u00f8re tilleggsprodukter og tjenester tilgjengelige for deg. Disse andre tredjepartsnettstedene og -tjenestene kan ogs\u00e5 samle informasjon om deg i samsvar med deres egne separate retningslinjer for personvern og informasjonskapsler. For personvern og informasjonskapselinformasjon knyttet til disse andre tredjepartsnettstedene, vennligst se deres retningslinjer for personvern og informasjonskapsler etter behov.<\/p>\n<h4>Cookies \u2013 HVA ER DET?<\/h4>\n<p>Som mange andre nettsteder bruker nettsiden v\u00e5r informasjonskapsler. Noen av informasjonskapslene vi bruker er avgj\u00f8rende for at nettstedet skal fungere. Vi bruker ogs\u00e5 noen ikke-essensielle informasjonskapsler for \u00e5 samle inn informasjon om hvordan bes\u00f8kende bruker nettstedet v\u00e5rt, slik at vi kan ta informerte beslutninger om forbedringer av nettstedet og f\u00e5 en god forst\u00e5else av hva slags innhold de bes\u00f8kende liker \u00e5 lese.<\/p>\n<p>En informasjonskapsel er en liten tekstfil som plasseres p\u00e5 enheten din (for eksempel datamaskin, smarttelefon eller annen elektronisk enhet) n\u00e5r du bruker nettstedet v\u00e5rt. De p\u00e5virker ikke enheten din, men er mye brukt for \u00e5 f\u00e5 nettsteder til \u00e5 fungere, eller fungere mer effektivt, samt for \u00e5 gi informasjon til eierne av nettstedet.<\/p>\n<p>For eksempel kan vi overv\u00e5ke hvor mange ganger du bes\u00f8ker nettstedet, hvilke sider du g\u00e5r til, trafikkdata, stedsdata og det opprinnelige domenenavnet til din internettleverand\u00f8r. Denne informasjonen hjelper oss med \u00e5 bygge en profil av brukerne v\u00e5re og tilpasse nettstedet v\u00e5rt for \u00e5 levere en bedre service og opplevelse. Noen av disse dataene vil v\u00e6re aggregerte eller statistiske, noe som betyr at vi ikke vil kunne identifisere deg individuelt.<\/p>\n<p>For mer informasjon om v\u00e5r bruk av informasjonskapsler, inkludert en detaljert liste over informasjonen din som vi og andre kan samle inn gjennom informasjonskapsler, se &laquo;V\u00e5r bruk av informasjonskapsler&raquo; nedenfor.<\/p>\n<p>For mer informasjon om informasjonskapsler generelt, inkludert hvordan du kontrollerer og administrerer dem, kan du bes\u00f8ke veiledningen om informasjonskapsler publisert av UK Information Commissioner&#8217;s Office eller <a href=\"http:\/\/www.aboutcookies.org\">www.aboutcookies.org<\/a>.<\/p>\n<h4>SAMTYKKE TIL BRUK AV COOKIES OG ADMINISTRERING AV SAMTYKKE<\/h4>\n<p>Vi vil be om ditt samtykke til \u00e5 plassere informasjonskapsler eller andre lignende teknologier p\u00e5 enheten din, unntatt der de er avgj\u00f8rende for at vi skal kunne gi deg en tjeneste du har bedt om eller som er avgj\u00f8rende for at nettstedet skal fungere.<\/p>\n<p>Du kan trekke tilbake ethvert samtykke til bruk av informasjonskapsler eller administrere andre informasjonskapselpreferanser gjennom v\u00e5r cookie-preferansebehandling. Det kan v\u00e6re n\u00f8dvendig \u00e5 oppdatere siden for at de oppdaterte innstillingene skal tre i kraft.<\/p>\n<p><strong>Innstillinger for informasjonskapsler<\/strong><br \/>\n<!-- OneTrust Cookies Settings button start --><br \/>\n<button id=\"ot-sdk-btn\" class=\"ot-sdk-show-settings\">Cookie\u00a0Settings<\/button><br \/>\n<!-- OneTrust Cookies Settings button end --><br \/>\n<span id=\"use\"><\/span><\/p>\n<h4>V\u00c5R BRUK AV COOKIES<\/h4>\n<p>Vi klassifiserer og bruker informasjonskapsler p\u00e5 f\u00f8lgende m\u00e5ter:<\/p>\n<p>Strengt n\u00f8dvendig\/essensielt: disse informasjonskapslene er avgj\u00f8rende for at du skal kunne surfe p\u00e5 nettstedet v\u00e5rt og bruke funksjonene. Informasjonen som samles inn er relatert til driften av nettstedet (f.eks. skriptspr\u00e5k og sikkerhetstokens) og er n\u00f8dvendig for at nettstedet skal fungere korrekt. De er ogs\u00e5 n\u00f8dvendige for at vi skal holde nettsiden v\u00e5r sikker.<\/p>\n<p>Funksjonell: disse informasjonskapslene husker valgene du har gjort. Dette kan for eksempel inkludere landet du bes\u00f8ker nettstedet v\u00e5rt fra, spr\u00e5kpreferansene dine og eventuelle endringer du har gjort i tekstst\u00f8rrelse og andre deler av nettsidene som du kan tilpasse for \u00e5 forbedre brukeropplevelsen din. Disse informasjonskapslene gj\u00f8r bes\u00f8kene dine p\u00e5 nettstedet v\u00e5rt mer skreddersydde og relevante for deg.<\/p>\n<p>Ytelse\/analyse: disse informasjonskapslene samler inn informasjon om hvordan v\u00e5re bes\u00f8kende bruker nettstedet v\u00e5rt. Slik informasjon inkluderer for eksempel hvilke sider du bes\u00f8ker oftest, om du mottar feilmeldinger og hvordan du kom til nettstedet v\u00e5rt (som gjennom en s\u00f8kemotor eller en sosial medieplattform). Informasjon som samles inn av disse informasjonskapslene brukes kun for \u00e5 forbedre din bruk av nettstedet v\u00e5rt. Disse informasjonskapslene plasseres noen ganger av tredjepartsleverand\u00f8rer av nettrafikk- og analysetjenester, for eksempel Google Analytics. For informasjon om hvordan Google behandler og samler inn informasjonen din og hvordan du kan velge bort dem, se \u00abTredjeparts informasjonskapsler\u00bb nedenfor.<\/p>\n<p>M\u00e5lrettingsinformasjonskapsler: disse informasjonskapslene kan settes gjennom nettstedet v\u00e5rt av v\u00e5re annonseringspartnere. De kan brukes av disse selskapene til \u00e5 bygge en profil av interessene dine og vise deg relevante annonser p\u00e5 andre nettsteder. De lagrer ikke direkte personlig informasjon, men er basert p\u00e5 unik identifikasjon av nettleseren og internettenheten din. Hvis du ikke tillater disse informasjonskapslene, vil du oppleve mindre m\u00e5lrettet annonse.<br \/>\n<!-- OneTrust Cookies List start --><\/p>\n<div id=\"ot-sdk-cookie-policy\"><\/div>\n<p><!-- OneTrust Cookies List end --><\/p>\n<p>&nbsp;<\/p>\n<p><span id=\"thirdparty\"><\/span><br \/>\nOur website uses cookies placed by Google through our use of Google Analytics.<\/p>\n<p>Google places cookies on our website to help us report on visitor interactions with our website.<\/p>\n<p>Google Analytics cookies also collect your Internet Protocol (IP) address to provide and protect the security of the service, and to give us a sense of which country, state, or city in the world our users of the website come from (also known as &laquo;IP geolocation&raquo;).<\/p>\n<p>You can opt out of Google Analytics at any time by visiting <a href=\"https:\/\/clicktime.symantec.com\/3VaeBhVHJfwaogRBPEJgwa6H2?u=https%3A%2F%2Ftools.google.com%2Fdlpage%2Fgaoptout\">https:\/\/tools.google.com\/dlpage\/gaoptout<\/a>.<\/p>\n<h4><strong>HOW TO TURN OFF COOKIES<\/strong><\/h4>\n<p>If you do not want to accept any\u00a0cookies, you may be able to change your browser settings so that\u00a0cookies\u00a0(including those which are essential to the services requested) are not accepted. If you do this, please be aware that you may lose some of the functionality of our website.<\/p>\n<p>For further information about\u00a0cookies\u00a0and how to disable them please go to the\u00a0<a href=\"http:\/\/ico.org.uk\/for-the-public\/online\/cookies\/\">guidance on cookies<\/a>\u00a0published by the UK Information Commissioner\u2019s Office or\u00a0<a href=\"http:\/\/www.aboutcookies.org\/\">www.aboutcookies.org<\/a>.<\/p>\n<p><strong>Mobile Opt-out<\/strong>: If you access our website through mobile devices, you can enable a &laquo;do not track&raquo; feature so as to control interest-based advertising on an iOS or Android mobile device by selecting the \u2018Limit Add Tracking\u2019 option in the privacy section of your Settings on iOS or via advertising preferences on Android devices (e.g. in Google Settings). This will not prevent the display of advertisements but will mean that they will no longer be personalised to your interests.<\/p>\n<h4><strong>CHANGES TO THIS COOKIE POLICY<\/strong><\/h4>\n<p>We may change this Cookie Policy from time to time. When we make significant changes we will take steps to inform you, for example by including a prominent link to a description of those changes on our website for a reasonable period or by other means, such as email<strong><em>.<\/em><\/strong><\/p>\n<h4><strong>HOW TO CONTACT US<\/strong><\/h4>\n<p>Our contact details are shown below:<\/p>\n<p><strong>Postal Address:<\/strong><\/p>\n<p>Data Protection<br \/>\nBOOM BATTLE BAR Oxford Street<br \/>\nGround Floor and Basement level<br \/>\n70-88 Oxford Street<br \/>\nLondon<br \/>\nW1D 1BS<\/p>\n<p>Attn. Cookies<\/p>\n<p><strong>Email:<\/strong> <a href=\"mailto:dataprotection@escapehunt.com\">dataprotection@escapehunt.com<\/a><\/p>\n<p><strong>Telephone:<\/strong>\u00a0<a href=\"tel:+44 207 846 3322\">+44 207 846 3322<\/a><\/p>\n","protected":false},"excerpt":{"rendered":"<p>Vennligst les denne retningslinjen for informasjonskapsler n\u00f8ye, siden den inneholder viktig informasjon om hvem vi er og hvordan vi bruker informasjonskapsler p\u00e5 nettstedet v\u00e5rt. Disse retningslinjene b\u00f8r leses sammen med&hellip;<\/p>\n","protected":false},"author":220,"featured_media":0,"parent":0,"menu_order":0,"comment_status":"closed","ping_status":"closed","template":"","meta":{"_acf_changed":false,"footnotes":""},"class_list":["post-3760","page","type-page","status-publish","hentry"],"acf":{"custom_schema_json":""},"yoast_head":"<!-- This site is optimized with the Yoast SEO plugin v27.0 - https:\/\/yoast.com\/product\/yoast-seo-wordpress\/ -->\n<title>INFORMASJONSKAPSLER - Norway<\/title>\n<meta name=\"robots\" content=\"index, follow, max-snippet:-1, max-image-preview:large, max-video-preview:-1\" \/>\n<link rel=\"canonical\" href=\"https:\/\/escapehunt.com\/no\/cookies-policy\/\" \/>\n<meta property=\"og:locale\" content=\"nb_NO\" \/>\n<meta property=\"og:type\" content=\"article\" \/>\n<meta property=\"og:title\" content=\"INFORMASJONSKAPSLER - Norway\" \/>\n<meta property=\"og:description\" content=\"Vennligst les denne retningslinjen for informasjonskapsler n\u00f8ye, siden den inneholder viktig informasjon om hvem vi er og hvordan vi bruker informasjonskapsler p\u00e5 nettstedet v\u00e5rt. Disse retningslinjene b\u00f8r leses sammen med&hellip;\" \/>\n<meta property=\"og:url\" content=\"https:\/\/escapehunt.com\/no\/cookies-policy\/\" \/>\n<meta property=\"og:site_name\" content=\"Norway\" \/>\n<meta property=\"article:modified_time\" content=\"2025-01-20T10:41:38+00:00\" \/>\n<meta name=\"twitter:card\" content=\"summary_large_image\" \/>\n<meta name=\"twitter:label1\" content=\"Ansl. lesetid\" \/>\n\t<meta name=\"twitter:data1\" content=\"7 minutter\" \/>\n<script type=\"application\/ld+json\" class=\"yoast-schema-graph\">{\"@context\":\"https:\/\/schema.org\",\"@graph\":[{\"@type\":\"WebPage\",\"@id\":\"https:\/\/escapehunt.com\/no\/cookies-policy\/\",\"url\":\"https:\/\/escapehunt.com\/no\/cookies-policy\/\",\"name\":\"INFORMASJONSKAPSLER - Norway\",\"isPartOf\":{\"@id\":\"https:\/\/escapehunt.com\/no\/#website\"},\"datePublished\":\"2025-01-17T15:30:26+00:00\",\"dateModified\":\"2025-01-20T10:41:38+00:00\",\"breadcrumb\":{\"@id\":\"https:\/\/escapehunt.com\/no\/cookies-policy\/#breadcrumb\"},\"inLanguage\":\"nb-NO\",\"potentialAction\":[{\"@type\":\"ReadAction\",\"target\":[\"https:\/\/escapehunt.com\/no\/cookies-policy\/\"]}]},{\"@type\":\"BreadcrumbList\",\"@id\":\"https:\/\/escapehunt.com\/no\/cookies-policy\/#breadcrumb\",\"itemListElement\":[{\"@type\":\"ListItem\",\"position\":1,\"name\":\"Home\",\"item\":\"https:\/\/escapehunt.com\/no\/\"},{\"@type\":\"ListItem\",\"position\":2,\"name\":\"INFORMASJONSKAPSLER\"}]},{\"@type\":\"WebSite\",\"@id\":\"https:\/\/escapehunt.com\/no\/#website\",\"url\":\"https:\/\/escapehunt.com\/no\/\",\"name\":\"Norway\",\"description\":\"Just another Welcome To A World Of Unlimited Excitement - Escape Hunt - Live Escape Rooms site\",\"potentialAction\":[{\"@type\":\"SearchAction\",\"target\":{\"@type\":\"EntryPoint\",\"urlTemplate\":\"https:\/\/escapehunt.com\/no\/?s={search_term_string}\"},\"query-input\":{\"@type\":\"PropertyValueSpecification\",\"valueRequired\":true,\"valueName\":\"search_term_string\"}}],\"inLanguage\":\"nb-NO\"}]}<\/script>\n<!-- \/ Yoast SEO plugin. -->","yoast_head_json":{"title":"INFORMASJONSKAPSLER - Norway","robots":{"index":"index","follow":"follow","max-snippet":"max-snippet:-1","max-image-preview":"max-image-preview:large","max-video-preview":"max-video-preview:-1"},"canonical":"https:\/\/escapehunt.com\/no\/cookies-policy\/","og_locale":"nb_NO","og_type":"article","og_title":"INFORMASJONSKAPSLER - Norway","og_description":"Vennligst les denne retningslinjen for informasjonskapsler n\u00f8ye, siden den inneholder viktig informasjon om hvem vi er og hvordan vi bruker informasjonskapsler p\u00e5 nettstedet v\u00e5rt. Disse retningslinjene b\u00f8r leses sammen med&hellip;","og_url":"https:\/\/escapehunt.com\/no\/cookies-policy\/","og_site_name":"Norway","article_modified_time":"2025-01-20T10:41:38+00:00","twitter_card":"summary_large_image","twitter_misc":{"Ansl. lesetid":"7 minutter"},"schema":{"@context":"https:\/\/schema.org","@graph":[{"@type":"WebPage","@id":"https:\/\/escapehunt.com\/no\/cookies-policy\/","url":"https:\/\/escapehunt.com\/no\/cookies-policy\/","name":"INFORMASJONSKAPSLER - Norway","isPartOf":{"@id":"https:\/\/escapehunt.com\/no\/#website"},"datePublished":"2025-01-17T15:30:26+00:00","dateModified":"2025-01-20T10:41:38+00:00","breadcrumb":{"@id":"https:\/\/escapehunt.com\/no\/cookies-policy\/#breadcrumb"},"inLanguage":"nb-NO","potentialAction":[{"@type":"ReadAction","target":["https:\/\/escapehunt.com\/no\/cookies-policy\/"]}]},{"@type":"BreadcrumbList","@id":"https:\/\/escapehunt.com\/no\/cookies-policy\/#breadcrumb","itemListElement":[{"@type":"ListItem","position":1,"name":"Home","item":"https:\/\/escapehunt.com\/no\/"},{"@type":"ListItem","position":2,"name":"INFORMASJONSKAPSLER"}]},{"@type":"WebSite","@id":"https:\/\/escapehunt.com\/no\/#website","url":"https:\/\/escapehunt.com\/no\/","name":"Norway","description":"Just another Welcome To A World Of Unlimited Excitement - Escape Hunt - Live Escape Rooms site","potentialAction":[{"@type":"SearchAction","target":{"@type":"EntryPoint","urlTemplate":"https:\/\/escapehunt.com\/no\/?s={search_term_string}"},"query-input":{"@type":"PropertyValueSpecification","valueRequired":true,"valueName":"search_term_string"}}],"inLanguage":"nb-NO"}]}},"custom_schema_json":"","_links":{"self":[{"href":"https:\/\/escapehunt.com\/no\/wp-json\/wp\/v2\/pages\/3760","targetHints":{"allow":["GET"]}}],"collection":[{"href":"https:\/\/escapehunt.com\/no\/wp-json\/wp\/v2\/pages"}],"about":[{"href":"https:\/\/escapehunt.com\/no\/wp-json\/wp\/v2\/types\/page"}],"author":[{"embeddable":true,"href":"https:\/\/escapehunt.com\/no\/wp-json\/wp\/v2\/users\/220"}],"replies":[{"embeddable":true,"href":"https:\/\/escapehunt.com\/no\/wp-json\/wp\/v2\/comments?post=3760"}],"version-history":[{"count":2,"href":"https:\/\/escapehunt.com\/no\/wp-json\/wp\/v2\/pages\/3760\/revisions"}],"predecessor-version":[{"id":3762,"href":"https:\/\/escapehunt.com\/no\/wp-json\/wp\/v2\/pages\/3760\/revisions\/3762"}],"wp:attachment":[{"href":"https:\/\/escapehunt.com\/no\/wp-json\/wp\/v2\/media?parent=3760"}],"curies":[{"name":"wp","href":"https:\/\/api.w.org\/{rel}","templated":true}]}}