{"id":594,"date":"2018-11-23T11:01:24","date_gmt":"2018-11-23T10:01:24","guid":{"rendered":"https:\/\/escapehunt.com\/no\/trondheim\/?page_id=594"},"modified":"2023-10-12T18:39:28","modified_gmt":"2023-10-12T16:39:28","slug":"gaveeske","status":"publish","type":"page","link":"https:\/\/escapehunt.com\/no\/trondheim\/gaveeske\/","title":{"rendered":"<h3>Gaveeske \u2013 \u00e5rets&nbsp;kuleste&nbsp;gave!<\/h3>"},"content":{"rendered":"<img loading=\"lazy\" decoding=\"async\" class=\"franchisee-full aligncenter wp-image-542\" src=\"https:\/\/escapehunt.com\/no\/trondheim\/wp-content\/uploads\/sites\/35\/2018\/11\/EH-Puzzle-Gift-Voucher_2530x1240px_Norway.jpg\" alt=\"\" width=\"1257\" height=\"616\" \/>\n<p>&nbsp;<\/p>\n<p><b>Sikre deg status som den kuleste gavegiveren og gi bort \u00e5rets mest spennende gave.<br \/>\nGaveeske eller gavekort p\u00e5 escape room er en sikker vinner til alle med et snev av personlighet.<\/b><\/p>\n<h3><strong>Gaveeske<\/strong><\/h3>\n<ul>\n<li>Esken inneholder et puslespill, som m\u00e5 pusles for \u00e5 forst\u00e5 hva gaven er<\/li>\n<li>En unik kode i esken gir mulighet til \u00e5 bestille et av v\u00e5re spennende spill i Bergen eller Trondheim<\/li>\n<li>Koden kan benyttes for ett valgfritt spill for 2-5 personer<\/li>\n<li>Verdi kr. 1.775,- du betaler <em>kun kr. 1.495,-<\/em> + porto og ekspedisjon<\/li>\n<li>Gyldig 12 mnd. fra kj\u00f8psdato<\/li>\n<li>Sendes til deg som vanlig post, pakket i boblekonvolutt for sikker frakt<\/li>\n<\/ul>\n<h3><strong>Digitalt gavekort <\/strong><\/h3>\n<ul>\n<li>Mulighet for \u00e5 velge bilde og tekst<\/li>\n<li>En unik kode p\u00e5 gavekortet gir mulighet til \u00e5 bestille et av v\u00e5re spennende spill i Bergen eller Trondheim<\/li>\n<li>Velg verdi fra kr. 450,- og opp til et spill for 5 personer<\/li>\n<li>Gyldig 12 mnd. fra kj\u00f8psdato<\/li>\n<li>Gavekortet sendes til deg p\u00e5 epost<\/li>\n<\/ul>\n<p>&nbsp;<\/p>\n<h4>Fristet til \u00e5 bestille til deg selv ogs\u00e5?<\/h4>\n<p>Klikk p\u00e5 &laquo;Kj\u00f8p n\u00e5&raquo;-knappen for \u00e5 g\u00e5 til PayPal sitt bestillingsvindu for gaveesken.<\/p>\n<form action=\"https:\/\/www.paypal.com\/cgi-bin\/webscr\" method=\"post\" target=\"_blank\"><input name=\"cmd\" type=\"hidden\" value=\"_s-xclick\" \/><input name=\"hosted_button_id\" type=\"hidden\" value=\"J2J2A9UZEVCZQ\" \/><\/p>\n<table>\n<tbody>\n<tr>\n<td><input name=\"on0\" type=\"hidden\" value=\"Velg antall\" \/>Velg antall<\/td>\n<\/tr>\n<tr>\n<td><select name=\"os0\"><option value=\"1 Gaveeske\">1 Gaveeske 1 395,00 NOK<\/option><option value=\"2 Gaveesker\">2 Gaveesker 2 790,00 NOK<\/option><option value=\"3 Gaveesker\">3 Gaveesker 4 185,00 NOK<\/option><option value=\"4 Gaveesker\">4 Gaveesker 5 580,00 NOK<\/option><\/select><br \/>\n<input name=\"currency_code\" type=\"hidden\" value=\"NOK\" \/><input alt=\"PayPal \u2013 en trygg og enkel betalingsmetode p\u00e5 nettet!\" name=\"submit\" src=\"https:\/\/www.paypalobjects.com\/no_NO\/NO\/i\/btn\/btn_buynowCC_LG.gif\" type=\"image\" \/><img loading=\"lazy\" decoding=\"async\" src=\"https:\/\/www.paypalobjects.com\/no_NO\/i\/scr\/pixel.gif\" alt=\"\" width=\"1\" height=\"1\" border=\"0\" \/><\/p>\n<h5>ELLER<\/h5>\n<p><a class=\"button button--primary\" href=\"https:\/\/escapehunt.com\/no\/trondheim\/gi-fangeskap-i-gave\/\">Bestill digitalt gavekort<\/a><\/td>\n<\/tr>\n<\/tbody>\n<\/table>\n<\/form>\n","protected":false},"excerpt":{"rendered":"<p>&nbsp; Sikre deg status som den kuleste gavegiveren og gi bort \u00e5rets mest spennende gave. Gaveeske eller gavekort p\u00e5 escape room er en sikker vinner til alle med et snev&hellip;<\/p>\n","protected":false},"author":16,"featured_media":601,"parent":0,"menu_order":0,"comment_status":"closed","ping_status":"closed","template":"","meta":{"_acf_changed":false,"footnotes":""},"class_list":["post-594","page","type-page","status-publish","has-post-thumbnail","hentry"],"acf":{"custom_schema_json":""},"yoast_head":"<!-- This site is optimized with the Yoast SEO plugin v27.0 - https:\/\/yoast.com\/product\/yoast-seo-wordpress\/ -->\n<title>Gaveeske \u2013 \u00e5rets&nbsp;kuleste&nbsp;gave! - Trondheim<\/title>\n<meta name=\"robots\" content=\"index, follow, max-snippet:-1, max-image-preview:large, max-video-preview:-1\" \/>\n<link rel=\"canonical\" href=\"https:\/\/escapehunt.com\/no\/trondheim\/gaveeske\/\" \/>\n<meta property=\"og:locale\" content=\"nb_NO\" \/>\n<meta property=\"og:type\" content=\"article\" \/>\n<meta property=\"og:title\" content=\"Gaveeske \u2013 \u00e5rets&nbsp;kuleste&nbsp;gave! - Trondheim\" \/>\n<meta property=\"og:description\" content=\"&nbsp; Sikre deg status som den kuleste gavegiveren og gi bort \u00e5rets mest spennende gave. Gaveeske eller gavekort p\u00e5 escape room er en sikker vinner til alle med et snev&hellip;\" \/>\n<meta property=\"og:url\" content=\"https:\/\/escapehunt.com\/no\/trondheim\/gaveeske\/\" \/>\n<meta property=\"og:site_name\" content=\"Trondheim\" \/>\n<meta property=\"article:modified_time\" content=\"2023-10-12T16:39:28+00:00\" \/>\n<meta property=\"og:image\" content=\"https:\/\/escapehunt.com\/no\/trondheim\/wp-content\/uploads\/sites\/35\/2018\/11\/EH-Puzzle-Gift-Voucher_2530x1240px_Norway.jpg\" \/>\n\t<meta property=\"og:image:width\" content=\"5228\" \/>\n\t<meta property=\"og:image:height\" content=\"2562\" \/>\n\t<meta property=\"og:image:type\" content=\"image\/jpeg\" \/>\n<meta name=\"twitter:card\" content=\"summary_large_image\" \/>\n<meta name=\"twitter:label1\" content=\"Ansl. lesetid\" \/>\n\t<meta name=\"twitter:data1\" content=\"2 minutter\" \/>\n<script type=\"application\/ld+json\" class=\"yoast-schema-graph\">{\"@context\":\"https:\/\/schema.org\",\"@graph\":[{\"@type\":\"WebPage\",\"@id\":\"https:\/\/escapehunt.com\/no\/trondheim\/gaveeske\/\",\"url\":\"https:\/\/escapehunt.com\/no\/trondheim\/gaveeske\/\",\"name\":\"Gaveeske \u2013 \u00e5rets&nbsp;kuleste&nbsp;gave! - Trondheim\",\"isPartOf\":{\"@id\":\"https:\/\/escapehunt.com\/no\/trondheim\/#website\"},\"primaryImageOfPage\":{\"@id\":\"https:\/\/escapehunt.com\/no\/trondheim\/gaveeske\/#primaryimage\"},\"image\":{\"@id\":\"https:\/\/escapehunt.com\/no\/trondheim\/gaveeske\/#primaryimage\"},\"thumbnailUrl\":\"https:\/\/escapehunt.com\/no\/trondheim\/wp-content\/uploads\/sites\/35\/2018\/11\/EH-Puzzle-Gift-Voucher_2530x1240px_Norway.jpg\",\"datePublished\":\"2018-11-23T10:01:24+00:00\",\"dateModified\":\"2023-10-12T16:39:28+00:00\",\"breadcrumb\":{\"@id\":\"https:\/\/escapehunt.com\/no\/trondheim\/gaveeske\/#breadcrumb\"},\"inLanguage\":\"nb-NO\",\"potentialAction\":[{\"@type\":\"ReadAction\",\"target\":[\"https:\/\/escapehunt.com\/no\/trondheim\/gaveeske\/\"]}]},{\"@type\":\"ImageObject\",\"inLanguage\":\"nb-NO\",\"@id\":\"https:\/\/escapehunt.com\/no\/trondheim\/gaveeske\/#primaryimage\",\"url\":\"https:\/\/escapehunt.com\/no\/trondheim\/wp-content\/uploads\/sites\/35\/2018\/11\/EH-Puzzle-Gift-Voucher_2530x1240px_Norway.jpg\",\"contentUrl\":\"https:\/\/escapehunt.com\/no\/trondheim\/wp-content\/uploads\/sites\/35\/2018\/11\/EH-Puzzle-Gift-Voucher_2530x1240px_Norway.jpg\",\"width\":5228,\"height\":2562,\"caption\":\"gaveeske\"},{\"@type\":\"BreadcrumbList\",\"@id\":\"https:\/\/escapehunt.com\/no\/trondheim\/gaveeske\/#breadcrumb\",\"itemListElement\":[{\"@type\":\"ListItem\",\"position\":1,\"name\":\"Home\",\"item\":\"https:\/\/escapehunt.com\/no\/trondheim\/\"},{\"@type\":\"ListItem\",\"position\":2,\"name\":\"Gaveeske \u2013 \u00e5rets&nbsp;kuleste&nbsp;gave!\"}]},{\"@type\":\"WebSite\",\"@id\":\"https:\/\/escapehunt.com\/no\/trondheim\/#website\",\"url\":\"https:\/\/escapehunt.com\/no\/trondheim\/\",\"name\":\"Trondheim\",\"description\":\"Escape Hunt Trondheim - Trondheim&#039;s Most Exciting Escape Room Experience\",\"potentialAction\":[{\"@type\":\"SearchAction\",\"target\":{\"@type\":\"EntryPoint\",\"urlTemplate\":\"https:\/\/escapehunt.com\/no\/trondheim\/?s={search_term_string}\"},\"query-input\":{\"@type\":\"PropertyValueSpecification\",\"valueRequired\":true,\"valueName\":\"search_term_string\"}}],\"inLanguage\":\"nb-NO\"}]}<\/script>\n<!-- \/ Yoast SEO plugin. -->","yoast_head_json":{"title":"Gaveeske \u2013 \u00e5rets&nbsp;kuleste&nbsp;gave! - Trondheim","robots":{"index":"index","follow":"follow","max-snippet":"max-snippet:-1","max-image-preview":"max-image-preview:large","max-video-preview":"max-video-preview:-1"},"canonical":"https:\/\/escapehunt.com\/no\/trondheim\/gaveeske\/","og_locale":"nb_NO","og_type":"article","og_title":"Gaveeske \u2013 \u00e5rets&nbsp;kuleste&nbsp;gave! - Trondheim","og_description":"&nbsp; Sikre deg status som den kuleste gavegiveren og gi bort \u00e5rets mest spennende gave. Gaveeske eller gavekort p\u00e5 escape room er en sikker vinner til alle med et snev&hellip;","og_url":"https:\/\/escapehunt.com\/no\/trondheim\/gaveeske\/","og_site_name":"Trondheim","article_modified_time":"2023-10-12T16:39:28+00:00","og_image":[{"width":5228,"height":2562,"url":"https:\/\/escapehunt.com\/no\/trondheim\/wp-content\/uploads\/sites\/35\/2018\/11\/EH-Puzzle-Gift-Voucher_2530x1240px_Norway.jpg","type":"image\/jpeg"}],"twitter_card":"summary_large_image","twitter_misc":{"Ansl. lesetid":"2 minutter"},"schema":{"@context":"https:\/\/schema.org","@graph":[{"@type":"WebPage","@id":"https:\/\/escapehunt.com\/no\/trondheim\/gaveeske\/","url":"https:\/\/escapehunt.com\/no\/trondheim\/gaveeske\/","name":"Gaveeske \u2013 \u00e5rets&nbsp;kuleste&nbsp;gave! - Trondheim","isPartOf":{"@id":"https:\/\/escapehunt.com\/no\/trondheim\/#website"},"primaryImageOfPage":{"@id":"https:\/\/escapehunt.com\/no\/trondheim\/gaveeske\/#primaryimage"},"image":{"@id":"https:\/\/escapehunt.com\/no\/trondheim\/gaveeske\/#primaryimage"},"thumbnailUrl":"https:\/\/escapehunt.com\/no\/trondheim\/wp-content\/uploads\/sites\/35\/2018\/11\/EH-Puzzle-Gift-Voucher_2530x1240px_Norway.jpg","datePublished":"2018-11-23T10:01:24+00:00","dateModified":"2023-10-12T16:39:28+00:00","breadcrumb":{"@id":"https:\/\/escapehunt.com\/no\/trondheim\/gaveeske\/#breadcrumb"},"inLanguage":"nb-NO","potentialAction":[{"@type":"ReadAction","target":["https:\/\/escapehunt.com\/no\/trondheim\/gaveeske\/"]}]},{"@type":"ImageObject","inLanguage":"nb-NO","@id":"https:\/\/escapehunt.com\/no\/trondheim\/gaveeske\/#primaryimage","url":"https:\/\/escapehunt.com\/no\/trondheim\/wp-content\/uploads\/sites\/35\/2018\/11\/EH-Puzzle-Gift-Voucher_2530x1240px_Norway.jpg","contentUrl":"https:\/\/escapehunt.com\/no\/trondheim\/wp-content\/uploads\/sites\/35\/2018\/11\/EH-Puzzle-Gift-Voucher_2530x1240px_Norway.jpg","width":5228,"height":2562,"caption":"gaveeske"},{"@type":"BreadcrumbList","@id":"https:\/\/escapehunt.com\/no\/trondheim\/gaveeske\/#breadcrumb","itemListElement":[{"@type":"ListItem","position":1,"name":"Home","item":"https:\/\/escapehunt.com\/no\/trondheim\/"},{"@type":"ListItem","position":2,"name":"Gaveeske \u2013 \u00e5rets&nbsp;kuleste&nbsp;gave!"}]},{"@type":"WebSite","@id":"https:\/\/escapehunt.com\/no\/trondheim\/#website","url":"https:\/\/escapehunt.com\/no\/trondheim\/","name":"Trondheim","description":"Escape Hunt Trondheim - Trondheim&#039;s Most Exciting Escape Room Experience","potentialAction":[{"@type":"SearchAction","target":{"@type":"EntryPoint","urlTemplate":"https:\/\/escapehunt.com\/no\/trondheim\/?s={search_term_string}"},"query-input":{"@type":"PropertyValueSpecification","valueRequired":true,"valueName":"search_term_string"}}],"inLanguage":"nb-NO"}]}},"custom_schema_json":"","_links":{"self":[{"href":"https:\/\/escapehunt.com\/no\/trondheim\/wp-json\/wp\/v2\/pages\/594","targetHints":{"allow":["GET"]}}],"collection":[{"href":"https:\/\/escapehunt.com\/no\/trondheim\/wp-json\/wp\/v2\/pages"}],"about":[{"href":"https:\/\/escapehunt.com\/no\/trondheim\/wp-json\/wp\/v2\/types\/page"}],"author":[{"embeddable":true,"href":"https:\/\/escapehunt.com\/no\/trondheim\/wp-json\/wp\/v2\/users\/16"}],"replies":[{"embeddable":true,"href":"https:\/\/escapehunt.com\/no\/trondheim\/wp-json\/wp\/v2\/comments?post=594"}],"version-history":[{"count":6,"href":"https:\/\/escapehunt.com\/no\/trondheim\/wp-json\/wp\/v2\/pages\/594\/revisions"}],"predecessor-version":[{"id":10639,"href":"https:\/\/escapehunt.com\/no\/trondheim\/wp-json\/wp\/v2\/pages\/594\/revisions\/10639"}],"wp:featuredmedia":[{"embeddable":true,"href":"https:\/\/escapehunt.com\/no\/trondheim\/wp-json\/wp\/v2\/media\/601"}],"wp:attachment":[{"href":"https:\/\/escapehunt.com\/no\/trondheim\/wp-json\/wp\/v2\/media?parent=594"}],"curies":[{"name":"wp","href":"https:\/\/api.w.org\/{rel}","templated":true}]}}