{"id":4455,"date":"2020-09-09T09:02:11","date_gmt":"2020-09-09T07:02:11","guid":{"rendered":"https:\/\/escapehunt.com\/no\/trondheim\/?page_id=4455"},"modified":"2021-11-11T15:16:59","modified_gmt":"2021-11-11T14:16:59","slug":"fem-tips-for-grupper","status":"publish","type":"page","link":"https:\/\/escapehunt.com\/no\/trondheim\/fem-tips-for-grupper\/","title":{"rendered":"Fem spennende aktiviteter for grupper"},"content":{"rendered":"<p>Hva gj\u00f8r du n\u00e5r du skal ut og more deg med gjengen? Her har vi samlet noen gode tips til opplevelser for grupper, enten det er vennegjengen, kolleger, laget eller andre som er p\u00e5 jakt etter spenning og latter.<\/p>\n<p><strong>Klatrepark<br \/>\n<\/strong>Kom dere ut i naturen! En klatrepark er som en forn\u00f8yelsespark i tr\u00e6rne og forener b\u00e5de spenning og l\u00e6ring, koordinering og mestring. Beveg dere fra tre til tre gjennom \u00e5 g\u00e5, krabbe, springe, balansere eller gjennom andre teknikker.\u00a0 Her er det b\u00e5de ZIP liner, klatret\u00e5rn og hinderbaner. Ta p\u00e5 klatresele og hjelm og f\u00e5 kyndig veiledning av instrukt\u00f8r.<\/p>\n<p><strong>Escape Room<br \/>\n<\/strong>Du har sikkert h\u00f8rt om Escape Room, ogs\u00e5 kalt fluktrom, mysteriespillet som har tatt verden med storm de siste \u00e5rene. Sammen blir dere l\u00e5st inn i et rom og dere m\u00e5 l\u00f8se g\u00e5ter og knekke koder for \u00e5 komme ut igjen. Det finnes flere slike i Trondheim, men Escape Hunt midt i sentrum tar denne fritidsaktiviteten opp p\u00e5 et nytt niv\u00e5 med sine intense og nervepirrende eventyr basert p\u00e5 viktige historiske hendelser. Kom gjerne i grupper opp til fem. Er dere 6-10, del dere opp i lag og konkurrer mot hverandre i to identisk tematiserte rom. Er dere enda flere lager de et opplegg for alle sammen, inkludert eget VIP-rom og mat og drikke hvis det er \u00f8nskelig.<\/p>\n<p align=\"center\"><img loading=\"lazy\" decoding=\"async\" class=\"aligncenter wp-image-85\" src=\"https:\/\/escapehunt.com\/no\/trondheim\/wp-content\/uploads\/sites\/35\/2018\/08\/Corporate-Work-Package-1044-x-1044-300x300.jpg\" alt=\"\" width=\"380\" height=\"380\" srcset=\"https:\/\/escapehunt.com\/no\/trondheim\/wp-content\/uploads\/sites\/35\/2018\/08\/Corporate-Work-Package-1044-x-1044-300x300.jpg 300w, https:\/\/escapehunt.com\/no\/trondheim\/wp-content\/uploads\/sites\/35\/2018\/08\/Corporate-Work-Package-1044-x-1044-150x150.jpg 150w, https:\/\/escapehunt.com\/no\/trondheim\/wp-content\/uploads\/sites\/35\/2018\/08\/Corporate-Work-Package-1044-x-1044-768x768.jpg 768w, https:\/\/escapehunt.com\/no\/trondheim\/wp-content\/uploads\/sites\/35\/2018\/08\/Corporate-Work-Package-1044-x-1044-1024x1024.jpg 1024w, https:\/\/escapehunt.com\/no\/trondheim\/wp-content\/uploads\/sites\/35\/2018\/08\/Corporate-Work-Package-1044-x-1044-988x988.jpg 988w, https:\/\/escapehunt.com\/no\/trondheim\/wp-content\/uploads\/sites\/35\/2018\/08\/Corporate-Work-Package-1044-x-1044-578x578.jpg 578w, https:\/\/escapehunt.com\/no\/trondheim\/wp-content\/uploads\/sites\/35\/2018\/08\/Corporate-Work-Package-1044-x-1044.jpg 1044w\" sizes=\"auto, (max-width: 380px) 100vw, 380px\" \/><\/p>\n<p><strong>Minigolf<br \/>\n<\/strong>Minigolf trigger konkurranseinstinktet \u2013 p\u00e5 samme tid er det enkle regler som gj\u00f8r at alle forst\u00e5r spillet uten n\u00f8dvendigvis \u00e5 ha tatt i en golfk\u00f8lle f\u00f8r. Det finnes b\u00e5de innend\u00f8rs og utend\u00f8rs minigolfbaner \u2013 alle med ulike vanskelighetsgrad. Felles er at de har ulike hindringer som dere skal komme gjennom med f\u00e6rrest mulig slag. Den vanlige regelen er at du har maks 7 slag p\u00e5 deg til \u00e5 f\u00f8re ballen til hullet. Hvor mange bruker du?<\/p>\n<p><strong>Gokart<br \/>\n<\/strong>Om dere liker litt ekstra fart og spenning, book dere inn p\u00e5 et gokartsenter og kjenn gokarten sparke fra. Du trenger ikke v\u00e6re en dreven sj\u00e5f\u00f8r for \u00e5 ha glede av denne aktiviteten, selv uten lappen vil du kjenne adrenalinet bruse. F\u00e5 p\u00e5 hjelmer, spenn dere fast, gi gass og konsentrer dere om \u00e5 ha det moro. Banene har gjerne en kapasitet som gj\u00f8r at inntil 10 personer kan kj\u00f8re samtidig.<\/p>\n<p><strong>Bowling<br \/>\n<\/strong>Bowling er selve klassikeren blant gruppeaktivitetene. Det er ikke s\u00e5 rart, for her ser dere resultatet av prestasjonen bare sekunder etter kula trilles bortover banen for \u00e5 treffe flest mulig kjegler. Bestill tid p\u00e5 et bowlingsenter, f\u00e5 utdelt sko og kule, s\u00e5 er dere i gang. Her kan dere konkurrere spiller mot spiller eller lag mot lag.<\/p>\n<p align=\"center\"><img loading=\"lazy\" decoding=\"async\" class=\"aligncenter wp-image-4457\" src=\"https:\/\/escapehunt.com\/no\/trondheim\/wp-content\/uploads\/sites\/35\/2020\/09\/bowling.jpg_large-300x169.jpg\" alt=\"\" width=\"380\" height=\"213\" srcset=\"https:\/\/escapehunt.com\/no\/trondheim\/wp-content\/uploads\/sites\/35\/2020\/09\/bowling.jpg_large-300x169.jpg 300w, https:\/\/escapehunt.com\/no\/trondheim\/wp-content\/uploads\/sites\/35\/2020\/09\/bowling.jpg_large.jpg 600w\" sizes=\"auto, (max-width: 380px) 100vw, 380px\" \/><\/p>\n","protected":false},"excerpt":{"rendered":"<p>Hva gj\u00f8r du n\u00e5r du skal ut og more deg med gjengen? Her har vi samlet noen gode tips til opplevelser for grupper, enten det er vennegjengen, kolleger, laget eller&hellip;<\/p>\n","protected":false},"author":30,"featured_media":0,"parent":0,"menu_order":0,"comment_status":"closed","ping_status":"closed","template":"","meta":{"_acf_changed":false,"footnotes":""},"class_list":["post-4455","page","type-page","status-publish","hentry"],"acf":{"custom_schema_json":""},"yoast_head":"<!-- This site is optimized with the Yoast SEO plugin v27.0 - https:\/\/yoast.com\/product\/yoast-seo-wordpress\/ -->\n<title>Fem spennende aktiviteter for grupper - Trondheim<\/title>\n<meta name=\"robots\" content=\"index, follow, max-snippet:-1, max-image-preview:large, max-video-preview:-1\" \/>\n<link rel=\"canonical\" href=\"https:\/\/escapehunt.com\/no\/trondheim\/fem-tips-for-grupper\/\" \/>\n<meta property=\"og:locale\" content=\"nb_NO\" \/>\n<meta property=\"og:type\" content=\"article\" \/>\n<meta property=\"og:title\" content=\"Fem spennende aktiviteter for grupper - Trondheim\" \/>\n<meta property=\"og:description\" content=\"Hva gj\u00f8r du n\u00e5r du skal ut og more deg med gjengen? Her har vi samlet noen gode tips til opplevelser for grupper, enten det er vennegjengen, kolleger, laget eller&hellip;\" \/>\n<meta property=\"og:url\" content=\"https:\/\/escapehunt.com\/no\/trondheim\/fem-tips-for-grupper\/\" \/>\n<meta property=\"og:site_name\" content=\"Trondheim\" \/>\n<meta property=\"article:modified_time\" content=\"2021-11-11T14:16:59+00:00\" \/>\n<meta property=\"og:image\" content=\"https:\/\/escapehunt.com\/no\/trondheim\/wp-content\/uploads\/sites\/35\/2018\/08\/Corporate-Work-Package-1044-x-1044-300x300.jpg\" \/>\n<meta name=\"twitter:card\" content=\"summary_large_image\" \/>\n<meta name=\"twitter:label1\" content=\"Ansl. lesetid\" \/>\n\t<meta name=\"twitter:data1\" content=\"2 minutter\" \/>\n<script type=\"application\/ld+json\" class=\"yoast-schema-graph\">{\"@context\":\"https:\/\/schema.org\",\"@graph\":[{\"@type\":\"WebPage\",\"@id\":\"https:\/\/escapehunt.com\/no\/trondheim\/fem-tips-for-grupper\/\",\"url\":\"https:\/\/escapehunt.com\/no\/trondheim\/fem-tips-for-grupper\/\",\"name\":\"Fem spennende aktiviteter for grupper - Trondheim\",\"isPartOf\":{\"@id\":\"https:\/\/escapehunt.com\/no\/trondheim\/#website\"},\"primaryImageOfPage\":{\"@id\":\"https:\/\/escapehunt.com\/no\/trondheim\/fem-tips-for-grupper\/#primaryimage\"},\"image\":{\"@id\":\"https:\/\/escapehunt.com\/no\/trondheim\/fem-tips-for-grupper\/#primaryimage\"},\"thumbnailUrl\":\"https:\/\/escapehunt.com\/no\/trondheim\/wp-content\/uploads\/sites\/35\/2018\/08\/Corporate-Work-Package-1044-x-1044-300x300.jpg\",\"datePublished\":\"2020-09-09T07:02:11+00:00\",\"dateModified\":\"2021-11-11T14:16:59+00:00\",\"breadcrumb\":{\"@id\":\"https:\/\/escapehunt.com\/no\/trondheim\/fem-tips-for-grupper\/#breadcrumb\"},\"inLanguage\":\"nb-NO\",\"potentialAction\":[{\"@type\":\"ReadAction\",\"target\":[\"https:\/\/escapehunt.com\/no\/trondheim\/fem-tips-for-grupper\/\"]}]},{\"@type\":\"ImageObject\",\"inLanguage\":\"nb-NO\",\"@id\":\"https:\/\/escapehunt.com\/no\/trondheim\/fem-tips-for-grupper\/#primaryimage\",\"url\":\"https:\/\/escapehunt.com\/no\/trondheim\/wp-content\/uploads\/sites\/35\/2018\/08\/Corporate-Work-Package-1044-x-1044.jpg\",\"contentUrl\":\"https:\/\/escapehunt.com\/no\/trondheim\/wp-content\/uploads\/sites\/35\/2018\/08\/Corporate-Work-Package-1044-x-1044.jpg\",\"width\":1044,\"height\":1044},{\"@type\":\"BreadcrumbList\",\"@id\":\"https:\/\/escapehunt.com\/no\/trondheim\/fem-tips-for-grupper\/#breadcrumb\",\"itemListElement\":[{\"@type\":\"ListItem\",\"position\":1,\"name\":\"Home\",\"item\":\"https:\/\/escapehunt.com\/no\/trondheim\/\"},{\"@type\":\"ListItem\",\"position\":2,\"name\":\"Fem spennende aktiviteter for grupper\"}]},{\"@type\":\"WebSite\",\"@id\":\"https:\/\/escapehunt.com\/no\/trondheim\/#website\",\"url\":\"https:\/\/escapehunt.com\/no\/trondheim\/\",\"name\":\"Trondheim\",\"description\":\"Escape Hunt Trondheim - Trondheim&#039;s Most Exciting Escape Room Experience\",\"potentialAction\":[{\"@type\":\"SearchAction\",\"target\":{\"@type\":\"EntryPoint\",\"urlTemplate\":\"https:\/\/escapehunt.com\/no\/trondheim\/?s={search_term_string}\"},\"query-input\":{\"@type\":\"PropertyValueSpecification\",\"valueRequired\":true,\"valueName\":\"search_term_string\"}}],\"inLanguage\":\"nb-NO\"}]}<\/script>\n<!-- \/ Yoast SEO plugin. -->","yoast_head_json":{"title":"Fem spennende aktiviteter for grupper - Trondheim","robots":{"index":"index","follow":"follow","max-snippet":"max-snippet:-1","max-image-preview":"max-image-preview:large","max-video-preview":"max-video-preview:-1"},"canonical":"https:\/\/escapehunt.com\/no\/trondheim\/fem-tips-for-grupper\/","og_locale":"nb_NO","og_type":"article","og_title":"Fem spennende aktiviteter for grupper - Trondheim","og_description":"Hva gj\u00f8r du n\u00e5r du skal ut og more deg med gjengen? Her har vi samlet noen gode tips til opplevelser for grupper, enten det er vennegjengen, kolleger, laget eller&hellip;","og_url":"https:\/\/escapehunt.com\/no\/trondheim\/fem-tips-for-grupper\/","og_site_name":"Trondheim","article_modified_time":"2021-11-11T14:16:59+00:00","og_image":[{"url":"https:\/\/escapehunt.com\/no\/trondheim\/wp-content\/uploads\/sites\/35\/2018\/08\/Corporate-Work-Package-1044-x-1044-300x300.jpg","type":"","width":"","height":""}],"twitter_card":"summary_large_image","twitter_misc":{"Ansl. lesetid":"2 minutter"},"schema":{"@context":"https:\/\/schema.org","@graph":[{"@type":"WebPage","@id":"https:\/\/escapehunt.com\/no\/trondheim\/fem-tips-for-grupper\/","url":"https:\/\/escapehunt.com\/no\/trondheim\/fem-tips-for-grupper\/","name":"Fem spennende aktiviteter for grupper - Trondheim","isPartOf":{"@id":"https:\/\/escapehunt.com\/no\/trondheim\/#website"},"primaryImageOfPage":{"@id":"https:\/\/escapehunt.com\/no\/trondheim\/fem-tips-for-grupper\/#primaryimage"},"image":{"@id":"https:\/\/escapehunt.com\/no\/trondheim\/fem-tips-for-grupper\/#primaryimage"},"thumbnailUrl":"https:\/\/escapehunt.com\/no\/trondheim\/wp-content\/uploads\/sites\/35\/2018\/08\/Corporate-Work-Package-1044-x-1044-300x300.jpg","datePublished":"2020-09-09T07:02:11+00:00","dateModified":"2021-11-11T14:16:59+00:00","breadcrumb":{"@id":"https:\/\/escapehunt.com\/no\/trondheim\/fem-tips-for-grupper\/#breadcrumb"},"inLanguage":"nb-NO","potentialAction":[{"@type":"ReadAction","target":["https:\/\/escapehunt.com\/no\/trondheim\/fem-tips-for-grupper\/"]}]},{"@type":"ImageObject","inLanguage":"nb-NO","@id":"https:\/\/escapehunt.com\/no\/trondheim\/fem-tips-for-grupper\/#primaryimage","url":"https:\/\/escapehunt.com\/no\/trondheim\/wp-content\/uploads\/sites\/35\/2018\/08\/Corporate-Work-Package-1044-x-1044.jpg","contentUrl":"https:\/\/escapehunt.com\/no\/trondheim\/wp-content\/uploads\/sites\/35\/2018\/08\/Corporate-Work-Package-1044-x-1044.jpg","width":1044,"height":1044},{"@type":"BreadcrumbList","@id":"https:\/\/escapehunt.com\/no\/trondheim\/fem-tips-for-grupper\/#breadcrumb","itemListElement":[{"@type":"ListItem","position":1,"name":"Home","item":"https:\/\/escapehunt.com\/no\/trondheim\/"},{"@type":"ListItem","position":2,"name":"Fem spennende aktiviteter for grupper"}]},{"@type":"WebSite","@id":"https:\/\/escapehunt.com\/no\/trondheim\/#website","url":"https:\/\/escapehunt.com\/no\/trondheim\/","name":"Trondheim","description":"Escape Hunt Trondheim - Trondheim&#039;s Most Exciting Escape Room Experience","potentialAction":[{"@type":"SearchAction","target":{"@type":"EntryPoint","urlTemplate":"https:\/\/escapehunt.com\/no\/trondheim\/?s={search_term_string}"},"query-input":{"@type":"PropertyValueSpecification","valueRequired":true,"valueName":"search_term_string"}}],"inLanguage":"nb-NO"}]}},"custom_schema_json":"","_links":{"self":[{"href":"https:\/\/escapehunt.com\/no\/trondheim\/wp-json\/wp\/v2\/pages\/4455","targetHints":{"allow":["GET"]}}],"collection":[{"href":"https:\/\/escapehunt.com\/no\/trondheim\/wp-json\/wp\/v2\/pages"}],"about":[{"href":"https:\/\/escapehunt.com\/no\/trondheim\/wp-json\/wp\/v2\/types\/page"}],"author":[{"embeddable":true,"href":"https:\/\/escapehunt.com\/no\/trondheim\/wp-json\/wp\/v2\/users\/30"}],"replies":[{"embeddable":true,"href":"https:\/\/escapehunt.com\/no\/trondheim\/wp-json\/wp\/v2\/comments?post=4455"}],"version-history":[{"count":5,"href":"https:\/\/escapehunt.com\/no\/trondheim\/wp-json\/wp\/v2\/pages\/4455\/revisions"}],"predecessor-version":[{"id":4462,"href":"https:\/\/escapehunt.com\/no\/trondheim\/wp-json\/wp\/v2\/pages\/4455\/revisions\/4462"}],"wp:attachment":[{"href":"https:\/\/escapehunt.com\/no\/trondheim\/wp-json\/wp\/v2\/media?parent=4455"}],"curies":[{"name":"wp","href":"https:\/\/api.w.org\/{rel}","templated":true}]}}