{"id":3893,"date":"2020-05-22T16:17:10","date_gmt":"2020-05-22T14:17:10","guid":{"rendered":"https:\/\/escapehunt.com\/no\/trondheim\/?page_id=3893"},"modified":"2021-12-16T13:49:27","modified_gmt":"2021-12-16T12:49:27","slug":"tiltak-covid-19","status":"publish","type":"page","link":"https:\/\/escapehunt.com\/no\/trondheim\/tiltak-covid-19\/","title":{"rendered":"Tiltak COVID-19"},"content":{"rendered":"<p><strong>Oppdatering 15.12.2021<\/strong><br \/>\nI tr\u00e5d med nasjonale retningslinjer er vi dessverre igjen stengt ned. Du kan fortsatt <a href=\"https:\/\/escapehunt.com\/no\/trondheim\/velg-ditt-eventyr\/\">bestille escape room<\/a> fra torsdag 13. januar. Vi anbefaler \u00e5 kj\u00f8pe <a href=\"https:\/\/escapehunt.com\/no\/trondheim\/gi-fangeskap-i-gave\/\">GAVEESKE<\/a> til de du er glad i!<\/p>\n<p>&nbsp;<\/p>\n<p>S\u00e5 snart vi f\u00e5r lov \u00e5 \u00e5pne igjen fortsetter vi med eksisterende rutiner:<\/p>\n<p><strong>F\u00f8r og under spillet<\/strong><\/p>\n<ul>\n<li>Antibac-stasjoner sentralt plassert i fellesareal, med tydelig skilting og p\u00e5legg om \u00e5 bruke ved ankomst.<\/li>\n<li>Kommunalt p\u00e5bud om bruk av munnbind der en ikke kan holde 1 meters avstand gjelder p\u00e5 spillrommene. (Gjelder ikke familier og andre som bor fast sammen.) Munnbind er gratis tilgjengelig hos oss.<\/li>\n<li>Engangshansker er ogs\u00e5 gratis tilgjengelig for de som \u00f8nsker \u00e5 bruke dette.<\/li>\n<li>V\u00e5re ansatte bruker munnbind i alle situasjoner med kundekontakt.<\/li>\n<li>Egen ansatt som passer p\u00e5 avstand mellom grupper og gir informasjon om smitteverntiltak og hygiene.<\/li>\n<li>Navn og kontaktinformasjon til samtlige deltakere samles inn i forkant av spillet, for \u00e5 sikre mulighet for smittesporing ved behov.<\/li>\n<\/ul>\n<p><strong>Etter spillet<\/strong><\/p>\n<ul>\n<li>Fellesarealer, pads, d\u00f8rh\u00e5ndtak, bordoverflater osv desinfiseres f\u00f8r neste gruppe ankommer.<\/li>\n<li>Spillrommene desinfiseres 100% minst en gang per dag.<\/li>\n<\/ul>\n<p><strong>Generelt<\/strong><\/p>\n<ul>\n<li>Forebyggende plakater fra FHI om hosting i albue, vask av hender osv, samt flere plakater om h\u00e5ndhygiene i fellesarealer.<\/li>\n<li>V\u00e5re fellesarealer er store nok til \u00e5 ivareta anbefalingene om 1 meters avstand.<\/li>\n<li>Vi har 4 spillerom, men aldri mer enn 5 deltakere samtidig inne p\u00e5 rommene.<\/li>\n<li>30 minutters mellomrom mellom hver pulje, s\u00e5 det er aldri mer enn 20 gjester i v\u00e5re lokaler samtidig, normalt 8-10.<\/li>\n<\/ul>\n","protected":false},"excerpt":{"rendered":"<p>Oppdatering 15.12.2021 I tr\u00e5d med nasjonale retningslinjer er vi dessverre igjen stengt ned. Du kan fortsatt bestille escape room fra torsdag 13. januar. Vi anbefaler \u00e5 kj\u00f8pe GAVEESKE til de&hellip;<\/p>\n","protected":false},"author":30,"featured_media":0,"parent":0,"menu_order":0,"comment_status":"closed","ping_status":"closed","template":"","meta":{"_acf_changed":false,"footnotes":""},"class_list":["post-3893","page","type-page","status-publish","hentry"],"acf":{"custom_schema_json":""},"yoast_head":"<!-- This site is optimized with the Yoast SEO plugin v27.0 - https:\/\/yoast.com\/product\/yoast-seo-wordpress\/ -->\n<title>Tiltak COVID-19 - Trondheim<\/title>\n<meta name=\"robots\" content=\"index, follow, max-snippet:-1, max-image-preview:large, max-video-preview:-1\" \/>\n<link rel=\"canonical\" href=\"https:\/\/escapehunt.com\/no\/trondheim\/tiltak-covid-19\/\" \/>\n<meta property=\"og:locale\" content=\"nb_NO\" \/>\n<meta property=\"og:type\" content=\"article\" \/>\n<meta property=\"og:title\" content=\"Tiltak COVID-19 - Trondheim\" \/>\n<meta property=\"og:description\" content=\"Oppdatering 15.12.2021 I tr\u00e5d med nasjonale retningslinjer er vi dessverre igjen stengt ned. Du kan fortsatt bestille escape room fra torsdag 13. januar. Vi anbefaler \u00e5 kj\u00f8pe GAVEESKE til de&hellip;\" \/>\n<meta property=\"og:url\" content=\"https:\/\/escapehunt.com\/no\/trondheim\/tiltak-covid-19\/\" \/>\n<meta property=\"og:site_name\" content=\"Trondheim\" \/>\n<meta property=\"article:modified_time\" content=\"2021-12-16T12:49:27+00:00\" \/>\n<meta name=\"twitter:card\" content=\"summary_large_image\" \/>\n<meta name=\"twitter:label1\" content=\"Ansl. lesetid\" \/>\n\t<meta name=\"twitter:data1\" content=\"2 minutter\" \/>\n<script type=\"application\/ld+json\" class=\"yoast-schema-graph\">{\"@context\":\"https:\/\/schema.org\",\"@graph\":[{\"@type\":\"WebPage\",\"@id\":\"https:\/\/escapehunt.com\/no\/trondheim\/tiltak-covid-19\/\",\"url\":\"https:\/\/escapehunt.com\/no\/trondheim\/tiltak-covid-19\/\",\"name\":\"Tiltak COVID-19 - Trondheim\",\"isPartOf\":{\"@id\":\"https:\/\/escapehunt.com\/no\/trondheim\/#website\"},\"datePublished\":\"2020-05-22T14:17:10+00:00\",\"dateModified\":\"2021-12-16T12:49:27+00:00\",\"breadcrumb\":{\"@id\":\"https:\/\/escapehunt.com\/no\/trondheim\/tiltak-covid-19\/#breadcrumb\"},\"inLanguage\":\"nb-NO\",\"potentialAction\":[{\"@type\":\"ReadAction\",\"target\":[\"https:\/\/escapehunt.com\/no\/trondheim\/tiltak-covid-19\/\"]}]},{\"@type\":\"BreadcrumbList\",\"@id\":\"https:\/\/escapehunt.com\/no\/trondheim\/tiltak-covid-19\/#breadcrumb\",\"itemListElement\":[{\"@type\":\"ListItem\",\"position\":1,\"name\":\"Home\",\"item\":\"https:\/\/escapehunt.com\/no\/trondheim\/\"},{\"@type\":\"ListItem\",\"position\":2,\"name\":\"Tiltak COVID-19\"}]},{\"@type\":\"WebSite\",\"@id\":\"https:\/\/escapehunt.com\/no\/trondheim\/#website\",\"url\":\"https:\/\/escapehunt.com\/no\/trondheim\/\",\"name\":\"Trondheim\",\"description\":\"Escape Hunt Trondheim - Trondheim&#039;s Most Exciting Escape Room Experience\",\"potentialAction\":[{\"@type\":\"SearchAction\",\"target\":{\"@type\":\"EntryPoint\",\"urlTemplate\":\"https:\/\/escapehunt.com\/no\/trondheim\/?s={search_term_string}\"},\"query-input\":{\"@type\":\"PropertyValueSpecification\",\"valueRequired\":true,\"valueName\":\"search_term_string\"}}],\"inLanguage\":\"nb-NO\"}]}<\/script>\n<!-- \/ Yoast SEO plugin. -->","yoast_head_json":{"title":"Tiltak COVID-19 - Trondheim","robots":{"index":"index","follow":"follow","max-snippet":"max-snippet:-1","max-image-preview":"max-image-preview:large","max-video-preview":"max-video-preview:-1"},"canonical":"https:\/\/escapehunt.com\/no\/trondheim\/tiltak-covid-19\/","og_locale":"nb_NO","og_type":"article","og_title":"Tiltak COVID-19 - Trondheim","og_description":"Oppdatering 15.12.2021 I tr\u00e5d med nasjonale retningslinjer er vi dessverre igjen stengt ned. Du kan fortsatt bestille escape room fra torsdag 13. januar. Vi anbefaler \u00e5 kj\u00f8pe GAVEESKE til de&hellip;","og_url":"https:\/\/escapehunt.com\/no\/trondheim\/tiltak-covid-19\/","og_site_name":"Trondheim","article_modified_time":"2021-12-16T12:49:27+00:00","twitter_card":"summary_large_image","twitter_misc":{"Ansl. lesetid":"2 minutter"},"schema":{"@context":"https:\/\/schema.org","@graph":[{"@type":"WebPage","@id":"https:\/\/escapehunt.com\/no\/trondheim\/tiltak-covid-19\/","url":"https:\/\/escapehunt.com\/no\/trondheim\/tiltak-covid-19\/","name":"Tiltak COVID-19 - Trondheim","isPartOf":{"@id":"https:\/\/escapehunt.com\/no\/trondheim\/#website"},"datePublished":"2020-05-22T14:17:10+00:00","dateModified":"2021-12-16T12:49:27+00:00","breadcrumb":{"@id":"https:\/\/escapehunt.com\/no\/trondheim\/tiltak-covid-19\/#breadcrumb"},"inLanguage":"nb-NO","potentialAction":[{"@type":"ReadAction","target":["https:\/\/escapehunt.com\/no\/trondheim\/tiltak-covid-19\/"]}]},{"@type":"BreadcrumbList","@id":"https:\/\/escapehunt.com\/no\/trondheim\/tiltak-covid-19\/#breadcrumb","itemListElement":[{"@type":"ListItem","position":1,"name":"Home","item":"https:\/\/escapehunt.com\/no\/trondheim\/"},{"@type":"ListItem","position":2,"name":"Tiltak COVID-19"}]},{"@type":"WebSite","@id":"https:\/\/escapehunt.com\/no\/trondheim\/#website","url":"https:\/\/escapehunt.com\/no\/trondheim\/","name":"Trondheim","description":"Escape Hunt Trondheim - Trondheim&#039;s Most Exciting Escape Room Experience","potentialAction":[{"@type":"SearchAction","target":{"@type":"EntryPoint","urlTemplate":"https:\/\/escapehunt.com\/no\/trondheim\/?s={search_term_string}"},"query-input":{"@type":"PropertyValueSpecification","valueRequired":true,"valueName":"search_term_string"}}],"inLanguage":"nb-NO"}]}},"custom_schema_json":"","_links":{"self":[{"href":"https:\/\/escapehunt.com\/no\/trondheim\/wp-json\/wp\/v2\/pages\/3893","targetHints":{"allow":["GET"]}}],"collection":[{"href":"https:\/\/escapehunt.com\/no\/trondheim\/wp-json\/wp\/v2\/pages"}],"about":[{"href":"https:\/\/escapehunt.com\/no\/trondheim\/wp-json\/wp\/v2\/types\/page"}],"author":[{"embeddable":true,"href":"https:\/\/escapehunt.com\/no\/trondheim\/wp-json\/wp\/v2\/users\/30"}],"replies":[{"embeddable":true,"href":"https:\/\/escapehunt.com\/no\/trondheim\/wp-json\/wp\/v2\/comments?post=3893"}],"version-history":[{"count":5,"href":"https:\/\/escapehunt.com\/no\/trondheim\/wp-json\/wp\/v2\/pages\/3893\/revisions"}],"predecessor-version":[{"id":6837,"href":"https:\/\/escapehunt.com\/no\/trondheim\/wp-json\/wp\/v2\/pages\/3893\/revisions\/6837"}],"wp:attachment":[{"href":"https:\/\/escapehunt.com\/no\/trondheim\/wp-json\/wp\/v2\/media?parent=3893"}],"curies":[{"name":"wp","href":"https:\/\/api.w.org\/{rel}","templated":true}]}}