{"id":26587,"date":"2024-09-24T16:29:37","date_gmt":"2024-09-24T14:29:37","guid":{"rendered":"https:\/\/escapehunt.com\/fr\/?page_id=26587"},"modified":"2024-09-30T16:41:23","modified_gmt":"2024-09-30T14:41:23","slug":"blog-escape-hunt","status":"publish","type":"page","link":"https:\/\/escapehunt.com\/fr\/blog-escape-hunt\/","title":{"rendered":"Escape Hunt Blog"},"content":{"rendered":"<p>Bienvenue sur le blog Escape Hunt \u2013 apprenez-en plus sur nos escape games immersifs, nos options et formules pour vos \u00e9v\u00e9nements et bien plus encore. \u00cates-vous pr\u00eat pour une nouvelle aventure ?<\/p>\n","protected":false},"excerpt":{"rendered":"<p>Bienvenue sur le blog Escape Hunt \u2013 apprenez-en plus sur nos escape games immersifs, nos options et formules pour vos \u00e9v\u00e9nements et bien plus encore. \u00cates-vous pr\u00eat pour une nouvelle&hellip;<\/p>\n","protected":false},"author":220,"featured_media":0,"parent":0,"menu_order":0,"comment_status":"closed","ping_status":"closed","template":"templates\/blog-template.php","meta":{"_acf_changed":false,"footnotes":""},"class_list":["post-26587","page","type-page","status-publish","hentry"],"acf":{"custom_schema_json":""},"yoast_head":"<!-- This site is optimized with the Yoast SEO plugin v27.0 - https:\/\/yoast.com\/product\/yoast-seo-wordpress\/ -->\n<title>Escape Hunt blog | Escape Hunt France<\/title>\n<meta name=\"description\" content=\"Discover the Escape Hunt blog, perfect for learning more about us before you visit with your friends, family or colleagues.\" \/>\n<meta name=\"robots\" content=\"index, follow, max-snippet:-1, max-image-preview:large, max-video-preview:-1\" \/>\n<link rel=\"canonical\" href=\"https:\/\/escapehunt.com\/fr\/blog-escape-hunt\/\" \/>\n<meta property=\"og:locale\" content=\"fr_FR\" \/>\n<meta property=\"og:type\" content=\"article\" \/>\n<meta property=\"og:title\" content=\"Escape Hunt blog | Escape Hunt France\" \/>\n<meta property=\"og:description\" content=\"Discover the Escape Hunt blog, perfect for learning more about us before you visit with your friends, family or colleagues.\" \/>\n<meta property=\"og:url\" content=\"https:\/\/escapehunt.com\/fr\/blog-escape-hunt\/\" \/>\n<meta property=\"og:site_name\" content=\"France\" \/>\n<meta property=\"article:modified_time\" content=\"2024-09-30T14:41:23+00:00\" \/>\n<meta name=\"twitter:card\" content=\"summary_large_image\" \/>\n<meta name=\"twitter:label1\" content=\"Dur\u00e9e de lecture estim\u00e9e\" \/>\n\t<meta name=\"twitter:data1\" content=\"1 minute\" \/>\n<script type=\"application\/ld+json\" class=\"yoast-schema-graph\">{\"@context\":\"https:\/\/schema.org\",\"@graph\":[{\"@type\":\"WebPage\",\"@id\":\"https:\/\/escapehunt.com\/fr\/blog-escape-hunt\/\",\"url\":\"https:\/\/escapehunt.com\/fr\/blog-escape-hunt\/\",\"name\":\"Escape Hunt blog | Escape Hunt France\",\"isPartOf\":{\"@id\":\"https:\/\/escapehunt.com\/fr\/#website\"},\"datePublished\":\"2024-09-24T14:29:37+00:00\",\"dateModified\":\"2024-09-30T14:41:23+00:00\",\"description\":\"Discover the Escape Hunt blog, perfect for learning more about us before you visit with your friends, family or colleagues.\",\"breadcrumb\":{\"@id\":\"https:\/\/escapehunt.com\/fr\/blog-escape-hunt\/#breadcrumb\"},\"inLanguage\":\"fr-FR\",\"potentialAction\":[{\"@type\":\"ReadAction\",\"target\":[\"https:\/\/escapehunt.com\/fr\/blog-escape-hunt\/\"]}]},{\"@type\":\"BreadcrumbList\",\"@id\":\"https:\/\/escapehunt.com\/fr\/blog-escape-hunt\/#breadcrumb\",\"itemListElement\":[{\"@type\":\"ListItem\",\"position\":1,\"name\":\"Blog\",\"item\":\"https:\/\/escapehunt.com\/fr\/blog-escape-hunt\/\"},{\"@type\":\"ListItem\",\"position\":2,\"name\":\"Escape Hunt Blog\"}]},{\"@type\":\"WebSite\",\"@id\":\"https:\/\/escapehunt.com\/fr\/#website\",\"url\":\"https:\/\/escapehunt.com\/fr\/\",\"name\":\"France\",\"description\":\"\",\"potentialAction\":[{\"@type\":\"SearchAction\",\"target\":{\"@type\":\"EntryPoint\",\"urlTemplate\":\"https:\/\/escapehunt.com\/fr\/?s={search_term_string}\"},\"query-input\":{\"@type\":\"PropertyValueSpecification\",\"valueRequired\":true,\"valueName\":\"search_term_string\"}}],\"inLanguage\":\"fr-FR\"}]}<\/script>\n<!-- \/ Yoast SEO plugin. -->","yoast_head_json":{"title":"Escape Hunt blog | Escape Hunt France","description":"Discover the Escape Hunt blog, perfect for learning more about us before you visit with your friends, family or colleagues.","robots":{"index":"index","follow":"follow","max-snippet":"max-snippet:-1","max-image-preview":"max-image-preview:large","max-video-preview":"max-video-preview:-1"},"canonical":"https:\/\/escapehunt.com\/fr\/blog-escape-hunt\/","og_locale":"fr_FR","og_type":"article","og_title":"Escape Hunt blog | Escape Hunt France","og_description":"Discover the Escape Hunt blog, perfect for learning more about us before you visit with your friends, family or colleagues.","og_url":"https:\/\/escapehunt.com\/fr\/blog-escape-hunt\/","og_site_name":"France","article_modified_time":"2024-09-30T14:41:23+00:00","twitter_card":"summary_large_image","twitter_misc":{"Dur\u00e9e de lecture estim\u00e9e":"1 minute"},"schema":{"@context":"https:\/\/schema.org","@graph":[{"@type":"WebPage","@id":"https:\/\/escapehunt.com\/fr\/blog-escape-hunt\/","url":"https:\/\/escapehunt.com\/fr\/blog-escape-hunt\/","name":"Escape Hunt blog | Escape Hunt France","isPartOf":{"@id":"https:\/\/escapehunt.com\/fr\/#website"},"datePublished":"2024-09-24T14:29:37+00:00","dateModified":"2024-09-30T14:41:23+00:00","description":"Discover the Escape Hunt blog, perfect for learning more about us before you visit with your friends, family or colleagues.","breadcrumb":{"@id":"https:\/\/escapehunt.com\/fr\/blog-escape-hunt\/#breadcrumb"},"inLanguage":"fr-FR","potentialAction":[{"@type":"ReadAction","target":["https:\/\/escapehunt.com\/fr\/blog-escape-hunt\/"]}]},{"@type":"BreadcrumbList","@id":"https:\/\/escapehunt.com\/fr\/blog-escape-hunt\/#breadcrumb","itemListElement":[{"@type":"ListItem","position":1,"name":"Blog","item":"https:\/\/escapehunt.com\/fr\/blog-escape-hunt\/"},{"@type":"ListItem","position":2,"name":"Escape Hunt Blog"}]},{"@type":"WebSite","@id":"https:\/\/escapehunt.com\/fr\/#website","url":"https:\/\/escapehunt.com\/fr\/","name":"France","description":"","potentialAction":[{"@type":"SearchAction","target":{"@type":"EntryPoint","urlTemplate":"https:\/\/escapehunt.com\/fr\/?s={search_term_string}"},"query-input":{"@type":"PropertyValueSpecification","valueRequired":true,"valueName":"search_term_string"}}],"inLanguage":"fr-FR"}]}},"custom_schema_json":"","_links":{"self":[{"href":"https:\/\/escapehunt.com\/fr\/wp-json\/wp\/v2\/pages\/26587","targetHints":{"allow":["GET"]}}],"collection":[{"href":"https:\/\/escapehunt.com\/fr\/wp-json\/wp\/v2\/pages"}],"about":[{"href":"https:\/\/escapehunt.com\/fr\/wp-json\/wp\/v2\/types\/page"}],"author":[{"embeddable":true,"href":"https:\/\/escapehunt.com\/fr\/wp-json\/wp\/v2\/users\/220"}],"replies":[{"embeddable":true,"href":"https:\/\/escapehunt.com\/fr\/wp-json\/wp\/v2\/comments?post=26587"}],"version-history":[{"count":5,"href":"https:\/\/escapehunt.com\/fr\/wp-json\/wp\/v2\/pages\/26587\/revisions"}],"predecessor-version":[{"id":26632,"href":"https:\/\/escapehunt.com\/fr\/wp-json\/wp\/v2\/pages\/26587\/revisions\/26632"}],"wp:attachment":[{"href":"https:\/\/escapehunt.com\/fr\/wp-json\/wp\/v2\/media?parent=26587"}],"curies":[{"name":"wp","href":"https:\/\/api.w.org\/{rel}","templated":true}]}}