{"id":206,"date":"2020-03-11T09:29:52","date_gmt":"2020-03-11T09:29:52","guid":{"rendered":"https:\/\/escapehunt.com\/fr\/?page_id=206"},"modified":"2020-03-11T09:29:52","modified_gmt":"2020-03-11T09:29:52","slug":"offrir-un-coffret-cadeau-escape-hunt","status":"publish","type":"page","link":"https:\/\/escapehunt.com\/fr\/offrir-un-coffret-cadeau-escape-hunt\/","title":{"rendered":"OFFRIR UN COFFRET CADEAU ESCAPE HUNT"},"content":{"rendered":"<h3><strong>D\u2019UNE ID\u00c9E CADEAU ORIGINALE ET IN\u00c9DITE \u00c0 PARTAGER EN FAMILLE OU ENTRE AMIS.<\/strong><\/h3>\n<p>D\u00e9couvrez le coffret du r\u00e9seau Escape Hunt et faites d\u00e9couvrir l\u2019escape game \u00e0 vos proches.<\/p>\n<table>\n<tbody>\n<tr>\n<td valign=\"top\">Un cadeau pl\u00e9biscit\u00e9 par les petits et les grands, pour jouer en \u00e9quipe de 2 \u00e0 5 joueurs !<\/td>\n<\/tr>\n<tr>\n<td valign=\"top\">Valable pendant 12 mois pour mener l\u2019enqu\u00eate partout en France mais aussi en Belgique et au Luxembourg soit pres de 40 sc\u00e9narios, 7j\/7.<\/td>\n<\/tr>\n<tr>\n<td valign=\"top\">Cette box est disponible exclusivement au sein des \u00e9tablissements Escape Hunt au prix unique de 99\u20ac (Hors frais de livraison)<\/td>\n<\/tr>\n<tr>\n<td>Vous avez aussi la possibilit\u00e9 d\u2019acheter des ch\u00e8ques cadeaux \u00e0 partir de 20\u20ac valable uniquement dans l\u2019\u00e9tablissement de votre choix.<\/td>\n<\/tr>\n<\/tbody>\n<\/table>\n<table>\n<tbody>\n<tr>\n<td width=\"50%\"><a class=\"button button--primary\" href=\"https:\/\/escapehunt.com\/fr\/coffrets-cadeaux\/\" rel=\"noopener noreferrer\">J&rsquo;ach\u00e8te un coffret en ligne<\/a><\/td>\n<td width=\"50%\"><a class=\"button button--secondary\" href=\"https:\/\/escapehunt.com\/fr\">J&rsquo;ach\u00e8te un coffret sur place<\/a><\/td>\n<\/tr>\n<\/tbody>\n<\/table>\n<h3>VOUS PR\u00c9F\u00c9REZ L\u2019ACHETER DIRECTEMENT AU SEIN DE L\u2019UNE DE NOS ENSEIGNES ?<\/h3>\n<p><strong>Il est aussi possible de l\u2019acheter directement au sein de l\u2019un de nos \u00e9tablissements en France.<\/strong><br \/>\nPour cela, contactez l\u2019\u00e9tablissement de la ville de votre choix directement afin de convenir d\u2019un rendez-vous pour le retrait (paiement sur place ou passez aux heures d\u2019ouverture) :<\/p>\n<table>\n<tbody>\n<tr>\n<td valign=\"top\" width=\"50%\">\n<h5>Escape Hunt\u00a0<span style=\"color: #eb5c2e;\">Belfort<\/span><\/h5>\n<p><span style=\"font-size: small;\">8 rue du 21 novembre,\u00a090400 Danjoutin<br \/>\n+33 (0)3 84 46 29 05 de 10h \u00e0 20h<br \/>\n<a href=\"mailto:belfort@escapehunt.com\">belfort@escapehunt.com<\/a><\/span><\/td>\n<td valign=\"top\" width=\"50%\">\n<h5>Escape Hunt\u00a0<span style=\"color: #eb5c2e;\">Bordeaux<\/span><\/h5>\n<p><span style=\"font-size: small;\">5 rue Pierre Loti, 33800 Bordeaux<br \/>\n+33 (0)5 56 33 60 01 de 10h \u00e0 20h<br \/>\n<a href=\"mailto:bordeaux@escapehunt.com\">bordeaux@escapehunt.com<\/a><\/span><\/td>\n<\/tr>\n<tr>\n<td valign=\"top\" width=\"50%\">\n<h5>Escape Hunt\u00a0<span style=\"color: #eb5c2e;\">BRUXELLES<\/span><\/h5>\n<p><span style=\"font-size: small;\">13 rue de Livourne, 1060 Bruxelles<br \/>\n+32 (0)2 850 15 10 de 10h \u00e0 20h<br \/>\n<a href=\"mailto:brussels.manager@escapehunt.com\">brussels.manager@escapehunt.com<\/a><\/span><\/td>\n<td valign=\"top\" width=\"50%\">\n<h5>Escape Hunt\u00a0<span style=\"color: #eb5c2e;\">CLERMONT-F.<\/span><\/h5>\n<p><span style=\"font-size: small;\">108 avenue du Br\u00e9zet, 63100 Clermont-F.<br \/>\n+33 (0)9 83 59 60 90 de 10h \u00e0 20h<br \/>\n<a href=\"mailto:clermont-ferrand.manager@escapehunt.com\">clermont-ferrand.manager@escapehunt.com<\/a><\/span><\/td>\n<\/tr>\n<tr>\n<td valign=\"top\" width=\"50%\">\n<h5>Escape Hunt\u00a0<span style=\"color: #eb5c2e;\">LA ROCHELLE<\/span><\/h5>\n<p><span style=\"font-size: small;\">12 rue Alfred Kastler, 17000 La Rochelle<br \/>\n+33 (0)5 46 43 16 36 de 10h \u00e0 20h<br \/>\n<a href=\"mailto:larochelle.manager@escapehunt.com\">larochelle.manager@escapehunt.com<\/a><\/span><\/td>\n<td valign=\"top\" width=\"50%\">\n<h5>Escape Hunt\u00a0<span style=\"color: #eb5c2e;\">LILLE<\/span><\/h5>\n<p><span style=\"font-size: small;\">1 rue de l\u2019union, Parc d\u2019activit\u00e9 Village des voiles, 59520 Marquette Lez Lille<br \/>\n+33 (0)3 20 56 96 27 de 10h \u00e0 20h<br \/>\n<a href=\"mailto:lille.manager@escapehunt.com\">lille.manager@escapehunt.com<\/a><\/span><\/td>\n<\/tr>\n<tr>\n<td valign=\"top\" width=\"50%\">\n<h5>Escape Hunt\u00a0<span style=\"color: #eb5c2e;\">MARSEILLE<\/span><\/h5>\n<p><span style=\"font-size: small;\">2250 Chemin de Velaux \u2013 13170 Les Pennes<br \/>\n+33 (0)4 42 45 30 44 de 10h \u00e0 20h<br \/>\n<a href=\"mailto:marseille@escapehunt.com\">marseille@escapehunt.com<\/a><\/span><\/td>\n<td valign=\"top\" width=\"50%\">\n<h5>Escape Hunt\u00a0<span style=\"color: #eb5c2e;\">METZ<\/span><\/h5>\n<p><span style=\"font-size: small;\">11 all\u00e9e des Tilleuls, 57130 Jouy aux Arches<br \/>\n+33 (0)3 87 63 53 26 de 10h \u00e0 20h<br \/>\n<a href=\"mailto:metz@escapehunt.com\">metz@escapehunt.com<\/a><\/span><\/td>\n<\/tr>\n<tr>\n<td valign=\"top\" width=\"50%\">\n<h5>Escape Hunt\u00a0<span style=\"color: #eb5c2e;\">NANCY<\/span><\/h5>\n<p><span style=\"font-size: small;\">43 rue Marcel Brot, 54000 Nancy<br \/>\n+33 (0)3 83 41 26 20 de 10h \u00e0 20h<br \/>\n<a href=\"mailto:nancy.manager@escapehunt.com\">nancy.manager@escapehunt.com<\/a><\/span><\/td>\n<td valign=\"top\" width=\"50%\">\n<h5>Escape Hunt\u00a0<span style=\"color: #eb5c2e;\">NANTES<\/span><\/h5>\n<p><span style=\"font-size: small;\">7 rue du Charron, 44800 Saint-Herblain<br \/>\n+33 (0)2 28 26 70 39 de 10h \u00e0 20h<br \/>\n<a href=\"mailto:nantes@escapehunt.com\">nantes@escapehunt.com<\/a><\/span><\/td>\n<\/tr>\n<tr>\n<td valign=\"top\" width=\"50%\">\n<h5>Escape Hunt\u00a0<span style=\"color: #eb5c2e;\">PARIS<\/span><\/h5>\n<p><span style=\"font-size: small;\">5 rue d\u2019Hanovre, 75002 Paris<br \/>\n+33 (0)1 75 50 62 60 de 10h \u00e0 20h<br \/>\n<a href=\"mailto:paris.manager@escapehunt.com\">paris.manager@escapehunt.com<\/a><\/span><\/td>\n<td valign=\"top\" width=\"50%\">\n<h5>Escape Hunt\u00a0<span style=\"color: #eb5c2e;\">TOULOUSE<\/span><\/h5>\n<p><span style=\"font-size: small;\">124 bd Pierre &amp; Marie Curie, 31000 Toulouse<br \/>\n<a href=\"mailto:toulouse.manager@escapehunt.com\">toulouse.manager@escapehunt.com<\/a><\/span><\/td>\n<\/tr>\n<\/tbody>\n<\/table>\n<h3>COMMENT UTILISER MON COFFRET CADEAU ?<\/h3>\n<p><strong>L\u2019ensemble des r\u00e9servations se fait ensuite directement en ligne.<\/strong>\u00a0Pour\u00a0r\u00e9server\u00a0:<\/p>\n<table>\n<tbody>\n<tr>\n<td valign=\"top\">\n<h4>1<\/h4>\n<\/td>\n<td valign=\"top\">Choisissez la ville dans laquelle vous souhaitez utiliser votre coffret (liste des Escape Hunt \u00e0 retrouver <a href=\"https:\/\/escapehunt.com\/fr\">en cliquant ici<\/a>)<\/td>\n<\/tr>\n<tr>\n<td valign=\"top\">\n<h4>2<\/h4>\n<\/td>\n<td valign=\"top\">Acc\u00e9dez au site internet de la ville de votre choix, puis cliquez sur \u00ab\u00a0R\u00e9server\u00a0\u00bb sur la page d\u2019accueil<\/td>\n<\/tr>\n<tr>\n<td valign=\"top\">\n<h4>3<\/h4>\n<\/td>\n<td valign=\"top\">Entrez le code \u00e0 l\u2019int\u00e9rieur du coffret cadeau (dans le couvercle) qui est \u00e0 lire dans un miroir comme les vrais d\u00e9tectives<\/td>\n<\/tr>\n<tr>\n<td valign=\"top\">\n<h4>4<\/h4>\n<\/td>\n<td valign=\"top\">Cliquez sur r\u00e9server \u00e0 c\u00f4t\u00e9 de l\u2019\u00e9nigme que vous souhaitez r\u00e9soudre \u00e0 la date et sur le cr\u00e9neau horaire qui vous convient<\/td>\n<\/tr>\n<tr>\n<td valign=\"top\">\n<h4>5<\/h4>\n<\/td>\n<td valign=\"top\">Finalisez votre r\u00e9servation. Vous recevrez ensuite un mail de confirmation pour votre r\u00e9servation.<\/td>\n<\/tr>\n<\/tbody>\n<\/table>\n<h4>Enjoy your Escape Game adventure!<\/h4>\n<table>\n<tbody>\n<tr>\n<td width=\"50%\"><a class=\"button button--primary\" href=\"https:\/\/france.escapehunt.com\/produit\/coffret-cadeau\/\" target=\"_blank\" rel=\"noopener noreferrer\">J&rsquo;ach\u00e8te un coffret en ligne<\/a><\/td>\n<td width=\"50%\"><a class=\"button button--secondary\" href=\"https:\/\/escapehunt.com\/fr\">J&rsquo;ach\u00e8te un coffret sur place<\/a><\/td>\n<\/tr>\n<\/tbody>\n<\/table>\n","protected":false},"excerpt":{"rendered":"<p>D\u2019UNE ID\u00c9E CADEAU ORIGINALE ET IN\u00c9DITE \u00c0 PARTAGER EN FAMILLE OU ENTRE AMIS. D\u00e9couvrez le coffret du r\u00e9seau Escape Hunt et faites d\u00e9couvrir l\u2019escape game \u00e0 vos proches. Un cadeau&hellip;<\/p>\n","protected":false},"author":16,"featured_media":209,"parent":0,"menu_order":0,"comment_status":"closed","ping_status":"closed","template":"views\/default-page-hero.php","meta":{"_acf_changed":false,"footnotes":""},"class_list":["post-206","page","type-page","status-publish","has-post-thumbnail","hentry"],"acf":{"custom_schema_json":""},"yoast_head":"<!-- This site is optimized with the Yoast SEO plugin v27.0 - https:\/\/yoast.com\/product\/yoast-seo-wordpress\/ -->\n<title>OFFRIR UN COFFRET CADEAU ESCAPE HUNT - France<\/title>\n<meta name=\"robots\" content=\"index, follow, max-snippet:-1, max-image-preview:large, max-video-preview:-1\" \/>\n<link rel=\"canonical\" href=\"https:\/\/escapehunt.com\/fr\/offrir-un-coffret-cadeau-escape-hunt\/\" \/>\n<meta property=\"og:locale\" content=\"fr_FR\" \/>\n<meta property=\"og:type\" content=\"article\" \/>\n<meta property=\"og:title\" content=\"OFFRIR UN COFFRET CADEAU ESCAPE HUNT - France\" \/>\n<meta property=\"og:description\" content=\"D\u2019UNE ID\u00c9E CADEAU ORIGINALE ET IN\u00c9DITE \u00c0 PARTAGER EN FAMILLE OU ENTRE AMIS. D\u00e9couvrez le coffret du r\u00e9seau Escape Hunt et faites d\u00e9couvrir l\u2019escape game \u00e0 vos proches. Un cadeau&hellip;\" \/>\n<meta property=\"og:url\" content=\"https:\/\/escapehunt.com\/fr\/offrir-un-coffret-cadeau-escape-hunt\/\" \/>\n<meta property=\"og:site_name\" content=\"France\" \/>\n<meta property=\"og:image\" content=\"https:\/\/escapehunt.com\/fr\/wp-content\/uploads\/sites\/66\/2020\/03\/EH-Puzzle-Gift-Voucher_2530x1240px_France.jpg\" \/>\n\t<meta property=\"og:image:width\" content=\"2530\" \/>\n\t<meta property=\"og:image:height\" content=\"1240\" \/>\n\t<meta property=\"og:image:type\" content=\"image\/jpeg\" \/>\n<meta name=\"twitter:card\" content=\"summary_large_image\" \/>\n<meta name=\"twitter:label1\" content=\"Dur\u00e9e de lecture estim\u00e9e\" \/>\n\t<meta name=\"twitter:data1\" content=\"3 minutes\" \/>\n<script type=\"application\/ld+json\" class=\"yoast-schema-graph\">{\"@context\":\"https:\/\/schema.org\",\"@graph\":[{\"@type\":\"WebPage\",\"@id\":\"https:\/\/escapehunt.com\/fr\/offrir-un-coffret-cadeau-escape-hunt\/\",\"url\":\"https:\/\/escapehunt.com\/fr\/offrir-un-coffret-cadeau-escape-hunt\/\",\"name\":\"OFFRIR UN COFFRET CADEAU ESCAPE HUNT - France\",\"isPartOf\":{\"@id\":\"https:\/\/escapehunt.com\/fr\/#website\"},\"primaryImageOfPage\":{\"@id\":\"https:\/\/escapehunt.com\/fr\/offrir-un-coffret-cadeau-escape-hunt\/#primaryimage\"},\"image\":{\"@id\":\"https:\/\/escapehunt.com\/fr\/offrir-un-coffret-cadeau-escape-hunt\/#primaryimage\"},\"thumbnailUrl\":\"https:\/\/escapehunt.com\/fr\/wp-content\/uploads\/sites\/66\/2020\/03\/EH-Puzzle-Gift-Voucher_2530x1240px_France.jpg\",\"datePublished\":\"2020-03-11T09:29:52+00:00\",\"breadcrumb\":{\"@id\":\"https:\/\/escapehunt.com\/fr\/offrir-un-coffret-cadeau-escape-hunt\/#breadcrumb\"},\"inLanguage\":\"fr-FR\",\"potentialAction\":[{\"@type\":\"ReadAction\",\"target\":[\"https:\/\/escapehunt.com\/fr\/offrir-un-coffret-cadeau-escape-hunt\/\"]}]},{\"@type\":\"ImageObject\",\"inLanguage\":\"fr-FR\",\"@id\":\"https:\/\/escapehunt.com\/fr\/offrir-un-coffret-cadeau-escape-hunt\/#primaryimage\",\"url\":\"https:\/\/escapehunt.com\/fr\/wp-content\/uploads\/sites\/66\/2020\/03\/EH-Puzzle-Gift-Voucher_2530x1240px_France.jpg\",\"contentUrl\":\"https:\/\/escapehunt.com\/fr\/wp-content\/uploads\/sites\/66\/2020\/03\/EH-Puzzle-Gift-Voucher_2530x1240px_France.jpg\",\"width\":2530,\"height\":1240},{\"@type\":\"BreadcrumbList\",\"@id\":\"https:\/\/escapehunt.com\/fr\/offrir-un-coffret-cadeau-escape-hunt\/#breadcrumb\",\"itemListElement\":[{\"@type\":\"ListItem\",\"position\":1,\"name\":\"Blog\",\"item\":\"https:\/\/escapehunt.com\/fr\/blog-escape-hunt\/\"},{\"@type\":\"ListItem\",\"position\":2,\"name\":\"OFFRIR UN COFFRET CADEAU ESCAPE HUNT\"}]},{\"@type\":\"WebSite\",\"@id\":\"https:\/\/escapehunt.com\/fr\/#website\",\"url\":\"https:\/\/escapehunt.com\/fr\/\",\"name\":\"France\",\"description\":\"\",\"potentialAction\":[{\"@type\":\"SearchAction\",\"target\":{\"@type\":\"EntryPoint\",\"urlTemplate\":\"https:\/\/escapehunt.com\/fr\/?s={search_term_string}\"},\"query-input\":{\"@type\":\"PropertyValueSpecification\",\"valueRequired\":true,\"valueName\":\"search_term_string\"}}],\"inLanguage\":\"fr-FR\"}]}<\/script>\n<!-- \/ Yoast SEO plugin. -->","yoast_head_json":{"title":"OFFRIR UN COFFRET CADEAU ESCAPE HUNT - France","robots":{"index":"index","follow":"follow","max-snippet":"max-snippet:-1","max-image-preview":"max-image-preview:large","max-video-preview":"max-video-preview:-1"},"canonical":"https:\/\/escapehunt.com\/fr\/offrir-un-coffret-cadeau-escape-hunt\/","og_locale":"fr_FR","og_type":"article","og_title":"OFFRIR UN COFFRET CADEAU ESCAPE HUNT - France","og_description":"D\u2019UNE ID\u00c9E CADEAU ORIGINALE ET IN\u00c9DITE \u00c0 PARTAGER EN FAMILLE OU ENTRE AMIS. D\u00e9couvrez le coffret du r\u00e9seau Escape Hunt et faites d\u00e9couvrir l\u2019escape game \u00e0 vos proches. Un cadeau&hellip;","og_url":"https:\/\/escapehunt.com\/fr\/offrir-un-coffret-cadeau-escape-hunt\/","og_site_name":"France","og_image":[{"width":2530,"height":1240,"url":"https:\/\/escapehunt.com\/fr\/wp-content\/uploads\/sites\/66\/2020\/03\/EH-Puzzle-Gift-Voucher_2530x1240px_France.jpg","type":"image\/jpeg"}],"twitter_card":"summary_large_image","twitter_misc":{"Dur\u00e9e de lecture estim\u00e9e":"3 minutes"},"schema":{"@context":"https:\/\/schema.org","@graph":[{"@type":"WebPage","@id":"https:\/\/escapehunt.com\/fr\/offrir-un-coffret-cadeau-escape-hunt\/","url":"https:\/\/escapehunt.com\/fr\/offrir-un-coffret-cadeau-escape-hunt\/","name":"OFFRIR UN COFFRET CADEAU ESCAPE HUNT - France","isPartOf":{"@id":"https:\/\/escapehunt.com\/fr\/#website"},"primaryImageOfPage":{"@id":"https:\/\/escapehunt.com\/fr\/offrir-un-coffret-cadeau-escape-hunt\/#primaryimage"},"image":{"@id":"https:\/\/escapehunt.com\/fr\/offrir-un-coffret-cadeau-escape-hunt\/#primaryimage"},"thumbnailUrl":"https:\/\/escapehunt.com\/fr\/wp-content\/uploads\/sites\/66\/2020\/03\/EH-Puzzle-Gift-Voucher_2530x1240px_France.jpg","datePublished":"2020-03-11T09:29:52+00:00","breadcrumb":{"@id":"https:\/\/escapehunt.com\/fr\/offrir-un-coffret-cadeau-escape-hunt\/#breadcrumb"},"inLanguage":"fr-FR","potentialAction":[{"@type":"ReadAction","target":["https:\/\/escapehunt.com\/fr\/offrir-un-coffret-cadeau-escape-hunt\/"]}]},{"@type":"ImageObject","inLanguage":"fr-FR","@id":"https:\/\/escapehunt.com\/fr\/offrir-un-coffret-cadeau-escape-hunt\/#primaryimage","url":"https:\/\/escapehunt.com\/fr\/wp-content\/uploads\/sites\/66\/2020\/03\/EH-Puzzle-Gift-Voucher_2530x1240px_France.jpg","contentUrl":"https:\/\/escapehunt.com\/fr\/wp-content\/uploads\/sites\/66\/2020\/03\/EH-Puzzle-Gift-Voucher_2530x1240px_France.jpg","width":2530,"height":1240},{"@type":"BreadcrumbList","@id":"https:\/\/escapehunt.com\/fr\/offrir-un-coffret-cadeau-escape-hunt\/#breadcrumb","itemListElement":[{"@type":"ListItem","position":1,"name":"Blog","item":"https:\/\/escapehunt.com\/fr\/blog-escape-hunt\/"},{"@type":"ListItem","position":2,"name":"OFFRIR UN COFFRET CADEAU ESCAPE HUNT"}]},{"@type":"WebSite","@id":"https:\/\/escapehunt.com\/fr\/#website","url":"https:\/\/escapehunt.com\/fr\/","name":"France","description":"","potentialAction":[{"@type":"SearchAction","target":{"@type":"EntryPoint","urlTemplate":"https:\/\/escapehunt.com\/fr\/?s={search_term_string}"},"query-input":{"@type":"PropertyValueSpecification","valueRequired":true,"valueName":"search_term_string"}}],"inLanguage":"fr-FR"}]}},"custom_schema_json":"","_links":{"self":[{"href":"https:\/\/escapehunt.com\/fr\/wp-json\/wp\/v2\/pages\/206","targetHints":{"allow":["GET"]}}],"collection":[{"href":"https:\/\/escapehunt.com\/fr\/wp-json\/wp\/v2\/pages"}],"about":[{"href":"https:\/\/escapehunt.com\/fr\/wp-json\/wp\/v2\/types\/page"}],"author":[{"embeddable":true,"href":"https:\/\/escapehunt.com\/fr\/wp-json\/wp\/v2\/users\/16"}],"replies":[{"embeddable":true,"href":"https:\/\/escapehunt.com\/fr\/wp-json\/wp\/v2\/comments?post=206"}],"version-history":[{"count":0,"href":"https:\/\/escapehunt.com\/fr\/wp-json\/wp\/v2\/pages\/206\/revisions"}],"wp:featuredmedia":[{"embeddable":true,"href":"https:\/\/escapehunt.com\/fr\/wp-json\/wp\/v2\/media\/209"}],"wp:attachment":[{"href":"https:\/\/escapehunt.com\/fr\/wp-json\/wp\/v2\/media?parent=206"}],"curies":[{"name":"wp","href":"https:\/\/api.w.org\/{rel}","templated":true}]}}