{"id":80183,"date":"2026-03-20T16:28:29","date_gmt":"2026-03-20T16:28:29","guid":{"rendered":"https:\/\/escapehunt.com\/fr\/paris\/?page_id=80183"},"modified":"2026-04-23T20:07:29","modified_gmt":"2026-04-23T20:07:29","slug":"urban-quest-jeux-de-piste-paris","status":"publish","type":"page","link":"https:\/\/escapehunt.com\/fr\/paris\/urban-quest-jeux-de-piste-paris\/","title":{"rendered":"Urban Quest &#8211; jeux de piste dans Paris"},"content":{"rendered":"","protected":false},"excerpt":{"rendered":"","protected":false},"author":62,"featured_media":0,"parent":0,"menu_order":0,"comment_status":"closed","ping_status":"closed","template":"templates\/template-flexible.php","meta":{"_acf_changed":false,"footnotes":""},"class_list":["post-80183","page","type-page","status-publish","hentry"],"acf":{"custom_schema_json":""},"yoast_head":"<!-- This site is optimized with the Yoast SEO plugin v27.0 - https:\/\/yoast.com\/product\/yoast-seo-wordpress\/ -->\n<title>Urban Quest | Jeu en ext\u00e9rieur Paris | Escape Hunt<\/title>\n<meta name=\"description\" content=\"Explorez Paris comme jamais avec Urban Quest ! Un jeu de piste connect\u00e9 et unique qui vous propose \u00e9nigmes et d\u00e9fis au c\u0153ur de la ville.\" \/>\n<meta name=\"robots\" content=\"index, follow, max-snippet:-1, max-image-preview:large, max-video-preview:-1\" \/>\n<link rel=\"canonical\" href=\"https:\/\/escapehunt.com\/fr\/paris\/urban-quest-jeux-de-piste-paris\/\" \/>\n<meta property=\"og:locale\" content=\"fr_FR\" \/>\n<meta property=\"og:type\" content=\"article\" \/>\n<meta property=\"og:title\" content=\"Urban Quest | Jeu en ext\u00e9rieur Paris | Escape Hunt\" \/>\n<meta property=\"og:description\" content=\"Explorez Paris comme jamais avec Urban Quest ! Un jeu de piste connect\u00e9 et unique qui vous propose \u00e9nigmes et d\u00e9fis au c\u0153ur de la ville.\" \/>\n<meta property=\"og:url\" content=\"https:\/\/escapehunt.com\/fr\/paris\/urban-quest-jeux-de-piste-paris\/\" \/>\n<meta property=\"og:site_name\" content=\"Paris\" \/>\n<meta property=\"article:modified_time\" content=\"2026-04-23T20:07:29+00:00\" \/>\n<meta name=\"twitter:card\" content=\"summary_large_image\" \/>\n<script type=\"application\/ld+json\" class=\"yoast-schema-graph\">{\"@context\":\"https:\/\/schema.org\",\"@graph\":[{\"@type\":\"WebPage\",\"@id\":\"https:\/\/escapehunt.com\/fr\/paris\/urban-quest-jeux-de-piste-paris\/\",\"url\":\"https:\/\/escapehunt.com\/fr\/paris\/urban-quest-jeux-de-piste-paris\/\",\"name\":\"Urban Quest | Jeu en ext\u00e9rieur Paris | Escape Hunt\",\"isPartOf\":{\"@id\":\"https:\/\/escapehunt.com\/fr\/paris\/#website\"},\"datePublished\":\"2026-03-20T16:28:29+00:00\",\"dateModified\":\"2026-04-23T20:07:29+00:00\",\"description\":\"Explorez Paris comme jamais avec Urban Quest ! Un jeu de piste connect\u00e9 et unique qui vous propose \u00e9nigmes et d\u00e9fis au c\u0153ur de la ville.\",\"breadcrumb\":{\"@id\":\"https:\/\/escapehunt.com\/fr\/paris\/urban-quest-jeux-de-piste-paris\/#breadcrumb\"},\"inLanguage\":\"fr-FR\",\"potentialAction\":[{\"@type\":\"ReadAction\",\"target\":[\"https:\/\/escapehunt.com\/fr\/paris\/urban-quest-jeux-de-piste-paris\/\"]}]},{\"@type\":\"BreadcrumbList\",\"@id\":\"https:\/\/escapehunt.com\/fr\/paris\/urban-quest-jeux-de-piste-paris\/#breadcrumb\",\"itemListElement\":[{\"@type\":\"ListItem\",\"position\":1,\"name\":\"Blog\",\"item\":\"https:\/\/escapehunt.com\/fr\/paris\/blog\/\"},{\"@type\":\"ListItem\",\"position\":2,\"name\":\"Urban Quest &#8211; jeux de piste dans Paris\"}]},{\"@type\":\"WebSite\",\"@id\":\"https:\/\/escapehunt.com\/fr\/paris\/#website\",\"url\":\"https:\/\/escapehunt.com\/fr\/paris\/\",\"name\":\"Paris\",\"description\":\"Escape Hunt Paris - Number 1 Escape Game in Paris\",\"potentialAction\":[{\"@type\":\"SearchAction\",\"target\":{\"@type\":\"EntryPoint\",\"urlTemplate\":\"https:\/\/escapehunt.com\/fr\/paris\/?s={search_term_string}\"},\"query-input\":{\"@type\":\"PropertyValueSpecification\",\"valueRequired\":true,\"valueName\":\"search_term_string\"}}],\"inLanguage\":\"fr-FR\"}]}<\/script>\n<!-- \/ Yoast SEO plugin. -->","yoast_head_json":{"title":"Urban Quest | Jeu en ext\u00e9rieur Paris | Escape Hunt","description":"Explorez Paris comme jamais avec Urban Quest ! Un jeu de piste connect\u00e9 et unique qui vous propose \u00e9nigmes et d\u00e9fis au c\u0153ur de la ville.","robots":{"index":"index","follow":"follow","max-snippet":"max-snippet:-1","max-image-preview":"max-image-preview:large","max-video-preview":"max-video-preview:-1"},"canonical":"https:\/\/escapehunt.com\/fr\/paris\/urban-quest-jeux-de-piste-paris\/","og_locale":"fr_FR","og_type":"article","og_title":"Urban Quest | Jeu en ext\u00e9rieur Paris | Escape Hunt","og_description":"Explorez Paris comme jamais avec Urban Quest ! Un jeu de piste connect\u00e9 et unique qui vous propose \u00e9nigmes et d\u00e9fis au c\u0153ur de la ville.","og_url":"https:\/\/escapehunt.com\/fr\/paris\/urban-quest-jeux-de-piste-paris\/","og_site_name":"Paris","article_modified_time":"2026-04-23T20:07:29+00:00","twitter_card":"summary_large_image","schema":{"@context":"https:\/\/schema.org","@graph":[{"@type":"WebPage","@id":"https:\/\/escapehunt.com\/fr\/paris\/urban-quest-jeux-de-piste-paris\/","url":"https:\/\/escapehunt.com\/fr\/paris\/urban-quest-jeux-de-piste-paris\/","name":"Urban Quest | Jeu en ext\u00e9rieur Paris | Escape Hunt","isPartOf":{"@id":"https:\/\/escapehunt.com\/fr\/paris\/#website"},"datePublished":"2026-03-20T16:28:29+00:00","dateModified":"2026-04-23T20:07:29+00:00","description":"Explorez Paris comme jamais avec Urban Quest ! Un jeu de piste connect\u00e9 et unique qui vous propose \u00e9nigmes et d\u00e9fis au c\u0153ur de la ville.","breadcrumb":{"@id":"https:\/\/escapehunt.com\/fr\/paris\/urban-quest-jeux-de-piste-paris\/#breadcrumb"},"inLanguage":"fr-FR","potentialAction":[{"@type":"ReadAction","target":["https:\/\/escapehunt.com\/fr\/paris\/urban-quest-jeux-de-piste-paris\/"]}]},{"@type":"BreadcrumbList","@id":"https:\/\/escapehunt.com\/fr\/paris\/urban-quest-jeux-de-piste-paris\/#breadcrumb","itemListElement":[{"@type":"ListItem","position":1,"name":"Blog","item":"https:\/\/escapehunt.com\/fr\/paris\/blog\/"},{"@type":"ListItem","position":2,"name":"Urban Quest &#8211; jeux de piste dans Paris"}]},{"@type":"WebSite","@id":"https:\/\/escapehunt.com\/fr\/paris\/#website","url":"https:\/\/escapehunt.com\/fr\/paris\/","name":"Paris","description":"Escape Hunt Paris - Number 1 Escape Game in Paris","potentialAction":[{"@type":"SearchAction","target":{"@type":"EntryPoint","urlTemplate":"https:\/\/escapehunt.com\/fr\/paris\/?s={search_term_string}"},"query-input":{"@type":"PropertyValueSpecification","valueRequired":true,"valueName":"search_term_string"}}],"inLanguage":"fr-FR"}]}},"custom_schema_json":"","_links":{"self":[{"href":"https:\/\/escapehunt.com\/fr\/paris\/wp-json\/wp\/v2\/pages\/80183","targetHints":{"allow":["GET"]}}],"collection":[{"href":"https:\/\/escapehunt.com\/fr\/paris\/wp-json\/wp\/v2\/pages"}],"about":[{"href":"https:\/\/escapehunt.com\/fr\/paris\/wp-json\/wp\/v2\/types\/page"}],"author":[{"embeddable":true,"href":"https:\/\/escapehunt.com\/fr\/paris\/wp-json\/wp\/v2\/users\/62"}],"replies":[{"embeddable":true,"href":"https:\/\/escapehunt.com\/fr\/paris\/wp-json\/wp\/v2\/comments?post=80183"}],"version-history":[{"count":5,"href":"https:\/\/escapehunt.com\/fr\/paris\/wp-json\/wp\/v2\/pages\/80183\/revisions"}],"predecessor-version":[{"id":81416,"href":"https:\/\/escapehunt.com\/fr\/paris\/wp-json\/wp\/v2\/pages\/80183\/revisions\/81416"}],"wp:attachment":[{"href":"https:\/\/escapehunt.com\/fr\/paris\/wp-json\/wp\/v2\/media?parent=80183"}],"curies":[{"name":"wp","href":"https:\/\/api.w.org\/{rel}","templated":true}]}}