{"id":78772,"date":"2025-11-21T15:49:17","date_gmt":"2025-11-21T15:49:17","guid":{"rendered":"https:\/\/escapehunt.com\/fr\/paris\/?page_id=78772"},"modified":"2025-11-21T15:50:05","modified_gmt":"2025-11-21T15:50:05","slug":"cheques-cadeau-escape-game","status":"publish","type":"page","link":"https:\/\/escapehunt.com\/fr\/paris\/cheques-cadeau-escape-game\/","title":{"rendered":"Ch\u00e8ques Cadeau <br> Escape Game"},"content":{"rendered":"<p style=\"text-align: center;\">Faites le cadeau de l&rsquo;aventure avec nos bons cadeaux escape game.<\/p>\n<p style=\"text-align: center;\">Nos ch\u00e8ques cadeau num\u00e9riques arrivent en quelques minutes dans votre boite mail, accompagn\u00e9s de votre message personnalis\u00e9, afin que vous puissiez les transmettre au destinataire au moment id\u00e9al. Vous pouvez t\u00e9l\u00e9charger notre ch\u00e8que cadeau \u00e0 imprimer sp\u00e9cial No\u00ebl en cliquant juste <a href=\"https:\/\/s27602.pcdn.co\/fr\/paris\/wp-content\/uploads\/sites\/80\/2024\/12\/Voucher-noel-compresse.pdf\">ICI<\/a>.<\/p>\n<p style=\"text-align: center;\">Les ch\u00e8ques cadeaux sont valables pour Paris uniquement et sont valables pendant 12 mois \u00e0 compter de la date d&rsquo;achat.<\/p>\n<p style=\"text-align: center;\">Envie d&rsquo;une boite \u00e0 d\u00e9poser aux pied du sapin ? Les coffrets cadeaux sont parfaits pour vous !<\/p>\n","protected":false},"excerpt":{"rendered":"<p>Faites le cadeau de l&rsquo;aventure avec nos bons cadeaux escape game. Nos ch\u00e8ques cadeau num\u00e9riques arrivent en quelques minutes dans votre boite mail, accompagn\u00e9s de votre message personnalis\u00e9, afin que&hellip;<\/p>\n","protected":false},"author":62,"featured_media":0,"parent":0,"menu_order":0,"comment_status":"closed","ping_status":"closed","template":"views\/vouchers.php","meta":{"_acf_changed":false,"footnotes":""},"class_list":["post-78772","page","type-page","status-publish","hentry"],"acf":{"custom_schema_json":""},"yoast_head":"<!-- This site is optimized with the Yoast SEO plugin v27.0 - https:\/\/yoast.com\/product\/yoast-seo-wordpress\/ -->\n<title>ch\u00e8ques cadeaux escape game - Escape Hunt Paris<\/title>\n<meta name=\"description\" content=\"achetez un ch\u00e8que cadeau escape game\" \/>\n<meta name=\"robots\" content=\"index, follow, max-snippet:-1, max-image-preview:large, max-video-preview:-1\" \/>\n<link rel=\"canonical\" href=\"https:\/\/escapehunt.com\/fr\/paris\/cheques-cadeau-escape-game\/\" \/>\n<meta property=\"og:locale\" content=\"fr_FR\" \/>\n<meta property=\"og:type\" content=\"article\" \/>\n<meta property=\"og:title\" content=\"ch\u00e8ques cadeaux escape game - Escape Hunt Paris\" \/>\n<meta property=\"og:description\" content=\"achetez un ch\u00e8que cadeau escape game\" \/>\n<meta property=\"og:url\" content=\"https:\/\/escapehunt.com\/fr\/paris\/cheques-cadeau-escape-game\/\" \/>\n<meta property=\"og:site_name\" content=\"Paris\" \/>\n<meta property=\"article:modified_time\" content=\"2025-11-21T15:50:05+00:00\" \/>\n<meta name=\"twitter:card\" content=\"summary_large_image\" \/>\n<meta name=\"twitter:label1\" content=\"Dur\u00e9e de lecture estim\u00e9e\" \/>\n\t<meta name=\"twitter:data1\" content=\"1 minute\" \/>\n<script type=\"application\/ld+json\" class=\"yoast-schema-graph\">{\"@context\":\"https:\/\/schema.org\",\"@graph\":[{\"@type\":\"WebPage\",\"@id\":\"https:\/\/escapehunt.com\/fr\/paris\/cheques-cadeau-escape-game\/\",\"url\":\"https:\/\/escapehunt.com\/fr\/paris\/cheques-cadeau-escape-game\/\",\"name\":\"ch\u00e8ques cadeaux escape game - Escape Hunt Paris\",\"isPartOf\":{\"@id\":\"https:\/\/escapehunt.com\/fr\/paris\/#website\"},\"datePublished\":\"2025-11-21T15:49:17+00:00\",\"dateModified\":\"2025-11-21T15:50:05+00:00\",\"description\":\"achetez un ch\u00e8que cadeau escape game\",\"breadcrumb\":{\"@id\":\"https:\/\/escapehunt.com\/fr\/paris\/cheques-cadeau-escape-game\/#breadcrumb\"},\"inLanguage\":\"fr-FR\",\"potentialAction\":[{\"@type\":\"ReadAction\",\"target\":[\"https:\/\/escapehunt.com\/fr\/paris\/cheques-cadeau-escape-game\/\"]}]},{\"@type\":\"BreadcrumbList\",\"@id\":\"https:\/\/escapehunt.com\/fr\/paris\/cheques-cadeau-escape-game\/#breadcrumb\",\"itemListElement\":[{\"@type\":\"ListItem\",\"position\":1,\"name\":\"Blog\",\"item\":\"https:\/\/escapehunt.com\/fr\/paris\/blog\/\"},{\"@type\":\"ListItem\",\"position\":2,\"name\":\"Ch\u00e8ques Cadeau Escape Game\"}]},{\"@type\":\"WebSite\",\"@id\":\"https:\/\/escapehunt.com\/fr\/paris\/#website\",\"url\":\"https:\/\/escapehunt.com\/fr\/paris\/\",\"name\":\"Paris\",\"description\":\"Escape Hunt Paris - Number 1 Escape Game in Paris\",\"potentialAction\":[{\"@type\":\"SearchAction\",\"target\":{\"@type\":\"EntryPoint\",\"urlTemplate\":\"https:\/\/escapehunt.com\/fr\/paris\/?s={search_term_string}\"},\"query-input\":{\"@type\":\"PropertyValueSpecification\",\"valueRequired\":true,\"valueName\":\"search_term_string\"}}],\"inLanguage\":\"fr-FR\"}]}<\/script>\n<!-- \/ Yoast SEO plugin. -->","yoast_head_json":{"title":"ch\u00e8ques cadeaux escape game - Escape Hunt Paris","description":"achetez un ch\u00e8que cadeau escape game","robots":{"index":"index","follow":"follow","max-snippet":"max-snippet:-1","max-image-preview":"max-image-preview:large","max-video-preview":"max-video-preview:-1"},"canonical":"https:\/\/escapehunt.com\/fr\/paris\/cheques-cadeau-escape-game\/","og_locale":"fr_FR","og_type":"article","og_title":"ch\u00e8ques cadeaux escape game - Escape Hunt Paris","og_description":"achetez un ch\u00e8que cadeau escape game","og_url":"https:\/\/escapehunt.com\/fr\/paris\/cheques-cadeau-escape-game\/","og_site_name":"Paris","article_modified_time":"2025-11-21T15:50:05+00:00","twitter_card":"summary_large_image","twitter_misc":{"Dur\u00e9e de lecture estim\u00e9e":"1 minute"},"schema":{"@context":"https:\/\/schema.org","@graph":[{"@type":"WebPage","@id":"https:\/\/escapehunt.com\/fr\/paris\/cheques-cadeau-escape-game\/","url":"https:\/\/escapehunt.com\/fr\/paris\/cheques-cadeau-escape-game\/","name":"ch\u00e8ques cadeaux escape game - Escape Hunt Paris","isPartOf":{"@id":"https:\/\/escapehunt.com\/fr\/paris\/#website"},"datePublished":"2025-11-21T15:49:17+00:00","dateModified":"2025-11-21T15:50:05+00:00","description":"achetez un ch\u00e8que cadeau escape game","breadcrumb":{"@id":"https:\/\/escapehunt.com\/fr\/paris\/cheques-cadeau-escape-game\/#breadcrumb"},"inLanguage":"fr-FR","potentialAction":[{"@type":"ReadAction","target":["https:\/\/escapehunt.com\/fr\/paris\/cheques-cadeau-escape-game\/"]}]},{"@type":"BreadcrumbList","@id":"https:\/\/escapehunt.com\/fr\/paris\/cheques-cadeau-escape-game\/#breadcrumb","itemListElement":[{"@type":"ListItem","position":1,"name":"Blog","item":"https:\/\/escapehunt.com\/fr\/paris\/blog\/"},{"@type":"ListItem","position":2,"name":"Ch\u00e8ques Cadeau Escape Game"}]},{"@type":"WebSite","@id":"https:\/\/escapehunt.com\/fr\/paris\/#website","url":"https:\/\/escapehunt.com\/fr\/paris\/","name":"Paris","description":"Escape Hunt Paris - Number 1 Escape Game in Paris","potentialAction":[{"@type":"SearchAction","target":{"@type":"EntryPoint","urlTemplate":"https:\/\/escapehunt.com\/fr\/paris\/?s={search_term_string}"},"query-input":{"@type":"PropertyValueSpecification","valueRequired":true,"valueName":"search_term_string"}}],"inLanguage":"fr-FR"}]}},"custom_schema_json":"","_links":{"self":[{"href":"https:\/\/escapehunt.com\/fr\/paris\/wp-json\/wp\/v2\/pages\/78772","targetHints":{"allow":["GET"]}}],"collection":[{"href":"https:\/\/escapehunt.com\/fr\/paris\/wp-json\/wp\/v2\/pages"}],"about":[{"href":"https:\/\/escapehunt.com\/fr\/paris\/wp-json\/wp\/v2\/types\/page"}],"author":[{"embeddable":true,"href":"https:\/\/escapehunt.com\/fr\/paris\/wp-json\/wp\/v2\/users\/62"}],"replies":[{"embeddable":true,"href":"https:\/\/escapehunt.com\/fr\/paris\/wp-json\/wp\/v2\/comments?post=78772"}],"version-history":[{"count":2,"href":"https:\/\/escapehunt.com\/fr\/paris\/wp-json\/wp\/v2\/pages\/78772\/revisions"}],"predecessor-version":[{"id":78775,"href":"https:\/\/escapehunt.com\/fr\/paris\/wp-json\/wp\/v2\/pages\/78772\/revisions\/78775"}],"wp:attachment":[{"href":"https:\/\/escapehunt.com\/fr\/paris\/wp-json\/wp\/v2\/media?parent=78772"}],"curies":[{"name":"wp","href":"https:\/\/api.w.org\/{rel}","templated":true}]}}