{"id":76,"date":"2018-10-03T09:01:47","date_gmt":"2018-10-03T09:01:47","guid":{"rendered":"http:\/\/s27835.p712.sites.pressdns.com\/fr\/bordeaux\/?page_id=76"},"modified":"2025-11-21T15:59:40","modified_gmt":"2025-11-21T15:59:40","slug":"cheques-et-coffrets-cadeaux-escape-game","status":"publish","type":"page","link":"https:\/\/escapehunt.com\/fr\/paris\/cheques-et-coffrets-cadeaux-escape-game\/","title":{"rendered":"Ch\u00e8ques et coffrets cadeaux escape game"},"content":{"rendered":"<h4 style=\"text-align: center;\">Vous \u00eates \u00e0 la recherche du cadeau qui fera la diff\u00e9rence ? Offrez \u00e0 vos amis, votre famille ou vos coll\u00e8gues un ch\u00e8que cadeau ou un coffret cadeau pour un escape game et surprenez-les en leur donnant le pouvoir de choisir eux m\u00eame leur aventure !<\/h4>\n","protected":false},"excerpt":{"rendered":"<p>Vous \u00eates \u00e0 la recherche du cadeau qui fera la diff\u00e9rence ? Offrez \u00e0 vos amis, votre famille ou vos coll\u00e8gues un ch\u00e8que cadeau ou un coffret cadeau pour un&hellip;<\/p>\n","protected":false},"author":16,"featured_media":0,"parent":0,"menu_order":4,"comment_status":"closed","ping_status":"closed","template":"templates\/template-flexible.php","meta":{"_acf_changed":false,"footnotes":""},"class_list":["post-76","page","type-page","status-publish","hentry"],"acf":{"custom_schema_json":""},"yoast_head":"<!-- This site is optimized with the Yoast SEO plugin v27.0 - https:\/\/yoast.com\/product\/yoast-seo-wordpress\/ -->\n<title>Coffrets et ch\u00e8ques cadeaux escape game | Escape Hunt<\/title>\n<meta name=\"description\" content=\"Offrez un ch\u00e8que ou un coffret cadeau escape game ! Le cadeau id\u00e9al pour un anniversaire, pour No\u00ebl ou pour r\u00e9compenser vos coll\u00e8gues.\" \/>\n<meta name=\"robots\" content=\"index, follow, max-snippet:-1, max-image-preview:large, max-video-preview:-1\" \/>\n<link rel=\"canonical\" href=\"https:\/\/escapehunt.com\/fr\/paris\/cheques-et-coffrets-cadeaux-escape-game\/\" \/>\n<meta property=\"og:locale\" content=\"fr_FR\" \/>\n<meta property=\"og:type\" content=\"article\" \/>\n<meta property=\"og:title\" content=\"Coffrets et ch\u00e8ques cadeaux escape game | Escape Hunt\" \/>\n<meta property=\"og:description\" content=\"Offrez un ch\u00e8que ou un coffret cadeau escape game ! Le cadeau id\u00e9al pour un anniversaire, pour No\u00ebl ou pour r\u00e9compenser vos coll\u00e8gues.\" \/>\n<meta property=\"og:url\" content=\"https:\/\/escapehunt.com\/fr\/paris\/cheques-et-coffrets-cadeaux-escape-game\/\" \/>\n<meta property=\"og:site_name\" content=\"Paris\" \/>\n<meta property=\"article:modified_time\" content=\"2025-11-21T15:59:40+00:00\" \/>\n<meta name=\"twitter:card\" content=\"summary_large_image\" \/>\n<meta name=\"twitter:label1\" content=\"Dur\u00e9e de lecture estim\u00e9e\" \/>\n\t<meta name=\"twitter:data1\" content=\"1 minute\" \/>\n<script type=\"application\/ld+json\" class=\"yoast-schema-graph\">{\"@context\":\"https:\/\/schema.org\",\"@graph\":[{\"@type\":\"WebPage\",\"@id\":\"https:\/\/escapehunt.com\/fr\/paris\/cheques-et-coffrets-cadeaux-escape-game\/\",\"url\":\"https:\/\/escapehunt.com\/fr\/paris\/cheques-et-coffrets-cadeaux-escape-game\/\",\"name\":\"Coffrets et ch\u00e8ques cadeaux escape game | Escape Hunt\",\"isPartOf\":{\"@id\":\"https:\/\/escapehunt.com\/fr\/paris\/#website\"},\"datePublished\":\"2018-10-03T09:01:47+00:00\",\"dateModified\":\"2025-11-21T15:59:40+00:00\",\"description\":\"Offrez un ch\u00e8que ou un coffret cadeau escape game ! Le cadeau id\u00e9al pour un anniversaire, pour No\u00ebl ou pour r\u00e9compenser vos coll\u00e8gues.\",\"breadcrumb\":{\"@id\":\"https:\/\/escapehunt.com\/fr\/paris\/cheques-et-coffrets-cadeaux-escape-game\/#breadcrumb\"},\"inLanguage\":\"fr-FR\",\"potentialAction\":[{\"@type\":\"ReadAction\",\"target\":[\"https:\/\/escapehunt.com\/fr\/paris\/cheques-et-coffrets-cadeaux-escape-game\/\"]}]},{\"@type\":\"BreadcrumbList\",\"@id\":\"https:\/\/escapehunt.com\/fr\/paris\/cheques-et-coffrets-cadeaux-escape-game\/#breadcrumb\",\"itemListElement\":[{\"@type\":\"ListItem\",\"position\":1,\"name\":\"Blog\",\"item\":\"https:\/\/escapehunt.com\/fr\/paris\/blog\/\"},{\"@type\":\"ListItem\",\"position\":2,\"name\":\"Ch\u00e8ques et coffrets cadeaux escape game\"}]},{\"@type\":\"WebSite\",\"@id\":\"https:\/\/escapehunt.com\/fr\/paris\/#website\",\"url\":\"https:\/\/escapehunt.com\/fr\/paris\/\",\"name\":\"Paris\",\"description\":\"Escape Hunt Paris - Number 1 Escape Game in Paris\",\"potentialAction\":[{\"@type\":\"SearchAction\",\"target\":{\"@type\":\"EntryPoint\",\"urlTemplate\":\"https:\/\/escapehunt.com\/fr\/paris\/?s={search_term_string}\"},\"query-input\":{\"@type\":\"PropertyValueSpecification\",\"valueRequired\":true,\"valueName\":\"search_term_string\"}}],\"inLanguage\":\"fr-FR\"}]}<\/script>\n<!-- \/ Yoast SEO plugin. -->","yoast_head_json":{"title":"Coffrets et ch\u00e8ques cadeaux escape game | Escape Hunt","description":"Offrez un ch\u00e8que ou un coffret cadeau escape game ! Le cadeau id\u00e9al pour un anniversaire, pour No\u00ebl ou pour r\u00e9compenser vos coll\u00e8gues.","robots":{"index":"index","follow":"follow","max-snippet":"max-snippet:-1","max-image-preview":"max-image-preview:large","max-video-preview":"max-video-preview:-1"},"canonical":"https:\/\/escapehunt.com\/fr\/paris\/cheques-et-coffrets-cadeaux-escape-game\/","og_locale":"fr_FR","og_type":"article","og_title":"Coffrets et ch\u00e8ques cadeaux escape game | Escape Hunt","og_description":"Offrez un ch\u00e8que ou un coffret cadeau escape game ! Le cadeau id\u00e9al pour un anniversaire, pour No\u00ebl ou pour r\u00e9compenser vos coll\u00e8gues.","og_url":"https:\/\/escapehunt.com\/fr\/paris\/cheques-et-coffrets-cadeaux-escape-game\/","og_site_name":"Paris","article_modified_time":"2025-11-21T15:59:40+00:00","twitter_card":"summary_large_image","twitter_misc":{"Dur\u00e9e de lecture estim\u00e9e":"1 minute"},"schema":{"@context":"https:\/\/schema.org","@graph":[{"@type":"WebPage","@id":"https:\/\/escapehunt.com\/fr\/paris\/cheques-et-coffrets-cadeaux-escape-game\/","url":"https:\/\/escapehunt.com\/fr\/paris\/cheques-et-coffrets-cadeaux-escape-game\/","name":"Coffrets et ch\u00e8ques cadeaux escape game | Escape Hunt","isPartOf":{"@id":"https:\/\/escapehunt.com\/fr\/paris\/#website"},"datePublished":"2018-10-03T09:01:47+00:00","dateModified":"2025-11-21T15:59:40+00:00","description":"Offrez un ch\u00e8que ou un coffret cadeau escape game ! Le cadeau id\u00e9al pour un anniversaire, pour No\u00ebl ou pour r\u00e9compenser vos coll\u00e8gues.","breadcrumb":{"@id":"https:\/\/escapehunt.com\/fr\/paris\/cheques-et-coffrets-cadeaux-escape-game\/#breadcrumb"},"inLanguage":"fr-FR","potentialAction":[{"@type":"ReadAction","target":["https:\/\/escapehunt.com\/fr\/paris\/cheques-et-coffrets-cadeaux-escape-game\/"]}]},{"@type":"BreadcrumbList","@id":"https:\/\/escapehunt.com\/fr\/paris\/cheques-et-coffrets-cadeaux-escape-game\/#breadcrumb","itemListElement":[{"@type":"ListItem","position":1,"name":"Blog","item":"https:\/\/escapehunt.com\/fr\/paris\/blog\/"},{"@type":"ListItem","position":2,"name":"Ch\u00e8ques et coffrets cadeaux escape game"}]},{"@type":"WebSite","@id":"https:\/\/escapehunt.com\/fr\/paris\/#website","url":"https:\/\/escapehunt.com\/fr\/paris\/","name":"Paris","description":"Escape Hunt Paris - Number 1 Escape Game in Paris","potentialAction":[{"@type":"SearchAction","target":{"@type":"EntryPoint","urlTemplate":"https:\/\/escapehunt.com\/fr\/paris\/?s={search_term_string}"},"query-input":{"@type":"PropertyValueSpecification","valueRequired":true,"valueName":"search_term_string"}}],"inLanguage":"fr-FR"}]}},"custom_schema_json":"","_links":{"self":[{"href":"https:\/\/escapehunt.com\/fr\/paris\/wp-json\/wp\/v2\/pages\/76","targetHints":{"allow":["GET"]}}],"collection":[{"href":"https:\/\/escapehunt.com\/fr\/paris\/wp-json\/wp\/v2\/pages"}],"about":[{"href":"https:\/\/escapehunt.com\/fr\/paris\/wp-json\/wp\/v2\/types\/page"}],"author":[{"embeddable":true,"href":"https:\/\/escapehunt.com\/fr\/paris\/wp-json\/wp\/v2\/users\/16"}],"replies":[{"embeddable":true,"href":"https:\/\/escapehunt.com\/fr\/paris\/wp-json\/wp\/v2\/comments?post=76"}],"version-history":[{"count":5,"href":"https:\/\/escapehunt.com\/fr\/paris\/wp-json\/wp\/v2\/pages\/76\/revisions"}],"predecessor-version":[{"id":78779,"href":"https:\/\/escapehunt.com\/fr\/paris\/wp-json\/wp\/v2\/pages\/76\/revisions\/78779"}],"wp:attachment":[{"href":"https:\/\/escapehunt.com\/fr\/paris\/wp-json\/wp\/v2\/media?parent=76"}],"curies":[{"name":"wp","href":"https:\/\/api.w.org\/{rel}","templated":true}]}}