{"id":26053,"date":"2019-09-04T10:32:33","date_gmt":"2019-09-04T10:32:33","guid":{"rendered":"https:\/\/escapehunt.com\/fr\/paris\/?page_id=26053"},"modified":"2026-03-05T13:49:03","modified_gmt":"2026-03-05T13:49:03","slug":"thank-you-giftbox","status":"publish","type":"page","link":"https:\/\/escapehunt.com\/fr\/paris\/thank-you-giftbox\/","title":{"rendered":"Merci pour votre achat !"},"content":{"rendered":"<p>B\u00e9n\u00e9ficiaire : <br \/>\nAdresse de livraison : <\/p>\n<p><br \/>\n<\/p>\n\n<p>Vous allez recevoir un email avec le r\u00e9capitulatif de votre commande.<br \/>\nA bient\u00f4t chez Escape Hunt!<\/p>\n","protected":false},"excerpt":{"rendered":"<p>B\u00e9n\u00e9ficiaire : Adresse de livraison : Vous allez recevoir un email avec le r\u00e9capitulatif de votre commande. A bient\u00f4t chez Escape Hunt!<\/p>\n","protected":false},"author":6,"featured_media":0,"parent":0,"menu_order":30,"comment_status":"closed","ping_status":"closed","template":"views\/order-thank-you-page.php","meta":{"_acf_changed":false,"footnotes":""},"class_list":["post-26053","page","type-page","status-publish","hentry"],"acf":{"custom_schema_json":""},"yoast_head":"<!-- This site is optimized with the Yoast SEO plugin v27.0 - https:\/\/yoast.com\/product\/yoast-seo-wordpress\/ -->\n<title>Merci pour votre achat ! - Paris<\/title>\n<meta name=\"robots\" content=\"index, follow, max-snippet:-1, max-image-preview:large, max-video-preview:-1\" \/>\n<link rel=\"canonical\" href=\"https:\/\/escapehunt.com\/fr\/paris\/thank-you-giftbox\/\" \/>\n<meta property=\"og:locale\" content=\"fr_FR\" \/>\n<meta property=\"og:type\" content=\"article\" \/>\n<meta property=\"og:title\" content=\"Merci pour votre achat ! - Paris\" \/>\n<meta property=\"og:description\" content=\"B\u00e9n\u00e9ficiaire : Adresse de livraison : Vous allez recevoir un email avec le r\u00e9capitulatif de votre commande. A bient\u00f4t chez Escape Hunt!\" \/>\n<meta property=\"og:url\" content=\"https:\/\/escapehunt.com\/fr\/paris\/thank-you-giftbox\/\" \/>\n<meta property=\"og:site_name\" content=\"Paris\" \/>\n<meta property=\"article:modified_time\" content=\"2026-03-05T13:49:03+00:00\" \/>\n<meta name=\"twitter:card\" content=\"summary_large_image\" \/>\n<meta name=\"twitter:label1\" content=\"Dur\u00e9e de lecture estim\u00e9e\" \/>\n\t<meta name=\"twitter:data1\" content=\"1 minute\" \/>\n<script type=\"application\/ld+json\" class=\"yoast-schema-graph\">{\"@context\":\"https:\/\/schema.org\",\"@graph\":[{\"@type\":\"WebPage\",\"@id\":\"https:\/\/escapehunt.com\/fr\/paris\/thank-you-giftbox\/\",\"url\":\"https:\/\/escapehunt.com\/fr\/paris\/thank-you-giftbox\/\",\"name\":\"Merci pour votre achat ! - Paris\",\"isPartOf\":{\"@id\":\"https:\/\/escapehunt.com\/fr\/paris\/#website\"},\"datePublished\":\"2019-09-04T10:32:33+00:00\",\"dateModified\":\"2026-03-05T13:49:03+00:00\",\"breadcrumb\":{\"@id\":\"https:\/\/escapehunt.com\/fr\/paris\/thank-you-giftbox\/#breadcrumb\"},\"inLanguage\":\"fr-FR\",\"potentialAction\":[{\"@type\":\"ReadAction\",\"target\":[\"https:\/\/escapehunt.com\/fr\/paris\/thank-you-giftbox\/\"]}]},{\"@type\":\"BreadcrumbList\",\"@id\":\"https:\/\/escapehunt.com\/fr\/paris\/thank-you-giftbox\/#breadcrumb\",\"itemListElement\":[{\"@type\":\"ListItem\",\"position\":1,\"name\":\"Blog\",\"item\":\"https:\/\/escapehunt.com\/fr\/paris\/blog\/\"},{\"@type\":\"ListItem\",\"position\":2,\"name\":\"Merci pour votre achat !\"}]},{\"@type\":\"WebSite\",\"@id\":\"https:\/\/escapehunt.com\/fr\/paris\/#website\",\"url\":\"https:\/\/escapehunt.com\/fr\/paris\/\",\"name\":\"Paris\",\"description\":\"Escape Hunt Paris - Number 1 Escape Game in Paris\",\"potentialAction\":[{\"@type\":\"SearchAction\",\"target\":{\"@type\":\"EntryPoint\",\"urlTemplate\":\"https:\/\/escapehunt.com\/fr\/paris\/?s={search_term_string}\"},\"query-input\":{\"@type\":\"PropertyValueSpecification\",\"valueRequired\":true,\"valueName\":\"search_term_string\"}}],\"inLanguage\":\"fr-FR\"}]}<\/script>\n<!-- \/ Yoast SEO plugin. -->","yoast_head_json":{"title":"Merci pour votre achat ! - Paris","robots":{"index":"index","follow":"follow","max-snippet":"max-snippet:-1","max-image-preview":"max-image-preview:large","max-video-preview":"max-video-preview:-1"},"canonical":"https:\/\/escapehunt.com\/fr\/paris\/thank-you-giftbox\/","og_locale":"fr_FR","og_type":"article","og_title":"Merci pour votre achat ! - Paris","og_description":"B\u00e9n\u00e9ficiaire : Adresse de livraison : Vous allez recevoir un email avec le r\u00e9capitulatif de votre commande. A bient\u00f4t chez Escape Hunt!","og_url":"https:\/\/escapehunt.com\/fr\/paris\/thank-you-giftbox\/","og_site_name":"Paris","article_modified_time":"2026-03-05T13:49:03+00:00","twitter_card":"summary_large_image","twitter_misc":{"Dur\u00e9e de lecture estim\u00e9e":"1 minute"},"schema":{"@context":"https:\/\/schema.org","@graph":[{"@type":"WebPage","@id":"https:\/\/escapehunt.com\/fr\/paris\/thank-you-giftbox\/","url":"https:\/\/escapehunt.com\/fr\/paris\/thank-you-giftbox\/","name":"Merci pour votre achat ! - Paris","isPartOf":{"@id":"https:\/\/escapehunt.com\/fr\/paris\/#website"},"datePublished":"2019-09-04T10:32:33+00:00","dateModified":"2026-03-05T13:49:03+00:00","breadcrumb":{"@id":"https:\/\/escapehunt.com\/fr\/paris\/thank-you-giftbox\/#breadcrumb"},"inLanguage":"fr-FR","potentialAction":[{"@type":"ReadAction","target":["https:\/\/escapehunt.com\/fr\/paris\/thank-you-giftbox\/"]}]},{"@type":"BreadcrumbList","@id":"https:\/\/escapehunt.com\/fr\/paris\/thank-you-giftbox\/#breadcrumb","itemListElement":[{"@type":"ListItem","position":1,"name":"Blog","item":"https:\/\/escapehunt.com\/fr\/paris\/blog\/"},{"@type":"ListItem","position":2,"name":"Merci pour votre achat !"}]},{"@type":"WebSite","@id":"https:\/\/escapehunt.com\/fr\/paris\/#website","url":"https:\/\/escapehunt.com\/fr\/paris\/","name":"Paris","description":"Escape Hunt Paris - Number 1 Escape Game in Paris","potentialAction":[{"@type":"SearchAction","target":{"@type":"EntryPoint","urlTemplate":"https:\/\/escapehunt.com\/fr\/paris\/?s={search_term_string}"},"query-input":{"@type":"PropertyValueSpecification","valueRequired":true,"valueName":"search_term_string"}}],"inLanguage":"fr-FR"}]}},"custom_schema_json":"","_links":{"self":[{"href":"https:\/\/escapehunt.com\/fr\/paris\/wp-json\/wp\/v2\/pages\/26053","targetHints":{"allow":["GET"]}}],"collection":[{"href":"https:\/\/escapehunt.com\/fr\/paris\/wp-json\/wp\/v2\/pages"}],"about":[{"href":"https:\/\/escapehunt.com\/fr\/paris\/wp-json\/wp\/v2\/types\/page"}],"author":[{"embeddable":true,"href":"https:\/\/escapehunt.com\/fr\/paris\/wp-json\/wp\/v2\/users\/6"}],"replies":[{"embeddable":true,"href":"https:\/\/escapehunt.com\/fr\/paris\/wp-json\/wp\/v2\/comments?post=26053"}],"version-history":[{"count":5,"href":"https:\/\/escapehunt.com\/fr\/paris\/wp-json\/wp\/v2\/pages\/26053\/revisions"}],"predecessor-version":[{"id":80466,"href":"https:\/\/escapehunt.com\/fr\/paris\/wp-json\/wp\/v2\/pages\/26053\/revisions\/80466"}],"wp:attachment":[{"href":"https:\/\/escapehunt.com\/fr\/paris\/wp-json\/wp\/v2\/media?parent=26053"}],"curies":[{"name":"wp","href":"https:\/\/api.w.org\/{rel}","templated":true}]}}