{"id":26047,"date":"2019-09-04T10:30:09","date_gmt":"2019-09-04T10:30:09","guid":{"rendered":"https:\/\/escapehunt.com\/fr\/paris\/?page_id=26047"},"modified":"2022-02-01T09:33:44","modified_gmt":"2022-02-01T09:33:44","slug":"thank-you-mothersday-gift-box","status":"publish","type":"page","link":"https:\/\/escapehunt.com\/fr\/paris\/thank-you-mothersday-gift-box\/","title":{"rendered":"Merci pour votre achat !"},"content":{"rendered":"<p>Votre coffret cadeau sera exp\u00e9di\u00e9 sous 24h<\/p>\n<p>Code du ch\u00e8que cadeau : <br \/>\nValeur : <br \/>\nValide jusqu&rsquo;au : <br \/>\nB\u00e9n\u00e9ficiaire : <br \/>\nAdresse de livraison : <\/p>\n<p>Vous aller recevoir un email avec le r\u00e9capitulatif de votre commande.<br \/>\nA bient\u00f4t chez Escape Hunt !<\/p>\n","protected":false},"excerpt":{"rendered":"<p>Votre coffret cadeau sera exp\u00e9di\u00e9 sous 24h Code du ch\u00e8que cadeau : Valeur : Valide jusqu&rsquo;au : B\u00e9n\u00e9ficiaire : Adresse de livraison : Vous aller recevoir un email avec le&hellip;<\/p>\n","protected":false},"author":6,"featured_media":0,"parent":0,"menu_order":31,"comment_status":"closed","ping_status":"closed","template":"views\/order-thank-you-page.php","meta":{"_acf_changed":false,"footnotes":""},"class_list":["post-26047","page","type-page","status-publish","hentry"],"acf":{"custom_schema_json":""},"yoast_head":"<!-- This site is optimized with the Yoast SEO plugin v27.0 - https:\/\/yoast.com\/product\/yoast-seo-wordpress\/ -->\n<title>Merci pour votre achat ! - Paris<\/title>\n<meta name=\"robots\" content=\"index, follow, max-snippet:-1, max-image-preview:large, max-video-preview:-1\" \/>\n<link rel=\"canonical\" href=\"https:\/\/escapehunt.com\/fr\/paris\/thank-you-mothersday-gift-box\/\" \/>\n<meta property=\"og:locale\" content=\"fr_FR\" \/>\n<meta property=\"og:type\" content=\"article\" \/>\n<meta property=\"og:title\" content=\"Merci pour votre achat ! - Paris\" \/>\n<meta property=\"og:description\" content=\"Votre coffret cadeau sera exp\u00e9di\u00e9 sous 24h Code du ch\u00e8que cadeau : Valeur : Valide jusqu&rsquo;au : B\u00e9n\u00e9ficiaire : Adresse de livraison : Vous aller recevoir un email avec le&hellip;\" \/>\n<meta property=\"og:url\" content=\"https:\/\/escapehunt.com\/fr\/paris\/thank-you-mothersday-gift-box\/\" \/>\n<meta property=\"og:site_name\" content=\"Paris\" \/>\n<meta property=\"article:modified_time\" content=\"2022-02-01T09:33:44+00:00\" \/>\n<meta name=\"twitter:card\" content=\"summary_large_image\" \/>\n<script type=\"application\/ld+json\" class=\"yoast-schema-graph\">{\"@context\":\"https:\/\/schema.org\",\"@graph\":[{\"@type\":\"WebPage\",\"@id\":\"https:\/\/escapehunt.com\/fr\/paris\/thank-you-mothersday-gift-box\/\",\"url\":\"https:\/\/escapehunt.com\/fr\/paris\/thank-you-mothersday-gift-box\/\",\"name\":\"Merci pour votre achat ! - Paris\",\"isPartOf\":{\"@id\":\"https:\/\/escapehunt.com\/fr\/paris\/#website\"},\"datePublished\":\"2019-09-04T10:30:09+00:00\",\"dateModified\":\"2022-02-01T09:33:44+00:00\",\"breadcrumb\":{\"@id\":\"https:\/\/escapehunt.com\/fr\/paris\/thank-you-mothersday-gift-box\/#breadcrumb\"},\"inLanguage\":\"fr-FR\",\"potentialAction\":[{\"@type\":\"ReadAction\",\"target\":[\"https:\/\/escapehunt.com\/fr\/paris\/thank-you-mothersday-gift-box\/\"]}]},{\"@type\":\"BreadcrumbList\",\"@id\":\"https:\/\/escapehunt.com\/fr\/paris\/thank-you-mothersday-gift-box\/#breadcrumb\",\"itemListElement\":[{\"@type\":\"ListItem\",\"position\":1,\"name\":\"Blog\",\"item\":\"https:\/\/escapehunt.com\/fr\/paris\/blog\/\"},{\"@type\":\"ListItem\",\"position\":2,\"name\":\"Merci pour votre achat !\"}]},{\"@type\":\"WebSite\",\"@id\":\"https:\/\/escapehunt.com\/fr\/paris\/#website\",\"url\":\"https:\/\/escapehunt.com\/fr\/paris\/\",\"name\":\"Paris\",\"description\":\"Escape Hunt Paris - Number 1 Escape Game in Paris\",\"potentialAction\":[{\"@type\":\"SearchAction\",\"target\":{\"@type\":\"EntryPoint\",\"urlTemplate\":\"https:\/\/escapehunt.com\/fr\/paris\/?s={search_term_string}\"},\"query-input\":{\"@type\":\"PropertyValueSpecification\",\"valueRequired\":true,\"valueName\":\"search_term_string\"}}],\"inLanguage\":\"fr-FR\"}]}<\/script>\n<!-- \/ Yoast SEO plugin. -->","yoast_head_json":{"title":"Merci pour votre achat ! - Paris","robots":{"index":"index","follow":"follow","max-snippet":"max-snippet:-1","max-image-preview":"max-image-preview:large","max-video-preview":"max-video-preview:-1"},"canonical":"https:\/\/escapehunt.com\/fr\/paris\/thank-you-mothersday-gift-box\/","og_locale":"fr_FR","og_type":"article","og_title":"Merci pour votre achat ! - Paris","og_description":"Votre coffret cadeau sera exp\u00e9di\u00e9 sous 24h Code du ch\u00e8que cadeau : Valeur : Valide jusqu&rsquo;au : B\u00e9n\u00e9ficiaire : Adresse de livraison : Vous aller recevoir un email avec le&hellip;","og_url":"https:\/\/escapehunt.com\/fr\/paris\/thank-you-mothersday-gift-box\/","og_site_name":"Paris","article_modified_time":"2022-02-01T09:33:44+00:00","twitter_card":"summary_large_image","schema":{"@context":"https:\/\/schema.org","@graph":[{"@type":"WebPage","@id":"https:\/\/escapehunt.com\/fr\/paris\/thank-you-mothersday-gift-box\/","url":"https:\/\/escapehunt.com\/fr\/paris\/thank-you-mothersday-gift-box\/","name":"Merci pour votre achat ! - Paris","isPartOf":{"@id":"https:\/\/escapehunt.com\/fr\/paris\/#website"},"datePublished":"2019-09-04T10:30:09+00:00","dateModified":"2022-02-01T09:33:44+00:00","breadcrumb":{"@id":"https:\/\/escapehunt.com\/fr\/paris\/thank-you-mothersday-gift-box\/#breadcrumb"},"inLanguage":"fr-FR","potentialAction":[{"@type":"ReadAction","target":["https:\/\/escapehunt.com\/fr\/paris\/thank-you-mothersday-gift-box\/"]}]},{"@type":"BreadcrumbList","@id":"https:\/\/escapehunt.com\/fr\/paris\/thank-you-mothersday-gift-box\/#breadcrumb","itemListElement":[{"@type":"ListItem","position":1,"name":"Blog","item":"https:\/\/escapehunt.com\/fr\/paris\/blog\/"},{"@type":"ListItem","position":2,"name":"Merci pour votre achat !"}]},{"@type":"WebSite","@id":"https:\/\/escapehunt.com\/fr\/paris\/#website","url":"https:\/\/escapehunt.com\/fr\/paris\/","name":"Paris","description":"Escape Hunt Paris - Number 1 Escape Game in Paris","potentialAction":[{"@type":"SearchAction","target":{"@type":"EntryPoint","urlTemplate":"https:\/\/escapehunt.com\/fr\/paris\/?s={search_term_string}"},"query-input":{"@type":"PropertyValueSpecification","valueRequired":true,"valueName":"search_term_string"}}],"inLanguage":"fr-FR"}]}},"custom_schema_json":"","_links":{"self":[{"href":"https:\/\/escapehunt.com\/fr\/paris\/wp-json\/wp\/v2\/pages\/26047","targetHints":{"allow":["GET"]}}],"collection":[{"href":"https:\/\/escapehunt.com\/fr\/paris\/wp-json\/wp\/v2\/pages"}],"about":[{"href":"https:\/\/escapehunt.com\/fr\/paris\/wp-json\/wp\/v2\/types\/page"}],"author":[{"embeddable":true,"href":"https:\/\/escapehunt.com\/fr\/paris\/wp-json\/wp\/v2\/users\/6"}],"replies":[{"embeddable":true,"href":"https:\/\/escapehunt.com\/fr\/paris\/wp-json\/wp\/v2\/comments?post=26047"}],"version-history":[{"count":1,"href":"https:\/\/escapehunt.com\/fr\/paris\/wp-json\/wp\/v2\/pages\/26047\/revisions"}],"predecessor-version":[{"id":50272,"href":"https:\/\/escapehunt.com\/fr\/paris\/wp-json\/wp\/v2\/pages\/26047\/revisions\/50272"}],"wp:attachment":[{"href":"https:\/\/escapehunt.com\/fr\/paris\/wp-json\/wp\/v2\/media?parent=26047"}],"curies":[{"name":"wp","href":"https:\/\/api.w.org\/{rel}","templated":true}]}}