{"id":9,"date":"2018-10-03T09:01:47","date_gmt":"2018-10-03T09:01:47","guid":{"rendered":"http:\/\/s27835.p712.sites.pressdns.com\/fr\/bordeaux\/?page_id=9&#038;lang=en"},"modified":"2025-11-21T16:06:17","modified_gmt":"2025-11-21T16:06:17","slug":"gift-vouchers-escape-room","status":"publish","type":"page","link":"https:\/\/escapehunt.com\/fr\/paris\/en\/gift-vouchers-escape-room\/","title":{"rendered":"Escape room gift voucher"},"content":{"rendered":"<h4 style=\"text-align: center;\">Vous \u00eates \u00e0 la recherche du cadeau qui fera la diff\u00e9rence ? Offrez \u00e0 vos amis, votre famille ou vos coll\u00e8gues un ch\u00e8que cadeau ou un coffret cadeau pour un escape game et surprenez-les en leur donnant le pouvoir de choisir eux m\u00eame leur aventure !<\/h4>\n","protected":false},"excerpt":{"rendered":"<p>Vous \u00eates \u00e0 la recherche du cadeau qui fera la diff\u00e9rence ? Offrez \u00e0 vos amis, votre famille ou vos coll\u00e8gues un ch\u00e8que cadeau ou un coffret cadeau pour un&hellip;<\/p>\n","protected":false},"author":16,"featured_media":0,"parent":0,"menu_order":4,"comment_status":"closed","ping_status":"closed","template":"templates\/template-flexible.php","meta":{"_acf_changed":false,"footnotes":""},"class_list":["post-9","page","type-page","status-publish","hentry"],"acf":{"custom_schema_json":""},"yoast_head":"<!-- This site is optimized with the Yoast SEO plugin v27.0 - https:\/\/yoast.com\/product\/yoast-seo-wordpress\/ -->\n<title>Escape Room Gift Vouchers &amp; Christmas Gifting | Escape Hunt<\/title>\n<meta name=\"description\" content=\"Buy escape room gift cards and boxes from Escape Hunt | Perfect for Birthdays, team rewards, Christmas and special occasions.\" \/>\n<meta name=\"robots\" content=\"index, follow, max-snippet:-1, max-image-preview:large, max-video-preview:-1\" \/>\n<link rel=\"canonical\" href=\"https:\/\/escapehunt.com\/fr\/paris\/en\/gift-vouchers-escape-room\/\" \/>\n<meta property=\"og:locale\" content=\"en_US\" \/>\n<meta property=\"og:type\" content=\"article\" \/>\n<meta property=\"og:title\" content=\"Escape Room Gift Vouchers &amp; Christmas Gifting | Escape Hunt\" \/>\n<meta property=\"og:description\" content=\"Buy escape room gift cards and boxes from Escape Hunt | Perfect for Birthdays, team rewards, Christmas and special occasions.\" \/>\n<meta property=\"og:url\" content=\"https:\/\/escapehunt.com\/fr\/paris\/en\/gift-vouchers-escape-room\/\" \/>\n<meta property=\"og:site_name\" content=\"Paris\" \/>\n<meta property=\"article:modified_time\" content=\"2025-11-21T16:06:17+00:00\" \/>\n<meta name=\"twitter:card\" content=\"summary_large_image\" \/>\n<meta name=\"twitter:label1\" content=\"Est. reading time\" \/>\n\t<meta name=\"twitter:data1\" content=\"1 minute\" \/>\n<script type=\"application\/ld+json\" class=\"yoast-schema-graph\">{\"@context\":\"https:\/\/schema.org\",\"@graph\":[{\"@type\":\"WebPage\",\"@id\":\"https:\/\/escapehunt.com\/fr\/paris\/en\/gift-vouchers-escape-room\/\",\"url\":\"https:\/\/escapehunt.com\/fr\/paris\/en\/gift-vouchers-escape-room\/\",\"name\":\"Escape Room Gift Vouchers & Christmas Gifting | Escape Hunt\",\"isPartOf\":{\"@id\":\"https:\/\/escapehunt.com\/fr\/paris\/#website\"},\"datePublished\":\"2018-10-03T09:01:47+00:00\",\"dateModified\":\"2025-11-21T16:06:17+00:00\",\"description\":\"Buy escape room gift cards and boxes from Escape Hunt | Perfect for Birthdays, team rewards, Christmas and special occasions.\",\"breadcrumb\":{\"@id\":\"https:\/\/escapehunt.com\/fr\/paris\/en\/gift-vouchers-escape-room\/#breadcrumb\"},\"inLanguage\":\"en-US\",\"potentialAction\":[{\"@type\":\"ReadAction\",\"target\":[\"https:\/\/escapehunt.com\/fr\/paris\/en\/gift-vouchers-escape-room\/\"]}]},{\"@type\":\"BreadcrumbList\",\"@id\":\"https:\/\/escapehunt.com\/fr\/paris\/en\/gift-vouchers-escape-room\/#breadcrumb\",\"itemListElement\":[{\"@type\":\"ListItem\",\"position\":1,\"name\":\"Blog\",\"item\":\"https:\/\/escapehunt.com\/fr\/paris\/en\/blog\/\"},{\"@type\":\"ListItem\",\"position\":2,\"name\":\"Escape room gift voucher\"}]},{\"@type\":\"WebSite\",\"@id\":\"https:\/\/escapehunt.com\/fr\/paris\/#website\",\"url\":\"https:\/\/escapehunt.com\/fr\/paris\/\",\"name\":\"Paris\",\"description\":\"Escape Hunt Paris - Number 1 Escape Game in Paris\",\"potentialAction\":[{\"@type\":\"SearchAction\",\"target\":{\"@type\":\"EntryPoint\",\"urlTemplate\":\"https:\/\/escapehunt.com\/fr\/paris\/?s={search_term_string}\"},\"query-input\":{\"@type\":\"PropertyValueSpecification\",\"valueRequired\":true,\"valueName\":\"search_term_string\"}}],\"inLanguage\":\"en-US\"}]}<\/script>\n<!-- \/ Yoast SEO plugin. -->","yoast_head_json":{"title":"Escape Room Gift Vouchers & Christmas Gifting | Escape Hunt","description":"Buy escape room gift cards and boxes from Escape Hunt | Perfect for Birthdays, team rewards, Christmas and special occasions.","robots":{"index":"index","follow":"follow","max-snippet":"max-snippet:-1","max-image-preview":"max-image-preview:large","max-video-preview":"max-video-preview:-1"},"canonical":"https:\/\/escapehunt.com\/fr\/paris\/en\/gift-vouchers-escape-room\/","og_locale":"en_US","og_type":"article","og_title":"Escape Room Gift Vouchers & Christmas Gifting | Escape Hunt","og_description":"Buy escape room gift cards and boxes from Escape Hunt | Perfect for Birthdays, team rewards, Christmas and special occasions.","og_url":"https:\/\/escapehunt.com\/fr\/paris\/en\/gift-vouchers-escape-room\/","og_site_name":"Paris","article_modified_time":"2025-11-21T16:06:17+00:00","twitter_card":"summary_large_image","twitter_misc":{"Est. reading time":"1 minute"},"schema":{"@context":"https:\/\/schema.org","@graph":[{"@type":"WebPage","@id":"https:\/\/escapehunt.com\/fr\/paris\/en\/gift-vouchers-escape-room\/","url":"https:\/\/escapehunt.com\/fr\/paris\/en\/gift-vouchers-escape-room\/","name":"Escape Room Gift Vouchers & Christmas Gifting | Escape Hunt","isPartOf":{"@id":"https:\/\/escapehunt.com\/fr\/paris\/#website"},"datePublished":"2018-10-03T09:01:47+00:00","dateModified":"2025-11-21T16:06:17+00:00","description":"Buy escape room gift cards and boxes from Escape Hunt | Perfect for Birthdays, team rewards, Christmas and special occasions.","breadcrumb":{"@id":"https:\/\/escapehunt.com\/fr\/paris\/en\/gift-vouchers-escape-room\/#breadcrumb"},"inLanguage":"en-US","potentialAction":[{"@type":"ReadAction","target":["https:\/\/escapehunt.com\/fr\/paris\/en\/gift-vouchers-escape-room\/"]}]},{"@type":"BreadcrumbList","@id":"https:\/\/escapehunt.com\/fr\/paris\/en\/gift-vouchers-escape-room\/#breadcrumb","itemListElement":[{"@type":"ListItem","position":1,"name":"Blog","item":"https:\/\/escapehunt.com\/fr\/paris\/en\/blog\/"},{"@type":"ListItem","position":2,"name":"Escape room gift voucher"}]},{"@type":"WebSite","@id":"https:\/\/escapehunt.com\/fr\/paris\/#website","url":"https:\/\/escapehunt.com\/fr\/paris\/","name":"Paris","description":"Escape Hunt Paris - Number 1 Escape Game in Paris","potentialAction":[{"@type":"SearchAction","target":{"@type":"EntryPoint","urlTemplate":"https:\/\/escapehunt.com\/fr\/paris\/?s={search_term_string}"},"query-input":{"@type":"PropertyValueSpecification","valueRequired":true,"valueName":"search_term_string"}}],"inLanguage":"en-US"}]}},"custom_schema_json":"","_links":{"self":[{"href":"https:\/\/escapehunt.com\/fr\/paris\/en\/wp-json\/wp\/v2\/pages\/9","targetHints":{"allow":["GET"]}}],"collection":[{"href":"https:\/\/escapehunt.com\/fr\/paris\/en\/wp-json\/wp\/v2\/pages"}],"about":[{"href":"https:\/\/escapehunt.com\/fr\/paris\/en\/wp-json\/wp\/v2\/types\/page"}],"author":[{"embeddable":true,"href":"https:\/\/escapehunt.com\/fr\/paris\/en\/wp-json\/wp\/v2\/users\/16"}],"replies":[{"embeddable":true,"href":"https:\/\/escapehunt.com\/fr\/paris\/en\/wp-json\/wp\/v2\/comments?post=9"}],"version-history":[{"count":5,"href":"https:\/\/escapehunt.com\/fr\/paris\/en\/wp-json\/wp\/v2\/pages\/9\/revisions"}],"predecessor-version":[{"id":78780,"href":"https:\/\/escapehunt.com\/fr\/paris\/en\/wp-json\/wp\/v2\/pages\/9\/revisions\/78780"}],"wp:attachment":[{"href":"https:\/\/escapehunt.com\/fr\/paris\/en\/wp-json\/wp\/v2\/media?parent=9"}],"curies":[{"name":"wp","href":"https:\/\/api.w.org\/{rel}","templated":true}]}}