{"id":45142,"date":"2020-06-01T14:00:32","date_gmt":"2020-06-01T14:00:32","guid":{"rendered":"https:\/\/escapehunt.com\/fr\/nancy\/?page_id=45142"},"modified":"2020-06-01T14:00:32","modified_gmt":"2020-06-01T14:00:32","slug":"jouons-en-confiance","status":"publish","type":"page","link":"https:\/\/escapehunt.com\/fr\/nancy\/jouons-en-confiance\/","title":{"rendered":"Jouons en confiance."},"content":{"rendered":"<p><strong>Escape Hunt adh\u00e8re \u00e0 la charte <a href=\"http:\/\/jouonsenconfiance.fr\/\">jouonsenconfiance.fr<\/a>\u00a0\u00e9labor\u00e9e avec nos confr\u00e8res et syndicats professionnels. D\u00e9couvrez les mesures prises pour vous accueillir dans les meilleures conditions au sein de nos escape games, dans le respect des protocoles sanitaire contre le Covid-19.<\/strong><\/p>\n<p>&nbsp;<\/p>\n<h4>VOTRE ARRIV\u00c9E<\/h4>\n<p>?\ufe0f R\u00e9servation et paiement en ligne de votre session de jeu horodat\u00e9e.<\/p>\n<p>?\u200d?\u200d?\u200d? Vous pourrez acc\u00e9der \u00e0 l&rsquo;\u00e9tablissement une fois votre groupe au complet.<\/p>\n<p>? Entr\u00e9e \u00e0 l&rsquo;heure pr\u00e9cise, si vous \u00eates en avance nous ne pourrons pas vous accueillir le temps de terminer la session pr\u00e9c\u00e9dente.<\/p>\n<p>? Du gel hydroalcoolique est mis \u00e0 disposition pour tous \u00e0 l&rsquo;arriv\u00e9e. Des gants et masques sont \u00e9galement \u00e0 votre disposition.<\/p>\n<p>&nbsp;<\/p>\n<h4>L&rsquo;\u00c9TABLISSEMENT<\/h4>\n<p>?\ufe0f\u00a0Nos espaces d&rsquo;accueil ont \u00e9t\u00e9 r\u00e9am\u00e9nag\u00e9s pour favoriser la distanciation autant que possible mais n&rsquo;en restent pas moins <em>cosy<\/em> !<\/p>\n<p>? Certaines salles disposent d&rsquo;une ventilation double flux, au normes de renouvellement d&rsquo;air dont les filtres ont \u00e9t\u00e9 chang\u00e9s. Pour celles disposant de la climatisation, les unit\u00e9s ont \u00e9t\u00e9 int\u00e9gralement nettoy\u00e9s.<\/p>\n<p>&nbsp;<\/p>\n<h4>VOTRE EXP\u00c9RIENCE DE JEU<\/h4>\n<p>?\ufe0f Nos planning sont all\u00e9g\u00e9s de sorte que vous ne croiserez pas d&rsquo;autres groupes lors de votre venue.<\/p>\n<p>? Le port du masque est obligatoire dans l&rsquo;\u00e9tablissement pour notre \u00e9quipes, et fortement recommand\u00e9 pour nos joueurs.<\/p>\n<p>\u264a Disposant g\u00e9n\u00e9ralement de salles jumelles pour chacun de nos th\u00e8mes, les \u00e9quipes alternent entre la salle 1 et la salle 2 nous laissant ainsi suffisamment de temps pour le nettoyage et renouvellement d&rsquo;air entre chaque \u00e9quipe.<\/p>\n<p>&nbsp;<\/p>\n<h4>APR\u00c8S VOTRE PARTIE<\/h4>\n<p>? Les photos-souvenir seront prises uniquement par votre game-master avec notre appareil photo.\u00a0Les accessoires photos seront mis de cot\u00e9 temporairement, il vous faudra compter sur votre plus beau sourire !<\/p>\n<p>&nbsp;<\/p>\n<div id=\"cc-m-18582056225\" class=\"j-module n j-text \">\n<h4>UNE QUESTION ?<\/h4>\n<p><strong>Si vous avez la moindre question quant \u00e0 votre venue, n&rsquo;h\u00e9sitez pas \u00e0 nous contacter \u00e0 <a href=\"mailto:nancy@escapehunt.com\">nancy@escapehunt.com<\/a>.<\/strong><\/p>\n<\/div>\n<div class=\"cc-m-spacer\"><\/div>\n<div><\/div>\n<div id=\"cc-m-18583592525\" class=\"j-module n j-header \">\n<h5 id=\"cc-m-header-18583592525\">Si je n&rsquo;ai pas de masque, je ne peux pas jouer ?<\/h5>\n<\/div>\n<div id=\"cc-m-18583592625\" class=\"j-module n j-text \">\n<p>Nous recommandons \u00e0 tous nos joueurs de porter un masque d\u00e8s leur arriv\u00e9e dans notre \u00e9tablissement.\u00a0Si vous n&rsquo;en avez pas, un masque jetable vous sera propos\u00e9.<\/p>\n<h5>Je suis certain de ne pas croiser d&rsquo;autres \u00e9quipes pendant ma venue ?<\/h5>\n<\/div>\n<div id=\"cc-m-18583621425\" class=\"j-module n j-text \">\n<p>Notre planning est am\u00e9nag\u00e9 de sorte que vous ne croisiez pas d&rsquo;autres groupes. Toutefois, d&rsquo;autres \u00e9quipes peuvent jouer en m\u00eame temps que vous\u00a0dans d&rsquo;autres salles que la votre.<\/p>\n<h5>Comment je peux m&rsquo;assurer que tout est bien nettoy\u00e9 entre chaque \u00e9quipe ?<\/h5>\n<p>Notre \u00e9quipe nettoie entre chaque les \u00e9l\u00e9ments de jeu de votre salle (poign\u00e9es de porte, accessoires et m\u00e9canismes) et assure un grand nettoyage de toute la salle une fois par jour avec des produits sp\u00e9cifiques. Une fiche de proc\u00e9dure est consultable sur demande dans l&rsquo;\u00e9tablissement. Un nettoyage r\u00e9gulier des espaces communs est \u00e9galement assur\u00e9.<\/p>\n<\/div>\n<div id=\"cc-m-18583639025\" class=\"j-module n j-spacing \">\n<div class=\"cc-m-spacer\"><\/div>\n<\/div>\n<p>&nbsp;<\/p>\n","protected":false},"excerpt":{"rendered":"<p>Escape Hunt adh\u00e8re \u00e0 la charte jouonsenconfiance.fr\u00a0\u00e9labor\u00e9e avec nos confr\u00e8res et syndicats professionnels. D\u00e9couvrez les mesures prises pour vous accueillir dans les meilleures conditions au sein de nos escape games,&hellip;<\/p>\n","protected":false},"author":62,"featured_media":0,"parent":0,"menu_order":0,"comment_status":"closed","ping_status":"closed","template":"","meta":{"_acf_changed":false,"footnotes":""},"class_list":["post-45142","page","type-page","status-publish","hentry"],"acf":{"custom_schema_json":""},"yoast_head":"<!-- This site is optimized with the Yoast SEO plugin v27.0 - https:\/\/yoast.com\/product\/yoast-seo-wordpress\/ -->\n<title>Jouons en confiance. - Nancy<\/title>\n<meta name=\"robots\" content=\"index, follow, max-snippet:-1, max-image-preview:large, max-video-preview:-1\" \/>\n<link rel=\"canonical\" href=\"https:\/\/escapehunt.com\/fr\/nancy\/jouons-en-confiance\/\" \/>\n<meta property=\"og:locale\" content=\"fr_FR\" \/>\n<meta property=\"og:type\" content=\"article\" \/>\n<meta property=\"og:title\" content=\"Jouons en confiance. - Nancy\" \/>\n<meta property=\"og:description\" content=\"Escape Hunt adh\u00e8re \u00e0 la charte jouonsenconfiance.fr\u00a0\u00e9labor\u00e9e avec nos confr\u00e8res et syndicats professionnels. D\u00e9couvrez les mesures prises pour vous accueillir dans les meilleures conditions au sein de nos escape games,&hellip;\" \/>\n<meta property=\"og:url\" content=\"https:\/\/escapehunt.com\/fr\/nancy\/jouons-en-confiance\/\" \/>\n<meta property=\"og:site_name\" content=\"Nancy\" \/>\n<meta name=\"twitter:card\" content=\"summary_large_image\" \/>\n<meta name=\"twitter:label1\" content=\"Dur\u00e9e de lecture estim\u00e9e\" \/>\n\t<meta name=\"twitter:data1\" content=\"2 minutes\" \/>\n<script type=\"application\/ld+json\" class=\"yoast-schema-graph\">{\"@context\":\"https:\/\/schema.org\",\"@graph\":[{\"@type\":\"WebPage\",\"@id\":\"https:\/\/escapehunt.com\/fr\/nancy\/jouons-en-confiance\/\",\"url\":\"https:\/\/escapehunt.com\/fr\/nancy\/jouons-en-confiance\/\",\"name\":\"Jouons en confiance. - Nancy\",\"isPartOf\":{\"@id\":\"https:\/\/escapehunt.com\/fr\/nancy\/#website\"},\"datePublished\":\"2020-06-01T14:00:32+00:00\",\"breadcrumb\":{\"@id\":\"https:\/\/escapehunt.com\/fr\/nancy\/jouons-en-confiance\/#breadcrumb\"},\"inLanguage\":\"fr-FR\",\"potentialAction\":[{\"@type\":\"ReadAction\",\"target\":[\"https:\/\/escapehunt.com\/fr\/nancy\/jouons-en-confiance\/\"]}]},{\"@type\":\"BreadcrumbList\",\"@id\":\"https:\/\/escapehunt.com\/fr\/nancy\/jouons-en-confiance\/#breadcrumb\",\"itemListElement\":[{\"@type\":\"ListItem\",\"position\":1,\"name\":\"Blog\",\"item\":\"https:\/\/escapehunt.com\/fr\/nancy\/escape-hunt-nancy-blog\/\"},{\"@type\":\"ListItem\",\"position\":2,\"name\":\"Jouons en confiance.\"}]},{\"@type\":\"WebSite\",\"@id\":\"https:\/\/escapehunt.com\/fr\/nancy\/#website\",\"url\":\"https:\/\/escapehunt.com\/fr\/nancy\/\",\"name\":\"Nancy\",\"description\":\"Escape Hunt Nancy \u2013 L\u2019Escape Game Num\u00e9ro 1 \u00e0 Nancy\",\"potentialAction\":[{\"@type\":\"SearchAction\",\"target\":{\"@type\":\"EntryPoint\",\"urlTemplate\":\"https:\/\/escapehunt.com\/fr\/nancy\/?s={search_term_string}\"},\"query-input\":{\"@type\":\"PropertyValueSpecification\",\"valueRequired\":true,\"valueName\":\"search_term_string\"}}],\"inLanguage\":\"fr-FR\"}]}<\/script>\n<!-- \/ Yoast SEO plugin. -->","yoast_head_json":{"title":"Jouons en confiance. - Nancy","robots":{"index":"index","follow":"follow","max-snippet":"max-snippet:-1","max-image-preview":"max-image-preview:large","max-video-preview":"max-video-preview:-1"},"canonical":"https:\/\/escapehunt.com\/fr\/nancy\/jouons-en-confiance\/","og_locale":"fr_FR","og_type":"article","og_title":"Jouons en confiance. - Nancy","og_description":"Escape Hunt adh\u00e8re \u00e0 la charte jouonsenconfiance.fr\u00a0\u00e9labor\u00e9e avec nos confr\u00e8res et syndicats professionnels. D\u00e9couvrez les mesures prises pour vous accueillir dans les meilleures conditions au sein de nos escape games,&hellip;","og_url":"https:\/\/escapehunt.com\/fr\/nancy\/jouons-en-confiance\/","og_site_name":"Nancy","twitter_card":"summary_large_image","twitter_misc":{"Dur\u00e9e de lecture estim\u00e9e":"2 minutes"},"schema":{"@context":"https:\/\/schema.org","@graph":[{"@type":"WebPage","@id":"https:\/\/escapehunt.com\/fr\/nancy\/jouons-en-confiance\/","url":"https:\/\/escapehunt.com\/fr\/nancy\/jouons-en-confiance\/","name":"Jouons en confiance. - Nancy","isPartOf":{"@id":"https:\/\/escapehunt.com\/fr\/nancy\/#website"},"datePublished":"2020-06-01T14:00:32+00:00","breadcrumb":{"@id":"https:\/\/escapehunt.com\/fr\/nancy\/jouons-en-confiance\/#breadcrumb"},"inLanguage":"fr-FR","potentialAction":[{"@type":"ReadAction","target":["https:\/\/escapehunt.com\/fr\/nancy\/jouons-en-confiance\/"]}]},{"@type":"BreadcrumbList","@id":"https:\/\/escapehunt.com\/fr\/nancy\/jouons-en-confiance\/#breadcrumb","itemListElement":[{"@type":"ListItem","position":1,"name":"Blog","item":"https:\/\/escapehunt.com\/fr\/nancy\/escape-hunt-nancy-blog\/"},{"@type":"ListItem","position":2,"name":"Jouons en confiance."}]},{"@type":"WebSite","@id":"https:\/\/escapehunt.com\/fr\/nancy\/#website","url":"https:\/\/escapehunt.com\/fr\/nancy\/","name":"Nancy","description":"Escape Hunt Nancy \u2013 L\u2019Escape Game Num\u00e9ro 1 \u00e0 Nancy","potentialAction":[{"@type":"SearchAction","target":{"@type":"EntryPoint","urlTemplate":"https:\/\/escapehunt.com\/fr\/nancy\/?s={search_term_string}"},"query-input":{"@type":"PropertyValueSpecification","valueRequired":true,"valueName":"search_term_string"}}],"inLanguage":"fr-FR"}]}},"custom_schema_json":"","_links":{"self":[{"href":"https:\/\/escapehunt.com\/fr\/nancy\/wp-json\/wp\/v2\/pages\/45142","targetHints":{"allow":["GET"]}}],"collection":[{"href":"https:\/\/escapehunt.com\/fr\/nancy\/wp-json\/wp\/v2\/pages"}],"about":[{"href":"https:\/\/escapehunt.com\/fr\/nancy\/wp-json\/wp\/v2\/types\/page"}],"author":[{"embeddable":true,"href":"https:\/\/escapehunt.com\/fr\/nancy\/wp-json\/wp\/v2\/users\/62"}],"replies":[{"embeddable":true,"href":"https:\/\/escapehunt.com\/fr\/nancy\/wp-json\/wp\/v2\/comments?post=45142"}],"version-history":[{"count":1,"href":"https:\/\/escapehunt.com\/fr\/nancy\/wp-json\/wp\/v2\/pages\/45142\/revisions"}],"predecessor-version":[{"id":45143,"href":"https:\/\/escapehunt.com\/fr\/nancy\/wp-json\/wp\/v2\/pages\/45142\/revisions\/45143"}],"wp:attachment":[{"href":"https:\/\/escapehunt.com\/fr\/nancy\/wp-json\/wp\/v2\/media?parent=45142"}],"curies":[{"name":"wp","href":"https:\/\/api.w.org\/{rel}","templated":true}]}}