{"id":45345,"date":"2023-03-16T10:21:30","date_gmt":"2023-03-16T10:21:30","guid":{"rendered":"https:\/\/escapehunt.com\/fr\/nancy\/?page_id=45345"},"modified":"2026-01-07T14:48:51","modified_gmt":"2026-01-07T14:48:51","slug":"laventure-commence-ici","status":"publish","type":"page","link":"https:\/\/escapehunt.com\/fr\/nancy\/en\/","title":{"rendered":"Number 1 Escape Game in NANCY"},"content":{"rendered":"","protected":false},"excerpt":{"rendered":"","protected":false},"author":62,"featured_media":0,"parent":0,"menu_order":0,"comment_status":"closed","ping_status":"closed","template":"views\/landing-city.php","meta":{"_acf_changed":false,"footnotes":""},"class_list":["post-45345","page","type-page","status-publish","hentry"],"acf":{"custom_schema_json":""},"yoast_head":"<!-- This site is optimized with the Yoast SEO plugin v27.0 - https:\/\/yoast.com\/product\/yoast-seo-wordpress\/ -->\n<title>Number 1 Escape Game in NANCY - Nancy<\/title>\n<meta name=\"description\" content=\"L&#039;Escape Game incontournable \u00e0 Nancy. Id\u00e9al pour vos \u00e9v\u00e9nements, teambuilding, anniversaire, evg, evjf. R\u00e9servez en ligne votre escape game.\" \/>\n<meta name=\"robots\" content=\"index, follow, max-snippet:-1, max-image-preview:large, max-video-preview:-1\" \/>\n<link rel=\"canonical\" href=\"https:\/\/escapehunt.com\/fr\/nancy\/en\/laventure-commence-ici\/\" \/>\n<meta property=\"og:locale\" content=\"en_US\" \/>\n<meta property=\"og:type\" content=\"article\" \/>\n<meta property=\"og:title\" content=\"Number 1 Escape Game in NANCY - Nancy\" \/>\n<meta property=\"og:description\" content=\"L&#039;Escape Game incontournable \u00e0 Nancy. Id\u00e9al pour vos \u00e9v\u00e9nements, teambuilding, anniversaire, evg, evjf. R\u00e9servez en ligne votre escape game.\" \/>\n<meta property=\"og:url\" content=\"https:\/\/escapehunt.com\/fr\/nancy\/en\/laventure-commence-ici\/\" \/>\n<meta property=\"og:site_name\" content=\"Nancy\" \/>\n<meta property=\"article:modified_time\" content=\"2026-01-07T14:48:51+00:00\" \/>\n<meta name=\"twitter:card\" content=\"summary_large_image\" \/>\n<script type=\"application\/ld+json\" class=\"yoast-schema-graph\">{\"@context\":\"https:\/\/schema.org\",\"@graph\":[{\"@type\":\"WebPage\",\"@id\":\"https:\/\/escapehunt.com\/fr\/nancy\/en\/laventure-commence-ici\/\",\"url\":\"https:\/\/escapehunt.com\/fr\/nancy\/en\/laventure-commence-ici\/\",\"name\":\"Number 1 Escape Game in NANCY - Nancy\",\"isPartOf\":{\"@id\":\"https:\/\/escapehunt.com\/fr\/nancy\/#website\"},\"datePublished\":\"2023-03-16T10:21:30+00:00\",\"dateModified\":\"2026-01-07T14:48:51+00:00\",\"description\":\"L'Escape Game incontournable \u00e0 Nancy. Id\u00e9al pour vos \u00e9v\u00e9nements, teambuilding, anniversaire, evg, evjf. R\u00e9servez en ligne votre escape game.\",\"breadcrumb\":{\"@id\":\"https:\/\/escapehunt.com\/fr\/nancy\/en\/laventure-commence-ici\/#breadcrumb\"},\"inLanguage\":\"en-US\",\"potentialAction\":[{\"@type\":\"ReadAction\",\"target\":[\"https:\/\/escapehunt.com\/fr\/nancy\/en\/laventure-commence-ici\/\"]}]},{\"@type\":\"BreadcrumbList\",\"@id\":\"https:\/\/escapehunt.com\/fr\/nancy\/en\/laventure-commence-ici\/#breadcrumb\",\"itemListElement\":[{\"@type\":\"ListItem\",\"position\":1,\"name\":\"Home\",\"item\":\"https:\/\/escapehunt.com\/fr\/nancy\/en\/laventure-commence-ici\/\"},{\"@type\":\"ListItem\",\"position\":2,\"name\":\"Number 1 Escape Game in NANCY\"}]},{\"@type\":\"WebSite\",\"@id\":\"https:\/\/escapehunt.com\/fr\/nancy\/#website\",\"url\":\"https:\/\/escapehunt.com\/fr\/nancy\/\",\"name\":\"Nancy\",\"description\":\"Escape Hunt Nancy \u2013 L\u2019Escape Game Num\u00e9ro 1 \u00e0 Nancy\",\"potentialAction\":[{\"@type\":\"SearchAction\",\"target\":{\"@type\":\"EntryPoint\",\"urlTemplate\":\"https:\/\/escapehunt.com\/fr\/nancy\/?s={search_term_string}\"},\"query-input\":{\"@type\":\"PropertyValueSpecification\",\"valueRequired\":true,\"valueName\":\"search_term_string\"}}],\"inLanguage\":\"en-US\"}]}<\/script>\n<!-- \/ Yoast SEO plugin. -->","yoast_head_json":{"title":"Number 1 Escape Game in NANCY - Nancy","description":"L'Escape Game incontournable \u00e0 Nancy. Id\u00e9al pour vos \u00e9v\u00e9nements, teambuilding, anniversaire, evg, evjf. R\u00e9servez en ligne votre escape game.","robots":{"index":"index","follow":"follow","max-snippet":"max-snippet:-1","max-image-preview":"max-image-preview:large","max-video-preview":"max-video-preview:-1"},"canonical":"https:\/\/escapehunt.com\/fr\/nancy\/en\/laventure-commence-ici\/","og_locale":"en_US","og_type":"article","og_title":"Number 1 Escape Game in NANCY - Nancy","og_description":"L'Escape Game incontournable \u00e0 Nancy. Id\u00e9al pour vos \u00e9v\u00e9nements, teambuilding, anniversaire, evg, evjf. R\u00e9servez en ligne votre escape game.","og_url":"https:\/\/escapehunt.com\/fr\/nancy\/en\/laventure-commence-ici\/","og_site_name":"Nancy","article_modified_time":"2026-01-07T14:48:51+00:00","twitter_card":"summary_large_image","schema":{"@context":"https:\/\/schema.org","@graph":[{"@type":"WebPage","@id":"https:\/\/escapehunt.com\/fr\/nancy\/en\/laventure-commence-ici\/","url":"https:\/\/escapehunt.com\/fr\/nancy\/en\/laventure-commence-ici\/","name":"Number 1 Escape Game in NANCY - Nancy","isPartOf":{"@id":"https:\/\/escapehunt.com\/fr\/nancy\/#website"},"datePublished":"2023-03-16T10:21:30+00:00","dateModified":"2026-01-07T14:48:51+00:00","description":"L'Escape Game incontournable \u00e0 Nancy. Id\u00e9al pour vos \u00e9v\u00e9nements, teambuilding, anniversaire, evg, evjf. R\u00e9servez en ligne votre escape game.","breadcrumb":{"@id":"https:\/\/escapehunt.com\/fr\/nancy\/en\/laventure-commence-ici\/#breadcrumb"},"inLanguage":"en-US","potentialAction":[{"@type":"ReadAction","target":["https:\/\/escapehunt.com\/fr\/nancy\/en\/laventure-commence-ici\/"]}]},{"@type":"BreadcrumbList","@id":"https:\/\/escapehunt.com\/fr\/nancy\/en\/laventure-commence-ici\/#breadcrumb","itemListElement":[{"@type":"ListItem","position":1,"name":"Home","item":"https:\/\/escapehunt.com\/fr\/nancy\/en\/laventure-commence-ici\/"},{"@type":"ListItem","position":2,"name":"Number 1 Escape Game in NANCY"}]},{"@type":"WebSite","@id":"https:\/\/escapehunt.com\/fr\/nancy\/#website","url":"https:\/\/escapehunt.com\/fr\/nancy\/","name":"Nancy","description":"Escape Hunt Nancy \u2013 L\u2019Escape Game Num\u00e9ro 1 \u00e0 Nancy","potentialAction":[{"@type":"SearchAction","target":{"@type":"EntryPoint","urlTemplate":"https:\/\/escapehunt.com\/fr\/nancy\/?s={search_term_string}"},"query-input":{"@type":"PropertyValueSpecification","valueRequired":true,"valueName":"search_term_string"}}],"inLanguage":"en-US"}]}},"custom_schema_json":"","_links":{"self":[{"href":"https:\/\/escapehunt.com\/fr\/nancy\/en\/wp-json\/wp\/v2\/pages\/45345","targetHints":{"allow":["GET"]}}],"collection":[{"href":"https:\/\/escapehunt.com\/fr\/nancy\/en\/wp-json\/wp\/v2\/pages"}],"about":[{"href":"https:\/\/escapehunt.com\/fr\/nancy\/en\/wp-json\/wp\/v2\/types\/page"}],"author":[{"embeddable":true,"href":"https:\/\/escapehunt.com\/fr\/nancy\/en\/wp-json\/wp\/v2\/users\/62"}],"replies":[{"embeddable":true,"href":"https:\/\/escapehunt.com\/fr\/nancy\/en\/wp-json\/wp\/v2\/comments?post=45345"}],"version-history":[{"count":6,"href":"https:\/\/escapehunt.com\/fr\/nancy\/en\/wp-json\/wp\/v2\/pages\/45345\/revisions"}],"predecessor-version":[{"id":46190,"href":"https:\/\/escapehunt.com\/fr\/nancy\/en\/wp-json\/wp\/v2\/pages\/45345\/revisions\/46190"}],"wp:attachment":[{"href":"https:\/\/escapehunt.com\/fr\/nancy\/en\/wp-json\/wp\/v2\/media?parent=45345"}],"curies":[{"name":"wp","href":"https:\/\/api.w.org\/{rel}","templated":true}]}}