{"id":45646,"date":"2026-02-12T18:06:39","date_gmt":"2026-02-12T18:06:39","guid":{"rendered":"https:\/\/escapehunt.com\/fr\/metz\/?page_id=45646"},"modified":"2026-02-19T15:14:43","modified_gmt":"2026-02-19T15:14:43","slug":"eh-academy-formulaire-de-contact","status":"publish","type":"page","link":"https:\/\/escapehunt.com\/fr\/metz\/eh-academy-formulaire-de-contact\/","title":{"rendered":"EH Academy Formulaire de Contact"},"content":{"rendered":"","protected":false},"excerpt":{"rendered":"","protected":false},"author":62,"featured_media":0,"parent":0,"menu_order":0,"comment_status":"closed","ping_status":"closed","template":"templates\/template-flexible.php","meta":{"_acf_changed":false,"footnotes":""},"class_list":["post-45646","page","type-page","status-publish","hentry"],"acf":{"custom_schema_json":""},"yoast_head":"<!-- This site is optimized with the Yoast SEO plugin v27.0 - https:\/\/yoast.com\/product\/yoast-seo-wordpress\/ -->\n<title>Ressources p\u00e9dagogiques escape game<\/title>\n<meta name=\"description\" content=\"Vous recherchez des ressources p\u00e9dagogiques sur les escape game pour votre classe ? T\u00e9l\u00e9chargez notre guide \u00e9ducatif gratuit !\" \/>\n<meta name=\"robots\" content=\"index, follow, max-snippet:-1, max-image-preview:large, max-video-preview:-1\" \/>\n<link rel=\"canonical\" href=\"https:\/\/escapehunt.com\/fr\/metz\/eh-academy-formulaire-de-contact\/\" \/>\n<meta property=\"og:locale\" content=\"fr_FR\" \/>\n<meta property=\"og:type\" content=\"article\" \/>\n<meta property=\"og:title\" content=\"Ressources p\u00e9dagogiques escape game\" \/>\n<meta property=\"og:description\" content=\"Vous recherchez des ressources p\u00e9dagogiques sur les escape game pour votre classe ? T\u00e9l\u00e9chargez notre guide \u00e9ducatif gratuit !\" \/>\n<meta property=\"og:url\" content=\"https:\/\/escapehunt.com\/fr\/metz\/eh-academy-formulaire-de-contact\/\" \/>\n<meta property=\"og:site_name\" content=\"Metz\" \/>\n<meta property=\"article:modified_time\" content=\"2026-02-19T15:14:43+00:00\" \/>\n<meta name=\"twitter:card\" content=\"summary_large_image\" \/>\n<script type=\"application\/ld+json\" class=\"yoast-schema-graph\">{\"@context\":\"https:\/\/schema.org\",\"@graph\":[{\"@type\":\"WebPage\",\"@id\":\"https:\/\/escapehunt.com\/fr\/metz\/eh-academy-formulaire-de-contact\/\",\"url\":\"https:\/\/escapehunt.com\/fr\/metz\/eh-academy-formulaire-de-contact\/\",\"name\":\"Ressources p\u00e9dagogiques escape game\",\"isPartOf\":{\"@id\":\"https:\/\/escapehunt.com\/fr\/metz\/#website\"},\"datePublished\":\"2026-02-12T18:06:39+00:00\",\"dateModified\":\"2026-02-19T15:14:43+00:00\",\"description\":\"Vous recherchez des ressources p\u00e9dagogiques sur les escape game pour votre classe ? T\u00e9l\u00e9chargez notre guide \u00e9ducatif gratuit !\",\"breadcrumb\":{\"@id\":\"https:\/\/escapehunt.com\/fr\/metz\/eh-academy-formulaire-de-contact\/#breadcrumb\"},\"inLanguage\":\"fr-FR\",\"potentialAction\":[{\"@type\":\"ReadAction\",\"target\":[\"https:\/\/escapehunt.com\/fr\/metz\/eh-academy-formulaire-de-contact\/\"]}]},{\"@type\":\"BreadcrumbList\",\"@id\":\"https:\/\/escapehunt.com\/fr\/metz\/eh-academy-formulaire-de-contact\/#breadcrumb\",\"itemListElement\":[{\"@type\":\"ListItem\",\"position\":1,\"name\":\"Blog\",\"item\":\"https:\/\/escapehunt.com\/fr\/metz\/blog\/\"},{\"@type\":\"ListItem\",\"position\":2,\"name\":\"EH Academy Formulaire de Contact\"}]},{\"@type\":\"WebSite\",\"@id\":\"https:\/\/escapehunt.com\/fr\/metz\/#website\",\"url\":\"https:\/\/escapehunt.com\/fr\/metz\/\",\"name\":\"Metz\",\"description\":\"Escape Hunt Metz \u2013 L&#039;Escape Game Incontournable \u00e0 Metz\",\"potentialAction\":[{\"@type\":\"SearchAction\",\"target\":{\"@type\":\"EntryPoint\",\"urlTemplate\":\"https:\/\/escapehunt.com\/fr\/metz\/?s={search_term_string}\"},\"query-input\":{\"@type\":\"PropertyValueSpecification\",\"valueRequired\":true,\"valueName\":\"search_term_string\"}}],\"inLanguage\":\"fr-FR\"}]}<\/script>\n<!-- \/ Yoast SEO plugin. -->","yoast_head_json":{"title":"Ressources p\u00e9dagogiques escape game","description":"Vous recherchez des ressources p\u00e9dagogiques sur les escape game pour votre classe ? T\u00e9l\u00e9chargez notre guide \u00e9ducatif gratuit !","robots":{"index":"index","follow":"follow","max-snippet":"max-snippet:-1","max-image-preview":"max-image-preview:large","max-video-preview":"max-video-preview:-1"},"canonical":"https:\/\/escapehunt.com\/fr\/metz\/eh-academy-formulaire-de-contact\/","og_locale":"fr_FR","og_type":"article","og_title":"Ressources p\u00e9dagogiques escape game","og_description":"Vous recherchez des ressources p\u00e9dagogiques sur les escape game pour votre classe ? T\u00e9l\u00e9chargez notre guide \u00e9ducatif gratuit !","og_url":"https:\/\/escapehunt.com\/fr\/metz\/eh-academy-formulaire-de-contact\/","og_site_name":"Metz","article_modified_time":"2026-02-19T15:14:43+00:00","twitter_card":"summary_large_image","schema":{"@context":"https:\/\/schema.org","@graph":[{"@type":"WebPage","@id":"https:\/\/escapehunt.com\/fr\/metz\/eh-academy-formulaire-de-contact\/","url":"https:\/\/escapehunt.com\/fr\/metz\/eh-academy-formulaire-de-contact\/","name":"Ressources p\u00e9dagogiques escape game","isPartOf":{"@id":"https:\/\/escapehunt.com\/fr\/metz\/#website"},"datePublished":"2026-02-12T18:06:39+00:00","dateModified":"2026-02-19T15:14:43+00:00","description":"Vous recherchez des ressources p\u00e9dagogiques sur les escape game pour votre classe ? T\u00e9l\u00e9chargez notre guide \u00e9ducatif gratuit !","breadcrumb":{"@id":"https:\/\/escapehunt.com\/fr\/metz\/eh-academy-formulaire-de-contact\/#breadcrumb"},"inLanguage":"fr-FR","potentialAction":[{"@type":"ReadAction","target":["https:\/\/escapehunt.com\/fr\/metz\/eh-academy-formulaire-de-contact\/"]}]},{"@type":"BreadcrumbList","@id":"https:\/\/escapehunt.com\/fr\/metz\/eh-academy-formulaire-de-contact\/#breadcrumb","itemListElement":[{"@type":"ListItem","position":1,"name":"Blog","item":"https:\/\/escapehunt.com\/fr\/metz\/blog\/"},{"@type":"ListItem","position":2,"name":"EH Academy Formulaire de Contact"}]},{"@type":"WebSite","@id":"https:\/\/escapehunt.com\/fr\/metz\/#website","url":"https:\/\/escapehunt.com\/fr\/metz\/","name":"Metz","description":"Escape Hunt Metz \u2013 L&#039;Escape Game Incontournable \u00e0 Metz","potentialAction":[{"@type":"SearchAction","target":{"@type":"EntryPoint","urlTemplate":"https:\/\/escapehunt.com\/fr\/metz\/?s={search_term_string}"},"query-input":{"@type":"PropertyValueSpecification","valueRequired":true,"valueName":"search_term_string"}}],"inLanguage":"fr-FR"}]}},"custom_schema_json":"","_links":{"self":[{"href":"https:\/\/escapehunt.com\/fr\/metz\/wp-json\/wp\/v2\/pages\/45646","targetHints":{"allow":["GET"]}}],"collection":[{"href":"https:\/\/escapehunt.com\/fr\/metz\/wp-json\/wp\/v2\/pages"}],"about":[{"href":"https:\/\/escapehunt.com\/fr\/metz\/wp-json\/wp\/v2\/types\/page"}],"author":[{"embeddable":true,"href":"https:\/\/escapehunt.com\/fr\/metz\/wp-json\/wp\/v2\/users\/62"}],"replies":[{"embeddable":true,"href":"https:\/\/escapehunt.com\/fr\/metz\/wp-json\/wp\/v2\/comments?post=45646"}],"version-history":[{"count":2,"href":"https:\/\/escapehunt.com\/fr\/metz\/wp-json\/wp\/v2\/pages\/45646\/revisions"}],"predecessor-version":[{"id":45652,"href":"https:\/\/escapehunt.com\/fr\/metz\/wp-json\/wp\/v2\/pages\/45646\/revisions\/45652"}],"wp:attachment":[{"href":"https:\/\/escapehunt.com\/fr\/metz\/wp-json\/wp\/v2\/media?parent=45646"}],"curies":[{"name":"wp","href":"https:\/\/api.w.org\/{rel}","templated":true}]}}