{"id":44714,"date":"2020-04-28T08:33:06","date_gmt":"2020-04-28T08:33:06","guid":{"rendered":"https:\/\/escapehunt.com\/fr\/metz\/?page_id=44714"},"modified":"2020-07-21T15:39:51","modified_gmt":"2020-07-21T15:39:51","slug":"escape-game-chez-soi","status":"publish","type":"page","link":"https:\/\/escapehunt.com\/fr\/metz\/escape-game-chez-soi\/","title":{"rendered":"L&rsquo;escape game chez soi"},"content":{"rendered":"<p style=\"text-align: center;\"><strong>D\u00e9couvrez nos escape games \u00e0 jouer \u00e0 la maison depuis votre salon, seul ou \u00e0 plusieurs.\u00a0T\u00e9l\u00e9chargez votre pack, imprimez, d\u00e9coupez &#8230; jouez !\u00a0<\/strong><\/p>\n","protected":false},"excerpt":{"rendered":"<p>D\u00e9couvrez nos escape games \u00e0 jouer \u00e0 la maison depuis votre salon, seul ou \u00e0 plusieurs.\u00a0T\u00e9l\u00e9chargez votre pack, imprimez, d\u00e9coupez &#8230; jouez !\u00a0<\/p>\n","protected":false},"author":62,"featured_media":0,"parent":0,"menu_order":0,"comment_status":"closed","ping_status":"closed","template":"views\/kids-package.php","meta":{"_acf_changed":false,"footnotes":""},"class_list":["post-44714","page","type-page","status-publish","hentry"],"acf":{"custom_schema_json":""},"yoast_head":"<!-- This site is optimized with the Yoast SEO plugin v27.0 - https:\/\/yoast.com\/product\/yoast-seo-wordpress\/ -->\n<title>L&#039;escape game chez soi - Metz<\/title>\n<meta name=\"robots\" content=\"index, follow, max-snippet:-1, max-image-preview:large, max-video-preview:-1\" \/>\n<link rel=\"canonical\" href=\"https:\/\/escapehunt.com\/fr\/metz\/escape-game-chez-soi\/\" \/>\n<meta property=\"og:locale\" content=\"fr_FR\" \/>\n<meta property=\"og:type\" content=\"article\" \/>\n<meta property=\"og:title\" content=\"L&#039;escape game chez soi - Metz\" \/>\n<meta property=\"og:description\" content=\"D\u00e9couvrez nos escape games \u00e0 jouer \u00e0 la maison depuis votre salon, seul ou \u00e0 plusieurs.\u00a0T\u00e9l\u00e9chargez votre pack, imprimez, d\u00e9coupez &#8230; jouez !\u00a0\" \/>\n<meta property=\"og:url\" content=\"https:\/\/escapehunt.com\/fr\/metz\/escape-game-chez-soi\/\" \/>\n<meta property=\"og:site_name\" content=\"Metz\" \/>\n<meta property=\"article:modified_time\" content=\"2020-07-21T15:39:51+00:00\" \/>\n<meta name=\"twitter:card\" content=\"summary_large_image\" \/>\n<script type=\"application\/ld+json\" class=\"yoast-schema-graph\">{\"@context\":\"https:\/\/schema.org\",\"@graph\":[{\"@type\":\"WebPage\",\"@id\":\"https:\/\/escapehunt.com\/fr\/metz\/escape-game-chez-soi\/\",\"url\":\"https:\/\/escapehunt.com\/fr\/metz\/escape-game-chez-soi\/\",\"name\":\"L'escape game chez soi - Metz\",\"isPartOf\":{\"@id\":\"https:\/\/escapehunt.com\/fr\/metz\/#website\"},\"datePublished\":\"2020-04-28T08:33:06+00:00\",\"dateModified\":\"2020-07-21T15:39:51+00:00\",\"breadcrumb\":{\"@id\":\"https:\/\/escapehunt.com\/fr\/metz\/escape-game-chez-soi\/#breadcrumb\"},\"inLanguage\":\"fr-FR\",\"potentialAction\":[{\"@type\":\"ReadAction\",\"target\":[\"https:\/\/escapehunt.com\/fr\/metz\/escape-game-chez-soi\/\"]}]},{\"@type\":\"BreadcrumbList\",\"@id\":\"https:\/\/escapehunt.com\/fr\/metz\/escape-game-chez-soi\/#breadcrumb\",\"itemListElement\":[{\"@type\":\"ListItem\",\"position\":1,\"name\":\"Blog\",\"item\":\"https:\/\/escapehunt.com\/fr\/metz\/blog\/\"},{\"@type\":\"ListItem\",\"position\":2,\"name\":\"L&rsquo;escape game chez soi\"}]},{\"@type\":\"WebSite\",\"@id\":\"https:\/\/escapehunt.com\/fr\/metz\/#website\",\"url\":\"https:\/\/escapehunt.com\/fr\/metz\/\",\"name\":\"Metz\",\"description\":\"Escape Hunt Metz \u2013 L&#039;Escape Game Incontournable \u00e0 Metz\",\"potentialAction\":[{\"@type\":\"SearchAction\",\"target\":{\"@type\":\"EntryPoint\",\"urlTemplate\":\"https:\/\/escapehunt.com\/fr\/metz\/?s={search_term_string}\"},\"query-input\":{\"@type\":\"PropertyValueSpecification\",\"valueRequired\":true,\"valueName\":\"search_term_string\"}}],\"inLanguage\":\"fr-FR\"}]}<\/script>\n<!-- \/ Yoast SEO plugin. -->","yoast_head_json":{"title":"L'escape game chez soi - Metz","robots":{"index":"index","follow":"follow","max-snippet":"max-snippet:-1","max-image-preview":"max-image-preview:large","max-video-preview":"max-video-preview:-1"},"canonical":"https:\/\/escapehunt.com\/fr\/metz\/escape-game-chez-soi\/","og_locale":"fr_FR","og_type":"article","og_title":"L'escape game chez soi - Metz","og_description":"D\u00e9couvrez nos escape games \u00e0 jouer \u00e0 la maison depuis votre salon, seul ou \u00e0 plusieurs.\u00a0T\u00e9l\u00e9chargez votre pack, imprimez, d\u00e9coupez &#8230; jouez !\u00a0","og_url":"https:\/\/escapehunt.com\/fr\/metz\/escape-game-chez-soi\/","og_site_name":"Metz","article_modified_time":"2020-07-21T15:39:51+00:00","twitter_card":"summary_large_image","schema":{"@context":"https:\/\/schema.org","@graph":[{"@type":"WebPage","@id":"https:\/\/escapehunt.com\/fr\/metz\/escape-game-chez-soi\/","url":"https:\/\/escapehunt.com\/fr\/metz\/escape-game-chez-soi\/","name":"L'escape game chez soi - Metz","isPartOf":{"@id":"https:\/\/escapehunt.com\/fr\/metz\/#website"},"datePublished":"2020-04-28T08:33:06+00:00","dateModified":"2020-07-21T15:39:51+00:00","breadcrumb":{"@id":"https:\/\/escapehunt.com\/fr\/metz\/escape-game-chez-soi\/#breadcrumb"},"inLanguage":"fr-FR","potentialAction":[{"@type":"ReadAction","target":["https:\/\/escapehunt.com\/fr\/metz\/escape-game-chez-soi\/"]}]},{"@type":"BreadcrumbList","@id":"https:\/\/escapehunt.com\/fr\/metz\/escape-game-chez-soi\/#breadcrumb","itemListElement":[{"@type":"ListItem","position":1,"name":"Blog","item":"https:\/\/escapehunt.com\/fr\/metz\/blog\/"},{"@type":"ListItem","position":2,"name":"L&rsquo;escape game chez soi"}]},{"@type":"WebSite","@id":"https:\/\/escapehunt.com\/fr\/metz\/#website","url":"https:\/\/escapehunt.com\/fr\/metz\/","name":"Metz","description":"Escape Hunt Metz \u2013 L&#039;Escape Game Incontournable \u00e0 Metz","potentialAction":[{"@type":"SearchAction","target":{"@type":"EntryPoint","urlTemplate":"https:\/\/escapehunt.com\/fr\/metz\/?s={search_term_string}"},"query-input":{"@type":"PropertyValueSpecification","valueRequired":true,"valueName":"search_term_string"}}],"inLanguage":"fr-FR"}]}},"custom_schema_json":"","_links":{"self":[{"href":"https:\/\/escapehunt.com\/fr\/metz\/wp-json\/wp\/v2\/pages\/44714","targetHints":{"allow":["GET"]}}],"collection":[{"href":"https:\/\/escapehunt.com\/fr\/metz\/wp-json\/wp\/v2\/pages"}],"about":[{"href":"https:\/\/escapehunt.com\/fr\/metz\/wp-json\/wp\/v2\/types\/page"}],"author":[{"embeddable":true,"href":"https:\/\/escapehunt.com\/fr\/metz\/wp-json\/wp\/v2\/users\/62"}],"replies":[{"embeddable":true,"href":"https:\/\/escapehunt.com\/fr\/metz\/wp-json\/wp\/v2\/comments?post=44714"}],"version-history":[{"count":5,"href":"https:\/\/escapehunt.com\/fr\/metz\/wp-json\/wp\/v2\/pages\/44714\/revisions"}],"predecessor-version":[{"id":44753,"href":"https:\/\/escapehunt.com\/fr\/metz\/wp-json\/wp\/v2\/pages\/44714\/revisions\/44753"}],"wp:attachment":[{"href":"https:\/\/escapehunt.com\/fr\/metz\/wp-json\/wp\/v2\/media?parent=44714"}],"curies":[{"name":"wp","href":"https:\/\/api.w.org\/{rel}","templated":true}]}}