{"id":43225,"date":"2020-06-01T13:59:50","date_gmt":"2020-06-01T13:59:50","guid":{"rendered":"https:\/\/escapehunt.com\/fr\/marseille\/?page_id=43225"},"modified":"2021-10-01T15:30:25","modified_gmt":"2021-10-01T15:30:25","slug":"jouons-en-confiance","status":"publish","type":"page","link":"https:\/\/escapehunt.com\/fr\/marseille\/jouons-en-confiance\/","title":{"rendered":"Jouons en confiance"},"content":{"rendered":"<p><b>Escape Hunt adh\u00e8re \u00e0 la charte <\/b><a style=\"font-weight: bold;\" href=\"http:\/\/jouonsenconfiance.fr\/\">jouonsenconfiance.fr<\/a><b> \u00e9labor\u00e9e avec nos confr\u00e8res et syndicats professionnels. <\/b><b>D\u00e9couvrez les mesures prises pour vous accueillir dans les meilleures conditions au sein de nos Escape Game, dans le respect des protocoles sanitaire contre le Covid-19.<\/b><\/p>\n<h4>VOTRE ARRIV\u00c9E<\/h4>\n<p>?\u200d?\u200d?\u200d? Vous pourrez acc\u00e9der \u00e0 l&rsquo;\u00e9tablissement une fois votre groupe au complet.<\/p>\n<p>? Attendez que l&rsquo;on vienne vous chercher devant la porte.<\/p>\n<p>? Du gel hydroalcoolique est mis \u00e0 disposition pour tous \u00e0 l&rsquo;arriv\u00e9e.<\/p>\n<p>? Le port du masque est obligatoire dans l&rsquo;\u00e9tablissement pour notre \u00e9quipes, et \u00e9galement pour nos joueurs.<\/p>\n<div id=\"cc-m-18582056225\" class=\"j-module n j-text \">\n<h4>UNE QUESTION ?<\/h4>\n<p><strong>Si vous avez la moindre question quant \u00e0 votre venue, n&rsquo;h\u00e9sitez pas \u00e0 nous contacter \u00e0 <a href=\"mailto:marseille@escapehunt.com\">marseille@escapehunt.com<\/a>.<\/strong><\/p>\n<\/div>\n","protected":false},"excerpt":{"rendered":"<p>Escape Hunt adh\u00e8re \u00e0 la charte jouonsenconfiance.fr \u00e9labor\u00e9e avec nos confr\u00e8res et syndicats professionnels. D\u00e9couvrez les mesures prises pour vous accueillir dans les meilleures conditions au sein de nos Escape&hellip;<\/p>\n","protected":false},"author":62,"featured_media":0,"parent":0,"menu_order":0,"comment_status":"closed","ping_status":"closed","template":"","meta":{"_acf_changed":false,"footnotes":""},"class_list":["post-43225","page","type-page","status-publish","hentry"],"acf":{"custom_schema_json":""},"yoast_head":"<!-- This site is optimized with the Yoast SEO plugin v27.0 - https:\/\/yoast.com\/product\/yoast-seo-wordpress\/ -->\n<title>Jouons en confiance - Marseille<\/title>\n<meta name=\"robots\" content=\"index, follow, max-snippet:-1, max-image-preview:large, max-video-preview:-1\" \/>\n<link rel=\"canonical\" href=\"https:\/\/escapehunt.com\/fr\/marseille\/jouons-en-confiance\/\" \/>\n<meta property=\"og:locale\" content=\"fr_FR\" \/>\n<meta property=\"og:type\" content=\"article\" \/>\n<meta property=\"og:title\" content=\"Jouons en confiance - Marseille\" \/>\n<meta property=\"og:description\" content=\"Escape Hunt adh\u00e8re \u00e0 la charte jouonsenconfiance.fr \u00e9labor\u00e9e avec nos confr\u00e8res et syndicats professionnels. D\u00e9couvrez les mesures prises pour vous accueillir dans les meilleures conditions au sein de nos Escape&hellip;\" \/>\n<meta property=\"og:url\" content=\"https:\/\/escapehunt.com\/fr\/marseille\/jouons-en-confiance\/\" \/>\n<meta property=\"og:site_name\" content=\"Marseille\" \/>\n<meta property=\"article:modified_time\" content=\"2021-10-01T15:30:25+00:00\" \/>\n<meta name=\"twitter:card\" content=\"summary_large_image\" \/>\n<meta name=\"twitter:label1\" content=\"Dur\u00e9e de lecture estim\u00e9e\" \/>\n\t<meta name=\"twitter:data1\" content=\"1 minute\" \/>\n<script type=\"application\/ld+json\" class=\"yoast-schema-graph\">{\"@context\":\"https:\/\/schema.org\",\"@graph\":[{\"@type\":\"WebPage\",\"@id\":\"https:\/\/escapehunt.com\/fr\/marseille\/jouons-en-confiance\/\",\"url\":\"https:\/\/escapehunt.com\/fr\/marseille\/jouons-en-confiance\/\",\"name\":\"Jouons en confiance - Marseille\",\"isPartOf\":{\"@id\":\"https:\/\/escapehunt.com\/fr\/marseille\/#website\"},\"datePublished\":\"2020-06-01T13:59:50+00:00\",\"dateModified\":\"2021-10-01T15:30:25+00:00\",\"breadcrumb\":{\"@id\":\"https:\/\/escapehunt.com\/fr\/marseille\/jouons-en-confiance\/#breadcrumb\"},\"inLanguage\":\"fr-FR\",\"potentialAction\":[{\"@type\":\"ReadAction\",\"target\":[\"https:\/\/escapehunt.com\/fr\/marseille\/jouons-en-confiance\/\"]}]},{\"@type\":\"BreadcrumbList\",\"@id\":\"https:\/\/escapehunt.com\/fr\/marseille\/jouons-en-confiance\/#breadcrumb\",\"itemListElement\":[{\"@type\":\"ListItem\",\"position\":1,\"name\":\"Blog\",\"item\":\"https:\/\/escapehunt.com\/fr\/marseille\/blog\/\"},{\"@type\":\"ListItem\",\"position\":2,\"name\":\"Jouons en confiance\"}]},{\"@type\":\"WebSite\",\"@id\":\"https:\/\/escapehunt.com\/fr\/marseille\/#website\",\"url\":\"https:\/\/escapehunt.com\/fr\/marseille\/\",\"name\":\"Marseille\",\"description\":\"Escape Hunt Marseille \u2013 L\u2019Escape Game Num\u00e9ro 1 \u00e0 Marseille\",\"potentialAction\":[{\"@type\":\"SearchAction\",\"target\":{\"@type\":\"EntryPoint\",\"urlTemplate\":\"https:\/\/escapehunt.com\/fr\/marseille\/?s={search_term_string}\"},\"query-input\":{\"@type\":\"PropertyValueSpecification\",\"valueRequired\":true,\"valueName\":\"search_term_string\"}}],\"inLanguage\":\"fr-FR\"}]}<\/script>\n<!-- \/ Yoast SEO plugin. -->","yoast_head_json":{"title":"Jouons en confiance - Marseille","robots":{"index":"index","follow":"follow","max-snippet":"max-snippet:-1","max-image-preview":"max-image-preview:large","max-video-preview":"max-video-preview:-1"},"canonical":"https:\/\/escapehunt.com\/fr\/marseille\/jouons-en-confiance\/","og_locale":"fr_FR","og_type":"article","og_title":"Jouons en confiance - Marseille","og_description":"Escape Hunt adh\u00e8re \u00e0 la charte jouonsenconfiance.fr \u00e9labor\u00e9e avec nos confr\u00e8res et syndicats professionnels. D\u00e9couvrez les mesures prises pour vous accueillir dans les meilleures conditions au sein de nos Escape&hellip;","og_url":"https:\/\/escapehunt.com\/fr\/marseille\/jouons-en-confiance\/","og_site_name":"Marseille","article_modified_time":"2021-10-01T15:30:25+00:00","twitter_card":"summary_large_image","twitter_misc":{"Dur\u00e9e de lecture estim\u00e9e":"1 minute"},"schema":{"@context":"https:\/\/schema.org","@graph":[{"@type":"WebPage","@id":"https:\/\/escapehunt.com\/fr\/marseille\/jouons-en-confiance\/","url":"https:\/\/escapehunt.com\/fr\/marseille\/jouons-en-confiance\/","name":"Jouons en confiance - Marseille","isPartOf":{"@id":"https:\/\/escapehunt.com\/fr\/marseille\/#website"},"datePublished":"2020-06-01T13:59:50+00:00","dateModified":"2021-10-01T15:30:25+00:00","breadcrumb":{"@id":"https:\/\/escapehunt.com\/fr\/marseille\/jouons-en-confiance\/#breadcrumb"},"inLanguage":"fr-FR","potentialAction":[{"@type":"ReadAction","target":["https:\/\/escapehunt.com\/fr\/marseille\/jouons-en-confiance\/"]}]},{"@type":"BreadcrumbList","@id":"https:\/\/escapehunt.com\/fr\/marseille\/jouons-en-confiance\/#breadcrumb","itemListElement":[{"@type":"ListItem","position":1,"name":"Blog","item":"https:\/\/escapehunt.com\/fr\/marseille\/blog\/"},{"@type":"ListItem","position":2,"name":"Jouons en confiance"}]},{"@type":"WebSite","@id":"https:\/\/escapehunt.com\/fr\/marseille\/#website","url":"https:\/\/escapehunt.com\/fr\/marseille\/","name":"Marseille","description":"Escape Hunt Marseille \u2013 L\u2019Escape Game Num\u00e9ro 1 \u00e0 Marseille","potentialAction":[{"@type":"SearchAction","target":{"@type":"EntryPoint","urlTemplate":"https:\/\/escapehunt.com\/fr\/marseille\/?s={search_term_string}"},"query-input":{"@type":"PropertyValueSpecification","valueRequired":true,"valueName":"search_term_string"}}],"inLanguage":"fr-FR"}]}},"custom_schema_json":"","_links":{"self":[{"href":"https:\/\/escapehunt.com\/fr\/marseille\/wp-json\/wp\/v2\/pages\/43225","targetHints":{"allow":["GET"]}}],"collection":[{"href":"https:\/\/escapehunt.com\/fr\/marseille\/wp-json\/wp\/v2\/pages"}],"about":[{"href":"https:\/\/escapehunt.com\/fr\/marseille\/wp-json\/wp\/v2\/types\/page"}],"author":[{"embeddable":true,"href":"https:\/\/escapehunt.com\/fr\/marseille\/wp-json\/wp\/v2\/users\/62"}],"replies":[{"embeddable":true,"href":"https:\/\/escapehunt.com\/fr\/marseille\/wp-json\/wp\/v2\/comments?post=43225"}],"version-history":[{"count":3,"href":"https:\/\/escapehunt.com\/fr\/marseille\/wp-json\/wp\/v2\/pages\/43225\/revisions"}],"predecessor-version":[{"id":43328,"href":"https:\/\/escapehunt.com\/fr\/marseille\/wp-json\/wp\/v2\/pages\/43225\/revisions\/43328"}],"wp:attachment":[{"href":"https:\/\/escapehunt.com\/fr\/marseille\/wp-json\/wp\/v2\/media?parent=43225"}],"curies":[{"name":"wp","href":"https:\/\/api.w.org\/{rel}","templated":true}]}}