{"id":26312,"date":"2020-05-03T13:03:55","date_gmt":"2020-05-03T11:03:55","guid":{"rendered":"https:\/\/escapehunt.com\/fr\/?page_id=26312"},"modified":"2026-02-27T18:33:05","modified_gmt":"2026-02-27T17:33:05","slug":"lescape-game-chez-vous","status":"publish","type":"page","link":"https:\/\/escapehunt.com\/fr\/en\/lescape-game-chez-vous\/","title":{"rendered":"Print &#038; Play at home game"},"content":{"rendered":"<p style=\"text-align: center;\"><strong>D\u00e9couvrez nos escape games \u00e0 jouer \u00e0 la maison depuis votre salon, seul ou \u00e0 plusieurs.\u00a0T\u00e9l\u00e9chargez votre pack, imprimez, d\u00e9coupez &#8230; jouez !\u00a0<\/strong><\/p>\n","protected":false},"excerpt":{"rendered":"<p>D\u00e9couvrez nos escape games \u00e0 jouer \u00e0 la maison depuis votre salon, seul ou \u00e0 plusieurs.\u00a0T\u00e9l\u00e9chargez votre pack, imprimez, d\u00e9coupez &#8230; jouez !\u00a0<\/p>\n","protected":false},"author":62,"featured_media":0,"parent":0,"menu_order":0,"comment_status":"closed","ping_status":"closed","template":"templates\/template-flexible.php","meta":{"_acf_changed":false,"footnotes":""},"class_list":["post-26312","page","type-page","status-publish","hentry"],"acf":{"custom_schema_json":""},"yoast_head":"<!-- This site is optimized with the Yoast SEO plugin v27.0 - https:\/\/yoast.com\/product\/yoast-seo-wordpress\/ -->\n<title>Print &amp; Play jeux \u00e0 la maison | Escape Hunt<\/title>\n<meta name=\"description\" content=\"D\u00e9couvrez nos escape game \u00e0 la maison. T\u00e9l\u00e9chargez, imprimez et jouez directement depuis votre canap\u00e9 ! 9 sc\u00e9narios \u00e0 d\u00e9vouvrir.\" \/>\n<meta name=\"robots\" content=\"index, follow, max-snippet:-1, max-image-preview:large, max-video-preview:-1\" \/>\n<link rel=\"canonical\" href=\"https:\/\/escapehunt.com\/fr\/en\/lescape-game-chez-vous\/\" \/>\n<meta property=\"og:locale\" content=\"en_US\" \/>\n<meta property=\"og:type\" content=\"article\" \/>\n<meta property=\"og:title\" content=\"Print &amp; Play jeux \u00e0 la maison | Escape Hunt\" \/>\n<meta property=\"og:description\" content=\"D\u00e9couvrez nos escape game \u00e0 la maison. T\u00e9l\u00e9chargez, imprimez et jouez directement depuis votre canap\u00e9 ! 9 sc\u00e9narios \u00e0 d\u00e9vouvrir.\" \/>\n<meta property=\"og:url\" content=\"https:\/\/escapehunt.com\/fr\/en\/lescape-game-chez-vous\/\" \/>\n<meta property=\"og:site_name\" content=\"France\" \/>\n<meta property=\"article:modified_time\" content=\"2026-02-27T17:33:05+00:00\" \/>\n<meta name=\"twitter:card\" content=\"summary_large_image\" \/>\n<meta name=\"twitter:label1\" content=\"Est. reading time\" \/>\n\t<meta name=\"twitter:data1\" content=\"1 minute\" \/>\n<script type=\"application\/ld+json\" class=\"yoast-schema-graph\">{\"@context\":\"https:\/\/schema.org\",\"@graph\":[{\"@type\":\"WebPage\",\"@id\":\"https:\/\/escapehunt.com\/fr\/en\/lescape-game-chez-vous\/\",\"url\":\"https:\/\/escapehunt.com\/fr\/en\/lescape-game-chez-vous\/\",\"name\":\"Print & Play jeux \u00e0 la maison | Escape Hunt\",\"isPartOf\":{\"@id\":\"https:\/\/escapehunt.com\/fr\/#website\"},\"datePublished\":\"2020-05-03T11:03:55+00:00\",\"dateModified\":\"2026-02-27T17:33:05+00:00\",\"description\":\"D\u00e9couvrez nos escape game \u00e0 la maison. T\u00e9l\u00e9chargez, imprimez et jouez directement depuis votre canap\u00e9 ! 9 sc\u00e9narios \u00e0 d\u00e9vouvrir.\",\"breadcrumb\":{\"@id\":\"https:\/\/escapehunt.com\/fr\/en\/lescape-game-chez-vous\/#breadcrumb\"},\"inLanguage\":\"en-US\",\"potentialAction\":[{\"@type\":\"ReadAction\",\"target\":[\"https:\/\/escapehunt.com\/fr\/en\/lescape-game-chez-vous\/\"]}]},{\"@type\":\"BreadcrumbList\",\"@id\":\"https:\/\/escapehunt.com\/fr\/en\/lescape-game-chez-vous\/#breadcrumb\",\"itemListElement\":[{\"@type\":\"ListItem\",\"position\":1,\"name\":\"Blog\",\"item\":\"https:\/\/escapehunt.com\/fr\/en\/blog\/\"},{\"@type\":\"ListItem\",\"position\":2,\"name\":\"Print &#038; Play at home game\"}]},{\"@type\":\"WebSite\",\"@id\":\"https:\/\/escapehunt.com\/fr\/#website\",\"url\":\"https:\/\/escapehunt.com\/fr\/\",\"name\":\"France\",\"description\":\"\",\"potentialAction\":[{\"@type\":\"SearchAction\",\"target\":{\"@type\":\"EntryPoint\",\"urlTemplate\":\"https:\/\/escapehunt.com\/fr\/?s={search_term_string}\"},\"query-input\":{\"@type\":\"PropertyValueSpecification\",\"valueRequired\":true,\"valueName\":\"search_term_string\"}}],\"inLanguage\":\"en-US\"}]}<\/script>\n<!-- \/ Yoast SEO plugin. -->","yoast_head_json":{"title":"Print & Play jeux \u00e0 la maison | Escape Hunt","description":"D\u00e9couvrez nos escape game \u00e0 la maison. T\u00e9l\u00e9chargez, imprimez et jouez directement depuis votre canap\u00e9 ! 9 sc\u00e9narios \u00e0 d\u00e9vouvrir.","robots":{"index":"index","follow":"follow","max-snippet":"max-snippet:-1","max-image-preview":"max-image-preview:large","max-video-preview":"max-video-preview:-1"},"canonical":"https:\/\/escapehunt.com\/fr\/en\/lescape-game-chez-vous\/","og_locale":"en_US","og_type":"article","og_title":"Print & Play jeux \u00e0 la maison | Escape Hunt","og_description":"D\u00e9couvrez nos escape game \u00e0 la maison. T\u00e9l\u00e9chargez, imprimez et jouez directement depuis votre canap\u00e9 ! 9 sc\u00e9narios \u00e0 d\u00e9vouvrir.","og_url":"https:\/\/escapehunt.com\/fr\/en\/lescape-game-chez-vous\/","og_site_name":"France","article_modified_time":"2026-02-27T17:33:05+00:00","twitter_card":"summary_large_image","twitter_misc":{"Est. reading time":"1 minute"},"schema":{"@context":"https:\/\/schema.org","@graph":[{"@type":"WebPage","@id":"https:\/\/escapehunt.com\/fr\/en\/lescape-game-chez-vous\/","url":"https:\/\/escapehunt.com\/fr\/en\/lescape-game-chez-vous\/","name":"Print & Play jeux \u00e0 la maison | Escape Hunt","isPartOf":{"@id":"https:\/\/escapehunt.com\/fr\/#website"},"datePublished":"2020-05-03T11:03:55+00:00","dateModified":"2026-02-27T17:33:05+00:00","description":"D\u00e9couvrez nos escape game \u00e0 la maison. T\u00e9l\u00e9chargez, imprimez et jouez directement depuis votre canap\u00e9 ! 9 sc\u00e9narios \u00e0 d\u00e9vouvrir.","breadcrumb":{"@id":"https:\/\/escapehunt.com\/fr\/en\/lescape-game-chez-vous\/#breadcrumb"},"inLanguage":"en-US","potentialAction":[{"@type":"ReadAction","target":["https:\/\/escapehunt.com\/fr\/en\/lescape-game-chez-vous\/"]}]},{"@type":"BreadcrumbList","@id":"https:\/\/escapehunt.com\/fr\/en\/lescape-game-chez-vous\/#breadcrumb","itemListElement":[{"@type":"ListItem","position":1,"name":"Blog","item":"https:\/\/escapehunt.com\/fr\/en\/blog\/"},{"@type":"ListItem","position":2,"name":"Print &#038; Play at home game"}]},{"@type":"WebSite","@id":"https:\/\/escapehunt.com\/fr\/#website","url":"https:\/\/escapehunt.com\/fr\/","name":"France","description":"","potentialAction":[{"@type":"SearchAction","target":{"@type":"EntryPoint","urlTemplate":"https:\/\/escapehunt.com\/fr\/?s={search_term_string}"},"query-input":{"@type":"PropertyValueSpecification","valueRequired":true,"valueName":"search_term_string"}}],"inLanguage":"en-US"}]}},"custom_schema_json":"","_links":{"self":[{"href":"https:\/\/escapehunt.com\/fr\/en\/wp-json\/wp\/v2\/pages\/26312","targetHints":{"allow":["GET"]}}],"collection":[{"href":"https:\/\/escapehunt.com\/fr\/en\/wp-json\/wp\/v2\/pages"}],"about":[{"href":"https:\/\/escapehunt.com\/fr\/en\/wp-json\/wp\/v2\/types\/page"}],"author":[{"embeddable":true,"href":"https:\/\/escapehunt.com\/fr\/en\/wp-json\/wp\/v2\/users\/62"}],"replies":[{"embeddable":true,"href":"https:\/\/escapehunt.com\/fr\/en\/wp-json\/wp\/v2\/comments?post=26312"}],"version-history":[{"count":5,"href":"https:\/\/escapehunt.com\/fr\/en\/wp-json\/wp\/v2\/pages\/26312\/revisions"}],"predecessor-version":[{"id":26865,"href":"https:\/\/escapehunt.com\/fr\/en\/wp-json\/wp\/v2\/pages\/26312\/revisions\/26865"}],"wp:attachment":[{"href":"https:\/\/escapehunt.com\/fr\/en\/wp-json\/wp\/v2\/media?parent=26312"}],"curies":[{"name":"wp","href":"https:\/\/api.w.org\/{rel}","templated":true}]}}