{"id":26197,"date":"2020-06-01T13:09:07","date_gmt":"2020-06-01T11:09:07","guid":{"rendered":"https:\/\/escapehunt.com\/fr\/jeux-de-piste\/"},"modified":"2025-09-29T16:19:05","modified_gmt":"2025-09-29T14:19:05","slug":"outdoor-games","status":"publish","type":"page","link":"https:\/\/escapehunt.com\/fr\/en\/outdoor-games\/","title":{"rendered":"Outdoor Games"},"content":{"rendered":"<p>Red\u00e9couvrez votre ville de mani\u00e8re ludique et originale ou organisez une animation cl\u00e9 en main au coeur de votre \u00e9v\u00e9nement ou \u00e9tablissement.\u00a0Nos solutions sont 100% personnalisables et peuvent se configurer dans tout type de lieu, int\u00e9rieur ou ext\u00e9rieur.<\/p>\n<p>N&#8217;h\u00e9sitez pas \u00e0 nous contacter pour plus d&#8217;informations. <a href=\"mailto:france@escapehunt.com\">france@escapehunt.com<\/a><\/p>\n","protected":false},"excerpt":{"rendered":"<p>Red\u00e9couvrez votre ville de mani\u00e8re ludique et originale ou organisez une animation cl\u00e9 en main au coeur de votre \u00e9v\u00e9nement ou \u00e9tablissement.\u00a0Nos solutions sont 100% personnalisables et peuvent se configurer&hellip;<\/p>\n","protected":false},"author":62,"featured_media":0,"parent":0,"menu_order":0,"comment_status":"closed","ping_status":"closed","template":"templates\/template-flexible.php","meta":{"_acf_changed":false,"footnotes":""},"class_list":["post-26197","page","type-page","status-publish","hentry"],"acf":{"custom_schema_json":""},"yoast_head":"<!-- This site is optimized with the Yoast SEO plugin v27.0 - https:\/\/yoast.com\/product\/yoast-seo-wordpress\/ -->\n<title>Outdoor Games - Escape Hunt France<\/title>\n<meta name=\"description\" content=\"Red\u00e9couvrez votre ville de mani\u00e8re ludique et originale ou organisez une animation cl\u00e9 en main au coeur de votre \u00e9v\u00e9nement ou \u00e9tablissement.\" \/>\n<meta name=\"robots\" content=\"index, follow, max-snippet:-1, max-image-preview:large, max-video-preview:-1\" \/>\n<link rel=\"canonical\" href=\"https:\/\/escapehunt.com\/fr\/en\/outdoor-games\/\" \/>\n<meta property=\"og:locale\" content=\"en_US\" \/>\n<meta property=\"og:type\" content=\"article\" \/>\n<meta property=\"og:title\" content=\"Outdoor Games - Escape Hunt France\" \/>\n<meta property=\"og:description\" content=\"Red\u00e9couvrez votre ville de mani\u00e8re ludique et originale ou organisez une animation cl\u00e9 en main au coeur de votre \u00e9v\u00e9nement ou \u00e9tablissement.\" \/>\n<meta property=\"og:url\" content=\"https:\/\/escapehunt.com\/fr\/en\/outdoor-games\/\" \/>\n<meta property=\"og:site_name\" content=\"France\" \/>\n<meta property=\"article:modified_time\" content=\"2025-09-29T14:19:05+00:00\" \/>\n<meta name=\"twitter:card\" content=\"summary_large_image\" \/>\n<meta name=\"twitter:label1\" content=\"Est. reading time\" \/>\n\t<meta name=\"twitter:data1\" content=\"1 minute\" \/>\n<script type=\"application\/ld+json\" class=\"yoast-schema-graph\">{\"@context\":\"https:\/\/schema.org\",\"@graph\":[{\"@type\":\"WebPage\",\"@id\":\"https:\/\/escapehunt.com\/fr\/en\/outdoor-games\/\",\"url\":\"https:\/\/escapehunt.com\/fr\/en\/outdoor-games\/\",\"name\":\"Outdoor Games - Escape Hunt France\",\"isPartOf\":{\"@id\":\"https:\/\/escapehunt.com\/fr\/#website\"},\"datePublished\":\"2020-06-01T11:09:07+00:00\",\"dateModified\":\"2025-09-29T14:19:05+00:00\",\"description\":\"Red\u00e9couvrez votre ville de mani\u00e8re ludique et originale ou organisez une animation cl\u00e9 en main au coeur de votre \u00e9v\u00e9nement ou \u00e9tablissement.\",\"breadcrumb\":{\"@id\":\"https:\/\/escapehunt.com\/fr\/en\/outdoor-games\/#breadcrumb\"},\"inLanguage\":\"en-US\",\"potentialAction\":[{\"@type\":\"ReadAction\",\"target\":[\"https:\/\/escapehunt.com\/fr\/en\/outdoor-games\/\"]}]},{\"@type\":\"BreadcrumbList\",\"@id\":\"https:\/\/escapehunt.com\/fr\/en\/outdoor-games\/#breadcrumb\",\"itemListElement\":[{\"@type\":\"ListItem\",\"position\":1,\"name\":\"Blog\",\"item\":\"https:\/\/escapehunt.com\/fr\/en\/blog\/\"},{\"@type\":\"ListItem\",\"position\":2,\"name\":\"Outdoor Games\"}]},{\"@type\":\"WebSite\",\"@id\":\"https:\/\/escapehunt.com\/fr\/#website\",\"url\":\"https:\/\/escapehunt.com\/fr\/\",\"name\":\"France\",\"description\":\"\",\"potentialAction\":[{\"@type\":\"SearchAction\",\"target\":{\"@type\":\"EntryPoint\",\"urlTemplate\":\"https:\/\/escapehunt.com\/fr\/?s={search_term_string}\"},\"query-input\":{\"@type\":\"PropertyValueSpecification\",\"valueRequired\":true,\"valueName\":\"search_term_string\"}}],\"inLanguage\":\"en-US\"}]}<\/script>\n<!-- \/ Yoast SEO plugin. -->","yoast_head_json":{"title":"Outdoor Games - Escape Hunt France","description":"Red\u00e9couvrez votre ville de mani\u00e8re ludique et originale ou organisez une animation cl\u00e9 en main au coeur de votre \u00e9v\u00e9nement ou \u00e9tablissement.","robots":{"index":"index","follow":"follow","max-snippet":"max-snippet:-1","max-image-preview":"max-image-preview:large","max-video-preview":"max-video-preview:-1"},"canonical":"https:\/\/escapehunt.com\/fr\/en\/outdoor-games\/","og_locale":"en_US","og_type":"article","og_title":"Outdoor Games - Escape Hunt France","og_description":"Red\u00e9couvrez votre ville de mani\u00e8re ludique et originale ou organisez une animation cl\u00e9 en main au coeur de votre \u00e9v\u00e9nement ou \u00e9tablissement.","og_url":"https:\/\/escapehunt.com\/fr\/en\/outdoor-games\/","og_site_name":"France","article_modified_time":"2025-09-29T14:19:05+00:00","twitter_card":"summary_large_image","twitter_misc":{"Est. reading time":"1 minute"},"schema":{"@context":"https:\/\/schema.org","@graph":[{"@type":"WebPage","@id":"https:\/\/escapehunt.com\/fr\/en\/outdoor-games\/","url":"https:\/\/escapehunt.com\/fr\/en\/outdoor-games\/","name":"Outdoor Games - Escape Hunt France","isPartOf":{"@id":"https:\/\/escapehunt.com\/fr\/#website"},"datePublished":"2020-06-01T11:09:07+00:00","dateModified":"2025-09-29T14:19:05+00:00","description":"Red\u00e9couvrez votre ville de mani\u00e8re ludique et originale ou organisez une animation cl\u00e9 en main au coeur de votre \u00e9v\u00e9nement ou \u00e9tablissement.","breadcrumb":{"@id":"https:\/\/escapehunt.com\/fr\/en\/outdoor-games\/#breadcrumb"},"inLanguage":"en-US","potentialAction":[{"@type":"ReadAction","target":["https:\/\/escapehunt.com\/fr\/en\/outdoor-games\/"]}]},{"@type":"BreadcrumbList","@id":"https:\/\/escapehunt.com\/fr\/en\/outdoor-games\/#breadcrumb","itemListElement":[{"@type":"ListItem","position":1,"name":"Blog","item":"https:\/\/escapehunt.com\/fr\/en\/blog\/"},{"@type":"ListItem","position":2,"name":"Outdoor Games"}]},{"@type":"WebSite","@id":"https:\/\/escapehunt.com\/fr\/#website","url":"https:\/\/escapehunt.com\/fr\/","name":"France","description":"","potentialAction":[{"@type":"SearchAction","target":{"@type":"EntryPoint","urlTemplate":"https:\/\/escapehunt.com\/fr\/?s={search_term_string}"},"query-input":{"@type":"PropertyValueSpecification","valueRequired":true,"valueName":"search_term_string"}}],"inLanguage":"en-US"}]}},"custom_schema_json":"","_links":{"self":[{"href":"https:\/\/escapehunt.com\/fr\/en\/wp-json\/wp\/v2\/pages\/26197","targetHints":{"allow":["GET"]}}],"collection":[{"href":"https:\/\/escapehunt.com\/fr\/en\/wp-json\/wp\/v2\/pages"}],"about":[{"href":"https:\/\/escapehunt.com\/fr\/en\/wp-json\/wp\/v2\/types\/page"}],"author":[{"embeddable":true,"href":"https:\/\/escapehunt.com\/fr\/en\/wp-json\/wp\/v2\/users\/62"}],"replies":[{"embeddable":true,"href":"https:\/\/escapehunt.com\/fr\/en\/wp-json\/wp\/v2\/comments?post=26197"}],"version-history":[{"count":5,"href":"https:\/\/escapehunt.com\/fr\/en\/wp-json\/wp\/v2\/pages\/26197\/revisions"}],"predecessor-version":[{"id":26795,"href":"https:\/\/escapehunt.com\/fr\/en\/wp-json\/wp\/v2\/pages\/26197\/revisions\/26795"}],"wp:attachment":[{"href":"https:\/\/escapehunt.com\/fr\/en\/wp-json\/wp\/v2\/media?parent=26197"}],"curies":[{"name":"wp","href":"https:\/\/api.w.org\/{rel}","templated":true}]}}