{"id":81,"date":"2018-10-03T09:18:33","date_gmt":"2018-10-03T09:18:33","guid":{"rendered":"http:\/\/s27835.p712.sites.pressdns.com\/fr\/bordeaux\/?page_id=81"},"modified":"2025-08-08T12:07:48","modified_gmt":"2025-08-08T12:07:48","slug":"booking","status":"publish","type":"page","link":"https:\/\/escapehunt.com\/fr\/clermont-ferrand\/booking\/","title":{"rendered":"L\u2019AVENTURE COMMENCE ICI"},"content":{"rendered":"<p><span style=\"font-weight: 400;\">Choisissez parmi nos 4 sc\u00e9narios d&rsquo;escape room : <\/span><span style=\"font-weight: 400;\">Panique \u00e0 Gergovie (2 salles de 5 personnes), Le Fant\u00f4me de la cath\u00e9drale (2 salles de 5 personnes), Le Cercle Noir des Catacombes (2 salles de 5 personnes) et l&rsquo;Asile (1 salle de 6 personnes).<br \/>\nOu bien r\u00e9servez notre jeu de piste Urban Quest Clermont-Ferrand (jusqu&rsquo;\u00e0 100 joueurs en simultan\u00e9).<\/span><\/p>\n<p>Retrouvez tous nos partenariats et <a href=\"https:\/\/escapehunt.com\/fr\/clermont-ferrand\/promotions\/tarifs-reduits\/\" target=\"_blank\" rel=\"noopener\">tarifs r\u00e9duits ici<\/a>.<\/p>\n<p><span style=\"color: #eb5c2e;\"><strong>Vous \u00eates nombreux ?\u00a0<\/strong><\/span><\/p>\n<p>Si vous \u00eates plus de 5 ou 6 joueurs, il vous faudra r\u00e9server plusieurs salles de jeu. Dans un premier temps, choisissez la date, le th\u00e8me et le cr\u00e9neau qui vous convient. Puis choisissez vos options, entrez vos coordonn\u00e9es et une fois arriv\u00e9 sur votre panier, pensez bien \u00e0 ajouter une nouvelle r\u00e9servation pour r\u00e9server une seconde salle. \u00c0 vous de jouer !<\/p>\n<p><span style=\"color: #eb5c2e;\"><strong>Vous souhaitez jouer aujourd&rsquo;hui ?<\/strong><\/span><\/p>\n<p>Nous sommes ouverts du mardi au dimanche. Pour anticiper au mieux votre accueil, nous avons bloqu\u00e9 les r\u00e9servations en ligne 6h \u00e0 l&rsquo;avance. Cependant, vous pouvez toujours tenter votre chance en nous appelant au 09 83 59 60 90 et nous vous dirons si nous pouvons vous recevoir dans un d\u00e9lai plus restreint. <span style=\"color: #eb5c2e;\"><strong>Sans r\u00e9ponse de notre part, il ne faudra pas consid\u00e9rer la salle comme disponible.<\/strong><\/span><\/p>\n","protected":false},"excerpt":{"rendered":"<p>Choisissez parmi nos 4 sc\u00e9narios d&rsquo;escape room : Panique \u00e0 Gergovie (2 salles de 5 personnes), Le Fant\u00f4me de la cath\u00e9drale (2 salles de 5 personnes), Le Cercle Noir des&hellip;<\/p>\n","protected":false},"author":12,"featured_media":0,"parent":0,"menu_order":0,"comment_status":"closed","ping_status":"closed","template":"views\/booking.php","meta":{"_acf_changed":false,"footnotes":""},"class_list":["post-81","page","type-page","status-publish","hentry"],"acf":{"custom_schema_json":""},"yoast_head":"<!-- This site is optimized with the Yoast SEO plugin v27.0 - https:\/\/yoast.com\/product\/yoast-seo-wordpress\/ -->\n<title>L\u2019AVENTURE COMMENCE ICI - R\u00e9servez votre Escape Game | Escape Hunt Clermont-Ferrand<\/title>\n<meta name=\"description\" content=\"R\u00e9servez les jeux incontournables d&#039;Escape Hunt Clermont-Ferrand. S\u00e9lectionnez le nombre de participants et r\u00e9servez d\u00e8s aujourd&#039;hui votre exp\u00e9rience Escape Hunt.\" \/>\n<meta name=\"robots\" content=\"index, follow, max-snippet:-1, max-image-preview:large, max-video-preview:-1\" \/>\n<link rel=\"canonical\" href=\"https:\/\/escapehunt.com\/fr\/clermont-ferrand\/booking\/\" \/>\n<meta property=\"og:locale\" content=\"fr_FR\" \/>\n<meta property=\"og:type\" content=\"article\" \/>\n<meta property=\"og:title\" content=\"L\u2019AVENTURE COMMENCE ICI - R\u00e9servez votre Escape Game | Escape Hunt Clermont-Ferrand\" \/>\n<meta property=\"og:description\" content=\"R\u00e9servez les jeux incontournables d&#039;Escape Hunt Clermont-Ferrand. S\u00e9lectionnez le nombre de participants et r\u00e9servez d\u00e8s aujourd&#039;hui votre exp\u00e9rience Escape Hunt.\" \/>\n<meta property=\"og:url\" content=\"https:\/\/escapehunt.com\/fr\/clermont-ferrand\/booking\/\" \/>\n<meta property=\"og:site_name\" content=\"Clermont-Ferrand\" \/>\n<meta property=\"article:modified_time\" content=\"2025-08-08T12:07:48+00:00\" \/>\n<meta name=\"twitter:card\" content=\"summary_large_image\" \/>\n<meta name=\"twitter:label1\" content=\"Dur\u00e9e de lecture estim\u00e9e\" \/>\n\t<meta name=\"twitter:data1\" content=\"2 minutes\" \/>\n<script type=\"application\/ld+json\" class=\"yoast-schema-graph\">{\"@context\":\"https:\/\/schema.org\",\"@graph\":[{\"@type\":\"WebPage\",\"@id\":\"https:\/\/escapehunt.com\/fr\/clermont-ferrand\/booking\/\",\"url\":\"https:\/\/escapehunt.com\/fr\/clermont-ferrand\/booking\/\",\"name\":\"L\u2019AVENTURE COMMENCE ICI - R\u00e9servez votre Escape Game | Escape Hunt Clermont-Ferrand\",\"isPartOf\":{\"@id\":\"https:\/\/escapehunt.com\/fr\/clermont-ferrand\/#website\"},\"datePublished\":\"2018-10-03T09:18:33+00:00\",\"dateModified\":\"2025-08-08T12:07:48+00:00\",\"description\":\"R\u00e9servez les jeux incontournables d'Escape Hunt Clermont-Ferrand. S\u00e9lectionnez le nombre de participants et r\u00e9servez d\u00e8s aujourd'hui votre exp\u00e9rience Escape Hunt.\",\"breadcrumb\":{\"@id\":\"https:\/\/escapehunt.com\/fr\/clermont-ferrand\/booking\/#breadcrumb\"},\"inLanguage\":\"fr-FR\",\"potentialAction\":[{\"@type\":\"ReadAction\",\"target\":[\"https:\/\/escapehunt.com\/fr\/clermont-ferrand\/booking\/\"]}]},{\"@type\":\"BreadcrumbList\",\"@id\":\"https:\/\/escapehunt.com\/fr\/clermont-ferrand\/booking\/#breadcrumb\",\"itemListElement\":[{\"@type\":\"ListItem\",\"position\":1,\"name\":\"Blog\",\"item\":\"https:\/\/escapehunt.com\/fr\/clermont-ferrand\/blog-actualites-bons-plans\/\"},{\"@type\":\"ListItem\",\"position\":2,\"name\":\"L\u2019AVENTURE COMMENCE ICI\"}]},{\"@type\":\"WebSite\",\"@id\":\"https:\/\/escapehunt.com\/fr\/clermont-ferrand\/#website\",\"url\":\"https:\/\/escapehunt.com\/fr\/clermont-ferrand\/\",\"name\":\"Clermont-Ferrand\",\"description\":\"Escape Hunt Clermont Ferrand \u2013 Number 1 Escape Game in Clermont Ferrand\",\"potentialAction\":[{\"@type\":\"SearchAction\",\"target\":{\"@type\":\"EntryPoint\",\"urlTemplate\":\"https:\/\/escapehunt.com\/fr\/clermont-ferrand\/?s={search_term_string}\"},\"query-input\":{\"@type\":\"PropertyValueSpecification\",\"valueRequired\":true,\"valueName\":\"search_term_string\"}}],\"inLanguage\":\"fr-FR\"}]}<\/script>\n<!-- \/ Yoast SEO plugin. -->","yoast_head_json":{"title":"L\u2019AVENTURE COMMENCE ICI - R\u00e9servez votre Escape Game | Escape Hunt Clermont-Ferrand","description":"R\u00e9servez les jeux incontournables d'Escape Hunt Clermont-Ferrand. S\u00e9lectionnez le nombre de participants et r\u00e9servez d\u00e8s aujourd'hui votre exp\u00e9rience Escape Hunt.","robots":{"index":"index","follow":"follow","max-snippet":"max-snippet:-1","max-image-preview":"max-image-preview:large","max-video-preview":"max-video-preview:-1"},"canonical":"https:\/\/escapehunt.com\/fr\/clermont-ferrand\/booking\/","og_locale":"fr_FR","og_type":"article","og_title":"L\u2019AVENTURE COMMENCE ICI - R\u00e9servez votre Escape Game | Escape Hunt Clermont-Ferrand","og_description":"R\u00e9servez les jeux incontournables d'Escape Hunt Clermont-Ferrand. S\u00e9lectionnez le nombre de participants et r\u00e9servez d\u00e8s aujourd'hui votre exp\u00e9rience Escape Hunt.","og_url":"https:\/\/escapehunt.com\/fr\/clermont-ferrand\/booking\/","og_site_name":"Clermont-Ferrand","article_modified_time":"2025-08-08T12:07:48+00:00","twitter_card":"summary_large_image","twitter_misc":{"Dur\u00e9e de lecture estim\u00e9e":"2 minutes"},"schema":{"@context":"https:\/\/schema.org","@graph":[{"@type":"WebPage","@id":"https:\/\/escapehunt.com\/fr\/clermont-ferrand\/booking\/","url":"https:\/\/escapehunt.com\/fr\/clermont-ferrand\/booking\/","name":"L\u2019AVENTURE COMMENCE ICI - R\u00e9servez votre Escape Game | Escape Hunt Clermont-Ferrand","isPartOf":{"@id":"https:\/\/escapehunt.com\/fr\/clermont-ferrand\/#website"},"datePublished":"2018-10-03T09:18:33+00:00","dateModified":"2025-08-08T12:07:48+00:00","description":"R\u00e9servez les jeux incontournables d'Escape Hunt Clermont-Ferrand. S\u00e9lectionnez le nombre de participants et r\u00e9servez d\u00e8s aujourd'hui votre exp\u00e9rience Escape Hunt.","breadcrumb":{"@id":"https:\/\/escapehunt.com\/fr\/clermont-ferrand\/booking\/#breadcrumb"},"inLanguage":"fr-FR","potentialAction":[{"@type":"ReadAction","target":["https:\/\/escapehunt.com\/fr\/clermont-ferrand\/booking\/"]}]},{"@type":"BreadcrumbList","@id":"https:\/\/escapehunt.com\/fr\/clermont-ferrand\/booking\/#breadcrumb","itemListElement":[{"@type":"ListItem","position":1,"name":"Blog","item":"https:\/\/escapehunt.com\/fr\/clermont-ferrand\/blog-actualites-bons-plans\/"},{"@type":"ListItem","position":2,"name":"L\u2019AVENTURE COMMENCE ICI"}]},{"@type":"WebSite","@id":"https:\/\/escapehunt.com\/fr\/clermont-ferrand\/#website","url":"https:\/\/escapehunt.com\/fr\/clermont-ferrand\/","name":"Clermont-Ferrand","description":"Escape Hunt Clermont Ferrand \u2013 Number 1 Escape Game in Clermont Ferrand","potentialAction":[{"@type":"SearchAction","target":{"@type":"EntryPoint","urlTemplate":"https:\/\/escapehunt.com\/fr\/clermont-ferrand\/?s={search_term_string}"},"query-input":{"@type":"PropertyValueSpecification","valueRequired":true,"valueName":"search_term_string"}}],"inLanguage":"fr-FR"}]}},"custom_schema_json":"","_links":{"self":[{"href":"https:\/\/escapehunt.com\/fr\/clermont-ferrand\/wp-json\/wp\/v2\/pages\/81","targetHints":{"allow":["GET"]}}],"collection":[{"href":"https:\/\/escapehunt.com\/fr\/clermont-ferrand\/wp-json\/wp\/v2\/pages"}],"about":[{"href":"https:\/\/escapehunt.com\/fr\/clermont-ferrand\/wp-json\/wp\/v2\/types\/page"}],"author":[{"embeddable":true,"href":"https:\/\/escapehunt.com\/fr\/clermont-ferrand\/wp-json\/wp\/v2\/users\/12"}],"replies":[{"embeddable":true,"href":"https:\/\/escapehunt.com\/fr\/clermont-ferrand\/wp-json\/wp\/v2\/comments?post=81"}],"version-history":[{"count":5,"href":"https:\/\/escapehunt.com\/fr\/clermont-ferrand\/wp-json\/wp\/v2\/pages\/81\/revisions"}],"predecessor-version":[{"id":46464,"href":"https:\/\/escapehunt.com\/fr\/clermont-ferrand\/wp-json\/wp\/v2\/pages\/81\/revisions\/46464"}],"wp:attachment":[{"href":"https:\/\/escapehunt.com\/fr\/clermont-ferrand\/wp-json\/wp\/v2\/media?parent=81"}],"curies":[{"name":"wp","href":"https:\/\/api.w.org\/{rel}","templated":true}]}}