{"id":45093,"date":"2020-09-30T11:28:40","date_gmt":"2020-09-30T11:28:40","guid":{"rendered":"https:\/\/escapehunt.com\/fr\/clermont-ferrand\/?page_id=45093"},"modified":"2021-09-22T10:20:26","modified_gmt":"2021-09-22T10:20:26","slug":"rentree-2020","status":"publish","type":"page","link":"https:\/\/escapehunt.com\/fr\/clermont-ferrand\/rentree-2020\/","title":{"rendered":"Rentr\u00e9e 2021"},"content":{"rendered":"<p><strong>La COVID19 a bouscul\u00e9 votre organisation et vos \u00e9quipes ? Nous nous adaptons !<\/strong><\/p>\n<p>Notre \u00e9tablissement a rouvert ses portes depuis le confinement et pris les mesures adapt\u00e9es pour vous accueillir dans les meilleures conditions. Nous en avons \u00e9galement profit\u00e9 pour \u00e9largir nos offres et vous proposer des activit\u00e9s compatibles avec la distanciation sociale et la nouvelle organisation. O\u00f9 que vous soyez, o\u00f9 que vous le sentiez, invitez vos collaborateurs \u00e0 se retrouver autour d\u2019une activit\u00e9 de coh\u00e9sion en toute s\u00e9curit\u00e9.<\/p>\n<p>&nbsp;<\/p>\n<p>&nbsp;<\/p>\n","protected":false},"excerpt":{"rendered":"<p>La COVID19 a bouscul\u00e9 votre organisation et vos \u00e9quipes ? Nous nous adaptons ! Notre \u00e9tablissement a rouvert ses portes depuis le confinement et pris les mesures adapt\u00e9es pour vous&hellip;<\/p>\n","protected":false},"author":78,"featured_media":0,"parent":0,"menu_order":0,"comment_status":"closed","ping_status":"closed","template":"templates\/template-flexible.php","meta":{"_acf_changed":false,"footnotes":""},"class_list":["post-45093","page","type-page","status-publish","hentry"],"acf":{"custom_schema_json":""},"yoast_head":"<!-- This site is optimized with the Yoast SEO plugin v27.0 - https:\/\/yoast.com\/product\/yoast-seo-wordpress\/ -->\n<title>Rentr\u00e9e 2021 - Clermont-Ferrand<\/title>\n<meta name=\"robots\" content=\"index, follow, max-snippet:-1, max-image-preview:large, max-video-preview:-1\" \/>\n<link rel=\"canonical\" href=\"https:\/\/escapehunt.com\/fr\/clermont-ferrand\/rentree-2020\/\" \/>\n<meta property=\"og:locale\" content=\"fr_FR\" \/>\n<meta property=\"og:type\" content=\"article\" \/>\n<meta property=\"og:title\" content=\"Rentr\u00e9e 2021 - Clermont-Ferrand\" \/>\n<meta property=\"og:description\" content=\"La COVID19 a bouscul\u00e9 votre organisation et vos \u00e9quipes ? Nous nous adaptons ! Notre \u00e9tablissement a rouvert ses portes depuis le confinement et pris les mesures adapt\u00e9es pour vous&hellip;\" \/>\n<meta property=\"og:url\" content=\"https:\/\/escapehunt.com\/fr\/clermont-ferrand\/rentree-2020\/\" \/>\n<meta property=\"og:site_name\" content=\"Clermont-Ferrand\" \/>\n<meta property=\"article:modified_time\" content=\"2021-09-22T10:20:26+00:00\" \/>\n<meta name=\"twitter:card\" content=\"summary_large_image\" \/>\n<script type=\"application\/ld+json\" class=\"yoast-schema-graph\">{\"@context\":\"https:\/\/schema.org\",\"@graph\":[{\"@type\":\"WebPage\",\"@id\":\"https:\/\/escapehunt.com\/fr\/clermont-ferrand\/rentree-2020\/\",\"url\":\"https:\/\/escapehunt.com\/fr\/clermont-ferrand\/rentree-2020\/\",\"name\":\"Rentr\u00e9e 2021 - Clermont-Ferrand\",\"isPartOf\":{\"@id\":\"https:\/\/escapehunt.com\/fr\/clermont-ferrand\/#website\"},\"datePublished\":\"2020-09-30T11:28:40+00:00\",\"dateModified\":\"2021-09-22T10:20:26+00:00\",\"breadcrumb\":{\"@id\":\"https:\/\/escapehunt.com\/fr\/clermont-ferrand\/rentree-2020\/#breadcrumb\"},\"inLanguage\":\"fr-FR\",\"potentialAction\":[{\"@type\":\"ReadAction\",\"target\":[\"https:\/\/escapehunt.com\/fr\/clermont-ferrand\/rentree-2020\/\"]}]},{\"@type\":\"BreadcrumbList\",\"@id\":\"https:\/\/escapehunt.com\/fr\/clermont-ferrand\/rentree-2020\/#breadcrumb\",\"itemListElement\":[{\"@type\":\"ListItem\",\"position\":1,\"name\":\"Blog\",\"item\":\"https:\/\/escapehunt.com\/fr\/clermont-ferrand\/blog-actualites-bons-plans\/\"},{\"@type\":\"ListItem\",\"position\":2,\"name\":\"Rentr\u00e9e 2021\"}]},{\"@type\":\"WebSite\",\"@id\":\"https:\/\/escapehunt.com\/fr\/clermont-ferrand\/#website\",\"url\":\"https:\/\/escapehunt.com\/fr\/clermont-ferrand\/\",\"name\":\"Clermont-Ferrand\",\"description\":\"Escape Hunt Clermont Ferrand \u2013 Number 1 Escape Game in Clermont Ferrand\",\"potentialAction\":[{\"@type\":\"SearchAction\",\"target\":{\"@type\":\"EntryPoint\",\"urlTemplate\":\"https:\/\/escapehunt.com\/fr\/clermont-ferrand\/?s={search_term_string}\"},\"query-input\":{\"@type\":\"PropertyValueSpecification\",\"valueRequired\":true,\"valueName\":\"search_term_string\"}}],\"inLanguage\":\"fr-FR\"}]}<\/script>\n<!-- \/ Yoast SEO plugin. -->","yoast_head_json":{"title":"Rentr\u00e9e 2021 - Clermont-Ferrand","robots":{"index":"index","follow":"follow","max-snippet":"max-snippet:-1","max-image-preview":"max-image-preview:large","max-video-preview":"max-video-preview:-1"},"canonical":"https:\/\/escapehunt.com\/fr\/clermont-ferrand\/rentree-2020\/","og_locale":"fr_FR","og_type":"article","og_title":"Rentr\u00e9e 2021 - Clermont-Ferrand","og_description":"La COVID19 a bouscul\u00e9 votre organisation et vos \u00e9quipes ? Nous nous adaptons ! Notre \u00e9tablissement a rouvert ses portes depuis le confinement et pris les mesures adapt\u00e9es pour vous&hellip;","og_url":"https:\/\/escapehunt.com\/fr\/clermont-ferrand\/rentree-2020\/","og_site_name":"Clermont-Ferrand","article_modified_time":"2021-09-22T10:20:26+00:00","twitter_card":"summary_large_image","schema":{"@context":"https:\/\/schema.org","@graph":[{"@type":"WebPage","@id":"https:\/\/escapehunt.com\/fr\/clermont-ferrand\/rentree-2020\/","url":"https:\/\/escapehunt.com\/fr\/clermont-ferrand\/rentree-2020\/","name":"Rentr\u00e9e 2021 - Clermont-Ferrand","isPartOf":{"@id":"https:\/\/escapehunt.com\/fr\/clermont-ferrand\/#website"},"datePublished":"2020-09-30T11:28:40+00:00","dateModified":"2021-09-22T10:20:26+00:00","breadcrumb":{"@id":"https:\/\/escapehunt.com\/fr\/clermont-ferrand\/rentree-2020\/#breadcrumb"},"inLanguage":"fr-FR","potentialAction":[{"@type":"ReadAction","target":["https:\/\/escapehunt.com\/fr\/clermont-ferrand\/rentree-2020\/"]}]},{"@type":"BreadcrumbList","@id":"https:\/\/escapehunt.com\/fr\/clermont-ferrand\/rentree-2020\/#breadcrumb","itemListElement":[{"@type":"ListItem","position":1,"name":"Blog","item":"https:\/\/escapehunt.com\/fr\/clermont-ferrand\/blog-actualites-bons-plans\/"},{"@type":"ListItem","position":2,"name":"Rentr\u00e9e 2021"}]},{"@type":"WebSite","@id":"https:\/\/escapehunt.com\/fr\/clermont-ferrand\/#website","url":"https:\/\/escapehunt.com\/fr\/clermont-ferrand\/","name":"Clermont-Ferrand","description":"Escape Hunt Clermont Ferrand \u2013 Number 1 Escape Game in Clermont Ferrand","potentialAction":[{"@type":"SearchAction","target":{"@type":"EntryPoint","urlTemplate":"https:\/\/escapehunt.com\/fr\/clermont-ferrand\/?s={search_term_string}"},"query-input":{"@type":"PropertyValueSpecification","valueRequired":true,"valueName":"search_term_string"}}],"inLanguage":"fr-FR"}]}},"custom_schema_json":"","_links":{"self":[{"href":"https:\/\/escapehunt.com\/fr\/clermont-ferrand\/wp-json\/wp\/v2\/pages\/45093","targetHints":{"allow":["GET"]}}],"collection":[{"href":"https:\/\/escapehunt.com\/fr\/clermont-ferrand\/wp-json\/wp\/v2\/pages"}],"about":[{"href":"https:\/\/escapehunt.com\/fr\/clermont-ferrand\/wp-json\/wp\/v2\/types\/page"}],"author":[{"embeddable":true,"href":"https:\/\/escapehunt.com\/fr\/clermont-ferrand\/wp-json\/wp\/v2\/users\/78"}],"replies":[{"embeddable":true,"href":"https:\/\/escapehunt.com\/fr\/clermont-ferrand\/wp-json\/wp\/v2\/comments?post=45093"}],"version-history":[{"count":5,"href":"https:\/\/escapehunt.com\/fr\/clermont-ferrand\/wp-json\/wp\/v2\/pages\/45093\/revisions"}],"predecessor-version":[{"id":45445,"href":"https:\/\/escapehunt.com\/fr\/clermont-ferrand\/wp-json\/wp\/v2\/pages\/45093\/revisions\/45445"}],"wp:attachment":[{"href":"https:\/\/escapehunt.com\/fr\/clermont-ferrand\/wp-json\/wp\/v2\/media?parent=45093"}],"curies":[{"name":"wp","href":"https:\/\/api.w.org\/{rel}","templated":true}]}}