{"id":75,"date":"2025-07-03T09:01:18","date_gmt":"2025-07-03T09:01:18","guid":{"rendered":"http:\/\/s27835.p712.sites.pressdns.com\/fr\/bordeaux\/?page_id=75"},"modified":"2025-10-03T09:37:16","modified_gmt":"2025-10-03T09:37:16","slug":"teambuilding-bordeaux","status":"publish","type":"page","link":"https:\/\/escapehunt.com\/fr\/bordeaux\/teambuilding-bordeaux\/","title":{"rendered":"Team Building Bordeaux | Escape Game &#038; S\u00e9minaire Entreprise"},"content":{"rendered":"<h4>Une Exp\u00e9rience Unique avec Escape Hunt<\/h4>\n<p>Escape Hunt Bordeaux est le lieu id\u00e9al pour organiser votre <a href=\"https:\/\/escapehunt.com\/fr\/bordeaux\/packages\/team-building-et-sortie-entreprise\/\">team building<\/a>, votre soir\u00e9e d&rsquo;entreprise, votre s\u00e9minaire, <a href=\"https:\/\/escapehunt.com\/fr\/bordeaux\/packages\/salle-de-reunion\/\">votre r\u00e9union<\/a> ou encore votre soir\u00e9e de No\u00ebl. Nous pouvons \u00e9galement nous d\u00e9placer chez vous via nos solutions d&rsquo;<a href=\"https:\/\/escapehunt.com\/fr\/bordeaux\/packages\/escape-game-mobile\/\">Escape Game mobile<\/a> ou encore vous proposer un <a href=\"https:\/\/urbanquest.fr\/\">jeu de piste<\/a> outdoor connect\u00e9.<\/p>\n<p>Chez Escape Hunt Bordeaux, nous proposons des exp\u00e9riences immersives qui renforcent la coh\u00e9sion d&rsquo;\u00e9quipe tout en offrant un moment inoubliable \u00e0 vos collaborateurs.<\/p>\n<h4>Des activit\u00e9s adapt\u00e9es \u00e0 toutes les entreprises<\/h4>\n<p>Que vous soyez une petite entreprise ou une grande structure, nous proposons des <strong>activit\u00e9s de team building \u00e0 Bordeaux<\/strong> adapt\u00e9es \u00e0 vos besoins.<\/p>\n<p><a class=\" button button--primary\" style=\"margin-right: 20px;\" href=\"mailto:bordeaux.entreprise@escapehunt.com?subject= \u00c9v\u00e9nements Pour Les Entreprises\">Nous contacter ici<\/a><\/p>\n","protected":false},"excerpt":{"rendered":"<p>Une Exp\u00e9rience Unique avec Escape Hunt Escape Hunt Bordeaux est le lieu id\u00e9al pour organiser votre team building, votre soir\u00e9e d&rsquo;entreprise, votre s\u00e9minaire, votre r\u00e9union ou encore votre soir\u00e9e de&hellip;<\/p>\n","protected":false},"author":12,"featured_media":52306,"parent":0,"menu_order":0,"comment_status":"closed","ping_status":"closed","template":"views\/team-building.php","meta":{"_acf_changed":false,"footnotes":""},"class_list":["post-75","page","type-page","status-publish","has-post-thumbnail","hentry"],"acf":{"custom_schema_json":""},"yoast_head":"<!-- This site is optimized with the Yoast SEO plugin v27.0 - https:\/\/yoast.com\/product\/yoast-seo-wordpress\/ -->\n<title>Team building Bordeaux | Escape Game jusqu&#039;\u00e0 100 personnes<\/title>\n<meta name=\"description\" content=\"Organisez un team building \u00e0 bordeaux pour favoriser la coh\u00e9sion d&#039;\u00e9quipe : escape game pour renforcer la coh\u00e9sion d\u2019\u00e9quipe !\" \/>\n<meta name=\"robots\" content=\"index, follow, max-snippet:-1, max-image-preview:large, max-video-preview:-1\" \/>\n<link rel=\"canonical\" href=\"https:\/\/escapehunt.com\/fr\/bordeaux\/teambuilding-bordeaux\/\" \/>\n<meta property=\"og:locale\" content=\"fr_FR\" \/>\n<meta property=\"og:type\" content=\"article\" \/>\n<meta property=\"og:title\" content=\"Team building Bordeaux | Escape Game jusqu&#039;\u00e0 100 personnes\" \/>\n<meta property=\"og:description\" content=\"Organisez un team building \u00e0 bordeaux pour favoriser la coh\u00e9sion d&#039;\u00e9quipe : escape game pour renforcer la coh\u00e9sion d\u2019\u00e9quipe !\" \/>\n<meta property=\"og:url\" content=\"https:\/\/escapehunt.com\/fr\/bordeaux\/teambuilding-bordeaux\/\" \/>\n<meta property=\"og:site_name\" content=\"Bordeaux\" \/>\n<meta property=\"article:modified_time\" content=\"2025-10-03T09:37:16+00:00\" \/>\n<meta property=\"og:image\" content=\"https:\/\/escapehunt.com\/fr\/bordeaux\/wp-content\/uploads\/sites\/41\/2024\/06\/EH-venue-background2.jpg\" \/>\n\t<meta property=\"og:image:width\" content=\"1500\" \/>\n\t<meta property=\"og:image:height\" content=\"1289\" \/>\n\t<meta property=\"og:image:type\" content=\"image\/jpeg\" \/>\n<meta name=\"twitter:card\" content=\"summary_large_image\" \/>\n<meta name=\"twitter:label1\" content=\"Dur\u00e9e de lecture estim\u00e9e\" \/>\n\t<meta name=\"twitter:data1\" content=\"1 minute\" \/>\n<script type=\"application\/ld+json\" class=\"yoast-schema-graph\">{\"@context\":\"https:\/\/schema.org\",\"@graph\":[{\"@type\":\"WebPage\",\"@id\":\"https:\/\/escapehunt.com\/fr\/bordeaux\/teambuilding-bordeaux\/\",\"url\":\"https:\/\/escapehunt.com\/fr\/bordeaux\/teambuilding-bordeaux\/\",\"name\":\"Team building Bordeaux | Escape Game jusqu'\u00e0 100 personnes\",\"isPartOf\":{\"@id\":\"https:\/\/escapehunt.com\/fr\/bordeaux\/#website\"},\"primaryImageOfPage\":{\"@id\":\"https:\/\/escapehunt.com\/fr\/bordeaux\/teambuilding-bordeaux\/#primaryimage\"},\"image\":{\"@id\":\"https:\/\/escapehunt.com\/fr\/bordeaux\/teambuilding-bordeaux\/#primaryimage\"},\"thumbnailUrl\":\"https:\/\/escapehunt.com\/fr\/bordeaux\/wp-content\/uploads\/sites\/41\/2024\/06\/EH-venue-background2.jpg\",\"datePublished\":\"2025-07-03T09:01:18+00:00\",\"dateModified\":\"2025-10-03T09:37:16+00:00\",\"description\":\"Organisez un team building \u00e0 bordeaux pour favoriser la coh\u00e9sion d'\u00e9quipe : escape game pour renforcer la coh\u00e9sion d\u2019\u00e9quipe !\",\"breadcrumb\":{\"@id\":\"https:\/\/escapehunt.com\/fr\/bordeaux\/teambuilding-bordeaux\/#breadcrumb\"},\"inLanguage\":\"fr-FR\",\"potentialAction\":[{\"@type\":\"ReadAction\",\"target\":[\"https:\/\/escapehunt.com\/fr\/bordeaux\/teambuilding-bordeaux\/\"]}]},{\"@type\":\"ImageObject\",\"inLanguage\":\"fr-FR\",\"@id\":\"https:\/\/escapehunt.com\/fr\/bordeaux\/teambuilding-bordeaux\/#primaryimage\",\"url\":\"https:\/\/escapehunt.com\/fr\/bordeaux\/wp-content\/uploads\/sites\/41\/2024\/06\/EH-venue-background2.jpg\",\"contentUrl\":\"https:\/\/escapehunt.com\/fr\/bordeaux\/wp-content\/uploads\/sites\/41\/2024\/06\/EH-venue-background2.jpg\",\"width\":1500,\"height\":1289,\"caption\":\"Escape game team building Bordeaux\"},{\"@type\":\"BreadcrumbList\",\"@id\":\"https:\/\/escapehunt.com\/fr\/bordeaux\/teambuilding-bordeaux\/#breadcrumb\",\"itemListElement\":[{\"@type\":\"ListItem\",\"position\":1,\"name\":\"Blog\",\"item\":\"https:\/\/escapehunt.com\/fr\/bordeaux\/escape-hunt-bordeaux-blog\/\"},{\"@type\":\"ListItem\",\"position\":2,\"name\":\"Team Building Bordeaux | Escape Game &#038; S\u00e9minaire Entreprise\"}]},{\"@type\":\"WebSite\",\"@id\":\"https:\/\/escapehunt.com\/fr\/bordeaux\/#website\",\"url\":\"https:\/\/escapehunt.com\/fr\/bordeaux\/\",\"name\":\"Bordeaux\",\"description\":\"Escape Hunt Bordeaux \u2013 Number 1 Escape Game in Bordeaux\",\"potentialAction\":[{\"@type\":\"SearchAction\",\"target\":{\"@type\":\"EntryPoint\",\"urlTemplate\":\"https:\/\/escapehunt.com\/fr\/bordeaux\/?s={search_term_string}\"},\"query-input\":{\"@type\":\"PropertyValueSpecification\",\"valueRequired\":true,\"valueName\":\"search_term_string\"}}],\"inLanguage\":\"fr-FR\"}]}<\/script>\n<!-- \/ Yoast SEO plugin. -->","yoast_head_json":{"title":"Team building Bordeaux | Escape Game jusqu'\u00e0 100 personnes","description":"Organisez un team building \u00e0 bordeaux pour favoriser la coh\u00e9sion d'\u00e9quipe : escape game pour renforcer la coh\u00e9sion d\u2019\u00e9quipe !","robots":{"index":"index","follow":"follow","max-snippet":"max-snippet:-1","max-image-preview":"max-image-preview:large","max-video-preview":"max-video-preview:-1"},"canonical":"https:\/\/escapehunt.com\/fr\/bordeaux\/teambuilding-bordeaux\/","og_locale":"fr_FR","og_type":"article","og_title":"Team building Bordeaux | Escape Game jusqu'\u00e0 100 personnes","og_description":"Organisez un team building \u00e0 bordeaux pour favoriser la coh\u00e9sion d'\u00e9quipe : escape game pour renforcer la coh\u00e9sion d\u2019\u00e9quipe !","og_url":"https:\/\/escapehunt.com\/fr\/bordeaux\/teambuilding-bordeaux\/","og_site_name":"Bordeaux","article_modified_time":"2025-10-03T09:37:16+00:00","og_image":[{"width":1500,"height":1289,"url":"https:\/\/escapehunt.com\/fr\/bordeaux\/wp-content\/uploads\/sites\/41\/2024\/06\/EH-venue-background2.jpg","type":"image\/jpeg"}],"twitter_card":"summary_large_image","twitter_misc":{"Dur\u00e9e de lecture estim\u00e9e":"1 minute"},"schema":{"@context":"https:\/\/schema.org","@graph":[{"@type":"WebPage","@id":"https:\/\/escapehunt.com\/fr\/bordeaux\/teambuilding-bordeaux\/","url":"https:\/\/escapehunt.com\/fr\/bordeaux\/teambuilding-bordeaux\/","name":"Team building Bordeaux | Escape Game jusqu'\u00e0 100 personnes","isPartOf":{"@id":"https:\/\/escapehunt.com\/fr\/bordeaux\/#website"},"primaryImageOfPage":{"@id":"https:\/\/escapehunt.com\/fr\/bordeaux\/teambuilding-bordeaux\/#primaryimage"},"image":{"@id":"https:\/\/escapehunt.com\/fr\/bordeaux\/teambuilding-bordeaux\/#primaryimage"},"thumbnailUrl":"https:\/\/escapehunt.com\/fr\/bordeaux\/wp-content\/uploads\/sites\/41\/2024\/06\/EH-venue-background2.jpg","datePublished":"2025-07-03T09:01:18+00:00","dateModified":"2025-10-03T09:37:16+00:00","description":"Organisez un team building \u00e0 bordeaux pour favoriser la coh\u00e9sion d'\u00e9quipe : escape game pour renforcer la coh\u00e9sion d\u2019\u00e9quipe !","breadcrumb":{"@id":"https:\/\/escapehunt.com\/fr\/bordeaux\/teambuilding-bordeaux\/#breadcrumb"},"inLanguage":"fr-FR","potentialAction":[{"@type":"ReadAction","target":["https:\/\/escapehunt.com\/fr\/bordeaux\/teambuilding-bordeaux\/"]}]},{"@type":"ImageObject","inLanguage":"fr-FR","@id":"https:\/\/escapehunt.com\/fr\/bordeaux\/teambuilding-bordeaux\/#primaryimage","url":"https:\/\/escapehunt.com\/fr\/bordeaux\/wp-content\/uploads\/sites\/41\/2024\/06\/EH-venue-background2.jpg","contentUrl":"https:\/\/escapehunt.com\/fr\/bordeaux\/wp-content\/uploads\/sites\/41\/2024\/06\/EH-venue-background2.jpg","width":1500,"height":1289,"caption":"Escape game team building Bordeaux"},{"@type":"BreadcrumbList","@id":"https:\/\/escapehunt.com\/fr\/bordeaux\/teambuilding-bordeaux\/#breadcrumb","itemListElement":[{"@type":"ListItem","position":1,"name":"Blog","item":"https:\/\/escapehunt.com\/fr\/bordeaux\/escape-hunt-bordeaux-blog\/"},{"@type":"ListItem","position":2,"name":"Team Building Bordeaux | Escape Game &#038; S\u00e9minaire Entreprise"}]},{"@type":"WebSite","@id":"https:\/\/escapehunt.com\/fr\/bordeaux\/#website","url":"https:\/\/escapehunt.com\/fr\/bordeaux\/","name":"Bordeaux","description":"Escape Hunt Bordeaux \u2013 Number 1 Escape Game in Bordeaux","potentialAction":[{"@type":"SearchAction","target":{"@type":"EntryPoint","urlTemplate":"https:\/\/escapehunt.com\/fr\/bordeaux\/?s={search_term_string}"},"query-input":{"@type":"PropertyValueSpecification","valueRequired":true,"valueName":"search_term_string"}}],"inLanguage":"fr-FR"}]}},"custom_schema_json":"","_links":{"self":[{"href":"https:\/\/escapehunt.com\/fr\/bordeaux\/wp-json\/wp\/v2\/pages\/75","targetHints":{"allow":["GET"]}}],"collection":[{"href":"https:\/\/escapehunt.com\/fr\/bordeaux\/wp-json\/wp\/v2\/pages"}],"about":[{"href":"https:\/\/escapehunt.com\/fr\/bordeaux\/wp-json\/wp\/v2\/types\/page"}],"author":[{"embeddable":true,"href":"https:\/\/escapehunt.com\/fr\/bordeaux\/wp-json\/wp\/v2\/users\/12"}],"replies":[{"embeddable":true,"href":"https:\/\/escapehunt.com\/fr\/bordeaux\/wp-json\/wp\/v2\/comments?post=75"}],"version-history":[{"count":5,"href":"https:\/\/escapehunt.com\/fr\/bordeaux\/wp-json\/wp\/v2\/pages\/75\/revisions"}],"predecessor-version":[{"id":53499,"href":"https:\/\/escapehunt.com\/fr\/bordeaux\/wp-json\/wp\/v2\/pages\/75\/revisions\/53499"}],"wp:featuredmedia":[{"embeddable":true,"href":"https:\/\/escapehunt.com\/fr\/bordeaux\/wp-json\/wp\/v2\/media\/52306"}],"wp:attachment":[{"href":"https:\/\/escapehunt.com\/fr\/bordeaux\/wp-json\/wp\/v2\/media?parent=75"}],"curies":[{"name":"wp","href":"https:\/\/api.w.org\/{rel}","templated":true}]}}