{"id":54046,"date":"2026-04-15T13:54:38","date_gmt":"2026-04-15T13:54:38","guid":{"rendered":"https:\/\/escapehunt.com\/fr\/bordeaux\/?page_id=54046"},"modified":"2026-04-15T13:54:38","modified_gmt":"2026-04-15T13:54:38","slug":"urban-quest-jeux-de-piste-bordeaux","status":"publish","type":"page","link":"https:\/\/escapehunt.com\/fr\/bordeaux\/urban-quest-jeux-de-piste-bordeaux\/","title":{"rendered":"Urban Quest &#8211; jeu de piste \u00e0 Bordeaux"},"content":{"rendered":"","protected":false},"excerpt":{"rendered":"","protected":false},"author":62,"featured_media":0,"parent":0,"menu_order":0,"comment_status":"closed","ping_status":"closed","template":"templates\/template-flexible.php","meta":{"_acf_changed":false,"footnotes":""},"class_list":["post-54046","page","type-page","status-publish","hentry"],"acf":{"custom_schema_json":""},"yoast_head":"<!-- This site is optimized with the Yoast SEO plugin v27.0 - https:\/\/yoast.com\/product\/yoast-seo-wordpress\/ -->\n<title>Urban Quest | Jeu en ext\u00e9rieur Bordeaux | Escape Hunt<\/title>\n<meta name=\"description\" content=\"Explorez Bordeaux comme jamais avec Urban Quest ! Un jeu de piste connect\u00e9 et unique qui vous propose \u00e9nigmes et d\u00e9fis au c\u0153ur de la ville.\" \/>\n<meta name=\"robots\" content=\"index, follow, max-snippet:-1, max-image-preview:large, max-video-preview:-1\" \/>\n<link rel=\"canonical\" href=\"https:\/\/escapehunt.com\/fr\/bordeaux\/urban-quest-jeux-de-piste-bordeaux\/\" \/>\n<meta property=\"og:locale\" content=\"fr_FR\" \/>\n<meta property=\"og:type\" content=\"article\" \/>\n<meta property=\"og:title\" content=\"Urban Quest | Jeu en ext\u00e9rieur Bordeaux | Escape Hunt\" \/>\n<meta property=\"og:description\" content=\"Explorez Bordeaux comme jamais avec Urban Quest ! Un jeu de piste connect\u00e9 et unique qui vous propose \u00e9nigmes et d\u00e9fis au c\u0153ur de la ville.\" \/>\n<meta property=\"og:url\" content=\"https:\/\/escapehunt.com\/fr\/bordeaux\/urban-quest-jeux-de-piste-bordeaux\/\" \/>\n<meta property=\"og:site_name\" content=\"Bordeaux\" \/>\n<meta name=\"twitter:card\" content=\"summary_large_image\" \/>\n<script type=\"application\/ld+json\" class=\"yoast-schema-graph\">{\"@context\":\"https:\/\/schema.org\",\"@graph\":[{\"@type\":\"WebPage\",\"@id\":\"https:\/\/escapehunt.com\/fr\/bordeaux\/urban-quest-jeux-de-piste-bordeaux\/\",\"url\":\"https:\/\/escapehunt.com\/fr\/bordeaux\/urban-quest-jeux-de-piste-bordeaux\/\",\"name\":\"Urban Quest | Jeu en ext\u00e9rieur Bordeaux | Escape Hunt\",\"isPartOf\":{\"@id\":\"https:\/\/escapehunt.com\/fr\/bordeaux\/#website\"},\"datePublished\":\"2026-04-15T13:54:38+00:00\",\"description\":\"Explorez Bordeaux comme jamais avec Urban Quest ! Un jeu de piste connect\u00e9 et unique qui vous propose \u00e9nigmes et d\u00e9fis au c\u0153ur de la ville.\",\"breadcrumb\":{\"@id\":\"https:\/\/escapehunt.com\/fr\/bordeaux\/urban-quest-jeux-de-piste-bordeaux\/#breadcrumb\"},\"inLanguage\":\"fr-FR\",\"potentialAction\":[{\"@type\":\"ReadAction\",\"target\":[\"https:\/\/escapehunt.com\/fr\/bordeaux\/urban-quest-jeux-de-piste-bordeaux\/\"]}]},{\"@type\":\"BreadcrumbList\",\"@id\":\"https:\/\/escapehunt.com\/fr\/bordeaux\/urban-quest-jeux-de-piste-bordeaux\/#breadcrumb\",\"itemListElement\":[{\"@type\":\"ListItem\",\"position\":1,\"name\":\"Blog\",\"item\":\"https:\/\/escapehunt.com\/fr\/bordeaux\/escape-hunt-bordeaux-blog\/\"},{\"@type\":\"ListItem\",\"position\":2,\"name\":\"Urban Quest &#8211; jeu de piste \u00e0 Bordeaux\"}]},{\"@type\":\"WebSite\",\"@id\":\"https:\/\/escapehunt.com\/fr\/bordeaux\/#website\",\"url\":\"https:\/\/escapehunt.com\/fr\/bordeaux\/\",\"name\":\"Bordeaux\",\"description\":\"Escape Hunt Bordeaux \u2013 Number 1 Escape Game in Bordeaux\",\"potentialAction\":[{\"@type\":\"SearchAction\",\"target\":{\"@type\":\"EntryPoint\",\"urlTemplate\":\"https:\/\/escapehunt.com\/fr\/bordeaux\/?s={search_term_string}\"},\"query-input\":{\"@type\":\"PropertyValueSpecification\",\"valueRequired\":true,\"valueName\":\"search_term_string\"}}],\"inLanguage\":\"fr-FR\"}]}<\/script>\n<!-- \/ Yoast SEO plugin. -->","yoast_head_json":{"title":"Urban Quest | Jeu en ext\u00e9rieur Bordeaux | Escape Hunt","description":"Explorez Bordeaux comme jamais avec Urban Quest ! Un jeu de piste connect\u00e9 et unique qui vous propose \u00e9nigmes et d\u00e9fis au c\u0153ur de la ville.","robots":{"index":"index","follow":"follow","max-snippet":"max-snippet:-1","max-image-preview":"max-image-preview:large","max-video-preview":"max-video-preview:-1"},"canonical":"https:\/\/escapehunt.com\/fr\/bordeaux\/urban-quest-jeux-de-piste-bordeaux\/","og_locale":"fr_FR","og_type":"article","og_title":"Urban Quest | Jeu en ext\u00e9rieur Bordeaux | Escape Hunt","og_description":"Explorez Bordeaux comme jamais avec Urban Quest ! Un jeu de piste connect\u00e9 et unique qui vous propose \u00e9nigmes et d\u00e9fis au c\u0153ur de la ville.","og_url":"https:\/\/escapehunt.com\/fr\/bordeaux\/urban-quest-jeux-de-piste-bordeaux\/","og_site_name":"Bordeaux","twitter_card":"summary_large_image","schema":{"@context":"https:\/\/schema.org","@graph":[{"@type":"WebPage","@id":"https:\/\/escapehunt.com\/fr\/bordeaux\/urban-quest-jeux-de-piste-bordeaux\/","url":"https:\/\/escapehunt.com\/fr\/bordeaux\/urban-quest-jeux-de-piste-bordeaux\/","name":"Urban Quest | Jeu en ext\u00e9rieur Bordeaux | Escape Hunt","isPartOf":{"@id":"https:\/\/escapehunt.com\/fr\/bordeaux\/#website"},"datePublished":"2026-04-15T13:54:38+00:00","description":"Explorez Bordeaux comme jamais avec Urban Quest ! Un jeu de piste connect\u00e9 et unique qui vous propose \u00e9nigmes et d\u00e9fis au c\u0153ur de la ville.","breadcrumb":{"@id":"https:\/\/escapehunt.com\/fr\/bordeaux\/urban-quest-jeux-de-piste-bordeaux\/#breadcrumb"},"inLanguage":"fr-FR","potentialAction":[{"@type":"ReadAction","target":["https:\/\/escapehunt.com\/fr\/bordeaux\/urban-quest-jeux-de-piste-bordeaux\/"]}]},{"@type":"BreadcrumbList","@id":"https:\/\/escapehunt.com\/fr\/bordeaux\/urban-quest-jeux-de-piste-bordeaux\/#breadcrumb","itemListElement":[{"@type":"ListItem","position":1,"name":"Blog","item":"https:\/\/escapehunt.com\/fr\/bordeaux\/escape-hunt-bordeaux-blog\/"},{"@type":"ListItem","position":2,"name":"Urban Quest &#8211; jeu de piste \u00e0 Bordeaux"}]},{"@type":"WebSite","@id":"https:\/\/escapehunt.com\/fr\/bordeaux\/#website","url":"https:\/\/escapehunt.com\/fr\/bordeaux\/","name":"Bordeaux","description":"Escape Hunt Bordeaux \u2013 Number 1 Escape Game in Bordeaux","potentialAction":[{"@type":"SearchAction","target":{"@type":"EntryPoint","urlTemplate":"https:\/\/escapehunt.com\/fr\/bordeaux\/?s={search_term_string}"},"query-input":{"@type":"PropertyValueSpecification","valueRequired":true,"valueName":"search_term_string"}}],"inLanguage":"fr-FR"}]}},"custom_schema_json":"","_links":{"self":[{"href":"https:\/\/escapehunt.com\/fr\/bordeaux\/wp-json\/wp\/v2\/pages\/54046","targetHints":{"allow":["GET"]}}],"collection":[{"href":"https:\/\/escapehunt.com\/fr\/bordeaux\/wp-json\/wp\/v2\/pages"}],"about":[{"href":"https:\/\/escapehunt.com\/fr\/bordeaux\/wp-json\/wp\/v2\/types\/page"}],"author":[{"embeddable":true,"href":"https:\/\/escapehunt.com\/fr\/bordeaux\/wp-json\/wp\/v2\/users\/62"}],"replies":[{"embeddable":true,"href":"https:\/\/escapehunt.com\/fr\/bordeaux\/wp-json\/wp\/v2\/comments?post=54046"}],"version-history":[{"count":3,"href":"https:\/\/escapehunt.com\/fr\/bordeaux\/wp-json\/wp\/v2\/pages\/54046\/revisions"}],"predecessor-version":[{"id":54052,"href":"https:\/\/escapehunt.com\/fr\/bordeaux\/wp-json\/wp\/v2\/pages\/54046\/revisions\/54052"}],"wp:attachment":[{"href":"https:\/\/escapehunt.com\/fr\/bordeaux\/wp-json\/wp\/v2\/media?parent=54046"}],"curies":[{"name":"wp","href":"https:\/\/api.w.org\/{rel}","templated":true}]}}