{"id":44990,"date":"2021-06-15T13:54:20","date_gmt":"2021-06-15T13:54:20","guid":{"rendered":"https:\/\/escapehunt.com\/fr\/bordeaux\/?page_id=44990"},"modified":"2026-03-27T16:11:23","modified_gmt":"2026-03-27T16:11:23","slug":"lescape-game-numero-1-a-bordeaux","status":"publish","type":"page","link":"https:\/\/escapehunt.com\/fr\/bordeaux\/","title":{"rendered":"L&rsquo;ESCAPE GAME NUM\u00c9RO 1 \u00c0 BORDEAUX"},"content":{"rendered":"","protected":false},"excerpt":{"rendered":"","protected":false},"author":59,"featured_media":0,"parent":0,"menu_order":0,"comment_status":"closed","ping_status":"closed","template":"views\/landing-city.php","meta":{"_acf_changed":false,"footnotes":""},"class_list":["post-44990","page","type-page","status-publish","hentry"],"acf":{"custom_schema_json":""},"yoast_head":"<!-- This site is optimized with the Yoast SEO plugin v27.0 - https:\/\/yoast.com\/product\/yoast-seo-wordpress\/ -->\n<title>L&#039;ESCAPE GAME NUM\u00c9RO 1 \u00c0 BORDEAUX - Bordeaux<\/title>\n<meta name=\"description\" content=\"L&#039;Escape Game incontournable \u00e0 Bordeaux. Id\u00e9al pour vos \u00e9v\u00e9nements, teambuilding, anniversaire, evg, evjf. Votre escape game \u00e0 Bordeaux !\" \/>\n<meta name=\"robots\" content=\"index, follow, max-snippet:-1, max-image-preview:large, max-video-preview:-1\" \/>\n<link rel=\"canonical\" href=\"https:\/\/escapehunt.com\/fr\/bordeaux\/\" \/>\n<meta property=\"og:locale\" content=\"fr_FR\" \/>\n<meta property=\"og:type\" content=\"article\" \/>\n<meta property=\"og:title\" content=\"L&#039;ESCAPE GAME NUM\u00c9RO 1 \u00c0 BORDEAUX - Bordeaux\" \/>\n<meta property=\"og:description\" content=\"L&#039;Escape Game incontournable \u00e0 Bordeaux. Id\u00e9al pour vos \u00e9v\u00e9nements, teambuilding, anniversaire, evg, evjf. Votre escape game \u00e0 Bordeaux !\" \/>\n<meta property=\"og:url\" content=\"https:\/\/escapehunt.com\/fr\/bordeaux\/\" \/>\n<meta property=\"og:site_name\" content=\"Bordeaux\" \/>\n<meta property=\"article:modified_time\" content=\"2026-03-27T16:11:23+00:00\" \/>\n<meta name=\"twitter:card\" content=\"summary_large_image\" \/>\n<script type=\"application\/ld+json\" class=\"yoast-schema-graph\">{\"@context\":\"https:\/\/schema.org\",\"@graph\":[{\"@type\":\"WebPage\",\"@id\":\"https:\/\/escapehunt.com\/fr\/bordeaux\/\",\"url\":\"https:\/\/escapehunt.com\/fr\/bordeaux\/\",\"name\":\"L'ESCAPE GAME NUM\u00c9RO 1 \u00c0 BORDEAUX - Bordeaux\",\"isPartOf\":{\"@id\":\"https:\/\/escapehunt.com\/fr\/bordeaux\/#website\"},\"datePublished\":\"2021-06-15T13:54:20+00:00\",\"dateModified\":\"2026-03-27T16:11:23+00:00\",\"description\":\"L'Escape Game incontournable \u00e0 Bordeaux. Id\u00e9al pour vos \u00e9v\u00e9nements, teambuilding, anniversaire, evg, evjf. Votre escape game \u00e0 Bordeaux !\",\"breadcrumb\":{\"@id\":\"https:\/\/escapehunt.com\/fr\/bordeaux\/#breadcrumb\"},\"inLanguage\":\"fr-FR\",\"potentialAction\":[{\"@type\":\"ReadAction\",\"target\":[\"https:\/\/escapehunt.com\/fr\/bordeaux\/\"]}]},{\"@type\":\"BreadcrumbList\",\"@id\":\"https:\/\/escapehunt.com\/fr\/bordeaux\/#breadcrumb\",\"itemListElement\":[{\"@type\":\"ListItem\",\"position\":1,\"name\":\"Blog\",\"item\":\"https:\/\/escapehunt.com\/fr\/bordeaux\/escape-hunt-bordeaux-blog\/\"},{\"@type\":\"ListItem\",\"position\":2,\"name\":\"L&rsquo;ESCAPE GAME NUM\u00c9RO 1 \u00c0 BORDEAUX\"}]},{\"@type\":\"WebSite\",\"@id\":\"https:\/\/escapehunt.com\/fr\/bordeaux\/#website\",\"url\":\"https:\/\/escapehunt.com\/fr\/bordeaux\/\",\"name\":\"Bordeaux\",\"description\":\"Escape Hunt Bordeaux \u2013 Number 1 Escape Game in Bordeaux\",\"potentialAction\":[{\"@type\":\"SearchAction\",\"target\":{\"@type\":\"EntryPoint\",\"urlTemplate\":\"https:\/\/escapehunt.com\/fr\/bordeaux\/?s={search_term_string}\"},\"query-input\":{\"@type\":\"PropertyValueSpecification\",\"valueRequired\":true,\"valueName\":\"search_term_string\"}}],\"inLanguage\":\"fr-FR\"}]}<\/script>\n<!-- \/ Yoast SEO plugin. -->","yoast_head_json":{"title":"L'ESCAPE GAME NUM\u00c9RO 1 \u00c0 BORDEAUX - Bordeaux","description":"L'Escape Game incontournable \u00e0 Bordeaux. Id\u00e9al pour vos \u00e9v\u00e9nements, teambuilding, anniversaire, evg, evjf. Votre escape game \u00e0 Bordeaux !","robots":{"index":"index","follow":"follow","max-snippet":"max-snippet:-1","max-image-preview":"max-image-preview:large","max-video-preview":"max-video-preview:-1"},"canonical":"https:\/\/escapehunt.com\/fr\/bordeaux\/","og_locale":"fr_FR","og_type":"article","og_title":"L'ESCAPE GAME NUM\u00c9RO 1 \u00c0 BORDEAUX - Bordeaux","og_description":"L'Escape Game incontournable \u00e0 Bordeaux. Id\u00e9al pour vos \u00e9v\u00e9nements, teambuilding, anniversaire, evg, evjf. Votre escape game \u00e0 Bordeaux !","og_url":"https:\/\/escapehunt.com\/fr\/bordeaux\/","og_site_name":"Bordeaux","article_modified_time":"2026-03-27T16:11:23+00:00","twitter_card":"summary_large_image","schema":{"@context":"https:\/\/schema.org","@graph":[{"@type":"WebPage","@id":"https:\/\/escapehunt.com\/fr\/bordeaux\/","url":"https:\/\/escapehunt.com\/fr\/bordeaux\/","name":"L'ESCAPE GAME NUM\u00c9RO 1 \u00c0 BORDEAUX - Bordeaux","isPartOf":{"@id":"https:\/\/escapehunt.com\/fr\/bordeaux\/#website"},"datePublished":"2021-06-15T13:54:20+00:00","dateModified":"2026-03-27T16:11:23+00:00","description":"L'Escape Game incontournable \u00e0 Bordeaux. Id\u00e9al pour vos \u00e9v\u00e9nements, teambuilding, anniversaire, evg, evjf. Votre escape game \u00e0 Bordeaux !","breadcrumb":{"@id":"https:\/\/escapehunt.com\/fr\/bordeaux\/#breadcrumb"},"inLanguage":"fr-FR","potentialAction":[{"@type":"ReadAction","target":["https:\/\/escapehunt.com\/fr\/bordeaux\/"]}]},{"@type":"BreadcrumbList","@id":"https:\/\/escapehunt.com\/fr\/bordeaux\/#breadcrumb","itemListElement":[{"@type":"ListItem","position":1,"name":"Blog","item":"https:\/\/escapehunt.com\/fr\/bordeaux\/escape-hunt-bordeaux-blog\/"},{"@type":"ListItem","position":2,"name":"L&rsquo;ESCAPE GAME NUM\u00c9RO 1 \u00c0 BORDEAUX"}]},{"@type":"WebSite","@id":"https:\/\/escapehunt.com\/fr\/bordeaux\/#website","url":"https:\/\/escapehunt.com\/fr\/bordeaux\/","name":"Bordeaux","description":"Escape Hunt Bordeaux \u2013 Number 1 Escape Game in Bordeaux","potentialAction":[{"@type":"SearchAction","target":{"@type":"EntryPoint","urlTemplate":"https:\/\/escapehunt.com\/fr\/bordeaux\/?s={search_term_string}"},"query-input":{"@type":"PropertyValueSpecification","valueRequired":true,"valueName":"search_term_string"}}],"inLanguage":"fr-FR"}]}},"custom_schema_json":"","_links":{"self":[{"href":"https:\/\/escapehunt.com\/fr\/bordeaux\/wp-json\/wp\/v2\/pages\/44990","targetHints":{"allow":["GET"]}}],"collection":[{"href":"https:\/\/escapehunt.com\/fr\/bordeaux\/wp-json\/wp\/v2\/pages"}],"about":[{"href":"https:\/\/escapehunt.com\/fr\/bordeaux\/wp-json\/wp\/v2\/types\/page"}],"author":[{"embeddable":true,"href":"https:\/\/escapehunt.com\/fr\/bordeaux\/wp-json\/wp\/v2\/users\/59"}],"replies":[{"embeddable":true,"href":"https:\/\/escapehunt.com\/fr\/bordeaux\/wp-json\/wp\/v2\/comments?post=44990"}],"version-history":[{"count":6,"href":"https:\/\/escapehunt.com\/fr\/bordeaux\/wp-json\/wp\/v2\/pages\/44990\/revisions"}],"predecessor-version":[{"id":53875,"href":"https:\/\/escapehunt.com\/fr\/bordeaux\/wp-json\/wp\/v2\/pages\/44990\/revisions\/53875"}],"wp:attachment":[{"href":"https:\/\/escapehunt.com\/fr\/bordeaux\/wp-json\/wp\/v2\/media?parent=44990"}],"curies":[{"name":"wp","href":"https:\/\/api.w.org\/{rel}","templated":true}]}}