{"id":25777,"date":"2019-09-16T15:35:23","date_gmt":"2019-09-16T15:35:23","guid":{"rendered":"https:\/\/escapehunt.com\/fr\/bordeaux\/thank-you-mothersday_giftbox\/"},"modified":"2019-09-16T15:43:46","modified_gmt":"2019-09-16T15:43:46","slug":"thank-you-mothersday_giftbox","status":"publish","type":"page","link":"https:\/\/escapehunt.com\/fr\/bordeaux\/thank-you-mothersday_giftbox\/","title":{"rendered":"Merci pour votre achat !"},"content":{"rendered":"<p>Votre coffret cadeau sera exp\u00e9di\u00e9 sous 24h<\/p>\n<p>Code du ch\u00e8que cadeau : [eh-token-voucher value=\u00a0\u00bbcode\u00a0\u00bb]<br \/>\nValeur : [eh-token-voucher value=\u00a0\u00bbvalue\u00a0\u00bb]<br \/>\nValide jusqu&rsquo;au : [eh-token-voucher value=\u00a0\u00bbvalid\u00a0\u00bb]<br \/>\nB\u00e9n\u00e9ficiaire : [eh-token-voucher value=\u00a0\u00bbrecipient_name\u00a0\u00bb]<br \/>\nAdresse de livraison : [eh-token-voucher value=\u00a0\u00bbrecipient_address\u00a0\u00bb]<\/p>\n<p>Vous aller recevoir un email avec le r\u00e9capitulatif de votre commande.<br \/>\nA bient\u00f4t chez Escape Hunt !<\/p>\n","protected":false},"excerpt":{"rendered":"<p>Votre coffret cadeau sera exp\u00e9di\u00e9 sous 24h Code du ch\u00e8que cadeau : [eh-token-voucher value=\u00a0\u00bbcode\u00a0\u00bb] Valeur : [eh-token-voucher value=\u00a0\u00bbvalue\u00a0\u00bb] Valide jusqu&rsquo;au : [eh-token-voucher value=\u00a0\u00bbvalid\u00a0\u00bb] B\u00e9n\u00e9ficiaire : [eh-token-voucher value=\u00a0\u00bbrecipient_name\u00a0\u00bb] Adresse de livraison&hellip;<\/p>\n","protected":false},"author":6,"featured_media":0,"parent":0,"menu_order":0,"comment_status":"closed","ping_status":"closed","template":"views\/order-thank-you-page.php","meta":{"_acf_changed":false,"footnotes":""},"class_list":["post-25777","page","type-page","status-publish","hentry"],"acf":{"custom_schema_json":""},"yoast_head":"<!-- This site is optimized with the Yoast SEO plugin v27.0 - https:\/\/yoast.com\/product\/yoast-seo-wordpress\/ -->\n<title>Merci pour votre achat ! - Bordeaux<\/title>\n<meta name=\"robots\" content=\"index, follow, max-snippet:-1, max-image-preview:large, max-video-preview:-1\" \/>\n<link rel=\"canonical\" href=\"https:\/\/escapehunt.com\/fr\/bordeaux\/thank-you-mothersday_giftbox\/\" \/>\n<meta property=\"og:locale\" content=\"fr_FR\" \/>\n<meta property=\"og:type\" content=\"article\" \/>\n<meta property=\"og:title\" content=\"Merci pour votre achat ! - Bordeaux\" \/>\n<meta property=\"og:description\" content=\"Votre coffret cadeau sera exp\u00e9di\u00e9 sous 24h Code du ch\u00e8que cadeau : [eh-token-voucher value=\u00a0\u00bbcode\u00a0\u00bb] Valeur : [eh-token-voucher value=\u00a0\u00bbvalue\u00a0\u00bb] Valide jusqu&rsquo;au : [eh-token-voucher value=\u00a0\u00bbvalid\u00a0\u00bb] B\u00e9n\u00e9ficiaire : [eh-token-voucher value=\u00a0\u00bbrecipient_name\u00a0\u00bb] Adresse de livraison&hellip;\" \/>\n<meta property=\"og:url\" content=\"https:\/\/escapehunt.com\/fr\/bordeaux\/thank-you-mothersday_giftbox\/\" \/>\n<meta property=\"og:site_name\" content=\"Bordeaux\" \/>\n<meta property=\"article:modified_time\" content=\"2019-09-16T15:43:46+00:00\" \/>\n<meta name=\"twitter:card\" content=\"summary_large_image\" \/>\n<script type=\"application\/ld+json\" class=\"yoast-schema-graph\">{\"@context\":\"https:\/\/schema.org\",\"@graph\":[{\"@type\":\"WebPage\",\"@id\":\"https:\/\/escapehunt.com\/fr\/bordeaux\/thank-you-mothersday_giftbox\/\",\"url\":\"https:\/\/escapehunt.com\/fr\/bordeaux\/thank-you-mothersday_giftbox\/\",\"name\":\"Merci pour votre achat ! - Bordeaux\",\"isPartOf\":{\"@id\":\"https:\/\/escapehunt.com\/fr\/bordeaux\/#website\"},\"datePublished\":\"2019-09-16T15:35:23+00:00\",\"dateModified\":\"2019-09-16T15:43:46+00:00\",\"breadcrumb\":{\"@id\":\"https:\/\/escapehunt.com\/fr\/bordeaux\/thank-you-mothersday_giftbox\/#breadcrumb\"},\"inLanguage\":\"fr-FR\",\"potentialAction\":[{\"@type\":\"ReadAction\",\"target\":[\"https:\/\/escapehunt.com\/fr\/bordeaux\/thank-you-mothersday_giftbox\/\"]}]},{\"@type\":\"BreadcrumbList\",\"@id\":\"https:\/\/escapehunt.com\/fr\/bordeaux\/thank-you-mothersday_giftbox\/#breadcrumb\",\"itemListElement\":[{\"@type\":\"ListItem\",\"position\":1,\"name\":\"Blog\",\"item\":\"https:\/\/escapehunt.com\/fr\/bordeaux\/escape-hunt-bordeaux-blog\/\"},{\"@type\":\"ListItem\",\"position\":2,\"name\":\"Merci pour votre achat !\"}]},{\"@type\":\"WebSite\",\"@id\":\"https:\/\/escapehunt.com\/fr\/bordeaux\/#website\",\"url\":\"https:\/\/escapehunt.com\/fr\/bordeaux\/\",\"name\":\"Bordeaux\",\"description\":\"Escape Hunt Bordeaux \u2013 Number 1 Escape Game in Bordeaux\",\"potentialAction\":[{\"@type\":\"SearchAction\",\"target\":{\"@type\":\"EntryPoint\",\"urlTemplate\":\"https:\/\/escapehunt.com\/fr\/bordeaux\/?s={search_term_string}\"},\"query-input\":{\"@type\":\"PropertyValueSpecification\",\"valueRequired\":true,\"valueName\":\"search_term_string\"}}],\"inLanguage\":\"fr-FR\"}]}<\/script>\n<!-- \/ Yoast SEO plugin. -->","yoast_head_json":{"title":"Merci pour votre achat ! - Bordeaux","robots":{"index":"index","follow":"follow","max-snippet":"max-snippet:-1","max-image-preview":"max-image-preview:large","max-video-preview":"max-video-preview:-1"},"canonical":"https:\/\/escapehunt.com\/fr\/bordeaux\/thank-you-mothersday_giftbox\/","og_locale":"fr_FR","og_type":"article","og_title":"Merci pour votre achat ! - Bordeaux","og_description":"Votre coffret cadeau sera exp\u00e9di\u00e9 sous 24h Code du ch\u00e8que cadeau : [eh-token-voucher value=\u00a0\u00bbcode\u00a0\u00bb] Valeur : [eh-token-voucher value=\u00a0\u00bbvalue\u00a0\u00bb] Valide jusqu&rsquo;au : [eh-token-voucher value=\u00a0\u00bbvalid\u00a0\u00bb] B\u00e9n\u00e9ficiaire : [eh-token-voucher value=\u00a0\u00bbrecipient_name\u00a0\u00bb] Adresse de livraison&hellip;","og_url":"https:\/\/escapehunt.com\/fr\/bordeaux\/thank-you-mothersday_giftbox\/","og_site_name":"Bordeaux","article_modified_time":"2019-09-16T15:43:46+00:00","twitter_card":"summary_large_image","schema":{"@context":"https:\/\/schema.org","@graph":[{"@type":"WebPage","@id":"https:\/\/escapehunt.com\/fr\/bordeaux\/thank-you-mothersday_giftbox\/","url":"https:\/\/escapehunt.com\/fr\/bordeaux\/thank-you-mothersday_giftbox\/","name":"Merci pour votre achat ! - Bordeaux","isPartOf":{"@id":"https:\/\/escapehunt.com\/fr\/bordeaux\/#website"},"datePublished":"2019-09-16T15:35:23+00:00","dateModified":"2019-09-16T15:43:46+00:00","breadcrumb":{"@id":"https:\/\/escapehunt.com\/fr\/bordeaux\/thank-you-mothersday_giftbox\/#breadcrumb"},"inLanguage":"fr-FR","potentialAction":[{"@type":"ReadAction","target":["https:\/\/escapehunt.com\/fr\/bordeaux\/thank-you-mothersday_giftbox\/"]}]},{"@type":"BreadcrumbList","@id":"https:\/\/escapehunt.com\/fr\/bordeaux\/thank-you-mothersday_giftbox\/#breadcrumb","itemListElement":[{"@type":"ListItem","position":1,"name":"Blog","item":"https:\/\/escapehunt.com\/fr\/bordeaux\/escape-hunt-bordeaux-blog\/"},{"@type":"ListItem","position":2,"name":"Merci pour votre achat !"}]},{"@type":"WebSite","@id":"https:\/\/escapehunt.com\/fr\/bordeaux\/#website","url":"https:\/\/escapehunt.com\/fr\/bordeaux\/","name":"Bordeaux","description":"Escape Hunt Bordeaux \u2013 Number 1 Escape Game in Bordeaux","potentialAction":[{"@type":"SearchAction","target":{"@type":"EntryPoint","urlTemplate":"https:\/\/escapehunt.com\/fr\/bordeaux\/?s={search_term_string}"},"query-input":{"@type":"PropertyValueSpecification","valueRequired":true,"valueName":"search_term_string"}}],"inLanguage":"fr-FR"}]}},"custom_schema_json":"","_links":{"self":[{"href":"https:\/\/escapehunt.com\/fr\/bordeaux\/wp-json\/wp\/v2\/pages\/25777","targetHints":{"allow":["GET"]}}],"collection":[{"href":"https:\/\/escapehunt.com\/fr\/bordeaux\/wp-json\/wp\/v2\/pages"}],"about":[{"href":"https:\/\/escapehunt.com\/fr\/bordeaux\/wp-json\/wp\/v2\/types\/page"}],"author":[{"embeddable":true,"href":"https:\/\/escapehunt.com\/fr\/bordeaux\/wp-json\/wp\/v2\/users\/6"}],"replies":[{"embeddable":true,"href":"https:\/\/escapehunt.com\/fr\/bordeaux\/wp-json\/wp\/v2\/comments?post=25777"}],"version-history":[{"count":1,"href":"https:\/\/escapehunt.com\/fr\/bordeaux\/wp-json\/wp\/v2\/pages\/25777\/revisions"}],"predecessor-version":[{"id":25794,"href":"https:\/\/escapehunt.com\/fr\/bordeaux\/wp-json\/wp\/v2\/pages\/25777\/revisions\/25794"}],"wp:attachment":[{"href":"https:\/\/escapehunt.com\/fr\/bordeaux\/wp-json\/wp\/v2\/media?parent=25777"}],"curies":[{"name":"wp","href":"https:\/\/api.w.org\/{rel}","templated":true}]}}