{"id":12,"date":"2025-07-03T09:01:18","date_gmt":"2025-07-03T09:01:18","guid":{"rendered":"http:\/\/s27835.p712.sites.pressdns.com\/fr\/bordeaux\/?page_id=12&#038;lang=en"},"modified":"2026-04-16T16:31:43","modified_gmt":"2026-04-16T16:31:43","slug":"teambuilding-bordeaux","status":"publish","type":"page","link":"https:\/\/escapehunt.com\/fr\/bordeaux\/en\/teambuilding-bordeaux\/","title":{"rendered":"Corporate Escape Room Team Building Bordeaux"},"content":{"rendered":"<h4>Une Exp\u00e9rience Unique avec Escape Hunt<\/h4>\n<p>Escape Hunt Bordeaux est le lieu id\u00e9al pour organiser votre <a href=\"https:\/\/escapehunt.com\/fr\/bordeaux\/en\/packages\/team-building-and-company-outing\/\">team building<\/a>, votre soir\u00e9e d&#8217;entreprise, votre s\u00e9minaire, <a href=\"https:\/\/escapehunt.com\/fr\/bordeaux\/packages\/salle-de-reunion\/\">votre r\u00e9union<\/a> ou encore votre soir\u00e9e de No\u00ebl. Nous pouvons \u00e9galement nous d\u00e9placer chez vous via nos solutions d&#8217;<a href=\"https:\/\/escapehunt.com\/fr\/bordeaux\/en\/packages\/mobile-escape-game\/\">Escape Game mobile<\/a> ou encore vous proposer un <a href=\"https:\/\/urbanquest.fr\/\">jeu de piste<\/a> outdoor connect\u00e9.<\/p>\n<p>Chez Escape Hunt Bordeaux, nous proposons des exp\u00e9riences immersives qui renforcent la coh\u00e9sion d&#8217;\u00e9quipe tout en offrant un moment inoubliable \u00e0 vos collaborateurs.<\/p>\n<h4>Des activit\u00e9s adapt\u00e9es \u00e0 toutes les entreprises<\/h4>\n<p>Que vous soyez une petite entreprise ou une grande structure, nous proposons des <strong>activit\u00e9s de team building \u00e0 Bordeaux<\/strong> adapt\u00e9es \u00e0 vos besoins.<\/p>\n<p><a class=\" button button--primary\" style=\"margin-right: 20px;\" href=\"mailto:bordeaux.entreprise@escapehunt.com?subject= \u00c9v\u00e9nements Pour Les Entreprises\">Nous contacter ici<\/a><\/p>\n","protected":false},"excerpt":{"rendered":"<p>Une Exp\u00e9rience Unique avec Escape Hunt Escape Hunt Bordeaux est le lieu id\u00e9al pour organiser votre team building, votre soir\u00e9e d&#8217;entreprise, votre s\u00e9minaire, votre r\u00e9union ou encore votre soir\u00e9e de&hellip;<\/p>\n","protected":false},"author":12,"featured_media":54165,"parent":0,"menu_order":0,"comment_status":"closed","ping_status":"closed","template":"templates\/template-flexible.php","meta":{"_acf_changed":false,"footnotes":""},"class_list":["post-12","page","type-page","status-publish","has-post-thumbnail","hentry"],"acf":{"custom_schema_json":""},"yoast_head":"<!-- This site is optimized with the Yoast SEO plugin v27.0 - https:\/\/yoast.com\/product\/yoast-seo-wordpress\/ -->\n<title>Team building Bordeaux | Escape Game up to 100 people<\/title>\n<meta name=\"description\" content=\"Organise a team-building event in Bordeaux to boost team spirit: an escape game to strengthen team spirit!\" \/>\n<meta name=\"robots\" content=\"index, follow, max-snippet:-1, max-image-preview:large, max-video-preview:-1\" \/>\n<link rel=\"canonical\" href=\"https:\/\/escapehunt.com\/fr\/bordeaux\/en\/teambuilding-bordeaux\/\" \/>\n<meta property=\"og:locale\" content=\"en_US\" \/>\n<meta property=\"og:type\" content=\"article\" \/>\n<meta property=\"og:title\" content=\"Team building Bordeaux | Escape Game up to 100 people\" \/>\n<meta property=\"og:description\" content=\"Organise a team-building event in Bordeaux to boost team spirit: an escape game to strengthen team spirit!\" \/>\n<meta property=\"og:url\" content=\"https:\/\/escapehunt.com\/fr\/bordeaux\/en\/teambuilding-bordeaux\/\" \/>\n<meta property=\"og:site_name\" content=\"Bordeaux\" \/>\n<meta property=\"article:modified_time\" content=\"2026-04-16T16:31:43+00:00\" \/>\n<meta property=\"og:image\" content=\"https:\/\/escapehunt.com\/fr\/bordeaux\/wp-content\/uploads\/sites\/41\/2024\/06\/EH-venue-background2.jpg\" \/>\n\t<meta property=\"og:image:width\" content=\"1500\" \/>\n\t<meta property=\"og:image:height\" content=\"1289\" \/>\n\t<meta property=\"og:image:type\" content=\"image\/jpeg\" \/>\n<meta name=\"twitter:card\" content=\"summary_large_image\" \/>\n<meta name=\"twitter:label1\" content=\"Est. reading time\" \/>\n\t<meta name=\"twitter:data1\" content=\"1 minute\" \/>\n<script type=\"application\/ld+json\" class=\"yoast-schema-graph\">{\"@context\":\"https:\/\/schema.org\",\"@graph\":[{\"@type\":\"WebPage\",\"@id\":\"https:\/\/escapehunt.com\/fr\/bordeaux\/en\/teambuilding-bordeaux\/\",\"url\":\"https:\/\/escapehunt.com\/fr\/bordeaux\/en\/teambuilding-bordeaux\/\",\"name\":\"Team building Bordeaux | Escape Game up to 100 people\",\"isPartOf\":{\"@id\":\"https:\/\/escapehunt.com\/fr\/bordeaux\/#website\"},\"primaryImageOfPage\":{\"@id\":\"https:\/\/escapehunt.com\/fr\/bordeaux\/en\/teambuilding-bordeaux\/#primaryimage\"},\"image\":{\"@id\":\"https:\/\/escapehunt.com\/fr\/bordeaux\/en\/teambuilding-bordeaux\/#primaryimage\"},\"thumbnailUrl\":\"https:\/\/escapehunt.com\/fr\/bordeaux\/wp-content\/uploads\/sites\/41\/2024\/06\/EH-venue-background2.jpg\",\"datePublished\":\"2025-07-03T09:01:18+00:00\",\"dateModified\":\"2026-04-16T16:31:43+00:00\",\"description\":\"Organise a team-building event in Bordeaux to boost team spirit: an escape game to strengthen team spirit!\",\"breadcrumb\":{\"@id\":\"https:\/\/escapehunt.com\/fr\/bordeaux\/en\/teambuilding-bordeaux\/#breadcrumb\"},\"inLanguage\":\"en-US\",\"potentialAction\":[{\"@type\":\"ReadAction\",\"target\":[\"https:\/\/escapehunt.com\/fr\/bordeaux\/en\/teambuilding-bordeaux\/\"]}]},{\"@type\":\"ImageObject\",\"inLanguage\":\"en-US\",\"@id\":\"https:\/\/escapehunt.com\/fr\/bordeaux\/en\/teambuilding-bordeaux\/#primaryimage\",\"url\":\"https:\/\/escapehunt.com\/fr\/bordeaux\/wp-content\/uploads\/sites\/41\/2024\/06\/EH-venue-background2.jpg\",\"contentUrl\":\"https:\/\/escapehunt.com\/fr\/bordeaux\/wp-content\/uploads\/sites\/41\/2024\/06\/EH-venue-background2.jpg\",\"width\":1500,\"height\":1289,\"caption\":\"Escape game team building Bordeaux\"},{\"@type\":\"BreadcrumbList\",\"@id\":\"https:\/\/escapehunt.com\/fr\/bordeaux\/en\/teambuilding-bordeaux\/#breadcrumb\",\"itemListElement\":[{\"@type\":\"ListItem\",\"position\":1,\"name\":\"Home\",\"item\":\"https:\/\/escapehunt.com\/fr\/bordeaux\/en\/\"},{\"@type\":\"ListItem\",\"position\":2,\"name\":\"Corporate Escape Room Team Building Bordeaux\"}]},{\"@type\":\"WebSite\",\"@id\":\"https:\/\/escapehunt.com\/fr\/bordeaux\/#website\",\"url\":\"https:\/\/escapehunt.com\/fr\/bordeaux\/\",\"name\":\"Bordeaux\",\"description\":\"Escape Hunt Bordeaux \u2013 Number 1 Escape Game in Bordeaux\",\"potentialAction\":[{\"@type\":\"SearchAction\",\"target\":{\"@type\":\"EntryPoint\",\"urlTemplate\":\"https:\/\/escapehunt.com\/fr\/bordeaux\/?s={search_term_string}\"},\"query-input\":{\"@type\":\"PropertyValueSpecification\",\"valueRequired\":true,\"valueName\":\"search_term_string\"}}],\"inLanguage\":\"en-US\"}]}<\/script>\n<!-- \/ Yoast SEO plugin. -->","yoast_head_json":{"title":"Team building Bordeaux | Escape Game up to 100 people","description":"Organise a team-building event in Bordeaux to boost team spirit: an escape game to strengthen team spirit!","robots":{"index":"index","follow":"follow","max-snippet":"max-snippet:-1","max-image-preview":"max-image-preview:large","max-video-preview":"max-video-preview:-1"},"canonical":"https:\/\/escapehunt.com\/fr\/bordeaux\/en\/teambuilding-bordeaux\/","og_locale":"en_US","og_type":"article","og_title":"Team building Bordeaux | Escape Game up to 100 people","og_description":"Organise a team-building event in Bordeaux to boost team spirit: an escape game to strengthen team spirit!","og_url":"https:\/\/escapehunt.com\/fr\/bordeaux\/en\/teambuilding-bordeaux\/","og_site_name":"Bordeaux","article_modified_time":"2026-04-16T16:31:43+00:00","og_image":[{"width":1500,"height":1289,"url":"https:\/\/escapehunt.com\/fr\/bordeaux\/wp-content\/uploads\/sites\/41\/2024\/06\/EH-venue-background2.jpg","type":"image\/jpeg"}],"twitter_card":"summary_large_image","twitter_misc":{"Est. reading time":"1 minute"},"schema":{"@context":"https:\/\/schema.org","@graph":[{"@type":"WebPage","@id":"https:\/\/escapehunt.com\/fr\/bordeaux\/en\/teambuilding-bordeaux\/","url":"https:\/\/escapehunt.com\/fr\/bordeaux\/en\/teambuilding-bordeaux\/","name":"Team building Bordeaux | Escape Game up to 100 people","isPartOf":{"@id":"https:\/\/escapehunt.com\/fr\/bordeaux\/#website"},"primaryImageOfPage":{"@id":"https:\/\/escapehunt.com\/fr\/bordeaux\/en\/teambuilding-bordeaux\/#primaryimage"},"image":{"@id":"https:\/\/escapehunt.com\/fr\/bordeaux\/en\/teambuilding-bordeaux\/#primaryimage"},"thumbnailUrl":"https:\/\/escapehunt.com\/fr\/bordeaux\/wp-content\/uploads\/sites\/41\/2024\/06\/EH-venue-background2.jpg","datePublished":"2025-07-03T09:01:18+00:00","dateModified":"2026-04-16T16:31:43+00:00","description":"Organise a team-building event in Bordeaux to boost team spirit: an escape game to strengthen team spirit!","breadcrumb":{"@id":"https:\/\/escapehunt.com\/fr\/bordeaux\/en\/teambuilding-bordeaux\/#breadcrumb"},"inLanguage":"en-US","potentialAction":[{"@type":"ReadAction","target":["https:\/\/escapehunt.com\/fr\/bordeaux\/en\/teambuilding-bordeaux\/"]}]},{"@type":"ImageObject","inLanguage":"en-US","@id":"https:\/\/escapehunt.com\/fr\/bordeaux\/en\/teambuilding-bordeaux\/#primaryimage","url":"https:\/\/escapehunt.com\/fr\/bordeaux\/wp-content\/uploads\/sites\/41\/2024\/06\/EH-venue-background2.jpg","contentUrl":"https:\/\/escapehunt.com\/fr\/bordeaux\/wp-content\/uploads\/sites\/41\/2024\/06\/EH-venue-background2.jpg","width":1500,"height":1289,"caption":"Escape game team building Bordeaux"},{"@type":"BreadcrumbList","@id":"https:\/\/escapehunt.com\/fr\/bordeaux\/en\/teambuilding-bordeaux\/#breadcrumb","itemListElement":[{"@type":"ListItem","position":1,"name":"Home","item":"https:\/\/escapehunt.com\/fr\/bordeaux\/en\/"},{"@type":"ListItem","position":2,"name":"Corporate Escape Room Team Building Bordeaux"}]},{"@type":"WebSite","@id":"https:\/\/escapehunt.com\/fr\/bordeaux\/#website","url":"https:\/\/escapehunt.com\/fr\/bordeaux\/","name":"Bordeaux","description":"Escape Hunt Bordeaux \u2013 Number 1 Escape Game in Bordeaux","potentialAction":[{"@type":"SearchAction","target":{"@type":"EntryPoint","urlTemplate":"https:\/\/escapehunt.com\/fr\/bordeaux\/?s={search_term_string}"},"query-input":{"@type":"PropertyValueSpecification","valueRequired":true,"valueName":"search_term_string"}}],"inLanguage":"en-US"}]}},"custom_schema_json":"","_links":{"self":[{"href":"https:\/\/escapehunt.com\/fr\/bordeaux\/en\/wp-json\/wp\/v2\/pages\/12","targetHints":{"allow":["GET"]}}],"collection":[{"href":"https:\/\/escapehunt.com\/fr\/bordeaux\/en\/wp-json\/wp\/v2\/pages"}],"about":[{"href":"https:\/\/escapehunt.com\/fr\/bordeaux\/en\/wp-json\/wp\/v2\/types\/page"}],"author":[{"embeddable":true,"href":"https:\/\/escapehunt.com\/fr\/bordeaux\/en\/wp-json\/wp\/v2\/users\/12"}],"replies":[{"embeddable":true,"href":"https:\/\/escapehunt.com\/fr\/bordeaux\/en\/wp-json\/wp\/v2\/comments?post=12"}],"version-history":[{"count":5,"href":"https:\/\/escapehunt.com\/fr\/bordeaux\/en\/wp-json\/wp\/v2\/pages\/12\/revisions"}],"predecessor-version":[{"id":54168,"href":"https:\/\/escapehunt.com\/fr\/bordeaux\/en\/wp-json\/wp\/v2\/pages\/12\/revisions\/54168"}],"wp:featuredmedia":[{"embeddable":true,"href":"https:\/\/escapehunt.com\/fr\/bordeaux\/en\/wp-json\/wp\/v2\/media\/54165"}],"wp:attachment":[{"href":"https:\/\/escapehunt.com\/fr\/bordeaux\/en\/wp-json\/wp\/v2\/media?parent=12"}],"curies":[{"name":"wp","href":"https:\/\/api.w.org\/{rel}","templated":true}]}}