{"id":39453,"date":"2025-12-05T13:20:25","date_gmt":"2025-12-05T13:20:25","guid":{"rendered":"https:\/\/escapehunt.com\/fr\/belfort\/?page_id=39453"},"modified":"2025-12-06T16:41:19","modified_gmt":"2025-12-06T16:41:19","slug":"evenement-noel-entreprise","status":"publish","type":"page","link":"https:\/\/escapehunt.com\/fr\/belfort\/evenement-noel-entreprise\/","title":{"rendered":"\u00c9v\u00e9nement No\u00ebl Entreprise"},"content":{"rendered":"","protected":false},"excerpt":{"rendered":"","protected":false},"author":62,"featured_media":0,"parent":0,"menu_order":0,"comment_status":"closed","ping_status":"closed","template":"templates\/template-flexible.php","meta":{"_acf_changed":false,"footnotes":""},"class_list":["post-39453","page","type-page","status-publish","hentry"],"acf":{"custom_schema_json":""},"yoast_head":"<!-- This site is optimized with the Yoast SEO plugin v27.0 - https:\/\/yoast.com\/product\/yoast-seo-wordpress\/ -->\n<title>\u00c9v\u00e9nement No\u00ebl Entreprise - Belfort<\/title>\n<meta name=\"robots\" content=\"index, follow, max-snippet:-1, max-image-preview:large, max-video-preview:-1\" \/>\n<link rel=\"canonical\" href=\"https:\/\/escapehunt.com\/fr\/belfort\/evenement-noel-entreprise\/\" \/>\n<meta property=\"og:locale\" content=\"fr_FR\" \/>\n<meta property=\"og:type\" content=\"article\" \/>\n<meta property=\"og:title\" content=\"\u00c9v\u00e9nement No\u00ebl Entreprise - Belfort\" \/>\n<meta property=\"og:url\" content=\"https:\/\/escapehunt.com\/fr\/belfort\/evenement-noel-entreprise\/\" \/>\n<meta property=\"og:site_name\" content=\"Belfort\" \/>\n<meta property=\"article:modified_time\" content=\"2025-12-06T16:41:19+00:00\" \/>\n<meta name=\"twitter:card\" content=\"summary_large_image\" \/>\n<script type=\"application\/ld+json\" class=\"yoast-schema-graph\">{\"@context\":\"https:\/\/schema.org\",\"@graph\":[{\"@type\":\"WebPage\",\"@id\":\"https:\/\/escapehunt.com\/fr\/belfort\/evenement-noel-entreprise\/\",\"url\":\"https:\/\/escapehunt.com\/fr\/belfort\/evenement-noel-entreprise\/\",\"name\":\"\u00c9v\u00e9nement No\u00ebl Entreprise - Belfort\",\"isPartOf\":{\"@id\":\"https:\/\/escapehunt.com\/fr\/belfort\/#website\"},\"datePublished\":\"2025-12-05T13:20:25+00:00\",\"dateModified\":\"2025-12-06T16:41:19+00:00\",\"breadcrumb\":{\"@id\":\"https:\/\/escapehunt.com\/fr\/belfort\/evenement-noel-entreprise\/#breadcrumb\"},\"inLanguage\":\"fr-FR\",\"potentialAction\":[{\"@type\":\"ReadAction\",\"target\":[\"https:\/\/escapehunt.com\/fr\/belfort\/evenement-noel-entreprise\/\"]}]},{\"@type\":\"BreadcrumbList\",\"@id\":\"https:\/\/escapehunt.com\/fr\/belfort\/evenement-noel-entreprise\/#breadcrumb\",\"itemListElement\":[{\"@type\":\"ListItem\",\"position\":1,\"name\":\"Blog\",\"item\":\"https:\/\/escapehunt.com\/fr\/belfort\/blog\/\"},{\"@type\":\"ListItem\",\"position\":2,\"name\":\"\u00c9v\u00e9nement No\u00ebl Entreprise\"}]},{\"@type\":\"WebSite\",\"@id\":\"https:\/\/escapehunt.com\/fr\/belfort\/#website\",\"url\":\"https:\/\/escapehunt.com\/fr\/belfort\/\",\"name\":\"Belfort\",\"description\":\"Escape Hunt Belfort - Number 1 Escape Game in Belfort\",\"potentialAction\":[{\"@type\":\"SearchAction\",\"target\":{\"@type\":\"EntryPoint\",\"urlTemplate\":\"https:\/\/escapehunt.com\/fr\/belfort\/?s={search_term_string}\"},\"query-input\":{\"@type\":\"PropertyValueSpecification\",\"valueRequired\":true,\"valueName\":\"search_term_string\"}}],\"inLanguage\":\"fr-FR\"}]}<\/script>\n<!-- \/ Yoast SEO plugin. -->","yoast_head_json":{"title":"\u00c9v\u00e9nement No\u00ebl Entreprise - Belfort","robots":{"index":"index","follow":"follow","max-snippet":"max-snippet:-1","max-image-preview":"max-image-preview:large","max-video-preview":"max-video-preview:-1"},"canonical":"https:\/\/escapehunt.com\/fr\/belfort\/evenement-noel-entreprise\/","og_locale":"fr_FR","og_type":"article","og_title":"\u00c9v\u00e9nement No\u00ebl Entreprise - Belfort","og_url":"https:\/\/escapehunt.com\/fr\/belfort\/evenement-noel-entreprise\/","og_site_name":"Belfort","article_modified_time":"2025-12-06T16:41:19+00:00","twitter_card":"summary_large_image","schema":{"@context":"https:\/\/schema.org","@graph":[{"@type":"WebPage","@id":"https:\/\/escapehunt.com\/fr\/belfort\/evenement-noel-entreprise\/","url":"https:\/\/escapehunt.com\/fr\/belfort\/evenement-noel-entreprise\/","name":"\u00c9v\u00e9nement No\u00ebl Entreprise - Belfort","isPartOf":{"@id":"https:\/\/escapehunt.com\/fr\/belfort\/#website"},"datePublished":"2025-12-05T13:20:25+00:00","dateModified":"2025-12-06T16:41:19+00:00","breadcrumb":{"@id":"https:\/\/escapehunt.com\/fr\/belfort\/evenement-noel-entreprise\/#breadcrumb"},"inLanguage":"fr-FR","potentialAction":[{"@type":"ReadAction","target":["https:\/\/escapehunt.com\/fr\/belfort\/evenement-noel-entreprise\/"]}]},{"@type":"BreadcrumbList","@id":"https:\/\/escapehunt.com\/fr\/belfort\/evenement-noel-entreprise\/#breadcrumb","itemListElement":[{"@type":"ListItem","position":1,"name":"Blog","item":"https:\/\/escapehunt.com\/fr\/belfort\/blog\/"},{"@type":"ListItem","position":2,"name":"\u00c9v\u00e9nement No\u00ebl Entreprise"}]},{"@type":"WebSite","@id":"https:\/\/escapehunt.com\/fr\/belfort\/#website","url":"https:\/\/escapehunt.com\/fr\/belfort\/","name":"Belfort","description":"Escape Hunt Belfort - Number 1 Escape Game in Belfort","potentialAction":[{"@type":"SearchAction","target":{"@type":"EntryPoint","urlTemplate":"https:\/\/escapehunt.com\/fr\/belfort\/?s={search_term_string}"},"query-input":{"@type":"PropertyValueSpecification","valueRequired":true,"valueName":"search_term_string"}}],"inLanguage":"fr-FR"}]}},"custom_schema_json":"","_links":{"self":[{"href":"https:\/\/escapehunt.com\/fr\/belfort\/wp-json\/wp\/v2\/pages\/39453","targetHints":{"allow":["GET"]}}],"collection":[{"href":"https:\/\/escapehunt.com\/fr\/belfort\/wp-json\/wp\/v2\/pages"}],"about":[{"href":"https:\/\/escapehunt.com\/fr\/belfort\/wp-json\/wp\/v2\/types\/page"}],"author":[{"embeddable":true,"href":"https:\/\/escapehunt.com\/fr\/belfort\/wp-json\/wp\/v2\/users\/62"}],"replies":[{"embeddable":true,"href":"https:\/\/escapehunt.com\/fr\/belfort\/wp-json\/wp\/v2\/comments?post=39453"}],"version-history":[{"count":5,"href":"https:\/\/escapehunt.com\/fr\/belfort\/wp-json\/wp\/v2\/pages\/39453\/revisions"}],"predecessor-version":[{"id":39487,"href":"https:\/\/escapehunt.com\/fr\/belfort\/wp-json\/wp\/v2\/pages\/39453\/revisions\/39487"}],"wp:attachment":[{"href":"https:\/\/escapehunt.com\/fr\/belfort\/wp-json\/wp\/v2\/media?parent=39453"}],"curies":[{"name":"wp","href":"https:\/\/api.w.org\/{rel}","templated":true}]}}