{"id":39211,"date":"2024-12-17T16:15:42","date_gmt":"2024-12-17T16:15:42","guid":{"rendered":"https:\/\/escapehunt.com\/fr\/belfort\/?page_id=39211"},"modified":"2025-11-12T10:04:55","modified_gmt":"2025-11-12T10:04:55","slug":"cheques-et-coffrets-cadeaux","status":"publish","type":"page","link":"https:\/\/escapehunt.com\/fr\/belfort\/cheques-et-coffrets-cadeaux\/","title":{"rendered":"Ch\u00e8ques et coffrets cadeaux"},"content":{"rendered":"","protected":false},"excerpt":{"rendered":"","protected":false},"author":62,"featured_media":0,"parent":0,"menu_order":0,"comment_status":"closed","ping_status":"closed","template":"templates\/template-flexible.php","meta":{"_acf_changed":false,"footnotes":""},"class_list":["post-39211","page","type-page","status-publish","hentry"],"acf":{"custom_schema_json":""},"yoast_head":"<!-- This site is optimized with the Yoast SEO plugin v27.0 - https:\/\/yoast.com\/product\/yoast-seo-wordpress\/ -->\n<title>Coffrets et ch\u00e8ques cadeaux escape game | Escape Hunt<\/title>\n<meta name=\"description\" content=\"Offrez un ch\u00e8que ou un coffret cadeau escape game ! Le cadeau id\u00e9al pour un anniversaire, pour No\u00ebl ou pour r\u00e9compenser vos coll\u00e8gues.\" \/>\n<meta name=\"robots\" content=\"index, follow, max-snippet:-1, max-image-preview:large, max-video-preview:-1\" \/>\n<link rel=\"canonical\" href=\"https:\/\/escapehunt.com\/fr\/belfort\/cheques-et-coffrets-cadeaux\/\" \/>\n<meta property=\"og:locale\" content=\"fr_FR\" \/>\n<meta property=\"og:type\" content=\"article\" \/>\n<meta property=\"og:title\" content=\"Coffrets et ch\u00e8ques cadeaux escape game | Escape Hunt\" \/>\n<meta property=\"og:description\" content=\"Offrez un ch\u00e8que ou un coffret cadeau escape game ! Le cadeau id\u00e9al pour un anniversaire, pour No\u00ebl ou pour r\u00e9compenser vos coll\u00e8gues.\" \/>\n<meta property=\"og:url\" content=\"https:\/\/escapehunt.com\/fr\/belfort\/cheques-et-coffrets-cadeaux\/\" \/>\n<meta property=\"og:site_name\" content=\"Belfort\" \/>\n<meta property=\"article:modified_time\" content=\"2025-11-12T10:04:55+00:00\" \/>\n<meta name=\"twitter:card\" content=\"summary_large_image\" \/>\n<script type=\"application\/ld+json\" class=\"yoast-schema-graph\">{\"@context\":\"https:\/\/schema.org\",\"@graph\":[{\"@type\":\"WebPage\",\"@id\":\"https:\/\/escapehunt.com\/fr\/belfort\/cheques-et-coffrets-cadeaux\/\",\"url\":\"https:\/\/escapehunt.com\/fr\/belfort\/cheques-et-coffrets-cadeaux\/\",\"name\":\"Coffrets et ch\u00e8ques cadeaux escape game | Escape Hunt\",\"isPartOf\":{\"@id\":\"https:\/\/escapehunt.com\/fr\/belfort\/#website\"},\"datePublished\":\"2024-12-17T16:15:42+00:00\",\"dateModified\":\"2025-11-12T10:04:55+00:00\",\"description\":\"Offrez un ch\u00e8que ou un coffret cadeau escape game ! Le cadeau id\u00e9al pour un anniversaire, pour No\u00ebl ou pour r\u00e9compenser vos coll\u00e8gues.\",\"breadcrumb\":{\"@id\":\"https:\/\/escapehunt.com\/fr\/belfort\/cheques-et-coffrets-cadeaux\/#breadcrumb\"},\"inLanguage\":\"fr-FR\",\"potentialAction\":[{\"@type\":\"ReadAction\",\"target\":[\"https:\/\/escapehunt.com\/fr\/belfort\/cheques-et-coffrets-cadeaux\/\"]}]},{\"@type\":\"BreadcrumbList\",\"@id\":\"https:\/\/escapehunt.com\/fr\/belfort\/cheques-et-coffrets-cadeaux\/#breadcrumb\",\"itemListElement\":[{\"@type\":\"ListItem\",\"position\":1,\"name\":\"Blog\",\"item\":\"https:\/\/escapehunt.com\/fr\/belfort\/blog\/\"},{\"@type\":\"ListItem\",\"position\":2,\"name\":\"Ch\u00e8ques et coffrets cadeaux\"}]},{\"@type\":\"WebSite\",\"@id\":\"https:\/\/escapehunt.com\/fr\/belfort\/#website\",\"url\":\"https:\/\/escapehunt.com\/fr\/belfort\/\",\"name\":\"Belfort\",\"description\":\"Escape Hunt Belfort - Number 1 Escape Game in Belfort\",\"potentialAction\":[{\"@type\":\"SearchAction\",\"target\":{\"@type\":\"EntryPoint\",\"urlTemplate\":\"https:\/\/escapehunt.com\/fr\/belfort\/?s={search_term_string}\"},\"query-input\":{\"@type\":\"PropertyValueSpecification\",\"valueRequired\":true,\"valueName\":\"search_term_string\"}}],\"inLanguage\":\"fr-FR\"}]}<\/script>\n<!-- \/ Yoast SEO plugin. -->","yoast_head_json":{"title":"Coffrets et ch\u00e8ques cadeaux escape game | Escape Hunt","description":"Offrez un ch\u00e8que ou un coffret cadeau escape game ! Le cadeau id\u00e9al pour un anniversaire, pour No\u00ebl ou pour r\u00e9compenser vos coll\u00e8gues.","robots":{"index":"index","follow":"follow","max-snippet":"max-snippet:-1","max-image-preview":"max-image-preview:large","max-video-preview":"max-video-preview:-1"},"canonical":"https:\/\/escapehunt.com\/fr\/belfort\/cheques-et-coffrets-cadeaux\/","og_locale":"fr_FR","og_type":"article","og_title":"Coffrets et ch\u00e8ques cadeaux escape game | Escape Hunt","og_description":"Offrez un ch\u00e8que ou un coffret cadeau escape game ! Le cadeau id\u00e9al pour un anniversaire, pour No\u00ebl ou pour r\u00e9compenser vos coll\u00e8gues.","og_url":"https:\/\/escapehunt.com\/fr\/belfort\/cheques-et-coffrets-cadeaux\/","og_site_name":"Belfort","article_modified_time":"2025-11-12T10:04:55+00:00","twitter_card":"summary_large_image","schema":{"@context":"https:\/\/schema.org","@graph":[{"@type":"WebPage","@id":"https:\/\/escapehunt.com\/fr\/belfort\/cheques-et-coffrets-cadeaux\/","url":"https:\/\/escapehunt.com\/fr\/belfort\/cheques-et-coffrets-cadeaux\/","name":"Coffrets et ch\u00e8ques cadeaux escape game | Escape Hunt","isPartOf":{"@id":"https:\/\/escapehunt.com\/fr\/belfort\/#website"},"datePublished":"2024-12-17T16:15:42+00:00","dateModified":"2025-11-12T10:04:55+00:00","description":"Offrez un ch\u00e8que ou un coffret cadeau escape game ! Le cadeau id\u00e9al pour un anniversaire, pour No\u00ebl ou pour r\u00e9compenser vos coll\u00e8gues.","breadcrumb":{"@id":"https:\/\/escapehunt.com\/fr\/belfort\/cheques-et-coffrets-cadeaux\/#breadcrumb"},"inLanguage":"fr-FR","potentialAction":[{"@type":"ReadAction","target":["https:\/\/escapehunt.com\/fr\/belfort\/cheques-et-coffrets-cadeaux\/"]}]},{"@type":"BreadcrumbList","@id":"https:\/\/escapehunt.com\/fr\/belfort\/cheques-et-coffrets-cadeaux\/#breadcrumb","itemListElement":[{"@type":"ListItem","position":1,"name":"Blog","item":"https:\/\/escapehunt.com\/fr\/belfort\/blog\/"},{"@type":"ListItem","position":2,"name":"Ch\u00e8ques et coffrets cadeaux"}]},{"@type":"WebSite","@id":"https:\/\/escapehunt.com\/fr\/belfort\/#website","url":"https:\/\/escapehunt.com\/fr\/belfort\/","name":"Belfort","description":"Escape Hunt Belfort - Number 1 Escape Game in Belfort","potentialAction":[{"@type":"SearchAction","target":{"@type":"EntryPoint","urlTemplate":"https:\/\/escapehunt.com\/fr\/belfort\/?s={search_term_string}"},"query-input":{"@type":"PropertyValueSpecification","valueRequired":true,"valueName":"search_term_string"}}],"inLanguage":"fr-FR"}]}},"custom_schema_json":"","_links":{"self":[{"href":"https:\/\/escapehunt.com\/fr\/belfort\/wp-json\/wp\/v2\/pages\/39211","targetHints":{"allow":["GET"]}}],"collection":[{"href":"https:\/\/escapehunt.com\/fr\/belfort\/wp-json\/wp\/v2\/pages"}],"about":[{"href":"https:\/\/escapehunt.com\/fr\/belfort\/wp-json\/wp\/v2\/types\/page"}],"author":[{"embeddable":true,"href":"https:\/\/escapehunt.com\/fr\/belfort\/wp-json\/wp\/v2\/users\/62"}],"replies":[{"embeddable":true,"href":"https:\/\/escapehunt.com\/fr\/belfort\/wp-json\/wp\/v2\/comments?post=39211"}],"version-history":[{"count":5,"href":"https:\/\/escapehunt.com\/fr\/belfort\/wp-json\/wp\/v2\/pages\/39211\/revisions"}],"predecessor-version":[{"id":39449,"href":"https:\/\/escapehunt.com\/fr\/belfort\/wp-json\/wp\/v2\/pages\/39211\/revisions\/39449"}],"wp:attachment":[{"href":"https:\/\/escapehunt.com\/fr\/belfort\/wp-json\/wp\/v2\/media?parent=39211"}],"curies":[{"name":"wp","href":"https:\/\/api.w.org\/{rel}","templated":true}]}}