{"id":1701,"date":"2020-06-04T12:13:57","date_gmt":"2020-06-04T12:13:57","guid":{"rendered":"https:\/\/escapehunt.com\/es\/barcelona\/?page_id=1701"},"modified":"2023-12-13T12:24:13","modified_gmt":"2023-12-13T12:24:13","slug":"aelm-pistas","status":"publish","type":"page","link":"https:\/\/escapehunt.com\/es\/barcelona\/aelm-pistas\/","title":{"rendered":"Asesinato en la Mansi\u00f3n"},"content":{"rendered":"<p>&nbsp;<\/p>\n<h2 style=\"text-align: center;\"><span style=\"color: #eb5c2e;\">\u00bfNECESITAS UNA PISTA?<\/span><\/h2>\n<p style=\"text-align: center;\">\u00bfEst\u00e1s atascado en una respuesta o necesitas un empujoncito extra en la direcci\u00f3n correcta?<\/p>\n<p style=\"text-align: center;\">Detectives, hab\u00e9is venido al lugar correcto. Abajo encontrar\u00e9is cada evidencia y una pista \u00fatil para volver a poneros de pie.<\/p>\n<p>&nbsp;<\/p>\n<h4 style=\"text-align: center;\">EVIDENCIA: 01<\/h4>\n<details>\n<summary style=\"padding-left: 560px;\"><span style=\"color: #eb5c2e;\"><strong>PISTA<\/strong><\/span><\/summary>\n<p>No hay pistas en esta p\u00e1gina, pero tal vez desees prestar especial atenci\u00f3n a las relaciones de Blackwood.<\/p>\n<\/details>\n<p>&nbsp;<\/p>\n<h4 style=\"text-align: center;\">EVIDENCIA: 02<\/h4>\n<details>\n<summary style=\"padding-left: 560px;\"><span style=\"color: #eb5c2e;\"><strong>PISTA<\/strong><\/span><\/summary>\n<p>Para resolver esto, presta atenci\u00f3n de donde cada persona dice que estuvo. Un personaje puede estar presumiendo.<\/p>\n<\/details>\n<details>\n<summary style=\"padding-left: 560px;\"><span style=\"color: #eb5c2e;\"><strong>RESPUESTA<\/strong><\/span><\/summary>\n<p>Las cinco personas que quedaban en la Mansi\u00f3n Blackwood a las 3 de la madrugada eran: Pen\u00e9lope Blackwood, Lucy Blackwood, Ernest Cromwell, Geoffrey Marchbank y James Cantor.<\/p>\n<\/details>\n<p>&nbsp;<\/p>\n<h4 style=\"text-align: center;\">EVIDENCIA: 03<\/h4>\n<details>\n<summary style=\"padding-left: 560px;\"><span style=\"color: #eb5c2e;\"><strong>PISTA<\/strong><\/span><\/summary>\n<p>Empezando por X, intenta trazar con un l\u00e1piz las posibles rutas que el jardinero hizo por la casa. S\u00f3lo hay una respuesta correcta, y subi\u00f3 al menos un tramo de escaleras y baj\u00f3 otro.<\/p>\n<\/details>\n<details>\n<summary style=\"padding-left: 560px;\"><span style=\"color: #eb5c2e;\"><strong>RESPUESTA<\/strong><\/span><\/summary>\n<p>James termin\u00f3 en la cocina a las 3 de la madrugada.<\/p>\n<\/details>\n<p>&nbsp;<\/p>\n<h4 style=\"text-align: center;\">EVIDENCIA: 04<\/h4>\n<details>\n<summary style=\"padding-left: 560px;\"><span style=\"color: #eb5c2e;\"><strong>PISTA<\/strong><\/span><\/summary>\n<p>Busca muy de cerca las huellas dactilares. Tambi\u00e9n puede valer la pena recordar c\u00f3mo se ven estos art\u00edculos en caso de que los descubras m\u00e1s tarde.<\/p>\n<\/details>\n<details>\n<summary style=\"padding-left: 560px;\"><span style=\"color: #eb5c2e;\"><strong>RESPUESTA<\/strong><\/span><\/summary>\n<p>La huella de la pistola pertenece a Geoffrey Marchbank.<\/p>\n<\/details>\n<p>&nbsp;<\/p>\n<h4 style=\"text-align: center;\">EVIDENCIA: 05<\/h4>\n<details>\n<summary style=\"padding-left: 560px;\"><span style=\"color: #eb5c2e;\"><strong>PISTA<\/strong><\/span><\/summary>\n<p>Mira de cerca a qu\u00e9 direcci\u00f3n apunta el Norte, y mira si puedes seguir las pistas para encontrar a d\u00f3nde va. Querr\u00e1s prestar especial atenci\u00f3n a un paquete que recoge.<\/p>\n<\/details>\n<details>\n<summary style=\"padding-left: 560px;\"><span style=\"color: #eb5c2e;\"><strong>RESPUESTA<\/strong><\/span><\/summary>\n<p>El paquete se recoge en la tienda de cuerdas &#8211; Pen\u00e9lope Blackwood est\u00e1 en posesi\u00f3n de una cuerda.<\/p>\n<\/details>\n<p>&nbsp;<\/p>\n<h4 style=\"text-align: center;\">EVIDENCIA: 06<\/h4>\n<details>\n<summary style=\"padding-left: 560px;\"><span style=\"color: #eb5c2e;\"><strong>PISTA<\/strong><\/span><\/summary>\n<p>Si alguien quisiera ocultar una nota, podr\u00eda escribirla mientras se mira en un espejo.<\/p>\n<\/details>\n<details>\n<summary style=\"padding-left: 560px;\"><span style=\"color: #eb5c2e;\"><strong>RESPUESTA<\/strong><\/span><\/summary>\n<p>Esta es una carta de amor de Ernest Cromwell a Pen\u00e9lope Blackwood. Ernest tiene un fuerte motivo de amor.<\/p>\n<\/details>\n<p>&nbsp;<\/p>\n<h4 style=\"text-align: center;\">EVIDENCIA: 07<\/h4>\n<details>\n<summary style=\"padding-left: 560px;\"><span style=\"color: #eb5c2e;\"><strong>PISTA<\/strong><\/span><\/summary>\n<p>La mayor\u00eda de estas flores se encuentran en el campo de Yorkshire, excepto una de ellas. \u00bfQu\u00e9 podr\u00eda hacer esta flor?<\/p>\n<\/details>\n<details>\n<summary style=\"padding-left: 560px;\"><span style=\"color: #eb5c2e;\"><strong>RESPUESTA<\/strong><\/span><\/summary>\n<p>La flor que Lucy busca es el hibiscus sudafricano y parece que est\u00e1 haciendo un veneno con ella. Gracias a una declaraci\u00f3n anterior de un testigo, sabemos que alguien estaba en el jard\u00edn tratando de entrar en el invernadero a las 3 de la madrugada. Esto sit\u00faa a Lucy con el veneno, en el jard\u00edn.<\/p>\n<\/details>\n<p>&nbsp;<\/p>\n<h4 style=\"text-align: center;\">EVIDENCIA: 08<\/h4>\n<details>\n<summary style=\"padding-left: 560px;\"><span style=\"color: #eb5c2e;\"><strong>PISTA<\/strong><\/span><\/summary>\n<p>Esta es una suscripci\u00f3n inusual a una revista&#8230; \u00bfAlguien ha mencionado en la declaraci\u00f3n algo sobre fantasmas?<\/p>\n<\/details>\n<details>\n<summary style=\"padding-left: 560px;\"><span style=\"color: #eb5c2e;\"><strong>RESPUESTA<\/strong><\/span><\/summary>\n<p>Geoffrey Marchbank ha convencido a Pen\u00e9lope de que su biblioteca est\u00e1 embrujada, para poder limpiar la biblioteca en paz en el momento de la muerte.<\/p>\n<\/details>\n<p>&nbsp;<\/p>\n<h4 style=\"text-align: center;\">EVIDENCIA: 09<\/h4>\n<details>\n<summary style=\"padding-left: 560px;\"><span style=\"color: #eb5c2e;\"><strong>PISTA<\/strong><\/span><\/summary>\n<p>Algo en el telegrama puede indicar c\u00f3mo descifrar el c\u00f3digo.<\/p>\n<\/details>\n<details>\n<summary style=\"padding-left: 560px;\"><span style=\"color: #eb5c2e;\"><strong>RESPUESTA<\/strong><\/span><\/summary>\n<p>Se trata de un c\u00f3digo cifrado de C\u00e9sar con rotaci\u00f3n +2, por lo que A = C, ya que son 2 letras hacia arriba en el alfabeto. Es una carta de Pen\u00e9lope Blackwood que indica su motivo por el dinero.<\/p>\n<\/details>\n<p>&nbsp;<\/p>\n<h4 style=\"text-align: center;\">EVIDENCIA: 10<\/h4>\n<details>\n<summary style=\"padding-left: 560px;\"><span style=\"color: #eb5c2e;\"><strong>PISTA<\/strong><\/span><\/summary>\n<p>\u00bfQu\u00e9 podr\u00eda ser significativo en la P.D.? Mira de cerca, podr\u00eda haber una pista.<\/p>\n<\/details>\n<details>\n<summary style=\"padding-left: 560px;\"><span style=\"color: #eb5c2e;\"><strong>RESPUESTA<\/strong><\/span><\/summary>\n<p>Tienes que mirar cada ocho letras del escrito. Esto indica que Lucy Blackwood ha estado robando flores de Charles Blackwood y el robo podr\u00eda ser su motivo.<\/p>\n<\/details>\n<p>&nbsp;<\/p>\n<h4 style=\"text-align: center;\">EVIDENCIA: 11<\/h4>\n<details>\n<summary style=\"padding-left: 560px;\"><span style=\"color: #eb5c2e;\"><strong>PISTA<\/strong><\/span><\/summary>\n<p>Un personaje est\u00e1 en tratamiento por un transtorno, esto podr\u00eda dar una indicaci\u00f3n de sus motivos.<\/p>\n<\/details>\n<details>\n<summary style=\"padding-left: 560px;\"><span style=\"color: #eb5c2e;\"><strong>RESPUESTA<\/strong><\/span><\/summary>\n<p>James Cantor es propenso a los ataques de rabia, este ser\u00eda su motivo en el asesinato.<\/p>\n<\/details>\n<p>&nbsp;<\/p>\n<h4 style=\"text-align: center;\">EVIDENCIA: 12<\/h4>\n<details>\n<summary style=\"padding-left: 560px;\"><span style=\"color: #eb5c2e;\"><strong>PISTA<\/strong><\/span><\/summary>\n<p>Parece que alguien se molest\u00f3 mucho cuando rompi\u00f3 esta foto. Intenta volver a juntar las piezas y mira de cerca los nombres de la fotograf\u00eda. \u00bfLos reconoces?<\/p>\n<\/details>\n<details>\n<summary style=\"padding-left: 560px;\"><span style=\"color: #eb5c2e;\"><strong>RESPUESTA<\/strong><\/span><\/summary>\n<p>Cuando se reconstruye la fotograf\u00eda, muestra que alguien ha destrozado la medalla de guerra y la foto, despu\u00e9s de garabatear una nota \u00ab\u00bfC\u00f3mo te atreviste a dejarlo morir?\u00bb. Indica que algo sucedi\u00f3 durante la guerra entre Charles Blackwood y Freddie Marchbank. Geoffrey comparte un apellido con Freddie y por lo tanto podr\u00eda tener el motivo de la venganza.<\/p>\n<\/details>\n<p>&nbsp;<\/p>\n<h4 style=\"text-align: center;\">EVIDENCIA: 13<\/h4>\n<details>\n<summary style=\"padding-left: 560px;\"><span style=\"color: #eb5c2e;\"><strong>PISTA<\/strong><\/span><\/summary>\n<p>Intenta trazar las instrucciones con un bol\u00edgrafo sobre el mapa estelar y mira qu\u00e9 imagen se revela.<\/p>\n<\/details>\n<details>\n<summary style=\"padding-left: 560px;\"><span style=\"color: #eb5c2e;\"><strong>RESPUESTA<\/strong><\/span><\/summary>\n<p>Deber\u00edas ver una constelaci\u00f3n de una daga, y los nombres de las estrellas deletrean el nombre ERNEST.<\/p>\n<\/details>\n<p>&nbsp;<\/p>\n<h4 style=\"text-align: center;\">ENVIA UN CORREO ELECTR\u00d3NICO AL DETECTIVE<\/h4>\n<details>\n<summary style=\"padding-left: 560px;\"><span style=\"color: #eb5c2e;\"><strong>PISTA<\/strong><\/span><\/summary>\n<p><span style=\"font-weight: 400;\">Si has rellenado la tabla, tomando dos nombres (el del propietario de la daga y el de la habitaci\u00f3n en la que estaba Geoffrey) deber\u00edas obtener una direcci\u00f3n de correo electr\u00f3nico. \u00bfPor qu\u00e9 no intentas enviarle un correo electr\u00f3nico?<\/span><\/p>\n<\/details>\n<details>\n<summary style=\"padding-left: 560px;\"><span style=\"color: #eb5c2e;\"><strong>SOLUCI\u00d3N<\/strong><\/span><\/summary>\n<p style=\"text-align: center;\">El correo electr\u00f3nico es ernest.biblioteca@gmail.com<\/p>\n<\/details>\n","protected":false},"excerpt":{"rendered":"<p>&nbsp; \u00bfNECESITAS UNA PISTA? \u00bfEst\u00e1s atascado en una respuesta o necesitas un empujoncito extra en la direcci\u00f3n correcta? Detectives, hab\u00e9is venido al lugar correcto. Abajo encontrar\u00e9is cada evidencia y una&hellip;<\/p>\n","protected":false},"author":16,"featured_media":0,"parent":0,"menu_order":0,"comment_status":"closed","ping_status":"closed","template":"","meta":{"_acf_changed":false,"footnotes":""},"class_list":["post-1701","page","type-page","status-publish","hentry"],"acf":{"custom_schema_json":""},"yoast_head":"<!-- This site is optimized with the Yoast SEO plugin v27.0 - https:\/\/yoast.com\/product\/yoast-seo-wordpress\/ -->\n<title>Asesinato en la Mansi\u00f3n - Barcelona<\/title>\n<meta name=\"robots\" content=\"noindex, follow\" \/>\n<meta property=\"og:locale\" content=\"es_ES\" \/>\n<meta property=\"og:type\" content=\"article\" \/>\n<meta property=\"og:title\" content=\"Asesinato en la Mansi\u00f3n - Barcelona\" \/>\n<meta property=\"og:description\" content=\"&nbsp; \u00bfNECESITAS UNA PISTA? \u00bfEst\u00e1s atascado en una respuesta o necesitas un empujoncito extra en la direcci\u00f3n correcta? Detectives, hab\u00e9is venido al lugar correcto. Abajo encontrar\u00e9is cada evidencia y una&hellip;\" \/>\n<meta property=\"og:url\" content=\"https:\/\/escapehunt.com\/es\/barcelona\/aelm-pistas\/\" \/>\n<meta property=\"og:site_name\" content=\"Barcelona\" \/>\n<meta property=\"article:modified_time\" content=\"2023-12-13T12:24:13+00:00\" \/>\n<meta name=\"twitter:card\" content=\"summary_large_image\" \/>\n<meta name=\"twitter:label1\" content=\"Tiempo de lectura\" \/>\n\t<meta name=\"twitter:data1\" content=\"4 minutos\" \/>\n<script type=\"application\/ld+json\" class=\"yoast-schema-graph\">{\"@context\":\"https:\/\/schema.org\",\"@graph\":[{\"@type\":\"WebPage\",\"@id\":\"https:\/\/escapehunt.com\/es\/barcelona\/aelm-pistas\/\",\"url\":\"https:\/\/escapehunt.com\/es\/barcelona\/aelm-pistas\/\",\"name\":\"Asesinato en la Mansi\u00f3n - Barcelona\",\"isPartOf\":{\"@id\":\"https:\/\/escapehunt.com\/es\/barcelona\/en\/#website\"},\"datePublished\":\"2020-06-04T12:13:57+00:00\",\"dateModified\":\"2023-12-13T12:24:13+00:00\",\"breadcrumb\":{\"@id\":\"https:\/\/escapehunt.com\/es\/barcelona\/aelm-pistas\/#breadcrumb\"},\"inLanguage\":\"es\",\"potentialAction\":[{\"@type\":\"ReadAction\",\"target\":[\"https:\/\/escapehunt.com\/es\/barcelona\/aelm-pistas\/\"]}]},{\"@type\":\"BreadcrumbList\",\"@id\":\"https:\/\/escapehunt.com\/es\/barcelona\/aelm-pistas\/#breadcrumb\",\"itemListElement\":[{\"@type\":\"ListItem\",\"position\":1,\"name\":\"Home\",\"item\":\"https:\/\/escapehunt.com\/es\/barcelona\/\"},{\"@type\":\"ListItem\",\"position\":2,\"name\":\"Asesinato en la Mansi\u00f3n\"}]},{\"@type\":\"WebSite\",\"@id\":\"https:\/\/escapehunt.com\/es\/barcelona\/en\/#website\",\"url\":\"https:\/\/escapehunt.com\/es\/barcelona\/en\/\",\"name\":\"Barcelona\",\"description\":\"Just another Escape Hunt Staging Sites site\",\"potentialAction\":[{\"@type\":\"SearchAction\",\"target\":{\"@type\":\"EntryPoint\",\"urlTemplate\":\"https:\/\/escapehunt.com\/es\/barcelona\/en\/?s={search_term_string}\"},\"query-input\":{\"@type\":\"PropertyValueSpecification\",\"valueRequired\":true,\"valueName\":\"search_term_string\"}}],\"inLanguage\":\"es\"}]}<\/script>\n<!-- \/ Yoast SEO plugin. -->","yoast_head_json":{"title":"Asesinato en la Mansi\u00f3n - Barcelona","robots":{"index":"noindex","follow":"follow"},"og_locale":"es_ES","og_type":"article","og_title":"Asesinato en la Mansi\u00f3n - Barcelona","og_description":"&nbsp; \u00bfNECESITAS UNA PISTA? \u00bfEst\u00e1s atascado en una respuesta o necesitas un empujoncito extra en la direcci\u00f3n correcta? Detectives, hab\u00e9is venido al lugar correcto. Abajo encontrar\u00e9is cada evidencia y una&hellip;","og_url":"https:\/\/escapehunt.com\/es\/barcelona\/aelm-pistas\/","og_site_name":"Barcelona","article_modified_time":"2023-12-13T12:24:13+00:00","twitter_card":"summary_large_image","twitter_misc":{"Tiempo de lectura":"4 minutos"},"schema":{"@context":"https:\/\/schema.org","@graph":[{"@type":"WebPage","@id":"https:\/\/escapehunt.com\/es\/barcelona\/aelm-pistas\/","url":"https:\/\/escapehunt.com\/es\/barcelona\/aelm-pistas\/","name":"Asesinato en la Mansi\u00f3n - Barcelona","isPartOf":{"@id":"https:\/\/escapehunt.com\/es\/barcelona\/en\/#website"},"datePublished":"2020-06-04T12:13:57+00:00","dateModified":"2023-12-13T12:24:13+00:00","breadcrumb":{"@id":"https:\/\/escapehunt.com\/es\/barcelona\/aelm-pistas\/#breadcrumb"},"inLanguage":"es","potentialAction":[{"@type":"ReadAction","target":["https:\/\/escapehunt.com\/es\/barcelona\/aelm-pistas\/"]}]},{"@type":"BreadcrumbList","@id":"https:\/\/escapehunt.com\/es\/barcelona\/aelm-pistas\/#breadcrumb","itemListElement":[{"@type":"ListItem","position":1,"name":"Home","item":"https:\/\/escapehunt.com\/es\/barcelona\/"},{"@type":"ListItem","position":2,"name":"Asesinato en la Mansi\u00f3n"}]},{"@type":"WebSite","@id":"https:\/\/escapehunt.com\/es\/barcelona\/en\/#website","url":"https:\/\/escapehunt.com\/es\/barcelona\/en\/","name":"Barcelona","description":"Just another Escape Hunt Staging Sites site","potentialAction":[{"@type":"SearchAction","target":{"@type":"EntryPoint","urlTemplate":"https:\/\/escapehunt.com\/es\/barcelona\/en\/?s={search_term_string}"},"query-input":{"@type":"PropertyValueSpecification","valueRequired":true,"valueName":"search_term_string"}}],"inLanguage":"es"}]}},"custom_schema_json":"","_links":{"self":[{"href":"https:\/\/escapehunt.com\/es\/barcelona\/wp-json\/wp\/v2\/pages\/1701","targetHints":{"allow":["GET"]}}],"collection":[{"href":"https:\/\/escapehunt.com\/es\/barcelona\/wp-json\/wp\/v2\/pages"}],"about":[{"href":"https:\/\/escapehunt.com\/es\/barcelona\/wp-json\/wp\/v2\/types\/page"}],"author":[{"embeddable":true,"href":"https:\/\/escapehunt.com\/es\/barcelona\/wp-json\/wp\/v2\/users\/16"}],"replies":[{"embeddable":true,"href":"https:\/\/escapehunt.com\/es\/barcelona\/wp-json\/wp\/v2\/comments?post=1701"}],"version-history":[{"count":7,"href":"https:\/\/escapehunt.com\/es\/barcelona\/wp-json\/wp\/v2\/pages\/1701\/revisions"}],"predecessor-version":[{"id":1799,"href":"https:\/\/escapehunt.com\/es\/barcelona\/wp-json\/wp\/v2\/pages\/1701\/revisions\/1799"}],"wp:attachment":[{"href":"https:\/\/escapehunt.com\/es\/barcelona\/wp-json\/wp\/v2\/media?parent=1701"}],"curies":[{"name":"wp","href":"https:\/\/api.w.org\/{rel}","templated":true}]}}