{"id":1563,"date":"2020-04-16T13:23:23","date_gmt":"2020-04-16T13:23:23","guid":{"rendered":"https:\/\/escapehunt.com\/es\/barcelona\/?page_id=1563"},"modified":"2026-03-31T17:52:13","modified_gmt":"2026-03-31T17:52:13","slug":"juega-en-casa","status":"publish","type":"page","link":"https:\/\/escapehunt.com\/es\/barcelona\/juega-en-casa\/","title":{"rendered":"JUEGA EN CASA"},"content":{"rendered":"<h4 style=\"color: #eb5c2e;\">LA AVENTURA EMPIEZA EN CASA<\/h4>\n<p>Hemos tra\u00eddo nuestras aventuras 5* a tu casa para que juegues con amigos, familiares y<br \/>\ncompa\u00f1eros de trabajo. As\u00ed que descargad, imprimid y poneros vuestros sombreros de detective, re\u00fane a la familia y consigue resolver estos misterios&#8230;<\/p>\n","protected":false},"excerpt":{"rendered":"<p>LA AVENTURA EMPIEZA EN CASA Hemos tra\u00eddo nuestras aventuras 5* a tu casa para que juegues con amigos, familiares y compa\u00f1eros de trabajo. As\u00ed que descargad, imprimid y poneros vuestros&hellip;<\/p>\n","protected":false},"author":104,"featured_media":0,"parent":0,"menu_order":0,"comment_status":"closed","ping_status":"closed","template":"views\/kids-package.php","meta":{"_acf_changed":false,"footnotes":""},"class_list":["post-1563","page","type-page","status-publish","hentry"],"acf":{"custom_schema_json":""},"yoast_head":"<!-- This site is optimized with the Yoast SEO plugin v27.0 - https:\/\/yoast.com\/product\/yoast-seo-wordpress\/ -->\n<title>JUEGA EN CASA - Barcelona<\/title>\n<meta name=\"description\" content=\"La aventura comienza aqu\u00ed mismo, en tu propia casa. Echa un vistazo a nuestras aventuras de Escape Hunt 5 estrellas dise\u00f1adas para descargar y jugar en casa. \u00a1Un aut\u00e9ntico escape room virtual!\" \/>\n<meta name=\"robots\" content=\"index, follow, max-snippet:-1, max-image-preview:large, max-video-preview:-1\" \/>\n<link rel=\"canonical\" href=\"https:\/\/escapehunt.com\/es\/barcelona\/juega-en-casa\/\" \/>\n<meta property=\"og:locale\" content=\"es_ES\" \/>\n<meta property=\"og:type\" content=\"article\" \/>\n<meta property=\"og:title\" content=\"JUEGA EN CASA - Barcelona\" \/>\n<meta property=\"og:description\" content=\"La aventura comienza aqu\u00ed mismo, en tu propia casa. Echa un vistazo a nuestras aventuras de Escape Hunt 5 estrellas dise\u00f1adas para descargar y jugar en casa. \u00a1Un aut\u00e9ntico escape room virtual!\" \/>\n<meta property=\"og:url\" content=\"https:\/\/escapehunt.com\/es\/barcelona\/juega-en-casa\/\" \/>\n<meta property=\"og:site_name\" content=\"Barcelona\" \/>\n<meta property=\"article:modified_time\" content=\"2026-03-31T17:52:13+00:00\" \/>\n<meta name=\"twitter:card\" content=\"summary_large_image\" \/>\n<meta name=\"twitter:label1\" content=\"Tiempo de lectura\" \/>\n\t<meta name=\"twitter:data1\" content=\"1 minuto\" \/>\n<script type=\"application\/ld+json\" class=\"yoast-schema-graph\">{\"@context\":\"https:\/\/schema.org\",\"@graph\":[{\"@type\":\"WebPage\",\"@id\":\"https:\/\/escapehunt.com\/es\/barcelona\/juega-en-casa\/\",\"url\":\"https:\/\/escapehunt.com\/es\/barcelona\/juega-en-casa\/\",\"name\":\"JUEGA EN CASA - Barcelona\",\"isPartOf\":{\"@id\":\"https:\/\/escapehunt.com\/es\/barcelona\/en\/#website\"},\"datePublished\":\"2020-04-16T13:23:23+00:00\",\"dateModified\":\"2026-03-31T17:52:13+00:00\",\"description\":\"La aventura comienza aqu\u00ed mismo, en tu propia casa. Echa un vistazo a nuestras aventuras de Escape Hunt 5 estrellas dise\u00f1adas para descargar y jugar en casa. \u00a1Un aut\u00e9ntico escape room virtual!\",\"breadcrumb\":{\"@id\":\"https:\/\/escapehunt.com\/es\/barcelona\/juega-en-casa\/#breadcrumb\"},\"inLanguage\":\"es\",\"potentialAction\":[{\"@type\":\"ReadAction\",\"target\":[\"https:\/\/escapehunt.com\/es\/barcelona\/juega-en-casa\/\"]}]},{\"@type\":\"BreadcrumbList\",\"@id\":\"https:\/\/escapehunt.com\/es\/barcelona\/juega-en-casa\/#breadcrumb\",\"itemListElement\":[{\"@type\":\"ListItem\",\"position\":1,\"name\":\"Home\",\"item\":\"https:\/\/escapehunt.com\/es\/barcelona\/\"},{\"@type\":\"ListItem\",\"position\":2,\"name\":\"JUEGA EN CASA\"}]},{\"@type\":\"WebSite\",\"@id\":\"https:\/\/escapehunt.com\/es\/barcelona\/en\/#website\",\"url\":\"https:\/\/escapehunt.com\/es\/barcelona\/en\/\",\"name\":\"Barcelona\",\"description\":\"Just another Escape Hunt Staging Sites site\",\"potentialAction\":[{\"@type\":\"SearchAction\",\"target\":{\"@type\":\"EntryPoint\",\"urlTemplate\":\"https:\/\/escapehunt.com\/es\/barcelona\/en\/?s={search_term_string}\"},\"query-input\":{\"@type\":\"PropertyValueSpecification\",\"valueRequired\":true,\"valueName\":\"search_term_string\"}}],\"inLanguage\":\"es\"}]}<\/script>\n<!-- \/ Yoast SEO plugin. -->","yoast_head_json":{"title":"JUEGA EN CASA - Barcelona","description":"La aventura comienza aqu\u00ed mismo, en tu propia casa. Echa un vistazo a nuestras aventuras de Escape Hunt 5 estrellas dise\u00f1adas para descargar y jugar en casa. \u00a1Un aut\u00e9ntico escape room virtual!","robots":{"index":"index","follow":"follow","max-snippet":"max-snippet:-1","max-image-preview":"max-image-preview:large","max-video-preview":"max-video-preview:-1"},"canonical":"https:\/\/escapehunt.com\/es\/barcelona\/juega-en-casa\/","og_locale":"es_ES","og_type":"article","og_title":"JUEGA EN CASA - Barcelona","og_description":"La aventura comienza aqu\u00ed mismo, en tu propia casa. Echa un vistazo a nuestras aventuras de Escape Hunt 5 estrellas dise\u00f1adas para descargar y jugar en casa. \u00a1Un aut\u00e9ntico escape room virtual!","og_url":"https:\/\/escapehunt.com\/es\/barcelona\/juega-en-casa\/","og_site_name":"Barcelona","article_modified_time":"2026-03-31T17:52:13+00:00","twitter_card":"summary_large_image","twitter_misc":{"Tiempo de lectura":"1 minuto"},"schema":{"@context":"https:\/\/schema.org","@graph":[{"@type":"WebPage","@id":"https:\/\/escapehunt.com\/es\/barcelona\/juega-en-casa\/","url":"https:\/\/escapehunt.com\/es\/barcelona\/juega-en-casa\/","name":"JUEGA EN CASA - Barcelona","isPartOf":{"@id":"https:\/\/escapehunt.com\/es\/barcelona\/en\/#website"},"datePublished":"2020-04-16T13:23:23+00:00","dateModified":"2026-03-31T17:52:13+00:00","description":"La aventura comienza aqu\u00ed mismo, en tu propia casa. Echa un vistazo a nuestras aventuras de Escape Hunt 5 estrellas dise\u00f1adas para descargar y jugar en casa. \u00a1Un aut\u00e9ntico escape room virtual!","breadcrumb":{"@id":"https:\/\/escapehunt.com\/es\/barcelona\/juega-en-casa\/#breadcrumb"},"inLanguage":"es","potentialAction":[{"@type":"ReadAction","target":["https:\/\/escapehunt.com\/es\/barcelona\/juega-en-casa\/"]}]},{"@type":"BreadcrumbList","@id":"https:\/\/escapehunt.com\/es\/barcelona\/juega-en-casa\/#breadcrumb","itemListElement":[{"@type":"ListItem","position":1,"name":"Home","item":"https:\/\/escapehunt.com\/es\/barcelona\/"},{"@type":"ListItem","position":2,"name":"JUEGA EN CASA"}]},{"@type":"WebSite","@id":"https:\/\/escapehunt.com\/es\/barcelona\/en\/#website","url":"https:\/\/escapehunt.com\/es\/barcelona\/en\/","name":"Barcelona","description":"Just another Escape Hunt Staging Sites site","potentialAction":[{"@type":"SearchAction","target":{"@type":"EntryPoint","urlTemplate":"https:\/\/escapehunt.com\/es\/barcelona\/en\/?s={search_term_string}"},"query-input":{"@type":"PropertyValueSpecification","valueRequired":true,"valueName":"search_term_string"}}],"inLanguage":"es"}]}},"custom_schema_json":"","_links":{"self":[{"href":"https:\/\/escapehunt.com\/es\/barcelona\/wp-json\/wp\/v2\/pages\/1563","targetHints":{"allow":["GET"]}}],"collection":[{"href":"https:\/\/escapehunt.com\/es\/barcelona\/wp-json\/wp\/v2\/pages"}],"about":[{"href":"https:\/\/escapehunt.com\/es\/barcelona\/wp-json\/wp\/v2\/types\/page"}],"author":[{"embeddable":true,"href":"https:\/\/escapehunt.com\/es\/barcelona\/wp-json\/wp\/v2\/users\/104"}],"replies":[{"embeddable":true,"href":"https:\/\/escapehunt.com\/es\/barcelona\/wp-json\/wp\/v2\/comments?post=1563"}],"version-history":[{"count":5,"href":"https:\/\/escapehunt.com\/es\/barcelona\/wp-json\/wp\/v2\/pages\/1563\/revisions"}],"predecessor-version":[{"id":17735,"href":"https:\/\/escapehunt.com\/es\/barcelona\/wp-json\/wp\/v2\/pages\/1563\/revisions\/17735"}],"wp:attachment":[{"href":"https:\/\/escapehunt.com\/es\/barcelona\/wp-json\/wp\/v2\/media?parent=1563"}],"curies":[{"name":"wp","href":"https:\/\/api.w.org\/{rel}","templated":true}]}}