{"id":115,"date":"2018-09-24T12:30:47","date_gmt":"2018-09-24T12:30:47","guid":{"rendered":"https:\/\/escapehunt.com\/es\/barcelona\/?page_id=115"},"modified":"2020-12-09T07:40:13","modified_gmt":"2020-12-09T07:40:13","slug":"espanyol","status":"publish","type":"page","link":"https:\/\/escapehunt.com\/es\/barcelona\/espanyol\/","title":{"rendered":"400m2, LA MAYOR Y M\u00c1S EMOCIONANTE EXPERIENCIA DE ESCAPE ROOM EN BARCELONA"},"content":{"rendered":"<p>Experimenta el mejor escape room de Barcelona. Es ideal para tus fiestas, tus eventos especiales, un team building para empresas, la formaci\u00f3n de equipos y tambi\u00e9n para salir con familiares y amigos. \u00bfPodr\u00e1s escapar de la habitaci\u00f3n? Reserva en l\u00ednea y d\u00e9jate encerrar en Escape Hunt Barcelona.<\/p>\n<p>Con 400m2, es la mayor y m\u00e1s emocionante experiencia de escape room de Barcelona.<\/p>\n<p>&nbsp;<\/p>\n<h3 class=\"heading__title\">3 JUEGOS EN 6 SALAS: \u00a1ESCOGE YA TU RETO!<\/h3>\n<p>BASADOS EN CASOS REALES DE LA BARCELONA DE 1900<\/p>\n<p>Pr\u00e9parate para una hora de diversi\u00f3n trepidante.<\/p>\n<p>Tenemos 3 juegos distintos distribuidos en 6 salas \u2013 todos disponibles para jugar en modo competici\u00f3n \u2013 de 2 a 68 jugadores.<\/p>\n<p>Disponible en catal\u00e1n, en castellano, en ingl\u00e9s y tambi\u00e9n en franc\u00e9s, 400m2 de instalaciones, gran sala de celebraci\u00f3n, cuidada decoraci\u00f3n modernista.<\/p>\n<p>A 2 minutos de Sagrada Familia.<\/p>\n<p>Somos la marca l\u00edder mundial en Escape Room y el m\u00e1s popular de Barcelona (85.000 jugadores), con la calidad y servicio ideal para grupos, eventos y celebraciones.<\/p>\n<p>Adem\u00e1s, BEBIDA GRATIS para todos los participantes.<\/p>\n<p>Puedes hacer tu reserva en l\u00ednea a trav\u00e9s de nuestro sistema de reservas: <a href=\"https:\/\/escapehunt.com\/es\/barcelona\/juegos-de-escape\/\">https:\/\/escapehunt.com\/es\/barcelona\/juegos-de-escape\/<\/a><a href=\"https:\/\/escapehunt.com\/es\/barcelona\/juegos-de-escape\/\"><img loading=\"lazy\" decoding=\"async\" class=\"alignnone wp-image-1219\" src=\"https:\/\/escapehunt.com\/es\/barcelona\/wp-content\/uploads\/sites\/43\/2019\/07\/0031_EH-BCN-31-300x199.jpg\" alt=\"Escape Room Barcelona\" width=\"268\" height=\"178\" srcset=\"https:\/\/escapehunt.com\/es\/barcelona\/wp-content\/uploads\/sites\/43\/2019\/07\/0031_EH-BCN-31-300x199.jpg 300w, https:\/\/escapehunt.com\/es\/barcelona\/wp-content\/uploads\/sites\/43\/2019\/07\/0031_EH-BCN-31-768x509.jpg 768w, https:\/\/escapehunt.com\/es\/barcelona\/wp-content\/uploads\/sites\/43\/2019\/07\/0031_EH-BCN-31.jpg 770w\" sizes=\"auto, (max-width: 268px) 100vw, 268px\" \/><\/a><\/p>\n<p>Cada uno de nuestros juegos tiene lugar en una habitaci\u00f3n tem\u00e1tica dise\u00f1ada con una incre\u00edble atenci\u00f3n al detalle, por lo que realmente podr\u00e1s perderte en la experiencia. \u00bfEst\u00e1s listo para entrar en el juego?<\/p>\n<p>&nbsp;<\/p>\n<p>De 2 a 68 jugadores, es el escape room de Barcelona m\u00e1s grande con 400m2 , gran sala de celebraci\u00f3n, c\u00e1tering especial, pantalla gigante,\u2026 \u00a1IDEAL GRUPOS GRANDES!<\/p>\n<p>Escape Hunt Barcelona es un espacio \u00fanico para tus celebraciones y eventos: \u00a1ven y disfruta de una ambientaci\u00f3n modernista de 400m2!<\/p>\n<p>6 salas de juego y 3 misterios diferentes para jugar tambi\u00e9n en modo competici\u00f3n.<\/p>\n<p>Especializados en empresas y grupos grandes. Hasta 34 jugadores jugando simult\u00e1neamente y 68 jugadores a\u00f1adiendo la actividad \u201cHall Escape\u201d de \u201cLa casa maldita\u201d.<\/p>\n<p>Todos nuestros misterios est\u00e1n basados en casos reales de 1900.<\/p>\n<p>Desde abril del 2015 ya han jugado con nosotros m\u00e1s de 85.000 detectives y m\u00e1s de 850 empresas, ya han confiado en nosotros.<\/p>\n<p>&nbsp;<\/p>\n<p>Y tambi\u00e9n puedes seguir nuestras promociones en: <a href=\"https:\/\/www.instagram.com\/escapehuntbcn\/\">https:\/\/www.instagram.com\/escapehuntbcn\/<\/a><\/p>\n","protected":false},"excerpt":{"rendered":"<p>Experimenta el mejor escape room de Barcelona. Es ideal para tus fiestas, tus eventos especiales, un team building para empresas, la formaci\u00f3n de equipos y tambi\u00e9n para salir con familiares&hellip;<\/p>\n","protected":false},"author":12,"featured_media":0,"parent":0,"menu_order":0,"comment_status":"closed","ping_status":"closed","template":"views\/homepage.php","meta":{"_acf_changed":false,"footnotes":""},"class_list":["post-115","page","type-page","status-publish","hentry"],"acf":{"custom_schema_json":""},"yoast_head":"<!-- This site is optimized with the Yoast SEO plugin v27.0 - https:\/\/yoast.com\/product\/yoast-seo-wordpress\/ -->\n<title>El Escape Room M\u00e1s Emocionante de Barcelona | Escape Hunt Barcelona.<\/title>\n<meta name=\"description\" content=\"El mejor escape room de Barcelona. Ideal para fiestas, eventos, empresas o para familias y amigos \u00bfPodr\u00e1s escapar? Reserva ahora y ven a EH Barcelona.\" \/>\n<meta name=\"robots\" content=\"index, follow, max-snippet:-1, max-image-preview:large, max-video-preview:-1\" \/>\n<link rel=\"canonical\" href=\"https:\/\/escapehunt.com\/es\/barcelona\/espanyol\/\" \/>\n<meta property=\"og:locale\" content=\"es_ES\" \/>\n<meta property=\"og:type\" content=\"article\" \/>\n<meta property=\"og:title\" content=\"El Escape Room M\u00e1s Emocionante de Barcelona | Escape Hunt Barcelona.\" \/>\n<meta property=\"og:description\" content=\"El mejor escape room de Barcelona. Ideal para fiestas, eventos, empresas o para familias y amigos \u00bfPodr\u00e1s escapar? Reserva ahora y ven a EH Barcelona.\" \/>\n<meta property=\"og:url\" content=\"https:\/\/escapehunt.com\/es\/barcelona\/espanyol\/\" \/>\n<meta property=\"og:site_name\" content=\"Barcelona\" \/>\n<meta property=\"article:modified_time\" content=\"2020-12-09T07:40:13+00:00\" \/>\n<meta property=\"og:image\" content=\"https:\/\/escapehunt.com\/es\/barcelona\/wp-content\/uploads\/sites\/43\/2019\/07\/0031_EH-BCN-31-300x199.jpg\" \/>\n<meta name=\"twitter:card\" content=\"summary_large_image\" \/>\n<meta name=\"twitter:label1\" content=\"Tiempo de lectura\" \/>\n\t<meta name=\"twitter:data1\" content=\"2 minutos\" \/>\n<script type=\"application\/ld+json\" class=\"yoast-schema-graph\">{\"@context\":\"https:\/\/schema.org\",\"@graph\":[{\"@type\":\"WebPage\",\"@id\":\"https:\/\/escapehunt.com\/es\/barcelona\/espanyol\/\",\"url\":\"https:\/\/escapehunt.com\/es\/barcelona\/espanyol\/\",\"name\":\"El Escape Room M\u00e1s Emocionante de Barcelona | Escape Hunt Barcelona.\",\"isPartOf\":{\"@id\":\"https:\/\/escapehunt.com\/es\/barcelona\/en\/#website\"},\"primaryImageOfPage\":{\"@id\":\"https:\/\/escapehunt.com\/es\/barcelona\/espanyol\/#primaryimage\"},\"image\":{\"@id\":\"https:\/\/escapehunt.com\/es\/barcelona\/espanyol\/#primaryimage\"},\"thumbnailUrl\":\"https:\/\/escapehunt.com\/es\/barcelona\/wp-content\/uploads\/sites\/43\/2019\/07\/0031_EH-BCN-31-300x199.jpg\",\"datePublished\":\"2018-09-24T12:30:47+00:00\",\"dateModified\":\"2020-12-09T07:40:13+00:00\",\"description\":\"El mejor escape room de Barcelona. Ideal para fiestas, eventos, empresas o para familias y amigos \u00bfPodr\u00e1s escapar? Reserva ahora y ven a EH Barcelona.\",\"breadcrumb\":{\"@id\":\"https:\/\/escapehunt.com\/es\/barcelona\/espanyol\/#breadcrumb\"},\"inLanguage\":\"es\",\"potentialAction\":[{\"@type\":\"ReadAction\",\"target\":[\"https:\/\/escapehunt.com\/es\/barcelona\/espanyol\/\"]}]},{\"@type\":\"ImageObject\",\"inLanguage\":\"es\",\"@id\":\"https:\/\/escapehunt.com\/es\/barcelona\/espanyol\/#primaryimage\",\"url\":\"https:\/\/escapehunt.com\/es\/barcelona\/wp-content\/uploads\/sites\/43\/2019\/07\/0031_EH-BCN-31-300x199.jpg\",\"contentUrl\":\"https:\/\/escapehunt.com\/es\/barcelona\/wp-content\/uploads\/sites\/43\/2019\/07\/0031_EH-BCN-31-300x199.jpg\"},{\"@type\":\"BreadcrumbList\",\"@id\":\"https:\/\/escapehunt.com\/es\/barcelona\/espanyol\/#breadcrumb\",\"itemListElement\":[{\"@type\":\"ListItem\",\"position\":1,\"name\":\"Home\",\"item\":\"https:\/\/escapehunt.com\/es\/barcelona\/\"},{\"@type\":\"ListItem\",\"position\":2,\"name\":\"400m2, LA MAYOR Y M\u00c1S EMOCIONANTE EXPERIENCIA DE ESCAPE ROOM EN BARCELONA\"}]},{\"@type\":\"WebSite\",\"@id\":\"https:\/\/escapehunt.com\/es\/barcelona\/en\/#website\",\"url\":\"https:\/\/escapehunt.com\/es\/barcelona\/en\/\",\"name\":\"Barcelona\",\"description\":\"Just another Escape Hunt Staging Sites site\",\"potentialAction\":[{\"@type\":\"SearchAction\",\"target\":{\"@type\":\"EntryPoint\",\"urlTemplate\":\"https:\/\/escapehunt.com\/es\/barcelona\/en\/?s={search_term_string}\"},\"query-input\":{\"@type\":\"PropertyValueSpecification\",\"valueRequired\":true,\"valueName\":\"search_term_string\"}}],\"inLanguage\":\"es\"}]}<\/script>\n<!-- \/ Yoast SEO plugin. -->","yoast_head_json":{"title":"El Escape Room M\u00e1s Emocionante de Barcelona | Escape Hunt Barcelona.","description":"El mejor escape room de Barcelona. Ideal para fiestas, eventos, empresas o para familias y amigos \u00bfPodr\u00e1s escapar? Reserva ahora y ven a EH Barcelona.","robots":{"index":"index","follow":"follow","max-snippet":"max-snippet:-1","max-image-preview":"max-image-preview:large","max-video-preview":"max-video-preview:-1"},"canonical":"https:\/\/escapehunt.com\/es\/barcelona\/espanyol\/","og_locale":"es_ES","og_type":"article","og_title":"El Escape Room M\u00e1s Emocionante de Barcelona | Escape Hunt Barcelona.","og_description":"El mejor escape room de Barcelona. Ideal para fiestas, eventos, empresas o para familias y amigos \u00bfPodr\u00e1s escapar? Reserva ahora y ven a EH Barcelona.","og_url":"https:\/\/escapehunt.com\/es\/barcelona\/espanyol\/","og_site_name":"Barcelona","article_modified_time":"2020-12-09T07:40:13+00:00","og_image":[{"url":"https:\/\/escapehunt.com\/es\/barcelona\/wp-content\/uploads\/sites\/43\/2019\/07\/0031_EH-BCN-31-300x199.jpg","type":"","width":"","height":""}],"twitter_card":"summary_large_image","twitter_misc":{"Tiempo de lectura":"2 minutos"},"schema":{"@context":"https:\/\/schema.org","@graph":[{"@type":"WebPage","@id":"https:\/\/escapehunt.com\/es\/barcelona\/espanyol\/","url":"https:\/\/escapehunt.com\/es\/barcelona\/espanyol\/","name":"El Escape Room M\u00e1s Emocionante de Barcelona | Escape Hunt Barcelona.","isPartOf":{"@id":"https:\/\/escapehunt.com\/es\/barcelona\/en\/#website"},"primaryImageOfPage":{"@id":"https:\/\/escapehunt.com\/es\/barcelona\/espanyol\/#primaryimage"},"image":{"@id":"https:\/\/escapehunt.com\/es\/barcelona\/espanyol\/#primaryimage"},"thumbnailUrl":"https:\/\/escapehunt.com\/es\/barcelona\/wp-content\/uploads\/sites\/43\/2019\/07\/0031_EH-BCN-31-300x199.jpg","datePublished":"2018-09-24T12:30:47+00:00","dateModified":"2020-12-09T07:40:13+00:00","description":"El mejor escape room de Barcelona. Ideal para fiestas, eventos, empresas o para familias y amigos \u00bfPodr\u00e1s escapar? Reserva ahora y ven a EH Barcelona.","breadcrumb":{"@id":"https:\/\/escapehunt.com\/es\/barcelona\/espanyol\/#breadcrumb"},"inLanguage":"es","potentialAction":[{"@type":"ReadAction","target":["https:\/\/escapehunt.com\/es\/barcelona\/espanyol\/"]}]},{"@type":"ImageObject","inLanguage":"es","@id":"https:\/\/escapehunt.com\/es\/barcelona\/espanyol\/#primaryimage","url":"https:\/\/escapehunt.com\/es\/barcelona\/wp-content\/uploads\/sites\/43\/2019\/07\/0031_EH-BCN-31-300x199.jpg","contentUrl":"https:\/\/escapehunt.com\/es\/barcelona\/wp-content\/uploads\/sites\/43\/2019\/07\/0031_EH-BCN-31-300x199.jpg"},{"@type":"BreadcrumbList","@id":"https:\/\/escapehunt.com\/es\/barcelona\/espanyol\/#breadcrumb","itemListElement":[{"@type":"ListItem","position":1,"name":"Home","item":"https:\/\/escapehunt.com\/es\/barcelona\/"},{"@type":"ListItem","position":2,"name":"400m2, LA MAYOR Y M\u00c1S EMOCIONANTE EXPERIENCIA DE ESCAPE ROOM EN BARCELONA"}]},{"@type":"WebSite","@id":"https:\/\/escapehunt.com\/es\/barcelona\/en\/#website","url":"https:\/\/escapehunt.com\/es\/barcelona\/en\/","name":"Barcelona","description":"Just another Escape Hunt Staging Sites site","potentialAction":[{"@type":"SearchAction","target":{"@type":"EntryPoint","urlTemplate":"https:\/\/escapehunt.com\/es\/barcelona\/en\/?s={search_term_string}"},"query-input":{"@type":"PropertyValueSpecification","valueRequired":true,"valueName":"search_term_string"}}],"inLanguage":"es"}]}},"custom_schema_json":"","_links":{"self":[{"href":"https:\/\/escapehunt.com\/es\/barcelona\/wp-json\/wp\/v2\/pages\/115","targetHints":{"allow":["GET"]}}],"collection":[{"href":"https:\/\/escapehunt.com\/es\/barcelona\/wp-json\/wp\/v2\/pages"}],"about":[{"href":"https:\/\/escapehunt.com\/es\/barcelona\/wp-json\/wp\/v2\/types\/page"}],"author":[{"embeddable":true,"href":"https:\/\/escapehunt.com\/es\/barcelona\/wp-json\/wp\/v2\/users\/12"}],"replies":[{"embeddable":true,"href":"https:\/\/escapehunt.com\/es\/barcelona\/wp-json\/wp\/v2\/comments?post=115"}],"version-history":[{"count":6,"href":"https:\/\/escapehunt.com\/es\/barcelona\/wp-json\/wp\/v2\/pages\/115\/revisions"}],"predecessor-version":[{"id":17140,"href":"https:\/\/escapehunt.com\/es\/barcelona\/wp-json\/wp\/v2\/pages\/115\/revisions\/17140"}],"wp:attachment":[{"href":"https:\/\/escapehunt.com\/es\/barcelona\/wp-json\/wp\/v2\/media?parent=115"}],"curies":[{"name":"wp","href":"https:\/\/api.w.org\/{rel}","templated":true}]}}