{"id":487,"date":"2018-10-28T07:34:59","date_gmt":"2018-10-28T07:34:59","guid":{"rendered":"https:\/\/escapehunt.com\/es\/barcelona\/?page_id=487"},"modified":"2019-05-01T21:36:22","modified_gmt":"2019-05-01T21:36:22","slug":"politica-de-privacitat","status":"publish","type":"page","link":"https:\/\/escapehunt.com\/es\/barcelona\/ca\/politica-de-privacitat\/","title":{"rendered":"Pol\u00edtica de privacitat"},"content":{"rendered":"<p>Aquesta pol\u00edtica descriu com The Escape Hunt Experience Barcelona utilitza les seves dades personals quan utilitza la nostra p\u00e0gina web (<u>barcelona.escapehunt.com<\/u>), la nostra aplicaci\u00f3 de jocs (The Lost Temples) o quan participa en una de les nostres experi\u00e8ncies de la marca Escape Hunt. Recordeu que aquesta pol\u00edtica no cobreix el lloc web global ni les sales de joc de la marca Escape Hunt fora d\u2019Espanya. Li proporcionem aquesta pol\u00edtica per garantir que comprengui quines dades personals podem recopilar i mantenir sobre vost\u00e8, per qu\u00e8 podem fer-lo servir i com ho mantenim fora de perill. Vost\u00e8 t\u00e9 drets legals per accedir a les dades personals que tenim sobre vost\u00e8 i per controlar com els fem servir, que tamb\u00e9 s\u2019expliquen en aquesta pol\u00edtica.<\/p>\n<p>Podeu llegir o imprimir aquesta pol\u00edtica completa. Fem servir subt\u00edtols per ajudar-lo a trobar informaci\u00f3 espec\u00edfica que pugui estar buscant amb m\u00e9s facilitat, inclosa informaci\u00f3 sobre:<\/p>\n<p><strong>QUI SOM I COM POTS CONTACTAR-NOS<\/strong><\/p>\n<p>A trav\u00e9s del correu electr\u00f2nic:\u00a0<u>barcelona@escapehunt.com<\/u><\/p>\n<p>O per correu:<\/p>\n<p>Protecci\u00f3 de Dades<\/p>\n<p>The Escape Hunt Experience Barcelona<\/p>\n<ol>\n<li>N\u00e0pols, 255, bis<\/li>\n<\/ol>\n<p>08025-Barcelona<\/p>\n<p><strong>QUINES DADES PERSONALS PODEM RECOPILAR SOBRE VOST\u00c8<\/strong><\/p>\n<ol>\n<li>Dades personals que ens proporciona. Hi ha moltes formes en qu\u00e8 pot compartir les seves dades personals amb nosaltres, per exemple, pot registrar al nostre lloc web, publicar en els llocs de xarxes socials que administrem, o contactar-en relaci\u00f3 amb una de les nostres experi\u00e8ncies d\u2019escapament Hunt que vost\u00e8 faria desitja fer una reserva, ja ha fet una reserva o en qu\u00e8 participa. Les dades personals que ens proporciona poden incloure el seu nom, adre\u00e7a, adre\u00e7a de correu electr\u00f2nic i n\u00famero de tel\u00e8fon, informaci\u00f3 financera i de targeta de cr\u00e8dit, i data de naixement. Tamb\u00e9 recopilarem informaci\u00f3 sobre la seva (s) reserva (es), com el (els) joc (s) que ha reservat per jugar, la data, hora i ubicaci\u00f3, i els noms dels participants que est\u00e0 reservant en nom de.<\/li>\n<li>Dades personals sobre el seu \u00fas del nostre lloc web. Aquesta \u00e9s informaci\u00f3 t\u00e8cnica i inclou detalls com ara la seva adre\u00e7a IP, la informaci\u00f3 d\u2019inici de sessi\u00f3 de la seva visita, tipus i versi\u00f3 del navegador, configuraci\u00f3 de zona hor\u00e0ria, tipus i versions de complement del navegador, sistema operatiu i plataforma, aix\u00ed com detalls de com va navegar fins a la nostra p\u00e0gina web i quan se\u2019n va anar, quines p\u00e0gines ha vist o buscat, temps de resposta de p\u00e0gina, errors de desc\u00e0rrega, durada de les visites a certes p\u00e0gines, informaci\u00f3 d\u2019interacci\u00f3 de p\u00e0gina (com despla\u00e7ament, clics i mouse- overs).<\/li>\n<li>Dades personals que rebem de tercers. Si participa en un joc que ha estat reservat per una altra persona, \u00e9s possible que ens hagi proporcionat el seu nom quan va realitzar la reserva.<\/li>\n<li>Imatges CCTV. Fem servir CCTV en els nostres llocs per motius de seguretat. Tamb\u00e9 fem servir CCTV a les sales de joc per permetre que els Games M\u00e0sters ajudin els jugadors. Les imatges capturades a trav\u00e9s de CCTV es monitoritzen en temps real nom\u00e9s i no vam registrar ni emmagatzemem imatges CCTV. Els avisos es mostren clarament en els nostres llocs.<\/li>\n<\/ol>\n<p><strong>PERQU\u00c8 FEM SERVIR LES SEVES DADES PERSONALS<\/strong><\/p>\n<p>Fem servir la seva informaci\u00f3 personal de les seg\u00fcents maneres:<\/p>\n<ol>\n<li>les dades personals que ens proporciona s\u2019utilitzen per:<\/li>\n<\/ol>\n<ul>\n<li>li proporcionem la informaci\u00f3, productes i serveis que ens sol\u00b7licita<\/li>\n<li>li enviarem alguns correus electr\u00f2nics de servei relacionats amb el seu (s) reserva (es), per exemple, per\u00f2 no exclusivament: una confirmaci\u00f3 una vegada que la reserva sigui reeixida, un recordatori per correu electr\u00f2nic que contingui informaci\u00f3 \u00fatil sobre la seva reserva i un agra\u00efment per participar-hi.<\/li>\n<li>proporcionar informaci\u00f3 de m\u00e0rqueting d\u2019acord amb les seves prefer\u00e8ncies de m\u00e0rqueting (consulteu utilitzem les seves dades personals per a comercialitzar)<\/li>\n<li>si ens ha proporcionat la seva data de naixement i ha optat pels correus electr\u00f2nics de comercialitzaci\u00f3, \u00e9s possible que li enviem alguns obsequis d\u2019aniversari<\/li>\n<li>administrar i administrar el nostre negoci<\/li>\n<li>revisar i millorar els nostres productes i serveis<\/li>\n<\/ul>\n<ol start=\"2\">\n<li>s\u2019utilitzen dades personals sobre el seu \u00fas del nostre lloc web:<\/li>\n<\/ol>\n<ul>\n<li>per administrar el nostre lloc web i per a les operacions internes, incloent-hi la soluci\u00f3 de problemes, an\u00e0lisi de dades, proves, investigaci\u00f3, estad\u00edstiques i enquestes<\/li>\n<li>millorar el nostre lloc web per garantir que el contingut es present de la manera m\u00e9s efectiva per a vost\u00e8 i per al seu ordinador o dispositiu m\u00f2bil<\/li>\n<li>com a part dels nostres esfor\u00e7os per mantenir el nostre lloc segur i protegit<\/li>\n<li>per mesurar o comprendre l\u2019efectivitat de la publicitat que li servim a vost\u00e8 i als altres, i per enviar-li publicitat rellevant a vost\u00e8<\/li>\n<li>fer suggeriments i recomanacions per a vost\u00e8 i altres usuaris del nostre web de productes o serveis que poden interessar o a ells<\/li>\n<\/ul>\n<p><strong>COOKIES<\/strong><\/p>\n<p>Nuestro sitio web utiliza cookies para distinguirlo de otros usuarios de nuestro sitio web. Esto nos ayuda a brindarle una buena experiencia cuando navega por nuestro sitio web o cuando utiliza nuestra aplicaci\u00f3n y tambi\u00e9n nos permite mejorar nuestro sitio web. Para obtener informaci\u00f3n detallada sobre las cookies que utilizamos y los fines para los que las utilizamos, consulte nuestra\u00a0<u>Pol\u00edtica de cookies<\/u>.<\/p>\n<p><strong>CUANDO NECESITAMOS SU CONSENTIMIENTO PARA UTILIZAR SUS DATOS PERSONALES<\/strong><\/p>\n<p>Aunque siempre queremos que est\u00e9 al tanto de c\u00f3mo estamos usando sus datos personales, esto no significa necesariamente que tengamos que pedir su consentimiento antes de que podamos usarlo. En el d\u00eda a d\u00eda de nuestro negocio, podemos utilizar sus datos personales sin pedir su consentimiento porque:<\/p>\n<ul>\n<li>estamos asumiendo y cumpliendo con nuestras obligaciones bajo un contrato con usted<\/li>\n<li>necesitamos utilizar sus datos personales para nuestros propios fines leg\u00edtimos (como la administraci\u00f3n y gesti\u00f3n de nuestro negocio y la mejora de nuestros servicios) y nuestro hacerlo no interferir\u00e1 con sus derechos de privacidad<\/li>\n<\/ul>\n<p>En circunstancias excepcionales, es posible que deseemos utilizar sus datos personales para un fin diferente que requiere su consentimiento. En estas circunstancias, nos pondremos en contacto con usted para explicarle c\u00f3mo deseamos utilizar sus datos y para solicitar su consentimiento. No est\u00e1 obligado a dar su consentimiento solo porque lo solicitemos. Si das tu consentimiento, puedes cambiar de opini\u00f3n y retirarlo en una fecha posterior.<\/p>\n<p>Consulte la secci\u00f3n\u00a0<u>C\u00f3mo utilizamos sus datos personales para su comercializaci\u00f3n\u00a0<\/u>\u00a0para leer sobre los consentimientos de comercializaci\u00f3n.<\/p>\n<p><strong>DADES PERSONALS ALS QUE LEGALMENT EST\u00c0 OBLIGAT A PROPORCIONAR<\/strong><\/p>\n<p>No t\u00e9 l\u2019obligaci\u00f3 legal de proporcionar-nos les seves dades personals i tingueu en compte que si tria no proporcionar-nos les seves dades personals, \u00e9s possible que no puguem proporcionar els nostres productes o serveis.<\/p>\n<p><strong>ELS SEUS DRETS PER SABER QU\u00c8 DADES PERSONALS TENIM I PER CONTROLAR COM HO UTILITZEM<\/strong><\/p>\n<p>Vost\u00e8 t\u00e9 el dret legal de saber quines dades personals tenim sobre vost\u00e8; aix\u00f2 es denomina dret d\u2019acc\u00e9s als subjectes. Pot exercir aquest dret enviant-nos una sol\u00b7licitud per escrit en qualsevol moment. Marqueu la seva carta \u201cSol\u00b7licitud d\u2019acc\u00e9s al tema\u201d i envieu-nos-per correu electr\u00f2nic a\u00a0<u>barcelona@escapehunt.com<\/u><\/p>\n<p>Vost\u00e8 tamb\u00e9 t\u00e9 dret a:<\/p>\n<ul>\n<li>evitar que les seves dades personals s\u2019utilitzin amb fins de m\u00e0rqueting (consulteu\u00a0<u>Com utilitzem les seves dades personals per a la seva comercialitzaci\u00f3<\/u>\u00a0per obtenir m\u00e9s informaci\u00f3)<\/li>\n<li>t\u00e9 dades personals inexactes corregits, bloquejats o esborrats<\/li>\n<li>objectar les decisions que es prenguin sobre vost\u00e8 per mitjans autom\u00e0tics o que les seves dades personals s\u2019utilitzin amb fins d\u2019elaboraci\u00f3 de perfils<\/li>\n<li>oposar-se que usem les seves dades personals de maneres que puguin causar-li dany o angoixa<\/li>\n<li>restringir l\u2019\u00fas de les seves dades personals<\/li>\n<li>requereix que eliminem les seves dades personals<\/li>\n<li>exigim que li proporcionem a vost\u00e8, o a qualsevol persona que vost\u00e8 designi, una c\u00f2pia de les dades personals que ens hagi proporcionat en un formulari electr\u00f2nic estructurat, com un fitxer CSV.<\/li>\n<\/ul>\n<p>Podeu trobar tots els detalls dels seus drets de dades personals a l\u2019Oficina del Comissionat d\u2019Informaci\u00f3, lloc web de l\u2019Ag\u00e8ncia Espanyola de Protecci\u00f3 de Dades en\u00a0<a href=\"http:\/\/www.agpd.es\/\">www.agpd.es<\/a><\/p>\n<p><strong>PRESA DE DECISIONS I PERFILS AUTOMATITZATS<\/strong><\/p>\n<p>No fem \u00fas de la presa de decisions automatitzada.<\/p>\n<p><strong>QUAN COMPARTIM LES TEVES DADES PERSONALS AMB ALTRES<\/strong><\/p>\n<p>Compartim les seves dades amb les seg\u00fcents persones en el dia a dia de la nostra empresa:<\/p>\n<ul>\n<li>altres empreses que formen part del grup d\u2019empreses The Escape Hunt Experience Barcelona<\/li>\n<li>qualsevol soci comercial, prove\u00efdor o subcontractista amb el qual treballem per proporcionar b\u00e9ns o serveis que ens hagi sol\u00b7licitat. Per exemple, estem obligats a compartir dades amb el nostre prove\u00efdor de motors de reserves i processadors de pagaments quan realitzi una reserva amb nosaltres. Tamb\u00e9 compartirem dades amb el nostre prove\u00efdor de serveis de correu electr\u00f2nic per a enviar-li correus electr\u00f2nics de servei o m\u00e0rqueting.<\/li>\n<li>anal\u00edtics i prove\u00efdors de motors de cerca que ens ajuden a millorar i optimitzar el nostre lloc<\/li>\n<\/ul>\n<p>Tamb\u00e9 podem compartir la seva informaci\u00f3 personal amb tercers de manera puntual, per exemple, si:<\/p>\n<ul>\n<li>Venem o comprem qualsevol negoci o actiu (incl\u00f2s el nostre), en el cas divulgarem les seves dades personals al possible venedor o comprador d\u2019aquest negoci o actius.<\/li>\n<li>tenim l\u2019obligaci\u00f3 de divulgar o compartir les seves dades personals per complir amb qualsevol obligaci\u00f3 legal, o per fer complir o aplicar\u00a0<u>els termes d\u2019\u00fas del nostre lloc web i altres acords<\/u>; o per protegir els drets, la propietat o la seguretat dels nostres clients, nosaltres mateixos o tercers. Aix\u00f2 inclou l\u2019intercanvi d\u2019informaci\u00f3 amb altres companyies i organitzacions amb el prop\u00f2sit de protecci\u00f3 contra el frau i reducci\u00f3 del risc de cr\u00e8dit<\/li>\n<\/ul>\n<p><strong>COM MANTENIM ASSEGURANCES LES SEVES DADES PERSONALS<\/strong><\/p>\n<p>Prenem Totes els precaucions per garantir que els Seves dades personals \u00e9s mantinguin segurs. Lamentablement, enviar informaci\u00f3 a trav\u00e9s d\u2019Internet no \u00e9s completament segur. Encara que farem tot el possible per protegir els Seves tats personals, no Podem garantir la seguridad de les dades personals enviades a Nostre lloc web; Vost\u00e9 ENS envia tats personals sota su PROPI risc. Un cop haguem rebut els Seves tats personals, utilitzarem Procediments estrictes i Funcions de seguridad per intentar evitar l\u2019acc\u00e9s no autoritzat.<\/p>\n<p><strong>COM UTILITZEM LES SEVES DADES PERSONALS PER COMERCIALITZAR<\/strong><\/p>\n<p>Afegirem a els Seus Detalls a la nostra base de dades de m\u00e0rqueting si:<\/p>\n<ul>\n<li>realitza una consulta sobre Els nostres productes o serveis<\/li>\n<li>compris Els nostres B\u00e9ns o serveis<\/li>\n<li>li ha dit a un tercer que desitja que ENS passin els Seves tats de contacte perque puguem enviar Actualitzacions sobre Els nostres productes i serveis<\/li>\n<li>s\u2019ha registrat al nostre lloc web o en una de Les nostres ubicacions i ha indicat durante el Proc\u00e9s de SUBSCRIPCI\u00d3 que li complaur\u00e0 Rebre comunicacions de m\u00e0rqueting<\/li>\n<\/ul>\n<p>Tamb\u00e9 Podem enviar-li comunicacions de m\u00e0rqueting per correu electr\u00f2nic si ENS D\u00f3na su Consentiment per Fer-ho. Pot donar-se d\u2019baixa d\u2019aquests en qualsevol punt usant l\u2019enlla\u00e7 de cancel\u00b7laci\u00f3 de subscripci\u00f3a la part inferior de cada correu electr\u00f2nic.<\/p>\n<p>Mai compartim els seves dades personals amb tercers amb fins comercials.<\/p>\n<p><strong>QUAN ENVIAREM LES SEVES DADES PERSONALS A ALTRES PA\u00cfSOS<\/strong><\/p>\n<p>Les seves dades personals poden ser transferits i emmagatzemats en una destinaci\u00f3 fora de l\u2019\u00c0rea Econ\u00f2mica Europea ( \u201cEEE\u201d) per nosaltres o pels nostres subcontractistes. On nosaltres, o els nostres subcontractistes, fem servir sistemes de TI o programari que s\u00f3n prove\u00efts per companyies no espanyoles, les seves dades personals poden emmagatzemar en els servidors d\u2019aquestes companyies fora d\u2019EEA fora d\u2019Espanya. Prendrem totes les mesures raonablement necess\u00e0ries per garantir que les seves dades es tractin de forma segura i de conformitat amb aquesta pol\u00edtica de privacitat.<\/p>\n<p>Fem servir Bookeo per processar les reserves.<\/p>\n<p>Utilitzem MailChimp com el nostre prove\u00efdor de serveis de correu electr\u00f2nic que estan certificats amb EU-U.S. Marc de protecci\u00f3 de privacitat.<\/p>\n<p>Fem servir Stripe.com per processar pagaments.<\/p>\n<p><strong>COM POT FER UNA QUEIXA<\/strong><\/p>\n<p>Si no est\u00e0 satisfet amb la forma en qu\u00e8 hem utilitzat les seves dades personals, poseu-vos amb nosaltres per analitzar-ho utilitzant les dades de contacte establerts en la secci\u00f3 anterior.<\/p>\n<p>Tamb\u00e9 t\u00e9 dret a presentar una queixa davant l\u2019Oficina del Comissionat d\u2019Informaci\u00f3, Ag\u00e8ncia Espanyola de Protecci\u00f3 de Dades, que pot visitar visitant www.agpd.es. Si b\u00e9 no est\u00e0 obligat a fer-ho, el convidem a contactar directament per parlar sobre qualsevol inquietuds que pugui tenir i per permetre\u2019ns l\u2019oportunitat d\u2019abordar-les abans de contactar amb l\u2019Oficina del Comissionat d\u2019Informaci\u00f3, Ag\u00e8ncia Espanyola de Protecci\u00f3 de Dades.<\/p>\n<p><strong>COM MANTENIM AQUESTA POL\u00cdTICA FINS A LA DATA<\/strong><\/p>\n<p>Revisarem i actualitzarem aquesta pol\u00edtica de tant en tant. Aix\u00f2 pot reflectir un canvi en els b\u00e9ns o serveis que oferim o en els nostres procediments interns o pot reflectir un canvi en la llei.<\/p>\n<p>La forma m\u00e9s f\u00e0cil de buscar actualitzacions \u00e9s buscar l\u2019\u00faltima versi\u00f3 d\u2019aquesta pol\u00edtica al nostre lloc web (<u>www.escapehunt.com<\/u>) o pot contactar-(consulteu\u00a0<u>Qui som i com contactar-nos<\/u>) per sol\u00b7licitar que li enviem el darrera versi\u00f3 de la nostra pol\u00edtica.<\/p>\n<p>Cada vegada que actualitzem la nostra pol\u00edtica, actualitzarem el n\u00famero de versi\u00f3 de la pol\u00edtica que es mostra al final de la pol\u00edtica i la data en qu\u00e8 va entrar en vig\u00e8ncia aquesta versi\u00f3 de la mateixa.<\/p>\n<p>Aquesta \u00e9s la versi\u00f3 de pol\u00edtica que va entrar en vig\u00e8ncia el 25 de maig de 2018.<\/p>\n","protected":false},"excerpt":{"rendered":"<p>Aquesta pol\u00edtica descriu com The Escape Hunt Experience Barcelona utilitza les seves dades personals quan utilitza la nostra p\u00e0gina web (barcelona.escapehunt.com), la nostra aplicaci\u00f3 de jocs (The Lost Temples) o&hellip;<\/p>\n","protected":false},"author":60,"featured_media":0,"parent":0,"menu_order":0,"comment_status":"closed","ping_status":"closed","template":"","meta":{"_acf_changed":false,"footnotes":""},"class_list":["post-487","page","type-page","status-publish","hentry"],"acf":{"custom_schema_json":""},"yoast_head":"<!-- This site is optimized with the Yoast SEO plugin v27.0 - https:\/\/yoast.com\/product\/yoast-seo-wordpress\/ -->\n<title>Pol\u00edtica de privacitat | Escape Hunt Barcelona<\/title>\n<meta name=\"description\" content=\"Pol\u00edtica de privacitat d&#039;Escape Hunt. Si us plau, revisi la nostra pol\u00edtica de privacitat per obtenir informaci\u00f3 sobre com recollim i utilitzem les dades.\" \/>\n<meta name=\"robots\" content=\"index, follow, max-snippet:-1, max-image-preview:large, max-video-preview:-1\" \/>\n<link rel=\"canonical\" href=\"https:\/\/escapehunt.com\/es\/barcelona\/ca\/politica-de-privacitat\/\" \/>\n<meta property=\"og:locale\" content=\"ca_ES\" \/>\n<meta property=\"og:type\" content=\"article\" \/>\n<meta property=\"og:title\" content=\"Pol\u00edtica de privacitat | Escape Hunt Barcelona\" \/>\n<meta property=\"og:description\" content=\"Pol\u00edtica de privacitat d&#039;Escape Hunt. Si us plau, revisi la nostra pol\u00edtica de privacitat per obtenir informaci\u00f3 sobre com recollim i utilitzem les dades.\" \/>\n<meta property=\"og:url\" content=\"https:\/\/escapehunt.com\/es\/barcelona\/ca\/politica-de-privacitat\/\" \/>\n<meta property=\"og:site_name\" content=\"Barcelona\" \/>\n<meta property=\"article:modified_time\" content=\"2019-05-01T21:36:22+00:00\" \/>\n<meta name=\"twitter:card\" content=\"summary_large_image\" \/>\n<meta name=\"twitter:label1\" content=\"Temps estimat de lectura\" \/>\n\t<meta name=\"twitter:data1\" content=\"11 minuts\" \/>\n<script type=\"application\/ld+json\" class=\"yoast-schema-graph\">{\"@context\":\"https:\/\/schema.org\",\"@graph\":[{\"@type\":\"WebPage\",\"@id\":\"https:\/\/escapehunt.com\/es\/barcelona\/ca\/politica-de-privacitat\/\",\"url\":\"https:\/\/escapehunt.com\/es\/barcelona\/ca\/politica-de-privacitat\/\",\"name\":\"Pol\u00edtica de privacitat | Escape Hunt Barcelona\",\"isPartOf\":{\"@id\":\"https:\/\/escapehunt.com\/es\/barcelona\/en\/#website\"},\"datePublished\":\"2018-10-28T07:34:59+00:00\",\"dateModified\":\"2019-05-01T21:36:22+00:00\",\"description\":\"Pol\u00edtica de privacitat d'Escape Hunt. Si us plau, revisi la nostra pol\u00edtica de privacitat per obtenir informaci\u00f3 sobre com recollim i utilitzem les dades.\",\"breadcrumb\":{\"@id\":\"https:\/\/escapehunt.com\/es\/barcelona\/ca\/politica-de-privacitat\/#breadcrumb\"},\"inLanguage\":\"ca\",\"potentialAction\":[{\"@type\":\"ReadAction\",\"target\":[\"https:\/\/escapehunt.com\/es\/barcelona\/ca\/politica-de-privacitat\/\"]}]},{\"@type\":\"BreadcrumbList\",\"@id\":\"https:\/\/escapehunt.com\/es\/barcelona\/ca\/politica-de-privacitat\/#breadcrumb\",\"itemListElement\":[{\"@type\":\"ListItem\",\"position\":1,\"name\":\"Home\",\"item\":\"https:\/\/escapehunt.com\/es\/barcelona\/ca\/\"},{\"@type\":\"ListItem\",\"position\":2,\"name\":\"Pol\u00edtica de privacitat\"}]},{\"@type\":\"WebSite\",\"@id\":\"https:\/\/escapehunt.com\/es\/barcelona\/en\/#website\",\"url\":\"https:\/\/escapehunt.com\/es\/barcelona\/en\/\",\"name\":\"Barcelona\",\"description\":\"Just another Escape Hunt Staging Sites site\",\"potentialAction\":[{\"@type\":\"SearchAction\",\"target\":{\"@type\":\"EntryPoint\",\"urlTemplate\":\"https:\/\/escapehunt.com\/es\/barcelona\/en\/?s={search_term_string}\"},\"query-input\":{\"@type\":\"PropertyValueSpecification\",\"valueRequired\":true,\"valueName\":\"search_term_string\"}}],\"inLanguage\":\"ca\"}]}<\/script>\n<!-- \/ Yoast SEO plugin. -->","yoast_head_json":{"title":"Pol\u00edtica de privacitat | Escape Hunt Barcelona","description":"Pol\u00edtica de privacitat d'Escape Hunt. Si us plau, revisi la nostra pol\u00edtica de privacitat per obtenir informaci\u00f3 sobre com recollim i utilitzem les dades.","robots":{"index":"index","follow":"follow","max-snippet":"max-snippet:-1","max-image-preview":"max-image-preview:large","max-video-preview":"max-video-preview:-1"},"canonical":"https:\/\/escapehunt.com\/es\/barcelona\/ca\/politica-de-privacitat\/","og_locale":"ca_ES","og_type":"article","og_title":"Pol\u00edtica de privacitat | Escape Hunt Barcelona","og_description":"Pol\u00edtica de privacitat d'Escape Hunt. Si us plau, revisi la nostra pol\u00edtica de privacitat per obtenir informaci\u00f3 sobre com recollim i utilitzem les dades.","og_url":"https:\/\/escapehunt.com\/es\/barcelona\/ca\/politica-de-privacitat\/","og_site_name":"Barcelona","article_modified_time":"2019-05-01T21:36:22+00:00","twitter_card":"summary_large_image","twitter_misc":{"Temps estimat de lectura":"11 minuts"},"schema":{"@context":"https:\/\/schema.org","@graph":[{"@type":"WebPage","@id":"https:\/\/escapehunt.com\/es\/barcelona\/ca\/politica-de-privacitat\/","url":"https:\/\/escapehunt.com\/es\/barcelona\/ca\/politica-de-privacitat\/","name":"Pol\u00edtica de privacitat | Escape Hunt Barcelona","isPartOf":{"@id":"https:\/\/escapehunt.com\/es\/barcelona\/en\/#website"},"datePublished":"2018-10-28T07:34:59+00:00","dateModified":"2019-05-01T21:36:22+00:00","description":"Pol\u00edtica de privacitat d'Escape Hunt. Si us plau, revisi la nostra pol\u00edtica de privacitat per obtenir informaci\u00f3 sobre com recollim i utilitzem les dades.","breadcrumb":{"@id":"https:\/\/escapehunt.com\/es\/barcelona\/ca\/politica-de-privacitat\/#breadcrumb"},"inLanguage":"ca","potentialAction":[{"@type":"ReadAction","target":["https:\/\/escapehunt.com\/es\/barcelona\/ca\/politica-de-privacitat\/"]}]},{"@type":"BreadcrumbList","@id":"https:\/\/escapehunt.com\/es\/barcelona\/ca\/politica-de-privacitat\/#breadcrumb","itemListElement":[{"@type":"ListItem","position":1,"name":"Home","item":"https:\/\/escapehunt.com\/es\/barcelona\/ca\/"},{"@type":"ListItem","position":2,"name":"Pol\u00edtica de privacitat"}]},{"@type":"WebSite","@id":"https:\/\/escapehunt.com\/es\/barcelona\/en\/#website","url":"https:\/\/escapehunt.com\/es\/barcelona\/en\/","name":"Barcelona","description":"Just another Escape Hunt Staging Sites site","potentialAction":[{"@type":"SearchAction","target":{"@type":"EntryPoint","urlTemplate":"https:\/\/escapehunt.com\/es\/barcelona\/en\/?s={search_term_string}"},"query-input":{"@type":"PropertyValueSpecification","valueRequired":true,"valueName":"search_term_string"}}],"inLanguage":"ca"}]}},"custom_schema_json":"","_links":{"self":[{"href":"https:\/\/escapehunt.com\/es\/barcelona\/ca\/wp-json\/wp\/v2\/pages\/487","targetHints":{"allow":["GET"]}}],"collection":[{"href":"https:\/\/escapehunt.com\/es\/barcelona\/ca\/wp-json\/wp\/v2\/pages"}],"about":[{"href":"https:\/\/escapehunt.com\/es\/barcelona\/ca\/wp-json\/wp\/v2\/types\/page"}],"author":[{"embeddable":true,"href":"https:\/\/escapehunt.com\/es\/barcelona\/ca\/wp-json\/wp\/v2\/users\/60"}],"replies":[{"embeddable":true,"href":"https:\/\/escapehunt.com\/es\/barcelona\/ca\/wp-json\/wp\/v2\/comments?post=487"}],"version-history":[{"count":1,"href":"https:\/\/escapehunt.com\/es\/barcelona\/ca\/wp-json\/wp\/v2\/pages\/487\/revisions"}],"predecessor-version":[{"id":749,"href":"https:\/\/escapehunt.com\/es\/barcelona\/ca\/wp-json\/wp\/v2\/pages\/487\/revisions\/749"}],"wp:attachment":[{"href":"https:\/\/escapehunt.com\/es\/barcelona\/ca\/wp-json\/wp\/v2\/media?parent=487"}],"curies":[{"name":"wp","href":"https:\/\/api.w.org\/{rel}","templated":true}]}}