{"id":476,"date":"2018-10-28T07:04:02","date_gmt":"2018-10-28T07:04:02","guid":{"rendered":"https:\/\/escapehunt.com\/es\/barcelona\/?page_id=476"},"modified":"2019-05-01T21:37:19","modified_gmt":"2019-05-01T21:37:19","slug":"mapa-del-lloc","status":"publish","type":"page","link":"https:\/\/escapehunt.com\/es\/barcelona\/ca\/mapa-del-lloc\/","title":{"rendered":"Mapa del Lloc"},"content":{"rendered":"","protected":false},"excerpt":{"rendered":"","protected":false},"author":60,"featured_media":0,"parent":0,"menu_order":0,"comment_status":"closed","ping_status":"closed","template":"views\/site-map.php","meta":{"_acf_changed":false,"footnotes":""},"class_list":["post-476","page","type-page","status-publish","hentry"],"acf":{"custom_schema_json":""},"yoast_head":"<!-- This site is optimized with the Yoast SEO plugin v27.0 - https:\/\/yoast.com\/product\/yoast-seo-wordpress\/ -->\n<title>Mapa del Lloc | Escape Hunt Barcelona<\/title>\n<meta name=\"description\" content=\"El mapa del lloc Escape Hunt Barcelona t\u00e9 enlla\u00e7os a tota la informaci\u00f3 important i \u00fatil per a la teva experi\u00e8ncia d&#039;escape room. Troba nostres jocs, apr\u00e8n a jugar i reserva la teva sala d&#039;escape room en l\u00ednia.\" \/>\n<meta name=\"robots\" content=\"index, follow, max-snippet:-1, max-image-preview:large, max-video-preview:-1\" \/>\n<link rel=\"canonical\" href=\"https:\/\/escapehunt.com\/es\/barcelona\/ca\/mapa-del-lloc\/\" \/>\n<meta property=\"og:locale\" content=\"ca_ES\" \/>\n<meta property=\"og:type\" content=\"article\" \/>\n<meta property=\"og:title\" content=\"Mapa del Lloc | Escape Hunt Barcelona\" \/>\n<meta property=\"og:description\" content=\"El mapa del lloc Escape Hunt Barcelona t\u00e9 enlla\u00e7os a tota la informaci\u00f3 important i \u00fatil per a la teva experi\u00e8ncia d&#039;escape room. Troba nostres jocs, apr\u00e8n a jugar i reserva la teva sala d&#039;escape room en l\u00ednia.\" \/>\n<meta property=\"og:url\" content=\"https:\/\/escapehunt.com\/es\/barcelona\/ca\/mapa-del-lloc\/\" \/>\n<meta property=\"og:site_name\" content=\"Barcelona\" \/>\n<meta property=\"article:modified_time\" content=\"2019-05-01T21:37:19+00:00\" \/>\n<meta name=\"twitter:card\" content=\"summary_large_image\" \/>\n<script type=\"application\/ld+json\" class=\"yoast-schema-graph\">{\"@context\":\"https:\/\/schema.org\",\"@graph\":[{\"@type\":\"WebPage\",\"@id\":\"https:\/\/escapehunt.com\/es\/barcelona\/ca\/mapa-del-lloc\/\",\"url\":\"https:\/\/escapehunt.com\/es\/barcelona\/ca\/mapa-del-lloc\/\",\"name\":\"Mapa del Lloc | Escape Hunt Barcelona\",\"isPartOf\":{\"@id\":\"https:\/\/escapehunt.com\/es\/barcelona\/en\/#website\"},\"datePublished\":\"2018-10-28T07:04:02+00:00\",\"dateModified\":\"2019-05-01T21:37:19+00:00\",\"description\":\"El mapa del lloc Escape Hunt Barcelona t\u00e9 enlla\u00e7os a tota la informaci\u00f3 important i \u00fatil per a la teva experi\u00e8ncia d'escape room. Troba nostres jocs, apr\u00e8n a jugar i reserva la teva sala d'escape room en l\u00ednia.\",\"breadcrumb\":{\"@id\":\"https:\/\/escapehunt.com\/es\/barcelona\/ca\/mapa-del-lloc\/#breadcrumb\"},\"inLanguage\":\"ca\",\"potentialAction\":[{\"@type\":\"ReadAction\",\"target\":[\"https:\/\/escapehunt.com\/es\/barcelona\/ca\/mapa-del-lloc\/\"]}]},{\"@type\":\"BreadcrumbList\",\"@id\":\"https:\/\/escapehunt.com\/es\/barcelona\/ca\/mapa-del-lloc\/#breadcrumb\",\"itemListElement\":[{\"@type\":\"ListItem\",\"position\":1,\"name\":\"Home\",\"item\":\"https:\/\/escapehunt.com\/es\/barcelona\/ca\/\"},{\"@type\":\"ListItem\",\"position\":2,\"name\":\"Mapa del Lloc\"}]},{\"@type\":\"WebSite\",\"@id\":\"https:\/\/escapehunt.com\/es\/barcelona\/en\/#website\",\"url\":\"https:\/\/escapehunt.com\/es\/barcelona\/en\/\",\"name\":\"Barcelona\",\"description\":\"Just another Escape Hunt Staging Sites site\",\"potentialAction\":[{\"@type\":\"SearchAction\",\"target\":{\"@type\":\"EntryPoint\",\"urlTemplate\":\"https:\/\/escapehunt.com\/es\/barcelona\/en\/?s={search_term_string}\"},\"query-input\":{\"@type\":\"PropertyValueSpecification\",\"valueRequired\":true,\"valueName\":\"search_term_string\"}}],\"inLanguage\":\"ca\"}]}<\/script>\n<!-- \/ Yoast SEO plugin. -->","yoast_head_json":{"title":"Mapa del Lloc | Escape Hunt Barcelona","description":"El mapa del lloc Escape Hunt Barcelona t\u00e9 enlla\u00e7os a tota la informaci\u00f3 important i \u00fatil per a la teva experi\u00e8ncia d'escape room. Troba nostres jocs, apr\u00e8n a jugar i reserva la teva sala d'escape room en l\u00ednia.","robots":{"index":"index","follow":"follow","max-snippet":"max-snippet:-1","max-image-preview":"max-image-preview:large","max-video-preview":"max-video-preview:-1"},"canonical":"https:\/\/escapehunt.com\/es\/barcelona\/ca\/mapa-del-lloc\/","og_locale":"ca_ES","og_type":"article","og_title":"Mapa del Lloc | Escape Hunt Barcelona","og_description":"El mapa del lloc Escape Hunt Barcelona t\u00e9 enlla\u00e7os a tota la informaci\u00f3 important i \u00fatil per a la teva experi\u00e8ncia d'escape room. Troba nostres jocs, apr\u00e8n a jugar i reserva la teva sala d'escape room en l\u00ednia.","og_url":"https:\/\/escapehunt.com\/es\/barcelona\/ca\/mapa-del-lloc\/","og_site_name":"Barcelona","article_modified_time":"2019-05-01T21:37:19+00:00","twitter_card":"summary_large_image","schema":{"@context":"https:\/\/schema.org","@graph":[{"@type":"WebPage","@id":"https:\/\/escapehunt.com\/es\/barcelona\/ca\/mapa-del-lloc\/","url":"https:\/\/escapehunt.com\/es\/barcelona\/ca\/mapa-del-lloc\/","name":"Mapa del Lloc | Escape Hunt Barcelona","isPartOf":{"@id":"https:\/\/escapehunt.com\/es\/barcelona\/en\/#website"},"datePublished":"2018-10-28T07:04:02+00:00","dateModified":"2019-05-01T21:37:19+00:00","description":"El mapa del lloc Escape Hunt Barcelona t\u00e9 enlla\u00e7os a tota la informaci\u00f3 important i \u00fatil per a la teva experi\u00e8ncia d'escape room. Troba nostres jocs, apr\u00e8n a jugar i reserva la teva sala d'escape room en l\u00ednia.","breadcrumb":{"@id":"https:\/\/escapehunt.com\/es\/barcelona\/ca\/mapa-del-lloc\/#breadcrumb"},"inLanguage":"ca","potentialAction":[{"@type":"ReadAction","target":["https:\/\/escapehunt.com\/es\/barcelona\/ca\/mapa-del-lloc\/"]}]},{"@type":"BreadcrumbList","@id":"https:\/\/escapehunt.com\/es\/barcelona\/ca\/mapa-del-lloc\/#breadcrumb","itemListElement":[{"@type":"ListItem","position":1,"name":"Home","item":"https:\/\/escapehunt.com\/es\/barcelona\/ca\/"},{"@type":"ListItem","position":2,"name":"Mapa del Lloc"}]},{"@type":"WebSite","@id":"https:\/\/escapehunt.com\/es\/barcelona\/en\/#website","url":"https:\/\/escapehunt.com\/es\/barcelona\/en\/","name":"Barcelona","description":"Just another Escape Hunt Staging Sites site","potentialAction":[{"@type":"SearchAction","target":{"@type":"EntryPoint","urlTemplate":"https:\/\/escapehunt.com\/es\/barcelona\/en\/?s={search_term_string}"},"query-input":{"@type":"PropertyValueSpecification","valueRequired":true,"valueName":"search_term_string"}}],"inLanguage":"ca"}]}},"custom_schema_json":"","_links":{"self":[{"href":"https:\/\/escapehunt.com\/es\/barcelona\/ca\/wp-json\/wp\/v2\/pages\/476","targetHints":{"allow":["GET"]}}],"collection":[{"href":"https:\/\/escapehunt.com\/es\/barcelona\/ca\/wp-json\/wp\/v2\/pages"}],"about":[{"href":"https:\/\/escapehunt.com\/es\/barcelona\/ca\/wp-json\/wp\/v2\/types\/page"}],"author":[{"embeddable":true,"href":"https:\/\/escapehunt.com\/es\/barcelona\/ca\/wp-json\/wp\/v2\/users\/60"}],"replies":[{"embeddable":true,"href":"https:\/\/escapehunt.com\/es\/barcelona\/ca\/wp-json\/wp\/v2\/comments?post=476"}],"version-history":[{"count":1,"href":"https:\/\/escapehunt.com\/es\/barcelona\/ca\/wp-json\/wp\/v2\/pages\/476\/revisions"}],"predecessor-version":[{"id":751,"href":"https:\/\/escapehunt.com\/es\/barcelona\/ca\/wp-json\/wp\/v2\/pages\/476\/revisions\/751"}],"wp:attachment":[{"href":"https:\/\/escapehunt.com\/es\/barcelona\/ca\/wp-json\/wp\/v2\/media?parent=476"}],"curies":[{"name":"wp","href":"https:\/\/api.w.org\/{rel}","templated":true}]}}