{"id":474,"date":"2018-10-28T06:34:34","date_gmt":"2018-10-28T06:34:34","guid":{"rendered":"https:\/\/escapehunt.com\/es\/barcelona\/?page_id=469"},"modified":"2025-01-23T13:46:39","modified_gmt":"2025-01-23T13:46:39","slug":"cookies-2","status":"publish","type":"page","link":"https:\/\/escapehunt.com\/es\/barcelona\/ca\/cookies-2\/","title":{"rendered":"POL\u00cdTICA DE COOKIES"},"content":{"rendered":"<p>Lea atentamente esta Pol\u00edtica de Cookies, ya que contiene informaci\u00f3n importante sobre qui\u00e9nes somos y c\u00f3mo utilizamos las cookies en nuestro sitio web. Esta Pol\u00edtica debe leerse junto con nuestra <a href=\"https:\/\/escapehunt.com\/es\/barcelona\/ca\/politica-de-privacitat\/\">Pol\u00edtica de Privacidad<\/a>, que establece c\u00f3mo y por qu\u00e9 recopilamos, almacenamos, utilizamos y compartimos informaci\u00f3n personal en general, as\u00ed como sus derechos en relaci\u00f3n con su informaci\u00f3n personal y detalles sobre c\u00f3mo ponerse en contacto con nosotros y con las autoridades de supervisi\u00f3n si tiene alguna queja.<\/p>\n<h4><strong>QUI\u00c9NES SOMOS<\/strong><\/h4>\n<p>Este sitio web (escapehunt.com\/es) y los productos, servicios y caracter\u00edsticas que ponemos a su disposici\u00f3n como parte de nuestro sitio web de vez en cuando (colectivamente, el \u00abServicio\u00bb) son proporcionados por Escape Hunt Group Ltd con sede en el Reino Unido (\u00abnosotros\u00bb, \u00abnuestro\u00bb o \u00abnos\u00bb).<\/p>\n<p>Nuestro Servicio puede enlazar con otros sitios web y servicios propiedad de terceros y gestionados por ellos para poner a su disposici\u00f3n productos y servicios adicionales. Estos sitios web y servicios de terceros tambi\u00e9n pueden recopilar informaci\u00f3n sobre usted de acuerdo con sus propias pol\u00edticas de privacidad y cookies. Para obtener informaci\u00f3n sobre privacidad y cookies en relaci\u00f3n con estos sitios web de terceros, consulte sus pol\u00edticas de privacidad y cookies, seg\u00fan proceda.<\/p>\n<h4><strong>COOKIES &#8211; \u00bfQU\u00c9 SON?<\/strong><\/h4>\n<p>Como muchos otros sitios web, el nuestro utiliza cookies. Algunas de las cookies que utilizamos son esenciales para el funcionamiento del sitio. Tambi\u00e9n utilizamos algunas cookies no esenciales para recopilar informaci\u00f3n sobre c\u00f3mo los visitantes utilizan nuestro sitio web, de modo que podamos tomar decisiones informadas sobre las mejoras del sitio y obtener una buena comprensi\u00f3n del tipo de contenido que a nuestros visitantes les gusta leer.<\/p>\n<p>Una cookie es un peque\u00f1o archivo de texto que se coloca en su dispositivo (por ejemplo, ordenador, smartphone u otro dispositivo electr\u00f3nico) cuando utiliza nuestro sitio web. No afectan a su dispositivo, pero se utilizan ampliamente para que los sitios web funcionen o lo hagan de forma m\u00e1s eficiente, as\u00ed como para proporcionar informaci\u00f3n a los propietarios del sitio.<\/p>\n<p>Por ejemplo, podemos controlar cu\u00e1ntas veces visita el sitio web, a qu\u00e9 p\u00e1ginas va, datos de tr\u00e1fico, datos de localizaci\u00f3n y el nombre de dominio de origen de su proveedor de servicios de Internet. Esta informaci\u00f3n nos ayuda a crear un perfil de nuestros usuarios y a personalizar nuestro sitio web para ofrecer un mejor servicio y experiencia. Algunos de estos datos ser\u00e1n agregados o estad\u00edsticos, lo que significa que no podremos identificarle individualmente.<\/p>\n<p>Para m\u00e1s informaci\u00f3n sobre el uso que hacemos de las cookies, incluida una lista detallada de la informaci\u00f3n que nosotros y otros podemos recopilar a trav\u00e9s de las cookies, consulte \u00abNuestro uso de las cookies\u00bb m\u00e1s abajo.<\/p>\n<p>Para m\u00e1s informaci\u00f3n sobre las cookies en general, incluido c\u00f3mo controlarlas y gestionarlas, visite la <a href=\"https:\/\/ico.org.uk\/for-the-public\/online\/cookies\/\">gu\u00eda sobre cookies<\/a> publicada por la Oficina del Comisario de Informaci\u00f3n del Reino Unido o <a href=\"http:\/\/www.aboutcookies.org\">www.aboutcookies.org<\/a>.<\/p>\n<h4><strong>CONSENTIMIENTO PARA EL USO DE COOKIES Y GESTI\u00d3N DEL CONSENTIMIENTO<\/strong><\/h4>\n<p>Le pediremos su consentimiento para colocar cookies u otras tecnolog\u00edas similares en su dispositivo, excepto cuando sean esenciales para prestarle un servicio que haya solicitado o esenciales para el funcionamiento del sitio web.<\/p>\n<p>Puede retirar su consentimiento para el uso de cookies o gestionar cualquier otra preferencia de cookies a trav\u00e9s de nuestro gestor de preferencias de cookies. Puede que sea necesario actualizar la p\u00e1gina para que los ajustes actualizados surtan efecto.<\/p>\n<p><!-- OneTrust Cookies Settings button start --><br \/>\n<button id=\"ot-sdk-btn\" class=\"ot-sdk-show-settings\">Cookie\u00a0Settings<\/button><br \/>\n<!-- OneTrust Cookies Settings button end --><br \/>\n<span id=\"use\"><\/span><\/p>\n<h4><strong>NUESTRO USO DE LAS COOKIES<\/strong><\/h4>\n<p>Clasificamos y utilizamos las cookies de las siguientes maneras:<\/p>\n<p><strong>Estrictamente necesarias\/Esenciales:<\/strong> estas cookies son esenciales para que pueda navegar por nuestro sitio web y utilizar sus funciones. La informaci\u00f3n recopilada est\u00e1 relacionada con el funcionamiento del sitio web (por ejemplo, lenguaje de secuencias de comandos del sitio web y tokens de seguridad) y es necesaria para que el sitio web funcione correctamente. Tambi\u00e9n son necesarias para mantener la seguridad de nuestro sitio web.<\/p>\n<p><strong>Funcionales:<\/strong> estas cookies recuerdan las elecciones que usted ha hecho. Esto puede incluir, por ejemplo, el pa\u00eds desde el que visita nuestro sitio web, su preferencia de idioma y cualquier cambio que haya realizado en el tama\u00f1o del texto y otras partes de las p\u00e1ginas web que puede personalizar para mejorar su experiencia de usuario. Estas cookies hacen que sus visitas a nuestro sitio web sean m\u00e1s personalizadas y relevantes para usted.<\/p>\n<p><strong>Rendimiento\/an\u00e1lisis:<\/strong> estas cookies recopilan informaci\u00f3n sobre c\u00f3mo nuestros visitantes utilizan nuestro sitio web. Dicha informaci\u00f3n incluye, por ejemplo, qu\u00e9 p\u00e1ginas visita con m\u00e1s frecuencia, si recibe alg\u00fan mensaje de error y c\u00f3mo lleg\u00f3 a nuestro sitio web (por ejemplo, a trav\u00e9s de un motor de b\u00fasqueda o una plataforma de medios sociales). La informaci\u00f3n recogida por estas cookies se utiliza \u00fanicamente para mejorar su uso de nuestro sitio web. En ocasiones, estas cookies son colocadas por terceros proveedores de servicios de an\u00e1lisis y tr\u00e1fico web, como Google Analytics. Para obtener informaci\u00f3n sobre c\u00f3mo Google procesa y recopila su informaci\u00f3n y c\u00f3mo puede excluirse, consulte \u00abCookies de terceros\u00bb a continuaci\u00f3n.<\/p>\n<p><strong>Cookies de segmentaci\u00f3n:<\/strong> estas cookies pueden ser instaladas a trav\u00e9s de nuestro sitio por nuestros socios publicitarios. Estas empresas pueden utilizarlas para crear un perfil de sus intereses y mostrarle anuncios relevantes en otros sitios. No almacenan directamente informaci\u00f3n personal, sino que se basan en la identificaci\u00f3n exclusiva de su navegador y dispositivo de Internet. Si no permite el uso de estas cookies, la publicidad dirigida a usted ser\u00e1 menor.<\/p>\n<p>La tabla siguiente proporciona m\u00e1s informaci\u00f3n sobre las cookies que utilizamos y por qu\u00e9:<\/p>\n<p><!-- OneTrust Cookies List start --><\/p>\n<div id=\"ot-sdk-cookie-policy\"><\/div>\n<p><!-- OneTrust Cookies List end --><\/p>\n<p>&nbsp;<\/p>\n<p>Nuestro sitio web utiliza cookies colocadas por Google a trav\u00e9s de nuestro uso de Google Analytics.<\/p>\n<p>Google coloca cookies en nuestro sitio web para ayudarnos a informar sobre las interacciones de los visitantes con nuestro sitio web.<\/p>\n<p>Las cookies de Google Analytics tambi\u00e9n recopilan su direcci\u00f3n de protocolo de Internet (IP) para proporcionar y proteger la seguridad del servicio, y para darnos una idea de qu\u00e9 pa\u00eds, estado o ciudad del mundo proceden nuestros usuarios del sitio web (tambi\u00e9n conocido como \u00abgeolocalizaci\u00f3n IP\u00bb).<\/p>\n<p>Puede darse de baja de Google Analytics en cualquier momento visitando <a href=\"https:\/\/tools.google.com\/dlpage\/gaoptout\">https:\/\/tools.google.com\/dlpage\/gaoptout<\/a>.<\/p>\n<p>&nbsp;<\/p>\n<h4><strong>C\u00d3MO DESACTIVAR LAS COOKIES<\/strong><\/h4>\n<p>Si no desea aceptar ninguna cookie, puede cambiar la configuraci\u00f3n de su navegador para que no se acepten cookies (incluidas las que son esenciales para los servicios solicitados). Si lo hace, tenga en cuenta que puede perder parte de la funcionalidad de nuestro sitio web.<\/p>\n<p>Para m\u00e1s informaci\u00f3n sobre las cookies y c\u00f3mo desactivarlas, consulte la <a href=\"https:\/\/ico.org.uk\/for-the-public\/online\/cookies\/\">gu\u00eda sobre cookies<\/a> publicada por la Oficina del Comisionado de Informaci\u00f3n del Reino Unido o <a href=\"www.aboutcookies.org\">www.aboutcookies.org<\/a>.<\/p>\n<p>Exclusi\u00f3n voluntaria para m\u00f3viles: Si accede a nuestro sitio web a trav\u00e9s de dispositivos m\u00f3viles, puede activar la funci\u00f3n \u00abno rastrear\u00bb para controlar la publicidad basada en intereses en un dispositivo m\u00f3vil iOS o Android seleccionando la opci\u00f3n \u00abLimitar rastreo adicional\u00bb en la secci\u00f3n de privacidad de sus ajustes en iOS o a trav\u00e9s de las preferencias de publicidad en dispositivos Android (por ejemplo, en los ajustes de Google). Esto no impedir\u00e1 la visualizaci\u00f3n de anuncios, pero significar\u00e1 que dejar\u00e1n de estar personalizados en funci\u00f3n de sus intereses.<\/p>\n<h4><strong>CAMBIOS EN ESTA POL\u00cdTICA DE COOKIES<\/strong><\/h4>\n<p>Podemos cambiar esta Pol\u00edtica de Cookies de vez en cuando. Cuando realicemos cambios significativos, tomaremos medidas para informarle, por ejemplo, incluyendo un enlace destacado a una descripci\u00f3n de dichos cambios en nuestro sitio web durante un per\u00edodo razonable o por otros medios, como el correo electr\u00f3nico.<\/p>\n<h4><strong>C\u00d3MO PONERSE EN CONTACTO CON NOSOTROS<\/strong><\/h4>\n<p>A continuaci\u00f3n figuran nuestros datos de contacto:<\/p>\n<p><strong>Direcci\u00f3n postal:<\/strong><\/p>\n<p>Protecci\u00f3n de datos<br \/>\nBOOM BATTLE BAR Oxford Street<br \/>\nGround Floor and Basement level<br \/>\n70-88 Oxford Street<br \/>\nLondon<br \/>\nW1D 1BS<\/p>\n<p>Attn. Cookies<\/p>\n<p><strong>Email:<\/strong> <a href=\"mailto:dataprotection@escapehunt.com\">dataprotection@escapehunt.com<\/a><\/p>\n<p><strong>Telephone:<\/strong>\u00a0<a href=\"tel:+44 207 846 3322\">+44 207 846 3322<\/a><\/p>\n","protected":false},"excerpt":{"rendered":"<p>Lea atentamente esta Pol\u00edtica de Cookies, ya que contiene informaci\u00f3n importante sobre qui\u00e9nes somos y c\u00f3mo utilizamos las cookies en nuestro sitio web. Esta Pol\u00edtica debe leerse junto con nuestra&hellip;<\/p>\n","protected":false},"author":60,"featured_media":0,"parent":0,"menu_order":0,"comment_status":"closed","ping_status":"closed","template":"","meta":{"_acf_changed":false,"footnotes":""},"class_list":["post-474","page","type-page","status-publish","hentry"],"acf":{"custom_schema_json":""},"yoast_head":"<!-- This site is optimized with the Yoast SEO plugin v27.0 - https:\/\/yoast.com\/product\/yoast-seo-wordpress\/ -->\n<title>POL\u00cdTICA DE COOKIES | Escape Hunt Barcelona<\/title>\n<meta name=\"description\" content=\"Llegiu la pol\u00edtica de cookies d&#039;Escape Hunt.\" \/>\n<meta name=\"robots\" content=\"index, follow, max-snippet:-1, max-image-preview:large, max-video-preview:-1\" \/>\n<link rel=\"canonical\" href=\"https:\/\/escapehunt.com\/es\/barcelona\/ca\/cookies-2\/\" \/>\n<meta property=\"og:locale\" content=\"ca_ES\" \/>\n<meta property=\"og:type\" content=\"article\" \/>\n<meta property=\"og:title\" content=\"POL\u00cdTICA DE COOKIES | Escape Hunt Barcelona\" \/>\n<meta property=\"og:description\" content=\"Llegiu la pol\u00edtica de cookies d&#039;Escape Hunt.\" \/>\n<meta property=\"og:url\" content=\"https:\/\/escapehunt.com\/es\/barcelona\/ca\/cookies-2\/\" \/>\n<meta property=\"og:site_name\" content=\"Barcelona\" \/>\n<meta property=\"article:modified_time\" content=\"2025-01-23T13:46:39+00:00\" \/>\n<meta name=\"twitter:card\" content=\"summary_large_image\" \/>\n<meta name=\"twitter:label1\" content=\"Temps estimat de lectura\" \/>\n\t<meta name=\"twitter:data1\" content=\"6 minuts\" \/>\n<script type=\"application\/ld+json\" class=\"yoast-schema-graph\">{\"@context\":\"https:\/\/schema.org\",\"@graph\":[{\"@type\":\"WebPage\",\"@id\":\"https:\/\/escapehunt.com\/es\/barcelona\/ca\/cookies-2\/\",\"url\":\"https:\/\/escapehunt.com\/es\/barcelona\/ca\/cookies-2\/\",\"name\":\"POL\u00cdTICA DE COOKIES | Escape Hunt Barcelona\",\"isPartOf\":{\"@id\":\"https:\/\/escapehunt.com\/es\/barcelona\/en\/#website\"},\"datePublished\":\"2018-10-28T06:34:34+00:00\",\"dateModified\":\"2025-01-23T13:46:39+00:00\",\"description\":\"Llegiu la pol\u00edtica de cookies d'Escape Hunt.\",\"breadcrumb\":{\"@id\":\"https:\/\/escapehunt.com\/es\/barcelona\/ca\/cookies-2\/#breadcrumb\"},\"inLanguage\":\"ca\",\"potentialAction\":[{\"@type\":\"ReadAction\",\"target\":[\"https:\/\/escapehunt.com\/es\/barcelona\/ca\/cookies-2\/\"]}]},{\"@type\":\"BreadcrumbList\",\"@id\":\"https:\/\/escapehunt.com\/es\/barcelona\/ca\/cookies-2\/#breadcrumb\",\"itemListElement\":[{\"@type\":\"ListItem\",\"position\":1,\"name\":\"Home\",\"item\":\"https:\/\/escapehunt.com\/es\/barcelona\/ca\/\"},{\"@type\":\"ListItem\",\"position\":2,\"name\":\"POL\u00cdTICA DE COOKIES\"}]},{\"@type\":\"WebSite\",\"@id\":\"https:\/\/escapehunt.com\/es\/barcelona\/en\/#website\",\"url\":\"https:\/\/escapehunt.com\/es\/barcelona\/en\/\",\"name\":\"Barcelona\",\"description\":\"Just another Escape Hunt Staging Sites site\",\"potentialAction\":[{\"@type\":\"SearchAction\",\"target\":{\"@type\":\"EntryPoint\",\"urlTemplate\":\"https:\/\/escapehunt.com\/es\/barcelona\/en\/?s={search_term_string}\"},\"query-input\":{\"@type\":\"PropertyValueSpecification\",\"valueRequired\":true,\"valueName\":\"search_term_string\"}}],\"inLanguage\":\"ca\"}]}<\/script>\n<!-- \/ Yoast SEO plugin. -->","yoast_head_json":{"title":"POL\u00cdTICA DE COOKIES | Escape Hunt Barcelona","description":"Llegiu la pol\u00edtica de cookies d'Escape Hunt.","robots":{"index":"index","follow":"follow","max-snippet":"max-snippet:-1","max-image-preview":"max-image-preview:large","max-video-preview":"max-video-preview:-1"},"canonical":"https:\/\/escapehunt.com\/es\/barcelona\/ca\/cookies-2\/","og_locale":"ca_ES","og_type":"article","og_title":"POL\u00cdTICA DE COOKIES | Escape Hunt Barcelona","og_description":"Llegiu la pol\u00edtica de cookies d'Escape Hunt.","og_url":"https:\/\/escapehunt.com\/es\/barcelona\/ca\/cookies-2\/","og_site_name":"Barcelona","article_modified_time":"2025-01-23T13:46:39+00:00","twitter_card":"summary_large_image","twitter_misc":{"Temps estimat de lectura":"6 minuts"},"schema":{"@context":"https:\/\/schema.org","@graph":[{"@type":"WebPage","@id":"https:\/\/escapehunt.com\/es\/barcelona\/ca\/cookies-2\/","url":"https:\/\/escapehunt.com\/es\/barcelona\/ca\/cookies-2\/","name":"POL\u00cdTICA DE COOKIES | Escape Hunt Barcelona","isPartOf":{"@id":"https:\/\/escapehunt.com\/es\/barcelona\/en\/#website"},"datePublished":"2018-10-28T06:34:34+00:00","dateModified":"2025-01-23T13:46:39+00:00","description":"Llegiu la pol\u00edtica de cookies d'Escape Hunt.","breadcrumb":{"@id":"https:\/\/escapehunt.com\/es\/barcelona\/ca\/cookies-2\/#breadcrumb"},"inLanguage":"ca","potentialAction":[{"@type":"ReadAction","target":["https:\/\/escapehunt.com\/es\/barcelona\/ca\/cookies-2\/"]}]},{"@type":"BreadcrumbList","@id":"https:\/\/escapehunt.com\/es\/barcelona\/ca\/cookies-2\/#breadcrumb","itemListElement":[{"@type":"ListItem","position":1,"name":"Home","item":"https:\/\/escapehunt.com\/es\/barcelona\/ca\/"},{"@type":"ListItem","position":2,"name":"POL\u00cdTICA DE COOKIES"}]},{"@type":"WebSite","@id":"https:\/\/escapehunt.com\/es\/barcelona\/en\/#website","url":"https:\/\/escapehunt.com\/es\/barcelona\/en\/","name":"Barcelona","description":"Just another Escape Hunt Staging Sites site","potentialAction":[{"@type":"SearchAction","target":{"@type":"EntryPoint","urlTemplate":"https:\/\/escapehunt.com\/es\/barcelona\/en\/?s={search_term_string}"},"query-input":{"@type":"PropertyValueSpecification","valueRequired":true,"valueName":"search_term_string"}}],"inLanguage":"ca"}]}},"custom_schema_json":"","_links":{"self":[{"href":"https:\/\/escapehunt.com\/es\/barcelona\/ca\/wp-json\/wp\/v2\/pages\/474","targetHints":{"allow":["GET"]}}],"collection":[{"href":"https:\/\/escapehunt.com\/es\/barcelona\/ca\/wp-json\/wp\/v2\/pages"}],"about":[{"href":"https:\/\/escapehunt.com\/es\/barcelona\/ca\/wp-json\/wp\/v2\/types\/page"}],"author":[{"embeddable":true,"href":"https:\/\/escapehunt.com\/es\/barcelona\/ca\/wp-json\/wp\/v2\/users\/60"}],"replies":[{"embeddable":true,"href":"https:\/\/escapehunt.com\/es\/barcelona\/ca\/wp-json\/wp\/v2\/comments?post=474"}],"version-history":[{"count":6,"href":"https:\/\/escapehunt.com\/es\/barcelona\/ca\/wp-json\/wp\/v2\/pages\/474\/revisions"}],"predecessor-version":[{"id":17679,"href":"https:\/\/escapehunt.com\/es\/barcelona\/ca\/wp-json\/wp\/v2\/pages\/474\/revisions\/17679"}],"wp:attachment":[{"href":"https:\/\/escapehunt.com\/es\/barcelona\/ca\/wp-json\/wp\/v2\/media?parent=474"}],"curies":[{"name":"wp","href":"https:\/\/api.w.org\/{rel}","templated":true}]}}