{"id":1735,"date":"2020-06-04T11:56:20","date_gmt":"2020-06-04T11:56:20","guid":{"rendered":"https:\/\/escapehunt.com\/es\/barcelona\/?page_id=1735"},"modified":"2023-12-13T12:25:25","modified_gmt":"2023-12-13T12:25:25","slug":"ordre-arrest","status":"publish","type":"page","link":"https:\/\/escapehunt.com\/es\/barcelona\/ca\/ordre-arrest\/","title":{"rendered":"SOLUCIONA EL CAS"},"content":{"rendered":"<p>Excel\u00b7lent feina, detectius!<\/p>\n<p>Ara que teniu tota la informaci\u00f3, \u00e9s hora de tancar el cas, fer just\u00edcia a la fam\u00edlia\u00a0Blackwood\u00a0i reclamar l&#8217;her\u00e8ncia que us correspon.<\/p>\n<p>Per a procedir, seleccioneu al sospit\u00f3s que creieu que va matar a Sir Charles\u00a0Blackwood.<\/p>\n<p><center><br \/>\n<a class=\"button button--primary\" href=\"https:\/\/bit.ly\/2MvmuYh\">PEN\u00c8LOPE BLACKWOOD<\/a><\/center><\/p>\n<p style=\"text-align: center;\"><a class=\"button button--primary\" href=\"https:\/\/bit.ly\/2Y27VRo\">ERNEST CROMWELL<\/a><\/p>\n<p style=\"text-align: center;\"><a class=\"button button--primary\" href=\"https:\/\/bit.ly\/2Y27VRo\">GEOFFREY MARCHBANK<\/a><\/p>\n<p style=\"text-align: center;\"><a class=\"button button--primary\" href=\"https:\/\/bit.ly\/2Y27VRo\">LUCY BLACKWOOD<\/a><\/p>\n<p style=\"text-align: center;\"><a class=\"button button--primary\" href=\"https:\/\/bit.ly\/2Y27VRo\">JAMES CANTOR<\/a><\/p>\n","protected":false},"excerpt":{"rendered":"<p>Excel\u00b7lent feina, detectius! Ara que teniu tota la informaci\u00f3, \u00e9s hora de tancar el cas, fer just\u00edcia a la fam\u00edlia\u00a0Blackwood\u00a0i reclamar l&#8217;her\u00e8ncia que us correspon. Per a procedir, seleccioneu al&hellip;<\/p>\n","protected":false},"author":16,"featured_media":0,"parent":0,"menu_order":0,"comment_status":"closed","ping_status":"closed","template":"","meta":{"_acf_changed":false,"footnotes":""},"class_list":["post-1735","page","type-page","status-publish","hentry"],"acf":{"custom_schema_json":""},"yoast_head":"<!-- This site is optimized with the Yoast SEO plugin v27.0 - https:\/\/yoast.com\/product\/yoast-seo-wordpress\/ -->\n<title>SOLUCIONA EL CAS - Barcelona<\/title>\n<meta name=\"robots\" content=\"noindex, follow\" \/>\n<meta property=\"og:locale\" content=\"ca_ES\" \/>\n<meta property=\"og:type\" content=\"article\" \/>\n<meta property=\"og:title\" content=\"SOLUCIONA EL CAS - Barcelona\" \/>\n<meta property=\"og:description\" content=\"Excel\u00b7lent feina, detectius! Ara que teniu tota la informaci\u00f3, \u00e9s hora de tancar el cas, fer just\u00edcia a la fam\u00edlia\u00a0Blackwood\u00a0i reclamar l&#8217;her\u00e8ncia que us correspon. Per a procedir, seleccioneu al&hellip;\" \/>\n<meta property=\"og:url\" content=\"https:\/\/escapehunt.com\/es\/barcelona\/ca\/ordre-arrest\/\" \/>\n<meta property=\"og:site_name\" content=\"Barcelona\" \/>\n<meta property=\"article:modified_time\" content=\"2023-12-13T12:25:25+00:00\" \/>\n<meta name=\"twitter:card\" content=\"summary_large_image\" \/>\n<meta name=\"twitter:label1\" content=\"Temps estimat de lectura\" \/>\n\t<meta name=\"twitter:data1\" content=\"1 minut\" \/>\n<script type=\"application\/ld+json\" class=\"yoast-schema-graph\">{\"@context\":\"https:\/\/schema.org\",\"@graph\":[{\"@type\":\"WebPage\",\"@id\":\"https:\/\/escapehunt.com\/es\/barcelona\/ca\/ordre-arrest\/\",\"url\":\"https:\/\/escapehunt.com\/es\/barcelona\/ca\/ordre-arrest\/\",\"name\":\"SOLUCIONA EL CAS - Barcelona\",\"isPartOf\":{\"@id\":\"https:\/\/escapehunt.com\/es\/barcelona\/en\/#website\"},\"datePublished\":\"2020-06-04T11:56:20+00:00\",\"dateModified\":\"2023-12-13T12:25:25+00:00\",\"breadcrumb\":{\"@id\":\"https:\/\/escapehunt.com\/es\/barcelona\/ca\/ordre-arrest\/#breadcrumb\"},\"inLanguage\":\"ca\",\"potentialAction\":[{\"@type\":\"ReadAction\",\"target\":[\"https:\/\/escapehunt.com\/es\/barcelona\/ca\/ordre-arrest\/\"]}]},{\"@type\":\"BreadcrumbList\",\"@id\":\"https:\/\/escapehunt.com\/es\/barcelona\/ca\/ordre-arrest\/#breadcrumb\",\"itemListElement\":[{\"@type\":\"ListItem\",\"position\":1,\"name\":\"Home\",\"item\":\"https:\/\/escapehunt.com\/es\/barcelona\/ca\/\"},{\"@type\":\"ListItem\",\"position\":2,\"name\":\"SOLUCIONA EL CAS\"}]},{\"@type\":\"WebSite\",\"@id\":\"https:\/\/escapehunt.com\/es\/barcelona\/en\/#website\",\"url\":\"https:\/\/escapehunt.com\/es\/barcelona\/en\/\",\"name\":\"Barcelona\",\"description\":\"Just another Escape Hunt Staging Sites site\",\"potentialAction\":[{\"@type\":\"SearchAction\",\"target\":{\"@type\":\"EntryPoint\",\"urlTemplate\":\"https:\/\/escapehunt.com\/es\/barcelona\/en\/?s={search_term_string}\"},\"query-input\":{\"@type\":\"PropertyValueSpecification\",\"valueRequired\":true,\"valueName\":\"search_term_string\"}}],\"inLanguage\":\"ca\"}]}<\/script>\n<!-- \/ Yoast SEO plugin. -->","yoast_head_json":{"title":"SOLUCIONA EL CAS - Barcelona","robots":{"index":"noindex","follow":"follow"},"og_locale":"ca_ES","og_type":"article","og_title":"SOLUCIONA EL CAS - Barcelona","og_description":"Excel\u00b7lent feina, detectius! Ara que teniu tota la informaci\u00f3, \u00e9s hora de tancar el cas, fer just\u00edcia a la fam\u00edlia\u00a0Blackwood\u00a0i reclamar l&#8217;her\u00e8ncia que us correspon. Per a procedir, seleccioneu al&hellip;","og_url":"https:\/\/escapehunt.com\/es\/barcelona\/ca\/ordre-arrest\/","og_site_name":"Barcelona","article_modified_time":"2023-12-13T12:25:25+00:00","twitter_card":"summary_large_image","twitter_misc":{"Temps estimat de lectura":"1 minut"},"schema":{"@context":"https:\/\/schema.org","@graph":[{"@type":"WebPage","@id":"https:\/\/escapehunt.com\/es\/barcelona\/ca\/ordre-arrest\/","url":"https:\/\/escapehunt.com\/es\/barcelona\/ca\/ordre-arrest\/","name":"SOLUCIONA EL CAS - Barcelona","isPartOf":{"@id":"https:\/\/escapehunt.com\/es\/barcelona\/en\/#website"},"datePublished":"2020-06-04T11:56:20+00:00","dateModified":"2023-12-13T12:25:25+00:00","breadcrumb":{"@id":"https:\/\/escapehunt.com\/es\/barcelona\/ca\/ordre-arrest\/#breadcrumb"},"inLanguage":"ca","potentialAction":[{"@type":"ReadAction","target":["https:\/\/escapehunt.com\/es\/barcelona\/ca\/ordre-arrest\/"]}]},{"@type":"BreadcrumbList","@id":"https:\/\/escapehunt.com\/es\/barcelona\/ca\/ordre-arrest\/#breadcrumb","itemListElement":[{"@type":"ListItem","position":1,"name":"Home","item":"https:\/\/escapehunt.com\/es\/barcelona\/ca\/"},{"@type":"ListItem","position":2,"name":"SOLUCIONA EL CAS"}]},{"@type":"WebSite","@id":"https:\/\/escapehunt.com\/es\/barcelona\/en\/#website","url":"https:\/\/escapehunt.com\/es\/barcelona\/en\/","name":"Barcelona","description":"Just another Escape Hunt Staging Sites site","potentialAction":[{"@type":"SearchAction","target":{"@type":"EntryPoint","urlTemplate":"https:\/\/escapehunt.com\/es\/barcelona\/en\/?s={search_term_string}"},"query-input":{"@type":"PropertyValueSpecification","valueRequired":true,"valueName":"search_term_string"}}],"inLanguage":"ca"}]}},"custom_schema_json":"","_links":{"self":[{"href":"https:\/\/escapehunt.com\/es\/barcelona\/ca\/wp-json\/wp\/v2\/pages\/1735","targetHints":{"allow":["GET"]}}],"collection":[{"href":"https:\/\/escapehunt.com\/es\/barcelona\/ca\/wp-json\/wp\/v2\/pages"}],"about":[{"href":"https:\/\/escapehunt.com\/es\/barcelona\/ca\/wp-json\/wp\/v2\/types\/page"}],"author":[{"embeddable":true,"href":"https:\/\/escapehunt.com\/es\/barcelona\/ca\/wp-json\/wp\/v2\/users\/16"}],"replies":[{"embeddable":true,"href":"https:\/\/escapehunt.com\/es\/barcelona\/ca\/wp-json\/wp\/v2\/comments?post=1735"}],"version-history":[{"count":5,"href":"https:\/\/escapehunt.com\/es\/barcelona\/ca\/wp-json\/wp\/v2\/pages\/1735\/revisions"}],"predecessor-version":[{"id":1765,"href":"https:\/\/escapehunt.com\/es\/barcelona\/ca\/wp-json\/wp\/v2\/pages\/1735\/revisions\/1765"}],"wp:attachment":[{"href":"https:\/\/escapehunt.com\/es\/barcelona\/ca\/wp-json\/wp\/v2\/media?parent=1735"}],"curies":[{"name":"wp","href":"https:\/\/api.w.org\/{rel}","templated":true}]}}