{"id":1697,"date":"2020-06-04T12:30:24","date_gmt":"2020-06-04T12:30:24","guid":{"rendered":"https:\/\/escapehunt.com\/es\/barcelona\/?page_id=1697"},"modified":"2023-11-03T17:10:03","modified_gmt":"2023-11-03T17:10:03","slug":"aalm-pistes","status":"publish","type":"page","link":"https:\/\/escapehunt.com\/es\/barcelona\/ca\/aalm-pistes\/","title":{"rendered":"Assassinat a la Mansi\u00f3"},"content":{"rendered":"<p>&nbsp;<\/p>\n<h2 style=\"text-align: center;\"><span style=\"color: #eb5c2e;\">NECESSITES UNA PISTA?<\/span><\/h2>\n<p style=\"text-align: center;\">Est\u00e0s encallat en una resposta o necessites una empenteta extra en la direcci\u00f3 correcta?<\/p>\n<p style=\"text-align: center;\">Detectius, heu vingut al lloc correcte. A sota trobareu cada evid\u00e8ncia i una pista \u00fatil per a seguir endavant.<\/p>\n<p>&nbsp;<\/p>\n<h4 style=\"text-align: center;\">EVID\u00c8NCIA: 01<\/h4>\n<details>\n<summary style=\"padding-left: 560px;\"><span style=\"color: #eb5c2e;\"><strong>PISTA<\/strong><\/span><\/summary>\n<p>No hi ha pistes en aquesta p\u00e0gina, per\u00f2 potser hauries de parar una atenci\u00f3 especial a les relacions de Blackwood.<\/p>\n<\/details>\n<p>&nbsp;<\/p>\n<h4 style=\"text-align: center;\">EVID\u00c8NCIA: 02<\/h4>\n<details>\n<summary style=\"padding-left: 560px;\"><span style=\"color: #eb5c2e;\"><strong>PISTA<\/strong><\/span><\/summary>\n<p>&nbsp;<\/p>\n<p>Per<span style=\"font-weight: 400;\">\u00a0a resoldre aix\u00f2, fixat b\u00e9 d&#8217;on diu cada persona que va estar. Un personatge pot estar presumint.<\/span><\/p>\n<\/details>\n<details>\n<summary style=\"padding-left: 560px;\"><span style=\"color: #eb5c2e;\"><strong>RESPOSTA<\/strong><\/span><\/summary>\n<p>Les cinc persones que quedaven en la Mansi\u00f3 Blackwood a les 3 de la matinada eren: Pen\u00e8lope Blackwood, Lucy Blackwood, Ernest Cromwell, Geoffrey Marchbank i James Cantor.<\/p>\n<\/details>\n<p>&nbsp;<\/p>\n<h4 style=\"text-align: center;\">EVID\u00c8NCIA: 03<\/h4>\n<details>\n<summary style=\"padding-left: 560px;\"><span style=\"color: #eb5c2e;\"><strong>PISTA<\/strong><\/span><\/summary>\n<p>&nbsp;<\/p>\n<p>Comen\u00e7ant per X, intenta tra\u00e7ar amb un llapis les possibles rutes que el jardiner va fer per la casa. <span style=\"font-weight: 400;\">Nom\u00e9s hi ha una resposta correcta, i va pujar almenys un tram d&#8217;escales i va baixar-ne un altre.<\/span><\/p>\n<\/details>\n<details>\n<summary style=\"padding-left: 560px;\"><span style=\"color: #eb5c2e;\"><strong>RESPOSTA<\/strong><\/span><\/summary>\n<p>James va acabar a la cuina a les 3 de la matinada.<\/p>\n<\/details>\n<p>&nbsp;<\/p>\n<h4 style=\"text-align: center;\">EVID\u00c8NCIA: 04<\/h4>\n<details>\n<summary style=\"padding-left: 560px;\"><span style=\"color: #eb5c2e;\"><strong>PISTA<\/strong><\/span><\/summary>\n<p>&nbsp;<\/p>\n<p>Mira de molt a prop les empremtes dactilars. Tamb\u00e9 pot ser interessant recordar com es veuen aquests articles en cas que els descobreixis m\u00e9s tard.<\/p>\n<\/details>\n<details>\n<summary style=\"padding-left: 560px;\"><span style=\"color: #eb5c2e;\"><strong>RESPOSTA<\/strong><\/span><\/summary>\n<p>L\u2019emprempta de la pistola pertany a Geoffrey Marchbank.<\/p>\n<\/details>\n<p>&nbsp;<\/p>\n<h4 style=\"text-align: center;\">EVID\u00c8NCIA: 05<\/h4>\n<details>\n<summary style=\"padding-left: 560px;\"><span style=\"color: #eb5c2e;\"><strong>PISTA<\/strong><\/span><\/summary>\n<p>&nbsp;<\/p>\n<p>Mira de prop en quina direcci\u00f3 apunta el Nord, i mira si pots seguir les pistes per a trobar a on va. Posa atenci\u00f3 a un paquet que recull.<\/p>\n<\/details>\n<details>\n<summary style=\"padding-left: 560px;\"><span style=\"color: #eb5c2e;\"><strong>RESPOSTA<\/strong><\/span><\/summary>\n<p>El paquet es recull a la botiga de cordes &#8211; Pen\u00e8lope Blackwood est\u00e0 en possessi\u00f3 d&#8217;una corda.<\/p>\n<\/details>\n<p>&nbsp;<\/p>\n<h4 style=\"text-align: center;\">EVID\u00c8NCIA: 06<\/h4>\n<details>\n<summary style=\"padding-left: 560px;\"><span style=\"color: #eb5c2e;\"><strong>PISTA<\/strong><\/span><\/summary>\n<p>&nbsp;<\/p>\n<p>Si alg\u00fa volgu\u00e9s ocultar una nota, podria escriure-la mentre es mira en un mirall.<\/p>\n<\/details>\n<details>\n<summary style=\"padding-left: 560px;\"><span style=\"color: #eb5c2e;\"><strong>RESPOSTA<\/strong><\/span><\/summary>\n<p>Aquesta \u00e9s una carta d&#8217;amor d&#8217;Ernest Cromwell a Pen\u00e8lope Blackwood. Ernest t\u00e9 un fort motiu d&#8217;amor.<\/p>\n<\/details>\n<p>&nbsp;<\/p>\n<h4 style=\"text-align: center;\">EVID\u00c8NCIA: 07<\/h4>\n<details>\n<summary style=\"padding-left: 560px;\"><span style=\"color: #eb5c2e;\"><strong>PISTA<\/strong><\/span><\/summary>\n<p>&nbsp;<\/p>\n<p>La majoria d&#8217;aquestes flors es troben en el camp de Yorkshire, excepte una d&#8217;elles. Qu\u00e8 podria fer aquesta flor?<\/p>\n<\/details>\n<details>\n<summary style=\"padding-left: 560px;\"><span style=\"color: #eb5c2e;\"><strong>RESPOSTA<\/strong><\/span><\/summary>\n<p>La flor que Lucy busca \u00e9s l\u2019hibiscus sud-afric\u00e0 i sembla que est\u00e0 fent-ne un ver\u00ed. Gr\u00e0cies a una declaraci\u00f3 anterior d&#8217;un testimoni, sabem que alg\u00fa era al jard\u00ed intentant entrar a l&#8217;hivernacle a les 3 de la matinada. Aix\u00f2 situa a Lucy amb el ver\u00ed, al jard\u00ed.<\/p>\n<\/details>\n<p>&nbsp;<\/p>\n<h4 style=\"text-align: center;\">EVID\u00c8NCIA: 08<\/h4>\n<details>\n<summary style=\"padding-left: 560px;\"><span style=\"color: #eb5c2e;\"><strong>PISTA<\/strong><\/span><\/summary>\n<p>&nbsp;<\/p>\n<p>Aquesta \u00e9s una subscripci\u00f3 inusual a una revista&#8230; Alg\u00fa ha esmentat en la declaraci\u00f3 alguna cosa sobre fantasmes?<\/p>\n<\/details>\n<details>\n<summary style=\"padding-left: 560px;\"><span style=\"color: #eb5c2e;\"><strong>RESPOSTA<\/strong><\/span><\/summary>\n<p>Geoffrey Marchbank ha conven\u00e7ut a Pen\u00e8lope que la seva biblioteca est\u00e0 embruixada, per a poder netejar la biblioteca en pau en el moment de la mort.<\/p>\n<\/details>\n<p>&nbsp;<\/p>\n<h4 style=\"text-align: center;\">EVID\u00c8NCIA: 09<\/h4>\n<details>\n<summary style=\"padding-left: 560px;\"><span style=\"color: #eb5c2e;\"><strong>PISTA<\/strong><\/span><\/summary>\n<p>Alguna cosa al telegrama pot indicar com desxifrar el codi.<\/p>\n<\/details>\n<details>\n<summary style=\"padding-left: 560px;\"><span style=\"color: #eb5c2e;\"><strong>RESPOSTA<\/strong><\/span><\/summary>\n<p>Es tracta d&#8217;un codi xifrat de C\u00e8sar amb rotaci\u00f3 +2, per la qual cosa A = C, ja que s\u00f3n 2 lletres cap amunt en l&#8217;alfabet. \u00c9s una carta de Pen\u00e8lope Blackwood que indica el seu motiu pels diners.<\/p>\n<\/details>\n<p>&nbsp;<\/p>\n<h4 style=\"text-align: center;\">EVID\u00c8NCIA: 10<\/h4>\n<details>\n<summary style=\"padding-left: 560px;\"><span style=\"color: #eb5c2e;\"><strong>PISTA<\/strong><\/span><\/summary>\n<p>Qu\u00e8 podria ser significatiu a la P.D.? Mira-la de prop, podria haver-hi una pista.<\/p>\n<\/details>\n<details>\n<summary style=\"padding-left: 560px;\"><span style=\"color: #eb5c2e;\"><strong>RESPOSTA<\/strong><\/span><\/summary>\n<p>Has de mirar cada set lletres de l&#8217;escrit. Aix\u00f2 indica que Lucy Blackwood ha robat una flor de Charles Blackwood i el robatori podria ser el seu motiu.<\/p>\n<\/details>\n<p>&nbsp;<\/p>\n<h4 style=\"text-align: center;\">EVID\u00c8NCIA: 11<\/h4>\n<details>\n<summary style=\"padding-left: 560px;\"><span style=\"color: #eb5c2e;\"><strong>PISTA<\/strong><\/span><\/summary>\n<p>Un personatge est\u00e0 en tractament per un trastorn, aix\u00f2 podria donar una indicaci\u00f3 dels seus motius.<\/p>\n<\/details>\n<details>\n<summary style=\"padding-left: 560px;\"><span style=\"color: #eb5c2e;\"><strong>RESPOSTA<\/strong><\/span><\/summary>\n<p>James Cantor \u00e9s propens als atacs de r\u00e0bia, aquest seria el seu motiu en l&#8217;assassinat.<\/p>\n<\/details>\n<p>&nbsp;<\/p>\n<h4 style=\"text-align: center;\">EVID\u00c8NCIA: 12<\/h4>\n<details>\n<summary style=\"padding-left: 560px;\"><span style=\"color: #eb5c2e;\"><strong>PISTA<\/strong><\/span><\/summary>\n<p>Sembla que alg\u00fa es va esmer\u00e7ar molt quan va trencar aquesta foto. Intenta tornar a ajuntar les peces i mira de prop els noms de la fotografia. Els reconeixes?<\/p>\n<\/details>\n<details>\n<summary style=\"padding-left: 560px;\"><span style=\"color: #eb5c2e;\"><strong>RESPOSTA<\/strong><\/span><\/summary>\n<p>Quan es reconstrueix, mostra que alg\u00fa ha destrossat la medalla de guerra i la foto, despr\u00e9s de gargotejar una nota &#8220;Com et vas atrevir a deixar-lo morir?&#8221;. Indica que alguna cosa va succeir durant la guerra entre Charles Blackwood i Freddie Marchbank. Geoffrey comparteix un cognom amb Freddie i per tant podria tenir el motiu de la venjan\u00e7a.<\/p>\n<\/details>\n<p>&nbsp;<\/p>\n<h4 style=\"text-align: center;\">EVID\u00c8NCIA: 13<\/h4>\n<details>\n<summary style=\"padding-left: 560px;\"><span style=\"color: #eb5c2e;\"><strong>PISTA<\/strong><\/span><\/summary>\n<p>Intenta tra\u00e7ar les instruccions amb un bol\u00edgraf sobre el mapa estel\u00b7lar i mira quina imatge es revela.<\/p>\n<\/details>\n<details>\n<summary style=\"padding-left: 560px;\"><span style=\"color: #eb5c2e;\"><strong>RESPOSTA<\/strong><\/span><\/summary>\n<p>Hauries de veure una constel\u00b7laci\u00f3 d&#8217;una daga, i els noms de les estrelles lletregen el nom ERNEST.<\/p>\n<\/details>\n<p>&nbsp;<\/p>\n<h4 style=\"text-align: center;\">ENVIA UN CORREU ELECTR\u00d2NIC Al DETECTIU<\/h4>\n<details>\n<summary style=\"padding-left: 560px;\"><span style=\"color: #eb5c2e;\"><strong>PISTA<\/strong><\/span><\/summary>\n<p>&nbsp;<\/p>\n<p>Si has emplenat la taula, prenent dos noms (el del propietari de la daga i el de l&#8217;habitaci\u00f3 en la qual estava Geoffrey) hauries d&#8217;obtenir una adre\u00e7a de correu electr\u00f2nic. Per qu\u00e8 no intentes enviar-li un correu electr\u00f2nic?<\/p>\n<\/details>\n<details>\n<summary style=\"padding-left: 560px;\"><span style=\"color: #eb5c2e;\"><strong>SOLUCI\u00d3<\/strong><\/span><\/summary>\n<p>&nbsp;<\/p>\n<p style=\"text-align: center;\">El correu electr\u00f2nic \u00e9s ernest.biblioteca.cat@gmail.com<\/p>\n<\/details>\n","protected":false},"excerpt":{"rendered":"<p>&nbsp; NECESSITES UNA PISTA? Est\u00e0s encallat en una resposta o necessites una empenteta extra en la direcci\u00f3 correcta? Detectius, heu vingut al lloc correcte. A sota trobareu cada evid\u00e8ncia i&hellip;<\/p>\n","protected":false},"author":16,"featured_media":0,"parent":0,"menu_order":0,"comment_status":"closed","ping_status":"closed","template":"","meta":{"_acf_changed":false,"footnotes":""},"class_list":["post-1697","page","type-page","status-publish","hentry"],"acf":{"custom_schema_json":""},"yoast_head":"<!-- This site is optimized with the Yoast SEO plugin v27.0 - https:\/\/yoast.com\/product\/yoast-seo-wordpress\/ -->\n<title>Assassinat a la Mansi\u00f3 - Barcelona<\/title>\n<meta name=\"robots\" content=\"index, follow, max-snippet:-1, max-image-preview:large, max-video-preview:-1\" \/>\n<link rel=\"canonical\" href=\"https:\/\/escapehunt.com\/es\/barcelona\/ca\/aalm-pistes\/\" \/>\n<meta property=\"og:locale\" content=\"ca_ES\" \/>\n<meta property=\"og:type\" content=\"article\" \/>\n<meta property=\"og:title\" content=\"Assassinat a la Mansi\u00f3 - Barcelona\" \/>\n<meta property=\"og:description\" content=\"&nbsp; NECESSITES UNA PISTA? Est\u00e0s encallat en una resposta o necessites una empenteta extra en la direcci\u00f3 correcta? Detectius, heu vingut al lloc correcte. A sota trobareu cada evid\u00e8ncia i&hellip;\" \/>\n<meta property=\"og:url\" content=\"https:\/\/escapehunt.com\/es\/barcelona\/ca\/aalm-pistes\/\" \/>\n<meta property=\"og:site_name\" content=\"Barcelona\" \/>\n<meta property=\"article:modified_time\" content=\"2023-11-03T17:10:03+00:00\" \/>\n<meta name=\"twitter:card\" content=\"summary_large_image\" \/>\n<meta name=\"twitter:label1\" content=\"Temps estimat de lectura\" \/>\n\t<meta name=\"twitter:data1\" content=\"4 minuts\" \/>\n<script type=\"application\/ld+json\" class=\"yoast-schema-graph\">{\"@context\":\"https:\/\/schema.org\",\"@graph\":[{\"@type\":\"WebPage\",\"@id\":\"https:\/\/escapehunt.com\/es\/barcelona\/ca\/aalm-pistes\/\",\"url\":\"https:\/\/escapehunt.com\/es\/barcelona\/ca\/aalm-pistes\/\",\"name\":\"Assassinat a la Mansi\u00f3 - Barcelona\",\"isPartOf\":{\"@id\":\"https:\/\/escapehunt.com\/es\/barcelona\/en\/#website\"},\"datePublished\":\"2020-06-04T12:30:24+00:00\",\"dateModified\":\"2023-11-03T17:10:03+00:00\",\"breadcrumb\":{\"@id\":\"https:\/\/escapehunt.com\/es\/barcelona\/ca\/aalm-pistes\/#breadcrumb\"},\"inLanguage\":\"ca\",\"potentialAction\":[{\"@type\":\"ReadAction\",\"target\":[\"https:\/\/escapehunt.com\/es\/barcelona\/ca\/aalm-pistes\/\"]}]},{\"@type\":\"BreadcrumbList\",\"@id\":\"https:\/\/escapehunt.com\/es\/barcelona\/ca\/aalm-pistes\/#breadcrumb\",\"itemListElement\":[{\"@type\":\"ListItem\",\"position\":1,\"name\":\"Home\",\"item\":\"https:\/\/escapehunt.com\/es\/barcelona\/ca\/\"},{\"@type\":\"ListItem\",\"position\":2,\"name\":\"Assassinat a la Mansi\u00f3\"}]},{\"@type\":\"WebSite\",\"@id\":\"https:\/\/escapehunt.com\/es\/barcelona\/en\/#website\",\"url\":\"https:\/\/escapehunt.com\/es\/barcelona\/en\/\",\"name\":\"Barcelona\",\"description\":\"Just another Escape Hunt Staging Sites site\",\"potentialAction\":[{\"@type\":\"SearchAction\",\"target\":{\"@type\":\"EntryPoint\",\"urlTemplate\":\"https:\/\/escapehunt.com\/es\/barcelona\/en\/?s={search_term_string}\"},\"query-input\":{\"@type\":\"PropertyValueSpecification\",\"valueRequired\":true,\"valueName\":\"search_term_string\"}}],\"inLanguage\":\"ca\"}]}<\/script>\n<!-- \/ Yoast SEO plugin. -->","yoast_head_json":{"title":"Assassinat a la Mansi\u00f3 - Barcelona","robots":{"index":"index","follow":"follow","max-snippet":"max-snippet:-1","max-image-preview":"max-image-preview:large","max-video-preview":"max-video-preview:-1"},"canonical":"https:\/\/escapehunt.com\/es\/barcelona\/ca\/aalm-pistes\/","og_locale":"ca_ES","og_type":"article","og_title":"Assassinat a la Mansi\u00f3 - Barcelona","og_description":"&nbsp; NECESSITES UNA PISTA? Est\u00e0s encallat en una resposta o necessites una empenteta extra en la direcci\u00f3 correcta? Detectius, heu vingut al lloc correcte. A sota trobareu cada evid\u00e8ncia i&hellip;","og_url":"https:\/\/escapehunt.com\/es\/barcelona\/ca\/aalm-pistes\/","og_site_name":"Barcelona","article_modified_time":"2023-11-03T17:10:03+00:00","twitter_card":"summary_large_image","twitter_misc":{"Temps estimat de lectura":"4 minuts"},"schema":{"@context":"https:\/\/schema.org","@graph":[{"@type":"WebPage","@id":"https:\/\/escapehunt.com\/es\/barcelona\/ca\/aalm-pistes\/","url":"https:\/\/escapehunt.com\/es\/barcelona\/ca\/aalm-pistes\/","name":"Assassinat a la Mansi\u00f3 - Barcelona","isPartOf":{"@id":"https:\/\/escapehunt.com\/es\/barcelona\/en\/#website"},"datePublished":"2020-06-04T12:30:24+00:00","dateModified":"2023-11-03T17:10:03+00:00","breadcrumb":{"@id":"https:\/\/escapehunt.com\/es\/barcelona\/ca\/aalm-pistes\/#breadcrumb"},"inLanguage":"ca","potentialAction":[{"@type":"ReadAction","target":["https:\/\/escapehunt.com\/es\/barcelona\/ca\/aalm-pistes\/"]}]},{"@type":"BreadcrumbList","@id":"https:\/\/escapehunt.com\/es\/barcelona\/ca\/aalm-pistes\/#breadcrumb","itemListElement":[{"@type":"ListItem","position":1,"name":"Home","item":"https:\/\/escapehunt.com\/es\/barcelona\/ca\/"},{"@type":"ListItem","position":2,"name":"Assassinat a la Mansi\u00f3"}]},{"@type":"WebSite","@id":"https:\/\/escapehunt.com\/es\/barcelona\/en\/#website","url":"https:\/\/escapehunt.com\/es\/barcelona\/en\/","name":"Barcelona","description":"Just another Escape Hunt Staging Sites site","potentialAction":[{"@type":"SearchAction","target":{"@type":"EntryPoint","urlTemplate":"https:\/\/escapehunt.com\/es\/barcelona\/en\/?s={search_term_string}"},"query-input":{"@type":"PropertyValueSpecification","valueRequired":true,"valueName":"search_term_string"}}],"inLanguage":"ca"}]}},"custom_schema_json":"","_links":{"self":[{"href":"https:\/\/escapehunt.com\/es\/barcelona\/ca\/wp-json\/wp\/v2\/pages\/1697","targetHints":{"allow":["GET"]}}],"collection":[{"href":"https:\/\/escapehunt.com\/es\/barcelona\/ca\/wp-json\/wp\/v2\/pages"}],"about":[{"href":"https:\/\/escapehunt.com\/es\/barcelona\/ca\/wp-json\/wp\/v2\/types\/page"}],"author":[{"embeddable":true,"href":"https:\/\/escapehunt.com\/es\/barcelona\/ca\/wp-json\/wp\/v2\/users\/16"}],"replies":[{"embeddable":true,"href":"https:\/\/escapehunt.com\/es\/barcelona\/ca\/wp-json\/wp\/v2\/comments?post=1697"}],"version-history":[{"count":6,"href":"https:\/\/escapehunt.com\/es\/barcelona\/ca\/wp-json\/wp\/v2\/pages\/1697\/revisions"}],"predecessor-version":[{"id":1801,"href":"https:\/\/escapehunt.com\/es\/barcelona\/ca\/wp-json\/wp\/v2\/pages\/1697\/revisions\/1801"}],"wp:attachment":[{"href":"https:\/\/escapehunt.com\/es\/barcelona\/ca\/wp-json\/wp\/v2\/media?parent=1697"}],"curies":[{"name":"wp","href":"https:\/\/api.w.org\/{rel}","templated":true}]}}