{"id":139,"date":"2018-10-09T16:07:05","date_gmt":"2018-10-09T16:07:05","guid":{"rendered":"https:\/\/escapehunt.com\/es\/barcelona\/?page_id=139"},"modified":"2019-07-09T09:10:26","modified_gmt":"2019-07-09T09:10:26","slug":"escape-hunt-barcelona","status":"publish","type":"page","link":"https:\/\/escapehunt.com\/es\/barcelona\/ca\/escape-hunt-barcelona\/","title":{"rendered":"ESCAPE HUNT BARCELONA"},"content":{"rendered":"<p>Ens trobar\u00e0s a 2 minuts caminant de la Sagrada Fam\u00edlia.<\/p>\n<p>&nbsp;<\/p>\n<p><b>METRO<\/b><\/p>\n<p>L5 i L2 Sagrada Fam\u00edlia i L5 i L4 Verdaguer<\/p>\n","protected":false},"excerpt":{"rendered":"<p>Ens trobar\u00e0s a 2 minuts caminant de la Sagrada Fam\u00edlia. &nbsp; METRO L5 i L2 Sagrada Fam\u00edlia i L5 i L4 Verdaguer<\/p>\n","protected":false},"author":19,"featured_media":0,"parent":0,"menu_order":0,"comment_status":"closed","ping_status":"closed","template":"views\/find-us.php","meta":{"_acf_changed":false,"footnotes":""},"class_list":["post-139","page","type-page","status-publish","hentry"],"acf":{"custom_schema_json":""},"yoast_head":"<!-- This site is optimized with the Yoast SEO plugin v27.0 - https:\/\/yoast.com\/product\/yoast-seo-wordpress\/ -->\n<title>Troba Escape Hunt Barcelona | Escape Hunt Barcelona<\/title>\n<meta name=\"description\" content=\"Troba Escape Hunt Barcelona. Mira el mapa, adreces i m\u00e9s informaci\u00f3 per a la teva visita a Escape Hunt Barcelona.\" \/>\n<meta name=\"robots\" content=\"index, follow, max-snippet:-1, max-image-preview:large, max-video-preview:-1\" \/>\n<link rel=\"canonical\" href=\"https:\/\/escapehunt.com\/es\/barcelona\/ca\/escape-hunt-barcelona\/\" \/>\n<meta property=\"og:locale\" content=\"ca_ES\" \/>\n<meta property=\"og:type\" content=\"article\" \/>\n<meta property=\"og:title\" content=\"Troba Escape Hunt Barcelona | Escape Hunt Barcelona\" \/>\n<meta property=\"og:description\" content=\"Troba Escape Hunt Barcelona. Mira el mapa, adreces i m\u00e9s informaci\u00f3 per a la teva visita a Escape Hunt Barcelona.\" \/>\n<meta property=\"og:url\" content=\"https:\/\/escapehunt.com\/es\/barcelona\/ca\/escape-hunt-barcelona\/\" \/>\n<meta property=\"og:site_name\" content=\"Barcelona\" \/>\n<meta property=\"article:modified_time\" content=\"2019-07-09T09:10:26+00:00\" \/>\n<meta name=\"twitter:card\" content=\"summary_large_image\" \/>\n<script type=\"application\/ld+json\" class=\"yoast-schema-graph\">{\"@context\":\"https:\/\/schema.org\",\"@graph\":[{\"@type\":\"WebPage\",\"@id\":\"https:\/\/escapehunt.com\/es\/barcelona\/ca\/escape-hunt-barcelona\/\",\"url\":\"https:\/\/escapehunt.com\/es\/barcelona\/ca\/escape-hunt-barcelona\/\",\"name\":\"Troba Escape Hunt Barcelona | Escape Hunt Barcelona\",\"isPartOf\":{\"@id\":\"https:\/\/escapehunt.com\/es\/barcelona\/en\/#website\"},\"datePublished\":\"2018-10-09T16:07:05+00:00\",\"dateModified\":\"2019-07-09T09:10:26+00:00\",\"description\":\"Troba Escape Hunt Barcelona. Mira el mapa, adreces i m\u00e9s informaci\u00f3 per a la teva visita a Escape Hunt Barcelona.\",\"breadcrumb\":{\"@id\":\"https:\/\/escapehunt.com\/es\/barcelona\/ca\/escape-hunt-barcelona\/#breadcrumb\"},\"inLanguage\":\"ca\",\"potentialAction\":[{\"@type\":\"ReadAction\",\"target\":[\"https:\/\/escapehunt.com\/es\/barcelona\/ca\/escape-hunt-barcelona\/\"]}]},{\"@type\":\"BreadcrumbList\",\"@id\":\"https:\/\/escapehunt.com\/es\/barcelona\/ca\/escape-hunt-barcelona\/#breadcrumb\",\"itemListElement\":[{\"@type\":\"ListItem\",\"position\":1,\"name\":\"Home\",\"item\":\"https:\/\/escapehunt.com\/es\/barcelona\/ca\/\"},{\"@type\":\"ListItem\",\"position\":2,\"name\":\"ESCAPE HUNT BARCELONA\"}]},{\"@type\":\"WebSite\",\"@id\":\"https:\/\/escapehunt.com\/es\/barcelona\/en\/#website\",\"url\":\"https:\/\/escapehunt.com\/es\/barcelona\/en\/\",\"name\":\"Barcelona\",\"description\":\"Just another Escape Hunt Staging Sites site\",\"potentialAction\":[{\"@type\":\"SearchAction\",\"target\":{\"@type\":\"EntryPoint\",\"urlTemplate\":\"https:\/\/escapehunt.com\/es\/barcelona\/en\/?s={search_term_string}\"},\"query-input\":{\"@type\":\"PropertyValueSpecification\",\"valueRequired\":true,\"valueName\":\"search_term_string\"}}],\"inLanguage\":\"ca\"}]}<\/script>\n<!-- \/ Yoast SEO plugin. -->","yoast_head_json":{"title":"Troba Escape Hunt Barcelona | Escape Hunt Barcelona","description":"Troba Escape Hunt Barcelona. Mira el mapa, adreces i m\u00e9s informaci\u00f3 per a la teva visita a Escape Hunt Barcelona.","robots":{"index":"index","follow":"follow","max-snippet":"max-snippet:-1","max-image-preview":"max-image-preview:large","max-video-preview":"max-video-preview:-1"},"canonical":"https:\/\/escapehunt.com\/es\/barcelona\/ca\/escape-hunt-barcelona\/","og_locale":"ca_ES","og_type":"article","og_title":"Troba Escape Hunt Barcelona | Escape Hunt Barcelona","og_description":"Troba Escape Hunt Barcelona. Mira el mapa, adreces i m\u00e9s informaci\u00f3 per a la teva visita a Escape Hunt Barcelona.","og_url":"https:\/\/escapehunt.com\/es\/barcelona\/ca\/escape-hunt-barcelona\/","og_site_name":"Barcelona","article_modified_time":"2019-07-09T09:10:26+00:00","twitter_card":"summary_large_image","schema":{"@context":"https:\/\/schema.org","@graph":[{"@type":"WebPage","@id":"https:\/\/escapehunt.com\/es\/barcelona\/ca\/escape-hunt-barcelona\/","url":"https:\/\/escapehunt.com\/es\/barcelona\/ca\/escape-hunt-barcelona\/","name":"Troba Escape Hunt Barcelona | Escape Hunt Barcelona","isPartOf":{"@id":"https:\/\/escapehunt.com\/es\/barcelona\/en\/#website"},"datePublished":"2018-10-09T16:07:05+00:00","dateModified":"2019-07-09T09:10:26+00:00","description":"Troba Escape Hunt Barcelona. Mira el mapa, adreces i m\u00e9s informaci\u00f3 per a la teva visita a Escape Hunt Barcelona.","breadcrumb":{"@id":"https:\/\/escapehunt.com\/es\/barcelona\/ca\/escape-hunt-barcelona\/#breadcrumb"},"inLanguage":"ca","potentialAction":[{"@type":"ReadAction","target":["https:\/\/escapehunt.com\/es\/barcelona\/ca\/escape-hunt-barcelona\/"]}]},{"@type":"BreadcrumbList","@id":"https:\/\/escapehunt.com\/es\/barcelona\/ca\/escape-hunt-barcelona\/#breadcrumb","itemListElement":[{"@type":"ListItem","position":1,"name":"Home","item":"https:\/\/escapehunt.com\/es\/barcelona\/ca\/"},{"@type":"ListItem","position":2,"name":"ESCAPE HUNT BARCELONA"}]},{"@type":"WebSite","@id":"https:\/\/escapehunt.com\/es\/barcelona\/en\/#website","url":"https:\/\/escapehunt.com\/es\/barcelona\/en\/","name":"Barcelona","description":"Just another Escape Hunt Staging Sites site","potentialAction":[{"@type":"SearchAction","target":{"@type":"EntryPoint","urlTemplate":"https:\/\/escapehunt.com\/es\/barcelona\/en\/?s={search_term_string}"},"query-input":{"@type":"PropertyValueSpecification","valueRequired":true,"valueName":"search_term_string"}}],"inLanguage":"ca"}]}},"custom_schema_json":"","_links":{"self":[{"href":"https:\/\/escapehunt.com\/es\/barcelona\/ca\/wp-json\/wp\/v2\/pages\/139","targetHints":{"allow":["GET"]}}],"collection":[{"href":"https:\/\/escapehunt.com\/es\/barcelona\/ca\/wp-json\/wp\/v2\/pages"}],"about":[{"href":"https:\/\/escapehunt.com\/es\/barcelona\/ca\/wp-json\/wp\/v2\/types\/page"}],"author":[{"embeddable":true,"href":"https:\/\/escapehunt.com\/es\/barcelona\/ca\/wp-json\/wp\/v2\/users\/19"}],"replies":[{"embeddable":true,"href":"https:\/\/escapehunt.com\/es\/barcelona\/ca\/wp-json\/wp\/v2\/comments?post=139"}],"version-history":[{"count":2,"href":"https:\/\/escapehunt.com\/es\/barcelona\/ca\/wp-json\/wp\/v2\/pages\/139\/revisions"}],"predecessor-version":[{"id":968,"href":"https:\/\/escapehunt.com\/es\/barcelona\/ca\/wp-json\/wp\/v2\/pages\/139\/revisions\/968"}],"wp:attachment":[{"href":"https:\/\/escapehunt.com\/es\/barcelona\/ca\/wp-json\/wp\/v2\/media?parent=139"}],"curies":[{"name":"wp","href":"https:\/\/api.w.org\/{rel}","templated":true}]}}