{"id":138,"date":"2018-10-09T16:01:39","date_gmt":"2018-10-09T16:01:39","guid":{"rendered":"https:\/\/escapehunt.com\/es\/barcelona\/?page_id=138"},"modified":"2019-05-01T21:43:00","modified_gmt":"2019-05-01T21:43:00","slug":"la-diversio-comenca-aqui","status":"publish","type":"page","link":"https:\/\/escapehunt.com\/es\/barcelona\/ca\/la-diversio-comenca-aqui\/","title":{"rendered":"LA DIVERSI\u00d3 COMEN\u00c7A AQU\u00cd"},"content":{"rendered":"<p>Tria entre l&#8217;euf\u00f2ria intensa de la nostra aventura de La Vampira de Barcelona, El Misteri de Gaud\u00ed o l&#8217;acci\u00f3 plena d&#8217;adrenalina de la nostra experi\u00e8ncia Escola de Lladres.<\/p>\n","protected":false},"excerpt":{"rendered":"<p>Tria entre l&#8217;euf\u00f2ria intensa de la nostra aventura de La Vampira de Barcelona, El Misteri de Gaud\u00ed o l&#8217;acci\u00f3 plena d&#8217;adrenalina de la nostra experi\u00e8ncia Escola de Lladres.<\/p>\n","protected":false},"author":19,"featured_media":0,"parent":0,"menu_order":0,"comment_status":"closed","ping_status":"closed","template":"views\/booking.php","meta":{"_acf_changed":false,"footnotes":""},"class_list":["post-138","page","type-page","status-publish","hentry"],"acf":{"custom_schema_json":""},"yoast_head":"<!-- This site is optimized with the Yoast SEO plugin v27.0 - https:\/\/yoast.com\/product\/yoast-seo-wordpress\/ -->\n<title>LA DIVERSI\u00d3 COMEN\u00c7A AQU\u00cd - Reserva el teu Escape Room | Escape Hunt Barcelona<\/title>\n<meta name=\"description\" content=\"Reserva les sales d&#039;escape room m\u00e9s emocionants de Barcelona. Tria l&#039;hora, el nombre de persones i reserva la teva experi\u00e8ncia Escape Hunt avui mateix.\" \/>\n<meta name=\"robots\" content=\"index, follow, max-snippet:-1, max-image-preview:large, max-video-preview:-1\" \/>\n<link rel=\"canonical\" href=\"https:\/\/escapehunt.com\/es\/barcelona\/ca\/la-diversio-comenca-aqui\/\" \/>\n<meta property=\"og:locale\" content=\"ca_ES\" \/>\n<meta property=\"og:type\" content=\"article\" \/>\n<meta property=\"og:title\" content=\"LA DIVERSI\u00d3 COMEN\u00c7A AQU\u00cd - Reserva el teu Escape Room | Escape Hunt Barcelona\" \/>\n<meta property=\"og:description\" content=\"Reserva les sales d&#039;escape room m\u00e9s emocionants de Barcelona. Tria l&#039;hora, el nombre de persones i reserva la teva experi\u00e8ncia Escape Hunt avui mateix.\" \/>\n<meta property=\"og:url\" content=\"https:\/\/escapehunt.com\/es\/barcelona\/ca\/la-diversio-comenca-aqui\/\" \/>\n<meta property=\"og:site_name\" content=\"Barcelona\" \/>\n<meta property=\"article:modified_time\" content=\"2019-05-01T21:43:00+00:00\" \/>\n<meta name=\"twitter:card\" content=\"summary_large_image\" \/>\n<script type=\"application\/ld+json\" class=\"yoast-schema-graph\">{\"@context\":\"https:\/\/schema.org\",\"@graph\":[{\"@type\":\"WebPage\",\"@id\":\"https:\/\/escapehunt.com\/es\/barcelona\/ca\/la-diversio-comenca-aqui\/\",\"url\":\"https:\/\/escapehunt.com\/es\/barcelona\/ca\/la-diversio-comenca-aqui\/\",\"name\":\"LA DIVERSI\u00d3 COMEN\u00c7A AQU\u00cd - Reserva el teu Escape Room | Escape Hunt Barcelona\",\"isPartOf\":{\"@id\":\"https:\/\/escapehunt.com\/es\/barcelona\/en\/#website\"},\"datePublished\":\"2018-10-09T16:01:39+00:00\",\"dateModified\":\"2019-05-01T21:43:00+00:00\",\"description\":\"Reserva les sales d'escape room m\u00e9s emocionants de Barcelona. Tria l'hora, el nombre de persones i reserva la teva experi\u00e8ncia Escape Hunt avui mateix.\",\"breadcrumb\":{\"@id\":\"https:\/\/escapehunt.com\/es\/barcelona\/ca\/la-diversio-comenca-aqui\/#breadcrumb\"},\"inLanguage\":\"ca\",\"potentialAction\":[{\"@type\":\"ReadAction\",\"target\":[\"https:\/\/escapehunt.com\/es\/barcelona\/ca\/la-diversio-comenca-aqui\/\"]}]},{\"@type\":\"BreadcrumbList\",\"@id\":\"https:\/\/escapehunt.com\/es\/barcelona\/ca\/la-diversio-comenca-aqui\/#breadcrumb\",\"itemListElement\":[{\"@type\":\"ListItem\",\"position\":1,\"name\":\"Home\",\"item\":\"https:\/\/escapehunt.com\/es\/barcelona\/ca\/\"},{\"@type\":\"ListItem\",\"position\":2,\"name\":\"LA DIVERSI\u00d3 COMEN\u00c7A AQU\u00cd\"}]},{\"@type\":\"WebSite\",\"@id\":\"https:\/\/escapehunt.com\/es\/barcelona\/en\/#website\",\"url\":\"https:\/\/escapehunt.com\/es\/barcelona\/en\/\",\"name\":\"Barcelona\",\"description\":\"Just another Escape Hunt Staging Sites site\",\"potentialAction\":[{\"@type\":\"SearchAction\",\"target\":{\"@type\":\"EntryPoint\",\"urlTemplate\":\"https:\/\/escapehunt.com\/es\/barcelona\/en\/?s={search_term_string}\"},\"query-input\":{\"@type\":\"PropertyValueSpecification\",\"valueRequired\":true,\"valueName\":\"search_term_string\"}}],\"inLanguage\":\"ca\"}]}<\/script>\n<!-- \/ Yoast SEO plugin. -->","yoast_head_json":{"title":"LA DIVERSI\u00d3 COMEN\u00c7A AQU\u00cd - Reserva el teu Escape Room | Escape Hunt Barcelona","description":"Reserva les sales d'escape room m\u00e9s emocionants de Barcelona. Tria l'hora, el nombre de persones i reserva la teva experi\u00e8ncia Escape Hunt avui mateix.","robots":{"index":"index","follow":"follow","max-snippet":"max-snippet:-1","max-image-preview":"max-image-preview:large","max-video-preview":"max-video-preview:-1"},"canonical":"https:\/\/escapehunt.com\/es\/barcelona\/ca\/la-diversio-comenca-aqui\/","og_locale":"ca_ES","og_type":"article","og_title":"LA DIVERSI\u00d3 COMEN\u00c7A AQU\u00cd - Reserva el teu Escape Room | Escape Hunt Barcelona","og_description":"Reserva les sales d'escape room m\u00e9s emocionants de Barcelona. Tria l'hora, el nombre de persones i reserva la teva experi\u00e8ncia Escape Hunt avui mateix.","og_url":"https:\/\/escapehunt.com\/es\/barcelona\/ca\/la-diversio-comenca-aqui\/","og_site_name":"Barcelona","article_modified_time":"2019-05-01T21:43:00+00:00","twitter_card":"summary_large_image","schema":{"@context":"https:\/\/schema.org","@graph":[{"@type":"WebPage","@id":"https:\/\/escapehunt.com\/es\/barcelona\/ca\/la-diversio-comenca-aqui\/","url":"https:\/\/escapehunt.com\/es\/barcelona\/ca\/la-diversio-comenca-aqui\/","name":"LA DIVERSI\u00d3 COMEN\u00c7A AQU\u00cd - Reserva el teu Escape Room | Escape Hunt Barcelona","isPartOf":{"@id":"https:\/\/escapehunt.com\/es\/barcelona\/en\/#website"},"datePublished":"2018-10-09T16:01:39+00:00","dateModified":"2019-05-01T21:43:00+00:00","description":"Reserva les sales d'escape room m\u00e9s emocionants de Barcelona. Tria l'hora, el nombre de persones i reserva la teva experi\u00e8ncia Escape Hunt avui mateix.","breadcrumb":{"@id":"https:\/\/escapehunt.com\/es\/barcelona\/ca\/la-diversio-comenca-aqui\/#breadcrumb"},"inLanguage":"ca","potentialAction":[{"@type":"ReadAction","target":["https:\/\/escapehunt.com\/es\/barcelona\/ca\/la-diversio-comenca-aqui\/"]}]},{"@type":"BreadcrumbList","@id":"https:\/\/escapehunt.com\/es\/barcelona\/ca\/la-diversio-comenca-aqui\/#breadcrumb","itemListElement":[{"@type":"ListItem","position":1,"name":"Home","item":"https:\/\/escapehunt.com\/es\/barcelona\/ca\/"},{"@type":"ListItem","position":2,"name":"LA DIVERSI\u00d3 COMEN\u00c7A AQU\u00cd"}]},{"@type":"WebSite","@id":"https:\/\/escapehunt.com\/es\/barcelona\/en\/#website","url":"https:\/\/escapehunt.com\/es\/barcelona\/en\/","name":"Barcelona","description":"Just another Escape Hunt Staging Sites site","potentialAction":[{"@type":"SearchAction","target":{"@type":"EntryPoint","urlTemplate":"https:\/\/escapehunt.com\/es\/barcelona\/en\/?s={search_term_string}"},"query-input":{"@type":"PropertyValueSpecification","valueRequired":true,"valueName":"search_term_string"}}],"inLanguage":"ca"}]}},"custom_schema_json":"","_links":{"self":[{"href":"https:\/\/escapehunt.com\/es\/barcelona\/ca\/wp-json\/wp\/v2\/pages\/138","targetHints":{"allow":["GET"]}}],"collection":[{"href":"https:\/\/escapehunt.com\/es\/barcelona\/ca\/wp-json\/wp\/v2\/pages"}],"about":[{"href":"https:\/\/escapehunt.com\/es\/barcelona\/ca\/wp-json\/wp\/v2\/types\/page"}],"author":[{"embeddable":true,"href":"https:\/\/escapehunt.com\/es\/barcelona\/ca\/wp-json\/wp\/v2\/users\/19"}],"replies":[{"embeddable":true,"href":"https:\/\/escapehunt.com\/es\/barcelona\/ca\/wp-json\/wp\/v2\/comments?post=138"}],"version-history":[{"count":2,"href":"https:\/\/escapehunt.com\/es\/barcelona\/ca\/wp-json\/wp\/v2\/pages\/138\/revisions"}],"predecessor-version":[{"id":658,"href":"https:\/\/escapehunt.com\/es\/barcelona\/ca\/wp-json\/wp\/v2\/pages\/138\/revisions\/658"}],"wp:attachment":[{"href":"https:\/\/escapehunt.com\/es\/barcelona\/ca\/wp-json\/wp\/v2\/media?parent=138"}],"curies":[{"name":"wp","href":"https:\/\/api.w.org\/{rel}","templated":true}]}}