{"id":113,"date":"2018-09-24T12:30:00","date_gmt":"2018-09-24T12:30:00","guid":{"rendered":"https:\/\/escapehunt.com\/es\/barcelona\/?page_id=113"},"modified":"2020-12-09T07:40:39","modified_gmt":"2020-12-09T07:40:39","slug":"lexperiencia-descape-room-mes-emocionant-de-barcelona","status":"publish","type":"page","link":"https:\/\/escapehunt.com\/es\/barcelona\/ca\/lexperiencia-descape-room-mes-emocionant-de-barcelona\/","title":{"rendered":"400m2, LA M\u00c9S GRAN I EMOCIONANT EXPERI\u00c8NCIA D\u2019ESCAPE ROOM A BARCELONA"},"content":{"rendered":"<p>Experimenta el millor escape room de Barcelona. Escape Hunt \u00e9s ideal per a les teves festes, els teus esdeveniments especials, un team building per a empreses, la formaci\u00f3 d&#8217;equips i tamb\u00e9 per sortir amb familiars i amics. Podr\u00e0s escapar de l&#8217;habitaci\u00f3? Reserva en l\u00ednia i deixa&#8217;t tancar en Escape Hunt Barcelona.<\/p>\n<p>Amb 400m2, \u00e9s el m\u00e9s gran i emocionant experi\u00e8ncia d&#8217;escape room de Barcelona.<\/p>\n<p>&nbsp;<\/p>\n<p><strong>3 JOCS EN 6 SALES: ESCULL JA EL TEU REPTE!<\/strong><\/p>\n<p><strong>BASATS EN CASOS REALS DE LA BARCELONA DE 1900<\/strong><\/p>\n<p>&nbsp;<\/p>\n<p>Prepara&#8217;t per a una hora de diversi\u00f3 trepidant.<\/p>\n<p>Tenim 3 jocs diferents distribu\u00efts en 6 sales &#8211; tots disponibles per jugar en mode competici\u00f3 &#8211; de 2 a 68 jugadors.<\/p>\n<p>Disponible en catal\u00e0, en castell\u00e0, en angl\u00e8s i tamb\u00e9 en franc\u00e8s, 400m2 d&#8217;instal\u00b7lacions, gran sala de celebraci\u00f3, una decoraci\u00f3 modernista.<\/p>\n<p>A 2 minuts de Sagrada Fam\u00edlia.<\/p>\n<p>Som la marca l\u00edder mundial en Escape Room i el m\u00e9s popular de Barcelona (85.000 jugadors), amb la qualitat i servei ideal per a grups, esdeveniments i celebracions.<\/p>\n<p>A m\u00e9s, una BEGUDA GRATIS per a tots els participants.<\/p>\n<img loading=\"lazy\" decoding=\"async\" class=\"alignnone wp-image-1220 size-medium\" src=\"https:\/\/escapehunt.com\/es\/barcelona\/wp-content\/uploads\/sites\/43\/2019\/07\/0031_EH-BCN-31-300x199.jpg\" alt=\"Escape Room Barcelona\" width=\"300\" height=\"199\" srcset=\"https:\/\/escapehunt.com\/es\/barcelona\/wp-content\/uploads\/sites\/43\/2019\/07\/0031_EH-BCN-31-300x199.jpg 300w, https:\/\/escapehunt.com\/es\/barcelona\/wp-content\/uploads\/sites\/43\/2019\/07\/0031_EH-BCN-31-768x509.jpg 768w, https:\/\/escapehunt.com\/es\/barcelona\/wp-content\/uploads\/sites\/43\/2019\/07\/0031_EH-BCN-31.jpg 770w\" sizes=\"auto, (max-width: 300px) 100vw, 300px\" \/>\n<p>Pots fer la teva reserva en l\u00ednia a trav\u00e9s del nostre sistema de reserves: <a href=\"https:\/\/escapehunt.com\/es\/barcelona\/juegos-de-escape\/\">https:\/\/escapehunt.com\/es\/barcelona\/juegos-de-escape\/<\/a><\/p>\n<p>Cadascun dels nostres jocs t\u00e9 lloc en una habitaci\u00f3 tem\u00e0tica dissenyada amb una incre\u00efble atenci\u00f3 al detall, de manera que realment podr\u00e0s perdre&#8217;t en l&#8217;experi\u00e8ncia. Est\u00e0s a punt per a entrar en el joc?<\/p>\n<p>De 2 a 68 jugadors, \u00e9s l&#8217;escape room de Barcelona m\u00e9s gran amb 400m2, una gran sala per a les teves celebracions, tamb\u00e9 hi ha l&#8217;opci\u00f3 d&#8217;un c\u00e0tering especial, una pantalla gegant,&#8230; \u00c9S IDEAL PER A GRUPS GRANS!<\/p>\n<p>Escape Hunt Barcelona \u00e9s un espai \u00fanic per a les teves celebracions i esdeveniments: vine i gaudeix d&#8217;una ambientaci\u00f3 modernista de 400m2!<\/p>\n<p>6 sales de joc i 3 misteris diferents per a jugar tamb\u00e9 en mode competici\u00f3.<\/p>\n<p>Especialitzats en empreses i en grups grans. Fins a 34 jugadors hi poden jugar simult\u00e0niament i fins a 68 jugadors, afegint l&#8217;activitat &#8220;Hall Escape&#8221; de &#8220;La casa male\u00efda&#8221;.<\/p>\n<p>Tots els nostres misteris estan basats en casos reals de la Barcelona de 1900.<\/p>\n<p>Des de l&#8217;abril del 2015 ja han jugat amb nosaltres m\u00e9s de 85.000 detectius i m\u00e9s de 850 empreses, tamb\u00e9 ja han confiat en nosaltres.<\/p>\n<p>I tamb\u00e9 pots seguir les nostres promocions a: <a href=\"https:\/\/www.instagram.com\/escapehuntbcn\/\">https:\/\/www.instagram.com\/escapehuntbcn\/<\/a><\/p>\n","protected":false},"excerpt":{"rendered":"<p>Experimenta el millor escape room de Barcelona. Escape Hunt \u00e9s ideal per a les teves festes, els teus esdeveniments especials, un team building per a empreses, la formaci\u00f3 d&#8217;equips i&hellip;<\/p>\n","protected":false},"author":12,"featured_media":0,"parent":0,"menu_order":0,"comment_status":"closed","ping_status":"closed","template":"views\/homepage.php","meta":{"_acf_changed":false,"footnotes":""},"class_list":["post-113","page","type-page","status-publish","hentry"],"acf":{"custom_schema_json":""},"yoast_head":"<!-- This site is optimized with the Yoast SEO plugin v27.0 - https:\/\/yoast.com\/product\/yoast-seo-wordpress\/ -->\n<title>L&#039;Escape Room M\u00e9s Emocionant de Barcelona | Escape Hunt Barcelona<\/title>\n<meta name=\"description\" content=\"Experimenta el millor escape room de Barcelona. Ideal per a festes, esdeveniments especials, teambuilding per a empreses, formaci\u00f3 d&#039;equips o per sortir amb la fam\u00edlia i amics. Pots escapar de l&#039;habitaci\u00f3? Reserva en l\u00ednia i deixa&#039;t tancar a Escape Hunt Barcelona.\" \/>\n<meta name=\"robots\" content=\"index, follow, max-snippet:-1, max-image-preview:large, max-video-preview:-1\" \/>\n<link rel=\"canonical\" href=\"https:\/\/escapehunt.com\/es\/barcelona\/ca\/lexperiencia-descape-room-mes-emocionant-de-barcelona\/\" \/>\n<meta property=\"og:locale\" content=\"ca_ES\" \/>\n<meta property=\"og:type\" content=\"article\" \/>\n<meta property=\"og:title\" content=\"L&#039;Escape Room M\u00e9s Emocionant de Barcelona | Escape Hunt Barcelona\" \/>\n<meta property=\"og:description\" content=\"Experimenta el millor escape room de Barcelona. Ideal per a festes, esdeveniments especials, teambuilding per a empreses, formaci\u00f3 d&#039;equips o per sortir amb la fam\u00edlia i amics. Pots escapar de l&#039;habitaci\u00f3? Reserva en l\u00ednia i deixa&#039;t tancar a Escape Hunt Barcelona.\" \/>\n<meta property=\"og:url\" content=\"https:\/\/escapehunt.com\/es\/barcelona\/ca\/lexperiencia-descape-room-mes-emocionant-de-barcelona\/\" \/>\n<meta property=\"og:site_name\" content=\"Barcelona\" \/>\n<meta property=\"article:modified_time\" content=\"2020-12-09T07:40:39+00:00\" \/>\n<meta property=\"og:image\" content=\"https:\/\/escapehunt.com\/es\/barcelona\/wp-content\/uploads\/sites\/43\/2019\/07\/0031_EH-BCN-31-300x199.jpg\" \/>\n<meta name=\"twitter:card\" content=\"summary_large_image\" \/>\n<meta name=\"twitter:label1\" content=\"Temps estimat de lectura\" \/>\n\t<meta name=\"twitter:data1\" content=\"2 minuts\" \/>\n<script type=\"application\/ld+json\" class=\"yoast-schema-graph\">{\"@context\":\"https:\/\/schema.org\",\"@graph\":[{\"@type\":\"WebPage\",\"@id\":\"https:\/\/escapehunt.com\/es\/barcelona\/ca\/lexperiencia-descape-room-mes-emocionant-de-barcelona\/\",\"url\":\"https:\/\/escapehunt.com\/es\/barcelona\/ca\/lexperiencia-descape-room-mes-emocionant-de-barcelona\/\",\"name\":\"L'Escape Room M\u00e9s Emocionant de Barcelona | Escape Hunt Barcelona\",\"isPartOf\":{\"@id\":\"https:\/\/escapehunt.com\/es\/barcelona\/en\/#website\"},\"primaryImageOfPage\":{\"@id\":\"https:\/\/escapehunt.com\/es\/barcelona\/ca\/lexperiencia-descape-room-mes-emocionant-de-barcelona\/#primaryimage\"},\"image\":{\"@id\":\"https:\/\/escapehunt.com\/es\/barcelona\/ca\/lexperiencia-descape-room-mes-emocionant-de-barcelona\/#primaryimage\"},\"thumbnailUrl\":\"https:\/\/escapehunt.com\/es\/barcelona\/wp-content\/uploads\/sites\/43\/2019\/07\/0031_EH-BCN-31-300x199.jpg\",\"datePublished\":\"2018-09-24T12:30:00+00:00\",\"dateModified\":\"2020-12-09T07:40:39+00:00\",\"description\":\"Experimenta el millor escape room de Barcelona. Ideal per a festes, esdeveniments especials, teambuilding per a empreses, formaci\u00f3 d'equips o per sortir amb la fam\u00edlia i amics. Pots escapar de l'habitaci\u00f3? Reserva en l\u00ednia i deixa't tancar a Escape Hunt Barcelona.\",\"breadcrumb\":{\"@id\":\"https:\/\/escapehunt.com\/es\/barcelona\/ca\/lexperiencia-descape-room-mes-emocionant-de-barcelona\/#breadcrumb\"},\"inLanguage\":\"ca\",\"potentialAction\":[{\"@type\":\"ReadAction\",\"target\":[\"https:\/\/escapehunt.com\/es\/barcelona\/ca\/lexperiencia-descape-room-mes-emocionant-de-barcelona\/\"]}]},{\"@type\":\"ImageObject\",\"inLanguage\":\"ca\",\"@id\":\"https:\/\/escapehunt.com\/es\/barcelona\/ca\/lexperiencia-descape-room-mes-emocionant-de-barcelona\/#primaryimage\",\"url\":\"https:\/\/escapehunt.com\/es\/barcelona\/wp-content\/uploads\/sites\/43\/2019\/07\/0031_EH-BCN-31-300x199.jpg\",\"contentUrl\":\"https:\/\/escapehunt.com\/es\/barcelona\/wp-content\/uploads\/sites\/43\/2019\/07\/0031_EH-BCN-31-300x199.jpg\"},{\"@type\":\"BreadcrumbList\",\"@id\":\"https:\/\/escapehunt.com\/es\/barcelona\/ca\/lexperiencia-descape-room-mes-emocionant-de-barcelona\/#breadcrumb\",\"itemListElement\":[{\"@type\":\"ListItem\",\"position\":1,\"name\":\"Home\",\"item\":\"https:\/\/escapehunt.com\/es\/barcelona\/ca\/\"},{\"@type\":\"ListItem\",\"position\":2,\"name\":\"400m2, LA M\u00c9S GRAN I EMOCIONANT EXPERI\u00c8NCIA D\u2019ESCAPE ROOM A BARCELONA\"}]},{\"@type\":\"WebSite\",\"@id\":\"https:\/\/escapehunt.com\/es\/barcelona\/en\/#website\",\"url\":\"https:\/\/escapehunt.com\/es\/barcelona\/en\/\",\"name\":\"Barcelona\",\"description\":\"Just another Escape Hunt Staging Sites site\",\"potentialAction\":[{\"@type\":\"SearchAction\",\"target\":{\"@type\":\"EntryPoint\",\"urlTemplate\":\"https:\/\/escapehunt.com\/es\/barcelona\/en\/?s={search_term_string}\"},\"query-input\":{\"@type\":\"PropertyValueSpecification\",\"valueRequired\":true,\"valueName\":\"search_term_string\"}}],\"inLanguage\":\"ca\"}]}<\/script>\n<!-- \/ Yoast SEO plugin. -->","yoast_head_json":{"title":"L'Escape Room M\u00e9s Emocionant de Barcelona | Escape Hunt Barcelona","description":"Experimenta el millor escape room de Barcelona. Ideal per a festes, esdeveniments especials, teambuilding per a empreses, formaci\u00f3 d'equips o per sortir amb la fam\u00edlia i amics. Pots escapar de l'habitaci\u00f3? Reserva en l\u00ednia i deixa't tancar a Escape Hunt Barcelona.","robots":{"index":"index","follow":"follow","max-snippet":"max-snippet:-1","max-image-preview":"max-image-preview:large","max-video-preview":"max-video-preview:-1"},"canonical":"https:\/\/escapehunt.com\/es\/barcelona\/ca\/lexperiencia-descape-room-mes-emocionant-de-barcelona\/","og_locale":"ca_ES","og_type":"article","og_title":"L'Escape Room M\u00e9s Emocionant de Barcelona | Escape Hunt Barcelona","og_description":"Experimenta el millor escape room de Barcelona. Ideal per a festes, esdeveniments especials, teambuilding per a empreses, formaci\u00f3 d'equips o per sortir amb la fam\u00edlia i amics. Pots escapar de l'habitaci\u00f3? Reserva en l\u00ednia i deixa't tancar a Escape Hunt Barcelona.","og_url":"https:\/\/escapehunt.com\/es\/barcelona\/ca\/lexperiencia-descape-room-mes-emocionant-de-barcelona\/","og_site_name":"Barcelona","article_modified_time":"2020-12-09T07:40:39+00:00","og_image":[{"url":"https:\/\/escapehunt.com\/es\/barcelona\/wp-content\/uploads\/sites\/43\/2019\/07\/0031_EH-BCN-31-300x199.jpg","type":"","width":"","height":""}],"twitter_card":"summary_large_image","twitter_misc":{"Temps estimat de lectura":"2 minuts"},"schema":{"@context":"https:\/\/schema.org","@graph":[{"@type":"WebPage","@id":"https:\/\/escapehunt.com\/es\/barcelona\/ca\/lexperiencia-descape-room-mes-emocionant-de-barcelona\/","url":"https:\/\/escapehunt.com\/es\/barcelona\/ca\/lexperiencia-descape-room-mes-emocionant-de-barcelona\/","name":"L'Escape Room M\u00e9s Emocionant de Barcelona | Escape Hunt Barcelona","isPartOf":{"@id":"https:\/\/escapehunt.com\/es\/barcelona\/en\/#website"},"primaryImageOfPage":{"@id":"https:\/\/escapehunt.com\/es\/barcelona\/ca\/lexperiencia-descape-room-mes-emocionant-de-barcelona\/#primaryimage"},"image":{"@id":"https:\/\/escapehunt.com\/es\/barcelona\/ca\/lexperiencia-descape-room-mes-emocionant-de-barcelona\/#primaryimage"},"thumbnailUrl":"https:\/\/escapehunt.com\/es\/barcelona\/wp-content\/uploads\/sites\/43\/2019\/07\/0031_EH-BCN-31-300x199.jpg","datePublished":"2018-09-24T12:30:00+00:00","dateModified":"2020-12-09T07:40:39+00:00","description":"Experimenta el millor escape room de Barcelona. Ideal per a festes, esdeveniments especials, teambuilding per a empreses, formaci\u00f3 d'equips o per sortir amb la fam\u00edlia i amics. Pots escapar de l'habitaci\u00f3? Reserva en l\u00ednia i deixa't tancar a Escape Hunt Barcelona.","breadcrumb":{"@id":"https:\/\/escapehunt.com\/es\/barcelona\/ca\/lexperiencia-descape-room-mes-emocionant-de-barcelona\/#breadcrumb"},"inLanguage":"ca","potentialAction":[{"@type":"ReadAction","target":["https:\/\/escapehunt.com\/es\/barcelona\/ca\/lexperiencia-descape-room-mes-emocionant-de-barcelona\/"]}]},{"@type":"ImageObject","inLanguage":"ca","@id":"https:\/\/escapehunt.com\/es\/barcelona\/ca\/lexperiencia-descape-room-mes-emocionant-de-barcelona\/#primaryimage","url":"https:\/\/escapehunt.com\/es\/barcelona\/wp-content\/uploads\/sites\/43\/2019\/07\/0031_EH-BCN-31-300x199.jpg","contentUrl":"https:\/\/escapehunt.com\/es\/barcelona\/wp-content\/uploads\/sites\/43\/2019\/07\/0031_EH-BCN-31-300x199.jpg"},{"@type":"BreadcrumbList","@id":"https:\/\/escapehunt.com\/es\/barcelona\/ca\/lexperiencia-descape-room-mes-emocionant-de-barcelona\/#breadcrumb","itemListElement":[{"@type":"ListItem","position":1,"name":"Home","item":"https:\/\/escapehunt.com\/es\/barcelona\/ca\/"},{"@type":"ListItem","position":2,"name":"400m2, LA M\u00c9S GRAN I EMOCIONANT EXPERI\u00c8NCIA D\u2019ESCAPE ROOM A BARCELONA"}]},{"@type":"WebSite","@id":"https:\/\/escapehunt.com\/es\/barcelona\/en\/#website","url":"https:\/\/escapehunt.com\/es\/barcelona\/en\/","name":"Barcelona","description":"Just another Escape Hunt Staging Sites site","potentialAction":[{"@type":"SearchAction","target":{"@type":"EntryPoint","urlTemplate":"https:\/\/escapehunt.com\/es\/barcelona\/en\/?s={search_term_string}"},"query-input":{"@type":"PropertyValueSpecification","valueRequired":true,"valueName":"search_term_string"}}],"inLanguage":"ca"}]}},"custom_schema_json":"","_links":{"self":[{"href":"https:\/\/escapehunt.com\/es\/barcelona\/ca\/wp-json\/wp\/v2\/pages\/113","targetHints":{"allow":["GET"]}}],"collection":[{"href":"https:\/\/escapehunt.com\/es\/barcelona\/ca\/wp-json\/wp\/v2\/pages"}],"about":[{"href":"https:\/\/escapehunt.com\/es\/barcelona\/ca\/wp-json\/wp\/v2\/types\/page"}],"author":[{"embeddable":true,"href":"https:\/\/escapehunt.com\/es\/barcelona\/ca\/wp-json\/wp\/v2\/users\/12"}],"replies":[{"embeddable":true,"href":"https:\/\/escapehunt.com\/es\/barcelona\/ca\/wp-json\/wp\/v2\/comments?post=113"}],"version-history":[{"count":6,"href":"https:\/\/escapehunt.com\/es\/barcelona\/ca\/wp-json\/wp\/v2\/pages\/113\/revisions"}],"predecessor-version":[{"id":17141,"href":"https:\/\/escapehunt.com\/es\/barcelona\/ca\/wp-json\/wp\/v2\/pages\/113\/revisions\/17141"}],"wp:attachment":[{"href":"https:\/\/escapehunt.com\/es\/barcelona\/ca\/wp-json\/wp\/v2\/media?parent=113"}],"curies":[{"name":"wp","href":"https:\/\/api.w.org\/{rel}","templated":true}]}}