{"id":44908,"date":"2025-01-31T11:08:47","date_gmt":"2025-01-31T11:08:47","guid":{"rendered":"https:\/\/escapehunt.com\/be\/brussels\/?page_id=44908"},"modified":"2025-01-31T11:08:47","modified_gmt":"2025-01-31T11:08:47","slug":"escape-hunt-blog","status":"publish","type":"page","link":"https:\/\/escapehunt.com\/be\/brussels\/escape-hunt-blog\/","title":{"rendered":"Escape Hunt Blog"},"content":{"rendered":"<p>Bienvenue sur le blog Escape Hunt \u2013 apprenez-en plus sur nos escape games immersifs, nos options et formules pour vos \u00e9v\u00e9nements et bien plus encore. \u00cates-vous pr\u00eat pour une nouvelle aventure ?<\/p>\n","protected":false},"excerpt":{"rendered":"<p>Bienvenue sur le blog Escape Hunt \u2013 apprenez-en plus sur nos escape games immersifs, nos options et formules pour vos \u00e9v\u00e9nements et bien plus encore. \u00cates-vous pr\u00eat pour une nouvelle&hellip;<\/p>\n","protected":false},"author":62,"featured_media":0,"parent":0,"menu_order":0,"comment_status":"closed","ping_status":"closed","template":"templates\/blog-template.php","meta":{"_acf_changed":false,"footnotes":""},"class_list":["post-44908","page","type-page","status-publish","hentry"],"acf":{"custom_schema_json":""},"yoast_head":"<!-- This site is optimized with the Yoast SEO plugin v27.0 - https:\/\/yoast.com\/product\/yoast-seo-wordpress\/ -->\n<title>Escape Hunt Blog - Brussels<\/title>\n<meta name=\"robots\" content=\"index, follow, max-snippet:-1, max-image-preview:large, max-video-preview:-1\" \/>\n<link rel=\"canonical\" href=\"https:\/\/escapehunt.com\/be\/brussels\/escape-hunt-blog\/\" \/>\n<meta property=\"og:locale\" content=\"fr_FR\" \/>\n<meta property=\"og:type\" content=\"article\" \/>\n<meta property=\"og:title\" content=\"Escape Hunt Blog - Brussels\" \/>\n<meta property=\"og:description\" content=\"Bienvenue sur le blog Escape Hunt \u2013 apprenez-en plus sur nos escape games immersifs, nos options et formules pour vos \u00e9v\u00e9nements et bien plus encore. \u00cates-vous pr\u00eat pour une nouvelle&hellip;\" \/>\n<meta property=\"og:url\" content=\"https:\/\/escapehunt.com\/be\/brussels\/escape-hunt-blog\/\" \/>\n<meta property=\"og:site_name\" content=\"Brussels\" \/>\n<meta property=\"article:publisher\" content=\"https:\/\/www.facebook.com\/escapehuntbrussels\" \/>\n<meta name=\"twitter:card\" content=\"summary_large_image\" \/>\n<meta name=\"twitter:label1\" content=\"Dur\u00e9e de lecture estim\u00e9e\" \/>\n\t<meta name=\"twitter:data1\" content=\"1 minute\" \/>\n<script type=\"application\/ld+json\" class=\"yoast-schema-graph\">{\"@context\":\"https:\/\/schema.org\",\"@graph\":[{\"@type\":\"WebPage\",\"@id\":\"https:\/\/escapehunt.com\/be\/brussels\/escape-hunt-blog\/\",\"url\":\"https:\/\/escapehunt.com\/be\/brussels\/escape-hunt-blog\/\",\"name\":\"Escape Hunt Blog - Brussels\",\"isPartOf\":{\"@id\":\"https:\/\/escapehunt.com\/be\/brussels\/#website\"},\"datePublished\":\"2025-01-31T11:08:47+00:00\",\"breadcrumb\":{\"@id\":\"https:\/\/escapehunt.com\/be\/brussels\/escape-hunt-blog\/#breadcrumb\"},\"inLanguage\":\"fr-FR\",\"potentialAction\":[{\"@type\":\"ReadAction\",\"target\":[\"https:\/\/escapehunt.com\/be\/brussels\/escape-hunt-blog\/\"]}]},{\"@type\":\"BreadcrumbList\",\"@id\":\"https:\/\/escapehunt.com\/be\/brussels\/escape-hunt-blog\/#breadcrumb\",\"itemListElement\":[{\"@type\":\"ListItem\",\"position\":1,\"name\":\"Blog\",\"item\":\"https:\/\/escapehunt.com\/be\/brussels\/escape-hunt-blog\/\"},{\"@type\":\"ListItem\",\"position\":2,\"name\":\"Escape Hunt Blog\"}]},{\"@type\":\"WebSite\",\"@id\":\"https:\/\/escapehunt.com\/be\/brussels\/#website\",\"url\":\"https:\/\/escapehunt.com\/be\/brussels\/\",\"name\":\"Escape Hunt - Escape Game \u00e0 Bruxelles\",\"description\":\"Escape Hunt Brussels - Number 1 Escape Game in Brussels\",\"publisher\":{\"@id\":\"https:\/\/escapehunt.com\/be\/brussels\/#organization\"},\"potentialAction\":[{\"@type\":\"SearchAction\",\"target\":{\"@type\":\"EntryPoint\",\"urlTemplate\":\"https:\/\/escapehunt.com\/be\/brussels\/?s={search_term_string}\"},\"query-input\":{\"@type\":\"PropertyValueSpecification\",\"valueRequired\":true,\"valueName\":\"search_term_string\"}}],\"inLanguage\":\"fr-FR\"},{\"@type\":\"Organization\",\"@id\":\"https:\/\/escapehunt.com\/be\/brussels\/#organization\",\"name\":\"BGP Entertainment Belgium\",\"url\":\"https:\/\/escapehunt.com\/be\/brussels\/\",\"logo\":{\"@type\":\"ImageObject\",\"inLanguage\":\"fr-FR\",\"@id\":\"https:\/\/escapehunt.com\/be\/brussels\/#\/schema\/logo\/image\/\",\"url\":\"https:\/\/escapehunt.com\/be\/brussels\/wp-content\/uploads\/sites\/49\/2025\/08\/BLACK.png\",\"contentUrl\":\"https:\/\/escapehunt.com\/be\/brussels\/wp-content\/uploads\/sites\/49\/2025\/08\/BLACK.png\",\"width\":1030,\"height\":351,\"caption\":\"BGP Entertainment Belgium\"},\"image\":{\"@id\":\"https:\/\/escapehunt.com\/be\/brussels\/#\/schema\/logo\/image\/\"},\"sameAs\":[\"https:\/\/www.facebook.com\/escapehuntbrussels\"]}]}<\/script>\n<!-- \/ Yoast SEO plugin. -->","yoast_head_json":{"title":"Escape Hunt Blog - Brussels","robots":{"index":"index","follow":"follow","max-snippet":"max-snippet:-1","max-image-preview":"max-image-preview:large","max-video-preview":"max-video-preview:-1"},"canonical":"https:\/\/escapehunt.com\/be\/brussels\/escape-hunt-blog\/","og_locale":"fr_FR","og_type":"article","og_title":"Escape Hunt Blog - Brussels","og_description":"Bienvenue sur le blog Escape Hunt \u2013 apprenez-en plus sur nos escape games immersifs, nos options et formules pour vos \u00e9v\u00e9nements et bien plus encore. \u00cates-vous pr\u00eat pour une nouvelle&hellip;","og_url":"https:\/\/escapehunt.com\/be\/brussels\/escape-hunt-blog\/","og_site_name":"Brussels","article_publisher":"https:\/\/www.facebook.com\/escapehuntbrussels","twitter_card":"summary_large_image","twitter_misc":{"Dur\u00e9e de lecture estim\u00e9e":"1 minute"},"schema":{"@context":"https:\/\/schema.org","@graph":[{"@type":"WebPage","@id":"https:\/\/escapehunt.com\/be\/brussels\/escape-hunt-blog\/","url":"https:\/\/escapehunt.com\/be\/brussels\/escape-hunt-blog\/","name":"Escape Hunt Blog - Brussels","isPartOf":{"@id":"https:\/\/escapehunt.com\/be\/brussels\/#website"},"datePublished":"2025-01-31T11:08:47+00:00","breadcrumb":{"@id":"https:\/\/escapehunt.com\/be\/brussels\/escape-hunt-blog\/#breadcrumb"},"inLanguage":"fr-FR","potentialAction":[{"@type":"ReadAction","target":["https:\/\/escapehunt.com\/be\/brussels\/escape-hunt-blog\/"]}]},{"@type":"BreadcrumbList","@id":"https:\/\/escapehunt.com\/be\/brussels\/escape-hunt-blog\/#breadcrumb","itemListElement":[{"@type":"ListItem","position":1,"name":"Blog","item":"https:\/\/escapehunt.com\/be\/brussels\/escape-hunt-blog\/"},{"@type":"ListItem","position":2,"name":"Escape Hunt Blog"}]},{"@type":"WebSite","@id":"https:\/\/escapehunt.com\/be\/brussels\/#website","url":"https:\/\/escapehunt.com\/be\/brussels\/","name":"Escape Hunt - Escape Game \u00e0 Bruxelles","description":"Escape Hunt Brussels - Number 1 Escape Game in Brussels","publisher":{"@id":"https:\/\/escapehunt.com\/be\/brussels\/#organization"},"potentialAction":[{"@type":"SearchAction","target":{"@type":"EntryPoint","urlTemplate":"https:\/\/escapehunt.com\/be\/brussels\/?s={search_term_string}"},"query-input":{"@type":"PropertyValueSpecification","valueRequired":true,"valueName":"search_term_string"}}],"inLanguage":"fr-FR"},{"@type":"Organization","@id":"https:\/\/escapehunt.com\/be\/brussels\/#organization","name":"BGP Entertainment Belgium","url":"https:\/\/escapehunt.com\/be\/brussels\/","logo":{"@type":"ImageObject","inLanguage":"fr-FR","@id":"https:\/\/escapehunt.com\/be\/brussels\/#\/schema\/logo\/image\/","url":"https:\/\/escapehunt.com\/be\/brussels\/wp-content\/uploads\/sites\/49\/2025\/08\/BLACK.png","contentUrl":"https:\/\/escapehunt.com\/be\/brussels\/wp-content\/uploads\/sites\/49\/2025\/08\/BLACK.png","width":1030,"height":351,"caption":"BGP Entertainment Belgium"},"image":{"@id":"https:\/\/escapehunt.com\/be\/brussels\/#\/schema\/logo\/image\/"},"sameAs":["https:\/\/www.facebook.com\/escapehuntbrussels"]}]}},"custom_schema_json":"","_links":{"self":[{"href":"https:\/\/escapehunt.com\/be\/brussels\/wp-json\/wp\/v2\/pages\/44908","targetHints":{"allow":["GET"]}}],"collection":[{"href":"https:\/\/escapehunt.com\/be\/brussels\/wp-json\/wp\/v2\/pages"}],"about":[{"href":"https:\/\/escapehunt.com\/be\/brussels\/wp-json\/wp\/v2\/types\/page"}],"author":[{"embeddable":true,"href":"https:\/\/escapehunt.com\/be\/brussels\/wp-json\/wp\/v2\/users\/62"}],"replies":[{"embeddable":true,"href":"https:\/\/escapehunt.com\/be\/brussels\/wp-json\/wp\/v2\/comments?post=44908"}],"version-history":[{"count":1,"href":"https:\/\/escapehunt.com\/be\/brussels\/wp-json\/wp\/v2\/pages\/44908\/revisions"}],"predecessor-version":[{"id":44915,"href":"https:\/\/escapehunt.com\/be\/brussels\/wp-json\/wp\/v2\/pages\/44908\/revisions\/44915"}],"wp:attachment":[{"href":"https:\/\/escapehunt.com\/be\/brussels\/wp-json\/wp\/v2\/media?parent=44908"}],"curies":[{"name":"wp","href":"https:\/\/api.w.org\/{rel}","templated":true}]}}