{"id":413,"date":"2018-11-23T17:01:29","date_gmt":"2018-11-23T17:01:29","guid":{"rendered":"http:\/\/s27835.p712.sites.pressdns.com\/fr\/bordeaux\/?page_id=413"},"modified":"2024-01-18T12:30:28","modified_gmt":"2024-01-18T12:30:28","slug":"blog","status":"publish","type":"page","link":"https:\/\/escapehunt.com\/be\/brussels\/blog\/","title":{"rendered":"Blog"},"content":{"rendered":"<h3 class=\"ish-sc-element ish-sc_headline ish-color3 ish-center\"><strong>NOS ACTUALIT\u00c9S, OFFRES ET PROMOTIONS !<\/strong><\/h3>\n<div class=\"wpb_text_column wpb_content_element \">\n<div class=\"wpb_wrapper\">\n<p>C\u2019est ici que vous pourrez retrouver diff\u00e9rents posts sur l\u2019actualit\u00e9 d&rsquo;Escape Hunt Brussels.<\/p>\n<p>Bonne lecture !<\/p>\n<hr \/>\n<p>&nbsp;<\/p>\n<h4><a href=\"https:\/\/escapehunt.com\/be\/brussels\/2023\/06\/30\/nouveau-jeu-exterieur-alice\/\"><span style=\"color: #e1622c;\">[NOUVEAU] PLONGEZ DANS UN UNIVERS MAGIQUE AVEC RETOUR AU PAYS DES MERVEILLES, UN NOUVEAU JEU DE PISTE EN EXT\u00c9RIEUR AU C\u0152UR DE BRUXELLES<\/span><\/a><\/h4>\n<p>\u00cates-vous pr\u00eats \u00e0 vivre une aventure extraordinaire ? Laissez-vous entra\u00eener dans le monde fantastique d\u2019Alice au Pays des Merveilles avec notre tout nouveau jeu de piste en ext\u00e9rieur : Retour au Pays des Merveilles.<\/p>\n<p><a class=\" button button--primary\" href=\"https:\/\/escapehunt.com\/be\/brussels\/2023\/06\/30\/nouveau-jeu-exterieur-alice\/\">Lire l&rsquo;article\u00a0<\/a><\/p>\n<p>&nbsp;<\/p>\n<h4><a href=\"https:\/\/escapehunt.com\/be\/brussels\/2023\/03\/24\/chasse-aux-tresor-paques-2023\/\"><span style=\"color: #e1622c;\">COMMENT ORGANISER UNE CHASSE AU TR\u00c9SOR POUR P\u00c2QUES AVEC LE TR\u00c9SOR DU CAPITAINE RUBY<\/span><\/a><\/h4>\n<p>P\u00e2ques approche \u00e0 grands pas et vous \u00eates \u00e0 la recherche d\u2019une activit\u00e9 ludique et gourmande pour vos enfants ? Ne cherchez plus, nous avons la solution !<\/p>\n<p><a class=\" button button--primary\" href=\"https:\/\/escapehunt.com\/be\/brussels\/2023\/03\/24\/chasse-aux-tresor-paques-2023\/\">Lire l&rsquo;article\u00a0<\/a><\/p>\n<p>&nbsp;<\/p>\n<h4><a href=\"https:\/\/escapehunt.com\/be\/brussels\/2023\/01\/24\/saint-valentin-idee-cadeau-originale\/\"><span style=\"color: #e1622c;\">UNE SAINT VALENTIN M\u00c9MORABLE : POURQUOI UN ESCAPE GAME EST-IL LE CADEAU ID\u00c9AL ?<\/span><\/a><\/h4>\n<p>Vous \u00eates \u00e0 la recherche d\u2019un cadeau unique et m\u00e9morable pour votre +1 ? L\u2019Escape Game est le cadeau id\u00e9al pour tous ceux qui recherchent une exp\u00e9rience originale et interactive pour la Saint Valentin.<\/p>\n<p><a class=\" button button--primary\" href=\"https:\/\/escapehunt.com\/be\/brussels\/2023\/01\/24\/saint-valentin-idee-cadeau-originale\/\">Lire l&rsquo;article\u00a0<\/a><\/p>\n<p>&nbsp;<\/p>\n<h4><a href=\"https:\/\/escapehunt.com\/be\/brussels\/2022\/04\/11\/idees-pour-feter-paques-en-famille\/\"><span style=\"color: #e1622c;\">Id\u00e9es pour f\u00eater P\u00e2ques en famille\u00a0<\/span><\/a><\/h4>\n<p>Vous \u00eates \u00e0 la recherche d\u2019une sortie le week-end de P\u00e2ques ? Escape Hunt vous propose deux id\u00e9es originales pour changer de la traditionnelle chasse aux \u0153ufs.<\/p>\n<p><a class=\" button button--primary\" href=\"https:\/\/escapehunt.com\/be\/brussels\/2022\/04\/11\/idees-pour-feter-paques-en-famille\/\">Lire l&rsquo;article\u00a0<\/a><\/p>\n<p>&nbsp;<\/p>\n<h4><a href=\"https:\/\/escapehunt.com\/be\/brussels\/2022\/03\/14\/teambuilding-renforcez-vos-liens-grace-a-lescape-game\/\"><span style=\"color: #e1622c;\">Teambuilding : renforcez vos liens gr\u00e2ce \u00e0 l\u2019escape game\u00a0<\/span><\/a><\/h4>\n<p>Avez-vous d\u00e9j\u00e0 particip\u00e9 \u00e0 un teambuilding d&rsquo;entreprise ? Escape Hunt vous parle aujourd&rsquo;hui un peu plus de cette pratique.<\/p>\n<p><a class=\" button button--primary\" href=\"https:\/\/escapehunt.com\/be\/brussels\/2022\/03\/14\/teambuilding-renforcez-vos-liens-grace-a-lescape-game\/\">Lire l&rsquo;article\u00a0<\/a><\/p>\n<p>&nbsp;<\/p>\n<h4><a href=\"https:\/\/escapehunt.com\/be\/brussels\/2021\/09\/14\/pass-bruxelles-escape-hunt\/\"><span style=\"color: #e1622c;\">PASS BRUXELLES &amp; ESCAPE HUNT<\/span><\/a><\/h4>\n<p>Vous avez pr\u00e9vu un s\u00e9jour \u00e0 Bruxelles et vous voulez profiter d&rsquo;un escape game \u00e0 moindre co\u00fbt ? Le pass Bruxelles est l\u00e0 pour vous !<\/p>\n<p><span style=\"color: #e1622c;\"><a class=\" button button--primary\" href=\"https:\/\/escapehunt.com\/be\/brussels\/2021\/09\/14\/pass-bruxelles-escape-hunt\/\">Lire l&rsquo;article<\/a>\u00a0<\/span><\/p>\n<\/div>\n<\/div>\n<p>&nbsp;<\/p>\n<h4><a href=\"https:\/\/escapehunt.com\/be\/brussels\/2021\/01\/15\/top-5-escape-game-a-faire-a-la-maison\/\"><span style=\"color: #e1622c;\">[TOP 5] ESCAPE GAME \u00c0 FAIRE \u00c0 LA MAISON<\/span><\/a><\/h4>\n<p>En recherche d&rsquo;activit\u00e9 \u00e0 faire chez soi ? Vous trouverez votre bonheur dans ce top des escape game \u00e0 faire \u00e0 la maison !.<\/p>\n<p><a class=\" button button--primary\" href=\"https:\/\/escapehunt.com\/be\/brussels\/2021\/01\/15\/top-5-escape-game-a-faire-a-la-maison\/\">Lire l&rsquo;article\u00a0<\/a><\/p>\n<p>&nbsp;<\/p>\n<h4><a href=\"https:\/\/escapehunt.com\/be\/brussels\/2019\/03\/23\/5-escape-games-a-decouvrir-en-vr\/\">5 ESCAPE GAMES \u00c0 D\u00c9COUVRIR EN VR<\/a><\/h4>\n<p>Tout aussi r\u00e9tro que l&rsquo;on soit avec nos ambiances d\u00e9but du si\u00e8cle, on est pas vieux jeu ! L&rsquo;\u00e9quipe est toujours \u00e0 l&rsquo;affut de nouveaut\u00e9s, belles et bien du 21e si\u00e8cle ! Adapt\u00e9 de jeux-vid\u00e9o point-and-click, l&rsquo;escape game a su s\u00e9duire les joueurs en experience live \u00e0 travers nos salles. Dor\u00e9navant elle trouve une toute nouvelle dimension gr\u00e2ce \u00e0 la VR !<\/p>\n<p><a class=\" button button--primary\" href=\"https:\/\/escapehunt.com\/be\/brussels\/2019\/03\/23\/5-escape-games-a-decouvrir-en-vr\/\">Lire l&rsquo;article<\/a><\/p>\n<div class=\"wpb_text_column wpb_content_element \">\n<div class=\"wpb_wrapper\"><\/div>\n<\/div>\n<p>&nbsp;<\/p>\n<h4><a href=\"https:\/\/escapehunt.com\/be\/brussels\/2019\/03\/11\/excitement-unlocked\/\">EXCITEMENT. UNLOCKED.<\/a><\/h4>\n<p><b>Le d\u00e9but de notre aventure.\u00a0<\/b>A l\u2019origine rappelez-vous, notre enseigne Escape Hunt ouvrait ses portes \u00e0 Bruxelles en D\u00e9cembre 2014 (il y a 4 ans, <i>d\u00e9j\u00e0 !<\/i>) rapidement suivi par de <a href=\"https:\/\/escapehunt.com\/fr\/\" target=\"_blank\" rel=\"noopener noreferrer\">nombreuses villes en France<\/a>. Premier escape game \u00e0 Bruxelles, faisant d\u00e9j\u00e0 partie d\u2019un r\u00e9seau d\u2019escape game <a href=\"https:\/\/escapehunt.com\/\">alors \u00e9tabli \u00e0 travers le monde<\/a>, notre marque Escape Hunt s\u2019est progressivement&#8230;<\/p>\n<p><a class=\" button button--primary\" href=\"https:\/\/escapehunt.com\/be\/brussels\/2019\/03\/11\/excitement-unlocked\/\">Lire l&rsquo;articlehttps:\/\/escapehunt.com\/france <\/a><\/p>\n","protected":false},"excerpt":{"rendered":"<p>NOS ACTUALIT\u00c9S, OFFRES ET PROMOTIONS ! C\u2019est ici que vous pourrez retrouver diff\u00e9rents posts sur l\u2019actualit\u00e9 d&rsquo;Escape Hunt Brussels. Bonne lecture ! &nbsp; [NOUVEAU] PLONGEZ DANS UN UNIVERS MAGIQUE AVEC&hellip;<\/p>\n","protected":false},"author":16,"featured_media":0,"parent":0,"menu_order":0,"comment_status":"closed","ping_status":"closed","template":"","meta":{"_acf_changed":false,"footnotes":""},"class_list":["post-413","page","type-page","status-publish","hentry"],"acf":{"custom_schema_json":""},"yoast_head":"<!-- This site is optimized with the Yoast SEO plugin v27.0 - https:\/\/yoast.com\/product\/yoast-seo-wordpress\/ -->\n<title>Blog - Brussels<\/title>\n<meta name=\"robots\" content=\"index, follow, max-snippet:-1, max-image-preview:large, max-video-preview:-1\" \/>\n<link rel=\"canonical\" href=\"https:\/\/escapehunt.com\/be\/brussels\/blog\/\" \/>\n<meta property=\"og:locale\" content=\"fr_FR\" \/>\n<meta property=\"og:type\" content=\"article\" \/>\n<meta property=\"og:title\" content=\"Blog - Brussels\" \/>\n<meta property=\"og:description\" content=\"NOS ACTUALIT\u00c9S, OFFRES ET PROMOTIONS ! C\u2019est ici que vous pourrez retrouver diff\u00e9rents posts sur l\u2019actualit\u00e9 d&rsquo;Escape Hunt Brussels. Bonne lecture ! &nbsp; [NOUVEAU] PLONGEZ DANS UN UNIVERS MAGIQUE AVEC&hellip;\" \/>\n<meta property=\"og:url\" content=\"https:\/\/escapehunt.com\/be\/brussels\/blog\/\" \/>\n<meta property=\"og:site_name\" content=\"Brussels\" \/>\n<meta property=\"article:publisher\" content=\"https:\/\/www.facebook.com\/escapehuntbrussels\" \/>\n<meta property=\"article:modified_time\" content=\"2024-01-18T12:30:28+00:00\" \/>\n<meta name=\"twitter:card\" content=\"summary_large_image\" \/>\n<meta name=\"twitter:label1\" content=\"Dur\u00e9e de lecture estim\u00e9e\" \/>\n\t<meta name=\"twitter:data1\" content=\"3 minutes\" \/>\n<script type=\"application\/ld+json\" class=\"yoast-schema-graph\">{\"@context\":\"https:\/\/schema.org\",\"@graph\":[{\"@type\":\"WebPage\",\"@id\":\"https:\/\/escapehunt.com\/be\/brussels\/blog\/\",\"url\":\"https:\/\/escapehunt.com\/be\/brussels\/blog\/\",\"name\":\"Blog - Brussels\",\"isPartOf\":{\"@id\":\"https:\/\/escapehunt.com\/be\/brussels\/#website\"},\"datePublished\":\"2018-11-23T17:01:29+00:00\",\"dateModified\":\"2024-01-18T12:30:28+00:00\",\"breadcrumb\":{\"@id\":\"https:\/\/escapehunt.com\/be\/brussels\/blog\/#breadcrumb\"},\"inLanguage\":\"fr-FR\",\"potentialAction\":[{\"@type\":\"ReadAction\",\"target\":[\"https:\/\/escapehunt.com\/be\/brussels\/blog\/\"]}]},{\"@type\":\"BreadcrumbList\",\"@id\":\"https:\/\/escapehunt.com\/be\/brussels\/blog\/#breadcrumb\",\"itemListElement\":[{\"@type\":\"ListItem\",\"position\":1,\"name\":\"Blog\",\"item\":\"https:\/\/escapehunt.com\/be\/brussels\/escape-hunt-blog\/\"},{\"@type\":\"ListItem\",\"position\":2,\"name\":\"Blog\"}]},{\"@type\":\"WebSite\",\"@id\":\"https:\/\/escapehunt.com\/be\/brussels\/#website\",\"url\":\"https:\/\/escapehunt.com\/be\/brussels\/\",\"name\":\"Escape Hunt - Escape Game \u00e0 Bruxelles\",\"description\":\"Escape Hunt Brussels - Number 1 Escape Game in Brussels\",\"publisher\":{\"@id\":\"https:\/\/escapehunt.com\/be\/brussels\/#organization\"},\"potentialAction\":[{\"@type\":\"SearchAction\",\"target\":{\"@type\":\"EntryPoint\",\"urlTemplate\":\"https:\/\/escapehunt.com\/be\/brussels\/?s={search_term_string}\"},\"query-input\":{\"@type\":\"PropertyValueSpecification\",\"valueRequired\":true,\"valueName\":\"search_term_string\"}}],\"inLanguage\":\"fr-FR\"},{\"@type\":\"Organization\",\"@id\":\"https:\/\/escapehunt.com\/be\/brussels\/#organization\",\"name\":\"BGP Entertainment Belgium\",\"url\":\"https:\/\/escapehunt.com\/be\/brussels\/\",\"logo\":{\"@type\":\"ImageObject\",\"inLanguage\":\"fr-FR\",\"@id\":\"https:\/\/escapehunt.com\/be\/brussels\/#\/schema\/logo\/image\/\",\"url\":\"https:\/\/escapehunt.com\/be\/brussels\/wp-content\/uploads\/sites\/49\/2025\/08\/BLACK.png\",\"contentUrl\":\"https:\/\/escapehunt.com\/be\/brussels\/wp-content\/uploads\/sites\/49\/2025\/08\/BLACK.png\",\"width\":1030,\"height\":351,\"caption\":\"BGP Entertainment Belgium\"},\"image\":{\"@id\":\"https:\/\/escapehunt.com\/be\/brussels\/#\/schema\/logo\/image\/\"},\"sameAs\":[\"https:\/\/www.facebook.com\/escapehuntbrussels\"]}]}<\/script>\n<!-- \/ Yoast SEO plugin. -->","yoast_head_json":{"title":"Blog - Brussels","robots":{"index":"index","follow":"follow","max-snippet":"max-snippet:-1","max-image-preview":"max-image-preview:large","max-video-preview":"max-video-preview:-1"},"canonical":"https:\/\/escapehunt.com\/be\/brussels\/blog\/","og_locale":"fr_FR","og_type":"article","og_title":"Blog - Brussels","og_description":"NOS ACTUALIT\u00c9S, OFFRES ET PROMOTIONS ! C\u2019est ici que vous pourrez retrouver diff\u00e9rents posts sur l\u2019actualit\u00e9 d&rsquo;Escape Hunt Brussels. Bonne lecture ! &nbsp; [NOUVEAU] PLONGEZ DANS UN UNIVERS MAGIQUE AVEC&hellip;","og_url":"https:\/\/escapehunt.com\/be\/brussels\/blog\/","og_site_name":"Brussels","article_publisher":"https:\/\/www.facebook.com\/escapehuntbrussels","article_modified_time":"2024-01-18T12:30:28+00:00","twitter_card":"summary_large_image","twitter_misc":{"Dur\u00e9e de lecture estim\u00e9e":"3 minutes"},"schema":{"@context":"https:\/\/schema.org","@graph":[{"@type":"WebPage","@id":"https:\/\/escapehunt.com\/be\/brussels\/blog\/","url":"https:\/\/escapehunt.com\/be\/brussels\/blog\/","name":"Blog - Brussels","isPartOf":{"@id":"https:\/\/escapehunt.com\/be\/brussels\/#website"},"datePublished":"2018-11-23T17:01:29+00:00","dateModified":"2024-01-18T12:30:28+00:00","breadcrumb":{"@id":"https:\/\/escapehunt.com\/be\/brussels\/blog\/#breadcrumb"},"inLanguage":"fr-FR","potentialAction":[{"@type":"ReadAction","target":["https:\/\/escapehunt.com\/be\/brussels\/blog\/"]}]},{"@type":"BreadcrumbList","@id":"https:\/\/escapehunt.com\/be\/brussels\/blog\/#breadcrumb","itemListElement":[{"@type":"ListItem","position":1,"name":"Blog","item":"https:\/\/escapehunt.com\/be\/brussels\/escape-hunt-blog\/"},{"@type":"ListItem","position":2,"name":"Blog"}]},{"@type":"WebSite","@id":"https:\/\/escapehunt.com\/be\/brussels\/#website","url":"https:\/\/escapehunt.com\/be\/brussels\/","name":"Escape Hunt - Escape Game \u00e0 Bruxelles","description":"Escape Hunt Brussels - Number 1 Escape Game in Brussels","publisher":{"@id":"https:\/\/escapehunt.com\/be\/brussels\/#organization"},"potentialAction":[{"@type":"SearchAction","target":{"@type":"EntryPoint","urlTemplate":"https:\/\/escapehunt.com\/be\/brussels\/?s={search_term_string}"},"query-input":{"@type":"PropertyValueSpecification","valueRequired":true,"valueName":"search_term_string"}}],"inLanguage":"fr-FR"},{"@type":"Organization","@id":"https:\/\/escapehunt.com\/be\/brussels\/#organization","name":"BGP Entertainment Belgium","url":"https:\/\/escapehunt.com\/be\/brussels\/","logo":{"@type":"ImageObject","inLanguage":"fr-FR","@id":"https:\/\/escapehunt.com\/be\/brussels\/#\/schema\/logo\/image\/","url":"https:\/\/escapehunt.com\/be\/brussels\/wp-content\/uploads\/sites\/49\/2025\/08\/BLACK.png","contentUrl":"https:\/\/escapehunt.com\/be\/brussels\/wp-content\/uploads\/sites\/49\/2025\/08\/BLACK.png","width":1030,"height":351,"caption":"BGP Entertainment Belgium"},"image":{"@id":"https:\/\/escapehunt.com\/be\/brussels\/#\/schema\/logo\/image\/"},"sameAs":["https:\/\/www.facebook.com\/escapehuntbrussels"]}]}},"custom_schema_json":"","_links":{"self":[{"href":"https:\/\/escapehunt.com\/be\/brussels\/wp-json\/wp\/v2\/pages\/413","targetHints":{"allow":["GET"]}}],"collection":[{"href":"https:\/\/escapehunt.com\/be\/brussels\/wp-json\/wp\/v2\/pages"}],"about":[{"href":"https:\/\/escapehunt.com\/be\/brussels\/wp-json\/wp\/v2\/types\/page"}],"author":[{"embeddable":true,"href":"https:\/\/escapehunt.com\/be\/brussels\/wp-json\/wp\/v2\/users\/16"}],"replies":[{"embeddable":true,"href":"https:\/\/escapehunt.com\/be\/brussels\/wp-json\/wp\/v2\/comments?post=413"}],"version-history":[{"count":5,"href":"https:\/\/escapehunt.com\/be\/brussels\/wp-json\/wp\/v2\/pages\/413\/revisions"}],"predecessor-version":[{"id":44039,"href":"https:\/\/escapehunt.com\/be\/brussels\/wp-json\/wp\/v2\/pages\/413\/revisions\/44039"}],"wp:attachment":[{"href":"https:\/\/escapehunt.com\/be\/brussels\/wp-json\/wp\/v2\/media?parent=413"}],"curies":[{"name":"wp","href":"https:\/\/api.w.org\/{rel}","templated":true}]}}