{"id":165,"date":"2018-10-03T13:06:26","date_gmt":"2018-10-03T13:06:26","guid":{"rendered":"http:\/\/s27835.p712.sites.pressdns.com\/fr\/bordeaux\/?page_id=165"},"modified":"2019-04-01T15:13:39","modified_gmt":"2019-04-01T15:13:39","slug":"plan-du-site","status":"publish","type":"page","link":"https:\/\/escapehunt.com\/be\/brussels\/plan-du-site\/","title":{"rendered":"Plan du site"},"content":{"rendered":"","protected":false},"excerpt":{"rendered":"","protected":false},"author":12,"featured_media":0,"parent":0,"menu_order":0,"comment_status":"closed","ping_status":"closed","template":"views\/site-map.php","meta":{"_acf_changed":false,"footnotes":""},"class_list":["post-165","page","type-page","status-publish","hentry"],"acf":{"custom_schema_json":""},"yoast_head":"<!-- This site is optimized with the Yoast SEO plugin v27.0 - https:\/\/yoast.com\/product\/yoast-seo-wordpress\/ -->\n<title>Plan du site | Escape Hunt Brussels<\/title>\n<meta name=\"description\" content=\"Plan du site Escape Hunt Brussels. Liens vers nos diff\u00e9rentes pages. Retrouvez nos diff\u00e9rents jeux et reservez, d\u00e9couvrez nos packages entreprises et offres sp\u00e9ciales.\" \/>\n<meta name=\"robots\" content=\"index, follow, max-snippet:-1, max-image-preview:large, max-video-preview:-1\" \/>\n<link rel=\"canonical\" href=\"https:\/\/escapehunt.com\/be\/brussels\/plan-du-site\/\" \/>\n<meta property=\"og:locale\" content=\"fr_FR\" \/>\n<meta property=\"og:type\" content=\"article\" \/>\n<meta property=\"og:title\" content=\"Plan du site | Escape Hunt Brussels\" \/>\n<meta property=\"og:description\" content=\"Plan du site Escape Hunt Brussels. Liens vers nos diff\u00e9rentes pages. Retrouvez nos diff\u00e9rents jeux et reservez, d\u00e9couvrez nos packages entreprises et offres sp\u00e9ciales.\" \/>\n<meta property=\"og:url\" content=\"https:\/\/escapehunt.com\/be\/brussels\/plan-du-site\/\" \/>\n<meta property=\"og:site_name\" content=\"Brussels\" \/>\n<meta property=\"article:publisher\" content=\"https:\/\/www.facebook.com\/escapehuntbrussels\" \/>\n<meta property=\"article:modified_time\" content=\"2019-04-01T15:13:39+00:00\" \/>\n<meta name=\"twitter:card\" content=\"summary_large_image\" \/>\n<script type=\"application\/ld+json\" class=\"yoast-schema-graph\">{\"@context\":\"https:\/\/schema.org\",\"@graph\":[{\"@type\":\"WebPage\",\"@id\":\"https:\/\/escapehunt.com\/be\/brussels\/plan-du-site\/\",\"url\":\"https:\/\/escapehunt.com\/be\/brussels\/plan-du-site\/\",\"name\":\"Plan du site | Escape Hunt Brussels\",\"isPartOf\":{\"@id\":\"https:\/\/escapehunt.com\/be\/brussels\/#website\"},\"datePublished\":\"2018-10-03T13:06:26+00:00\",\"dateModified\":\"2019-04-01T15:13:39+00:00\",\"description\":\"Plan du site Escape Hunt Brussels. Liens vers nos diff\u00e9rentes pages. Retrouvez nos diff\u00e9rents jeux et reservez, d\u00e9couvrez nos packages entreprises et offres sp\u00e9ciales.\",\"breadcrumb\":{\"@id\":\"https:\/\/escapehunt.com\/be\/brussels\/plan-du-site\/#breadcrumb\"},\"inLanguage\":\"fr-FR\",\"potentialAction\":[{\"@type\":\"ReadAction\",\"target\":[\"https:\/\/escapehunt.com\/be\/brussels\/plan-du-site\/\"]}]},{\"@type\":\"BreadcrumbList\",\"@id\":\"https:\/\/escapehunt.com\/be\/brussels\/plan-du-site\/#breadcrumb\",\"itemListElement\":[{\"@type\":\"ListItem\",\"position\":1,\"name\":\"Blog\",\"item\":\"https:\/\/escapehunt.com\/be\/brussels\/escape-hunt-blog\/\"},{\"@type\":\"ListItem\",\"position\":2,\"name\":\"Plan du site\"}]},{\"@type\":\"WebSite\",\"@id\":\"https:\/\/escapehunt.com\/be\/brussels\/#website\",\"url\":\"https:\/\/escapehunt.com\/be\/brussels\/\",\"name\":\"Escape Hunt - Escape Game \u00e0 Bruxelles\",\"description\":\"Escape Hunt Brussels - Number 1 Escape Game in Brussels\",\"publisher\":{\"@id\":\"https:\/\/escapehunt.com\/be\/brussels\/#organization\"},\"potentialAction\":[{\"@type\":\"SearchAction\",\"target\":{\"@type\":\"EntryPoint\",\"urlTemplate\":\"https:\/\/escapehunt.com\/be\/brussels\/?s={search_term_string}\"},\"query-input\":{\"@type\":\"PropertyValueSpecification\",\"valueRequired\":true,\"valueName\":\"search_term_string\"}}],\"inLanguage\":\"fr-FR\"},{\"@type\":\"Organization\",\"@id\":\"https:\/\/escapehunt.com\/be\/brussels\/#organization\",\"name\":\"BGP Entertainment Belgium\",\"url\":\"https:\/\/escapehunt.com\/be\/brussels\/\",\"logo\":{\"@type\":\"ImageObject\",\"inLanguage\":\"fr-FR\",\"@id\":\"https:\/\/escapehunt.com\/be\/brussels\/#\/schema\/logo\/image\/\",\"url\":\"https:\/\/escapehunt.com\/be\/brussels\/wp-content\/uploads\/sites\/49\/2025\/08\/BLACK.png\",\"contentUrl\":\"https:\/\/escapehunt.com\/be\/brussels\/wp-content\/uploads\/sites\/49\/2025\/08\/BLACK.png\",\"width\":1030,\"height\":351,\"caption\":\"BGP Entertainment Belgium\"},\"image\":{\"@id\":\"https:\/\/escapehunt.com\/be\/brussels\/#\/schema\/logo\/image\/\"},\"sameAs\":[\"https:\/\/www.facebook.com\/escapehuntbrussels\"]}]}<\/script>\n<!-- \/ Yoast SEO plugin. -->","yoast_head_json":{"title":"Plan du site | Escape Hunt Brussels","description":"Plan du site Escape Hunt Brussels. Liens vers nos diff\u00e9rentes pages. Retrouvez nos diff\u00e9rents jeux et reservez, d\u00e9couvrez nos packages entreprises et offres sp\u00e9ciales.","robots":{"index":"index","follow":"follow","max-snippet":"max-snippet:-1","max-image-preview":"max-image-preview:large","max-video-preview":"max-video-preview:-1"},"canonical":"https:\/\/escapehunt.com\/be\/brussels\/plan-du-site\/","og_locale":"fr_FR","og_type":"article","og_title":"Plan du site | Escape Hunt Brussels","og_description":"Plan du site Escape Hunt Brussels. Liens vers nos diff\u00e9rentes pages. Retrouvez nos diff\u00e9rents jeux et reservez, d\u00e9couvrez nos packages entreprises et offres sp\u00e9ciales.","og_url":"https:\/\/escapehunt.com\/be\/brussels\/plan-du-site\/","og_site_name":"Brussels","article_publisher":"https:\/\/www.facebook.com\/escapehuntbrussels","article_modified_time":"2019-04-01T15:13:39+00:00","twitter_card":"summary_large_image","schema":{"@context":"https:\/\/schema.org","@graph":[{"@type":"WebPage","@id":"https:\/\/escapehunt.com\/be\/brussels\/plan-du-site\/","url":"https:\/\/escapehunt.com\/be\/brussels\/plan-du-site\/","name":"Plan du site | Escape Hunt Brussels","isPartOf":{"@id":"https:\/\/escapehunt.com\/be\/brussels\/#website"},"datePublished":"2018-10-03T13:06:26+00:00","dateModified":"2019-04-01T15:13:39+00:00","description":"Plan du site Escape Hunt Brussels. Liens vers nos diff\u00e9rentes pages. Retrouvez nos diff\u00e9rents jeux et reservez, d\u00e9couvrez nos packages entreprises et offres sp\u00e9ciales.","breadcrumb":{"@id":"https:\/\/escapehunt.com\/be\/brussels\/plan-du-site\/#breadcrumb"},"inLanguage":"fr-FR","potentialAction":[{"@type":"ReadAction","target":["https:\/\/escapehunt.com\/be\/brussels\/plan-du-site\/"]}]},{"@type":"BreadcrumbList","@id":"https:\/\/escapehunt.com\/be\/brussels\/plan-du-site\/#breadcrumb","itemListElement":[{"@type":"ListItem","position":1,"name":"Blog","item":"https:\/\/escapehunt.com\/be\/brussels\/escape-hunt-blog\/"},{"@type":"ListItem","position":2,"name":"Plan du site"}]},{"@type":"WebSite","@id":"https:\/\/escapehunt.com\/be\/brussels\/#website","url":"https:\/\/escapehunt.com\/be\/brussels\/","name":"Escape Hunt - Escape Game \u00e0 Bruxelles","description":"Escape Hunt Brussels - Number 1 Escape Game in Brussels","publisher":{"@id":"https:\/\/escapehunt.com\/be\/brussels\/#organization"},"potentialAction":[{"@type":"SearchAction","target":{"@type":"EntryPoint","urlTemplate":"https:\/\/escapehunt.com\/be\/brussels\/?s={search_term_string}"},"query-input":{"@type":"PropertyValueSpecification","valueRequired":true,"valueName":"search_term_string"}}],"inLanguage":"fr-FR"},{"@type":"Organization","@id":"https:\/\/escapehunt.com\/be\/brussels\/#organization","name":"BGP Entertainment Belgium","url":"https:\/\/escapehunt.com\/be\/brussels\/","logo":{"@type":"ImageObject","inLanguage":"fr-FR","@id":"https:\/\/escapehunt.com\/be\/brussels\/#\/schema\/logo\/image\/","url":"https:\/\/escapehunt.com\/be\/brussels\/wp-content\/uploads\/sites\/49\/2025\/08\/BLACK.png","contentUrl":"https:\/\/escapehunt.com\/be\/brussels\/wp-content\/uploads\/sites\/49\/2025\/08\/BLACK.png","width":1030,"height":351,"caption":"BGP Entertainment Belgium"},"image":{"@id":"https:\/\/escapehunt.com\/be\/brussels\/#\/schema\/logo\/image\/"},"sameAs":["https:\/\/www.facebook.com\/escapehuntbrussels"]}]}},"custom_schema_json":"","_links":{"self":[{"href":"https:\/\/escapehunt.com\/be\/brussels\/wp-json\/wp\/v2\/pages\/165","targetHints":{"allow":["GET"]}}],"collection":[{"href":"https:\/\/escapehunt.com\/be\/brussels\/wp-json\/wp\/v2\/pages"}],"about":[{"href":"https:\/\/escapehunt.com\/be\/brussels\/wp-json\/wp\/v2\/types\/page"}],"author":[{"embeddable":true,"href":"https:\/\/escapehunt.com\/be\/brussels\/wp-json\/wp\/v2\/users\/12"}],"replies":[{"embeddable":true,"href":"https:\/\/escapehunt.com\/be\/brussels\/wp-json\/wp\/v2\/comments?post=165"}],"version-history":[{"count":1,"href":"https:\/\/escapehunt.com\/be\/brussels\/wp-json\/wp\/v2\/pages\/165\/revisions"}],"predecessor-version":[{"id":25863,"href":"https:\/\/escapehunt.com\/be\/brussels\/wp-json\/wp\/v2\/pages\/165\/revisions\/25863"}],"wp:attachment":[{"href":"https:\/\/escapehunt.com\/be\/brussels\/wp-json\/wp\/v2\/media?parent=165"}],"curies":[{"name":"wp","href":"https:\/\/api.w.org\/{rel}","templated":true}]}}