{"id":110,"date":"2018-10-03T11:43:55","date_gmt":"2018-10-03T11:43:55","guid":{"rendered":"http:\/\/s27835.p712.sites.pressdns.com\/fr\/bordeaux\/?page_id=110"},"modified":"2024-10-30T13:35:39","modified_gmt":"2024-10-30T13:35:39","slug":"trouvez-nous","status":"publish","type":"page","link":"https:\/\/escapehunt.com\/be\/brussels\/trouvez-nous\/","title":{"rendered":"Trouvez nous"},"content":{"rendered":"<h4><span style=\"font-weight: 400;\">ESCAPE HUNT BRUSSELS\u00a0<\/span><\/h4>\n<p>&nbsp;<\/p>\n<p><b>A PIED<br \/>\n<\/b><span style=\"font-weight: 400;\">Nous sommes \u00e0 300m de la place Louise.\u00a0<\/span><\/p>\n<p>&nbsp;<\/p>\n<p><b>METRO<br \/>\n<\/b><span style=\"font-weight: 400;\">Lignes 2, 6. Arr\u00eat LOUISE<\/span><\/p>\n<p>&nbsp;<\/p>\n<p><b>TRAM<br \/>\n<\/b>Lignes 8,92, 93,97. Arr\u00eat ST\u00c9PHANIE<\/p>\n","protected":false},"excerpt":{"rendered":"<p>ESCAPE HUNT BRUSSELS\u00a0 &nbsp; A PIED Nous sommes \u00e0 300m de la place Louise.\u00a0 &nbsp; METRO Lignes 2, 6. Arr\u00eat LOUISE &nbsp; TRAM Lignes 8,92, 93,97. Arr\u00eat ST\u00c9PHANIE<\/p>\n","protected":false},"author":12,"featured_media":0,"parent":0,"menu_order":0,"comment_status":"closed","ping_status":"closed","template":"views\/find-us.php","meta":{"_acf_changed":false,"footnotes":""},"class_list":["post-110","page","type-page","status-publish","hentry"],"acf":{"custom_schema_json":""},"yoast_head":"<!-- This site is optimized with the Yoast SEO plugin v27.0 - https:\/\/yoast.com\/product\/yoast-seo-wordpress\/ -->\n<title>Trouvez Nous | Escape Hunt Brussels<\/title>\n<meta name=\"description\" content=\"Carte du quartier, informations pratiques pour pr\u00e9parer votre venue chez Escape Hunt Brussels\" \/>\n<meta name=\"robots\" content=\"index, follow, max-snippet:-1, max-image-preview:large, max-video-preview:-1\" \/>\n<link rel=\"canonical\" href=\"https:\/\/escapehunt.com\/be\/brussels\/trouvez-nous\/\" \/>\n<meta property=\"og:locale\" content=\"fr_FR\" \/>\n<meta property=\"og:type\" content=\"article\" \/>\n<meta property=\"og:title\" content=\"Trouvez Nous | Escape Hunt Brussels\" \/>\n<meta property=\"og:description\" content=\"Carte du quartier, informations pratiques pour pr\u00e9parer votre venue chez Escape Hunt Brussels\" \/>\n<meta property=\"og:url\" content=\"https:\/\/escapehunt.com\/be\/brussels\/trouvez-nous\/\" \/>\n<meta property=\"og:site_name\" content=\"Brussels\" \/>\n<meta property=\"article:publisher\" content=\"https:\/\/www.facebook.com\/escapehuntbrussels\" \/>\n<meta property=\"article:modified_time\" content=\"2024-10-30T13:35:39+00:00\" \/>\n<meta name=\"twitter:card\" content=\"summary_large_image\" \/>\n<meta name=\"twitter:label1\" content=\"Dur\u00e9e de lecture estim\u00e9e\" \/>\n\t<meta name=\"twitter:data1\" content=\"1 minute\" \/>\n<script type=\"application\/ld+json\" class=\"yoast-schema-graph\">{\"@context\":\"https:\/\/schema.org\",\"@graph\":[{\"@type\":\"WebPage\",\"@id\":\"https:\/\/escapehunt.com\/be\/brussels\/trouvez-nous\/\",\"url\":\"https:\/\/escapehunt.com\/be\/brussels\/trouvez-nous\/\",\"name\":\"Trouvez Nous | Escape Hunt Brussels\",\"isPartOf\":{\"@id\":\"https:\/\/escapehunt.com\/be\/brussels\/#website\"},\"datePublished\":\"2018-10-03T11:43:55+00:00\",\"dateModified\":\"2024-10-30T13:35:39+00:00\",\"description\":\"Carte du quartier, informations pratiques pour pr\u00e9parer votre venue chez Escape Hunt Brussels\",\"breadcrumb\":{\"@id\":\"https:\/\/escapehunt.com\/be\/brussels\/trouvez-nous\/#breadcrumb\"},\"inLanguage\":\"fr-FR\",\"potentialAction\":[{\"@type\":\"ReadAction\",\"target\":[\"https:\/\/escapehunt.com\/be\/brussels\/trouvez-nous\/\"]}]},{\"@type\":\"BreadcrumbList\",\"@id\":\"https:\/\/escapehunt.com\/be\/brussels\/trouvez-nous\/#breadcrumb\",\"itemListElement\":[{\"@type\":\"ListItem\",\"position\":1,\"name\":\"Blog\",\"item\":\"https:\/\/escapehunt.com\/be\/brussels\/escape-hunt-blog\/\"},{\"@type\":\"ListItem\",\"position\":2,\"name\":\"Trouvez nous\"}]},{\"@type\":\"WebSite\",\"@id\":\"https:\/\/escapehunt.com\/be\/brussels\/#website\",\"url\":\"https:\/\/escapehunt.com\/be\/brussels\/\",\"name\":\"Escape Hunt - Escape Game \u00e0 Bruxelles\",\"description\":\"Escape Hunt Brussels - Number 1 Escape Game in Brussels\",\"publisher\":{\"@id\":\"https:\/\/escapehunt.com\/be\/brussels\/#organization\"},\"potentialAction\":[{\"@type\":\"SearchAction\",\"target\":{\"@type\":\"EntryPoint\",\"urlTemplate\":\"https:\/\/escapehunt.com\/be\/brussels\/?s={search_term_string}\"},\"query-input\":{\"@type\":\"PropertyValueSpecification\",\"valueRequired\":true,\"valueName\":\"search_term_string\"}}],\"inLanguage\":\"fr-FR\"},{\"@type\":\"Organization\",\"@id\":\"https:\/\/escapehunt.com\/be\/brussels\/#organization\",\"name\":\"BGP Entertainment Belgium\",\"url\":\"https:\/\/escapehunt.com\/be\/brussels\/\",\"logo\":{\"@type\":\"ImageObject\",\"inLanguage\":\"fr-FR\",\"@id\":\"https:\/\/escapehunt.com\/be\/brussels\/#\/schema\/logo\/image\/\",\"url\":\"https:\/\/escapehunt.com\/be\/brussels\/wp-content\/uploads\/sites\/49\/2025\/08\/BLACK.png\",\"contentUrl\":\"https:\/\/escapehunt.com\/be\/brussels\/wp-content\/uploads\/sites\/49\/2025\/08\/BLACK.png\",\"width\":1030,\"height\":351,\"caption\":\"BGP Entertainment Belgium\"},\"image\":{\"@id\":\"https:\/\/escapehunt.com\/be\/brussels\/#\/schema\/logo\/image\/\"},\"sameAs\":[\"https:\/\/www.facebook.com\/escapehuntbrussels\"]}]}<\/script>\n<!-- \/ Yoast SEO plugin. -->","yoast_head_json":{"title":"Trouvez Nous | Escape Hunt Brussels","description":"Carte du quartier, informations pratiques pour pr\u00e9parer votre venue chez Escape Hunt Brussels","robots":{"index":"index","follow":"follow","max-snippet":"max-snippet:-1","max-image-preview":"max-image-preview:large","max-video-preview":"max-video-preview:-1"},"canonical":"https:\/\/escapehunt.com\/be\/brussels\/trouvez-nous\/","og_locale":"fr_FR","og_type":"article","og_title":"Trouvez Nous | Escape Hunt Brussels","og_description":"Carte du quartier, informations pratiques pour pr\u00e9parer votre venue chez Escape Hunt Brussels","og_url":"https:\/\/escapehunt.com\/be\/brussels\/trouvez-nous\/","og_site_name":"Brussels","article_publisher":"https:\/\/www.facebook.com\/escapehuntbrussels","article_modified_time":"2024-10-30T13:35:39+00:00","twitter_card":"summary_large_image","twitter_misc":{"Dur\u00e9e de lecture estim\u00e9e":"1 minute"},"schema":{"@context":"https:\/\/schema.org","@graph":[{"@type":"WebPage","@id":"https:\/\/escapehunt.com\/be\/brussels\/trouvez-nous\/","url":"https:\/\/escapehunt.com\/be\/brussels\/trouvez-nous\/","name":"Trouvez Nous | Escape Hunt Brussels","isPartOf":{"@id":"https:\/\/escapehunt.com\/be\/brussels\/#website"},"datePublished":"2018-10-03T11:43:55+00:00","dateModified":"2024-10-30T13:35:39+00:00","description":"Carte du quartier, informations pratiques pour pr\u00e9parer votre venue chez Escape Hunt Brussels","breadcrumb":{"@id":"https:\/\/escapehunt.com\/be\/brussels\/trouvez-nous\/#breadcrumb"},"inLanguage":"fr-FR","potentialAction":[{"@type":"ReadAction","target":["https:\/\/escapehunt.com\/be\/brussels\/trouvez-nous\/"]}]},{"@type":"BreadcrumbList","@id":"https:\/\/escapehunt.com\/be\/brussels\/trouvez-nous\/#breadcrumb","itemListElement":[{"@type":"ListItem","position":1,"name":"Blog","item":"https:\/\/escapehunt.com\/be\/brussels\/escape-hunt-blog\/"},{"@type":"ListItem","position":2,"name":"Trouvez nous"}]},{"@type":"WebSite","@id":"https:\/\/escapehunt.com\/be\/brussels\/#website","url":"https:\/\/escapehunt.com\/be\/brussels\/","name":"Escape Hunt - Escape Game \u00e0 Bruxelles","description":"Escape Hunt Brussels - Number 1 Escape Game in Brussels","publisher":{"@id":"https:\/\/escapehunt.com\/be\/brussels\/#organization"},"potentialAction":[{"@type":"SearchAction","target":{"@type":"EntryPoint","urlTemplate":"https:\/\/escapehunt.com\/be\/brussels\/?s={search_term_string}"},"query-input":{"@type":"PropertyValueSpecification","valueRequired":true,"valueName":"search_term_string"}}],"inLanguage":"fr-FR"},{"@type":"Organization","@id":"https:\/\/escapehunt.com\/be\/brussels\/#organization","name":"BGP Entertainment Belgium","url":"https:\/\/escapehunt.com\/be\/brussels\/","logo":{"@type":"ImageObject","inLanguage":"fr-FR","@id":"https:\/\/escapehunt.com\/be\/brussels\/#\/schema\/logo\/image\/","url":"https:\/\/escapehunt.com\/be\/brussels\/wp-content\/uploads\/sites\/49\/2025\/08\/BLACK.png","contentUrl":"https:\/\/escapehunt.com\/be\/brussels\/wp-content\/uploads\/sites\/49\/2025\/08\/BLACK.png","width":1030,"height":351,"caption":"BGP Entertainment Belgium"},"image":{"@id":"https:\/\/escapehunt.com\/be\/brussels\/#\/schema\/logo\/image\/"},"sameAs":["https:\/\/www.facebook.com\/escapehuntbrussels"]}]}},"custom_schema_json":"","_links":{"self":[{"href":"https:\/\/escapehunt.com\/be\/brussels\/wp-json\/wp\/v2\/pages\/110","targetHints":{"allow":["GET"]}}],"collection":[{"href":"https:\/\/escapehunt.com\/be\/brussels\/wp-json\/wp\/v2\/pages"}],"about":[{"href":"https:\/\/escapehunt.com\/be\/brussels\/wp-json\/wp\/v2\/types\/page"}],"author":[{"embeddable":true,"href":"https:\/\/escapehunt.com\/be\/brussels\/wp-json\/wp\/v2\/users\/12"}],"replies":[{"embeddable":true,"href":"https:\/\/escapehunt.com\/be\/brussels\/wp-json\/wp\/v2\/comments?post=110"}],"version-history":[{"count":5,"href":"https:\/\/escapehunt.com\/be\/brussels\/wp-json\/wp\/v2\/pages\/110\/revisions"}],"predecessor-version":[{"id":44747,"href":"https:\/\/escapehunt.com\/be\/brussels\/wp-json\/wp\/v2\/pages\/110\/revisions\/44747"}],"wp:attachment":[{"href":"https:\/\/escapehunt.com\/be\/brussels\/wp-json\/wp\/v2\/media?parent=110"}],"curies":[{"name":"wp","href":"https:\/\/api.w.org\/{rel}","templated":true}]}}